{"id":35669,"date":"2024-08-09T14:01:49","date_gmt":"2024-08-09T14:01:49","guid":{"rendered":"https:\/\/lacasadelamedicina.es\/product\/kop-rent-mdma-pulver-online\/"},"modified":"2024-08-09T14:01:49","modified_gmt":"2024-08-09T14:01:49","slug":"kop-rent-mdma-pulver-online","status":"publish","type":"product","link":"https:\/\/lacasadelamedicina.es\/sv\/produkt\/kop-rent-mdma-pulver-online\/","title":{"rendered":"K\u00f6p rent MDMA-pulver online"},"content":{"rendered":"<h3>K\u00f6p rent MDMA-pulver online<\/h3>\n<p> K\u00f6p MDMA Online, \u00e4ven k\u00e4nd som 3,4-metylendioxi-metamfetamin, \u00e4r ett psykoaktivt stimulerande medel klassificerat som ett amfetamin- och metylendioxifenetylaminers\u00e4ttningsmedel, som oftast anv\u00e4nds f\u00f6r sina euforiska och empatiska effekter. MDMA Purchase Pure Powder fris\u00e4tter serotonin, noradrenalin och dopamin och h\u00e4mmar \u00e5terupptaget av MDMA. K\u00f6p MDMA-pulver online &#8211; K\u00f6p rent MDMA-pulver online &#8211; <a href=\"https:\/\/drlawsonspharmacy\/contact-us\/\">KONTAKT &#8211; <\/a> Termen &#8221;ecstasy&#8221; (f\u00f6rkortad som &#8221;E&#8221;, &#8221;X&#8221; eller &#8221;XTC&#8221;) f\u00f6r MDMA som erbjuds online h\u00e4nvisar ofta till dess tablettform , men denna term kan indikera en m\u00f6jlig f\u00f6rfalskning. Termerna &#8221;Mandy till salu&#8221; i Storbritannien och &#8221;Molly till salu&#8221; i USA h\u00e4nvisar till MDMA i form av ett kristallint pulver, som \u00e4r j\u00e4mf\u00f6relsevis fritt fr\u00e5n f\u00f6rfalskade tillsatser. N\u00e4r man talar om droger kan termen &#8221;Molly&#8221; ocks\u00e5 anv\u00e4ndas f\u00f6r att h\u00e4nvisa till metylon, rent MDMA-pulver, k\u00f6p MDPV online, mephedron eller en annan klass av farmakologiska substanser som kallas badsalt.     <\/p>\n<h3>K\u00f6p Pure MDMA Powder online<\/h3>\n<p> Du kan uppleva den h\u00f6gsta high med Pure MDMA Powder, en f\u00f6rstklassig produkt designad f\u00f6r att ge en o\u00f6vertr\u00e4ffad sensorisk upplevelse. V\u00e5rt rena MDMA-pulver har tillverkats med st\u00f6rsta omsorg och o\u00f6vertr\u00e4ffad kvalitet f\u00f6r att s\u00e4kerst\u00e4lla en o\u00f6vertr\u00e4ffad upplevelse f\u00f6r b\u00e5de kr\u00e4sna aficionados och forskare. V\u00e5r str\u00e4van efter perfektion b\u00f6rjar med det noggranna urvalet av f\u00f6rstklassiga ingredienser och till\u00e4mpningen av sofistikerade tillverkningsprocesser. Moderna syntetiska metoder anv\u00e4nds f\u00f6r att noggrant tillverka varje batch av Pure MDMA Powder f\u00f6r att garantera att den f\u00e4rdiga produkten \u00e4r fri fr\u00e5n f\u00f6roreningar och toxiner. Du kan vara s\u00e4ker p\u00e5 att du kommer att f\u00e5 en mycket anm\u00e4rkningsv\u00e4rd produkt p\u00e5 grund av v\u00e5rt engagemang f\u00f6r renhet.     <\/p>\n<h3><strong>best\u00e4ll rent MDMA-pulver<\/strong><\/h3>\n<p> F\u00f6rm\u00e5gan att maximera dina sinnen \u00e4r det som skiljer Pure MDMA Powder fr\u00e5n andra \u00e4mnen. Denna kraftfulla substans inducerar ett kraftfullt och euforiskt sinnestillst\u00e5nd genom att utl\u00f6sa fris\u00e4ttningen av serotonin, dopamin och noradrenalin. Pure MDMA Powder \u00e4r en o\u00f6vertr\u00e4ffad m\u00f6jlighet att utforska det m\u00e4nskliga sinnets intrikata funktion, oavsett om du letar efter en uppslukande upplevelse eller bedriver neurokemisk forskning. V\u00e5rt engagemang f\u00f6r kundn\u00f6jdhet g\u00e5r ut\u00f6ver kvaliteten p\u00e5 v\u00e5ra erbjudanden. S\u00e4kerhet och korrekt anv\u00e4ndning \u00e4r v\u00e5r h\u00f6gsta prioritet. Det \u00e4r viktigt att komma ih\u00e5g att rent MDMA-pulver aldrig b\u00f6r anv\u00e4ndas f\u00f6r m\u00e4nsklig konsumtion och endast \u00e4r avsett f\u00f6r forsknings\u00e4ndam\u00e5l. Alla konsumenter uppmanas att f\u00f6lja lokala lagar och moraliska normer som styr hantering och anv\u00e4ndning av denna kemikalie. P\u00e5 Dr Lawsons Pharmacy f\u00f6rst\u00e5r vi vikten av integritet och diskret f\u00f6rpackning. Din best\u00e4llning av rent MDMA-pulver kommer att f\u00f6rpackas s\u00e4kert f\u00f6r att s\u00e4kerst\u00e4lla konfidentialitet och skickas direkt till din d\u00f6rr.<\/p>\n","protected":false},"excerpt":{"rendered":"<ul>\n<li>K\u00f6p rent MDMA-pulver online<\/li>\n<li>Rent MDMA-pulver online<\/li>\n<li>Ecstasy\/Molly pulver till salu<\/li>\n<li>K\u00f6p Ecstasy\/Molly pulver online<\/li>\n<\/ul>\n<p>&nbsp;<\/p>\n","protected":false},"featured_media":17909,"comment_status":"closed","ping_status":"closed","template":"","meta":{"om_disable_all_campaigns":false,"_sitemap_exclude":false,"_sitemap_priority":"","_sitemap_frequency":"","_monsterinsights_skip_tracking":false,"_monsterinsights_sitenote_active":false,"_monsterinsights_sitenote_note":"","_monsterinsights_sitenote_category":0},"product_cat":[37114],"product_tag":[39403,39393,39385,39398,39388,39390,39384,39386,39391,39404,39405,39389,39400,39396,39392,39402,39401,39399,39394,39397,39395,39387],"class_list":{"0":"post-35669","1":"product","2":"type-product","3":"status-publish","4":"has-post-thumbnail","6":"product_cat-forskningskemikalier-och-psykedelika","7":"product_tag-autentiskt-rent-mdma-pulver-europa","8":"product_tag-bestall-rent-mdma-pulver-eu","9":"product_tag-bestall-rent-mdma-pulver-online","10":"product_tag-billigt-rent-mdma-pulver-europa","11":"product_tag-effekter-av-rent-mdma-pulver-sv","12":"product_tag-hur-mycket-ar-rent-mdma-pulver","13":"product_tag-kop-rent-mdma-pulver","14":"product_tag-kop-rent-mdma-pulver-online","15":"product_tag-kop-rent-mdma-pulver-online-europa","16":"product_tag-leverantorer-av-rent-mdma-pulver","17":"product_tag-ren-mdma-pulver-europa-recension","18":"product_tag-ren-mdma-pulverforsaljning-online","19":"product_tag-rent-mdma-pulver-europa-butik","20":"product_tag-rent-mdma-pulver-europa-forsaljning","21":"product_tag-rent-mdma-pulver-basta-pris-europa","22":"product_tag-rent-mdma-pulver-europa-leverans","23":"product_tag-rent-mdma-pulver-europa-rabatt-sv","24":"product_tag-rent-mdma-pulver-europa-erbjudanden","25":"product_tag-rent-mdma-pulver-fri-frakt-europa","26":"product_tag-rent-mdma-pulver-onlinebutik-europa","27":"product_tag-var-kan-man-kopa-rent-mdma-pulver-i-europa","28":"product_tag-var-kan-man-kopa-rent-mdma-pulver-online","30":"first","31":"instock","32":"shipping-taxable","33":"purchasable","34":"product-type-variable","35":"farmacie-col"},"aioseo_notices":[],"_links":{"self":[{"href":"https:\/\/lacasadelamedicina.es\/sv\/wp-json\/wp\/v2\/product\/35669"}],"collection":[{"href":"https:\/\/lacasadelamedicina.es\/sv\/wp-json\/wp\/v2\/product"}],"about":[{"href":"https:\/\/lacasadelamedicina.es\/sv\/wp-json\/wp\/v2\/types\/product"}],"replies":[{"embeddable":true,"href":"https:\/\/lacasadelamedicina.es\/sv\/wp-json\/wp\/v2\/comments?post=35669"}],"wp:featuredmedia":[{"embeddable":true,"href":"https:\/\/lacasadelamedicina.es\/sv\/wp-json\/wp\/v2\/media\/17909"}],"wp:attachment":[{"href":"https:\/\/lacasadelamedicina.es\/sv\/wp-json\/wp\/v2\/media?parent=35669"}],"wp:term":[{"taxonomy":"product_cat","embeddable":true,"href":"https:\/\/lacasadelamedicina.es\/sv\/wp-json\/wp\/v2\/product_cat?post=35669"},{"taxonomy":"product_tag","embeddable":true,"href":"https:\/\/lacasadelamedicina.es\/sv\/wp-json\/wp\/v2\/product_tag?post=35669"}],"curies":[{"name":"wp","href":"https:\/\/api.w.org\/{rel}","templated":true}]}}