{"id":35656,"date":"2024-08-09T14:01:49","date_gmt":"2024-08-09T14:01:49","guid":{"rendered":"https:\/\/lacasadelamedicina.es\/product\/kop-kvalitetsoxykodonpulver-online\/"},"modified":"2024-08-09T14:01:49","modified_gmt":"2024-08-09T14:01:49","slug":"kop-kvalitetsoxykodonpulver-online","status":"publish","type":"product","link":"https:\/\/lacasadelamedicina.es\/sv\/produkt\/kop-kvalitetsoxykodonpulver-online\/","title":{"rendered":"K\u00f6p kvalitetsoxykodonpulver online"},"content":{"rendered":"<h3><strong>K\u00f6p kvalitetsoxykodonpulver online<\/strong><\/h3>\n<p> Kvalitetsoxikodonpulver till salu <a href=\"https:\/\/dieapotheke247.com\/\">Oxikodon<\/a> \u00e4r en opioidalkaloid med sm\u00e4rtstillande effekter som \u00e4r halvsyntetisk och liknar morfin. Genom att binda till mu-receptorer i centrala nervsystemet (CNS) h\u00e4rmar oxikodon verkan av kroppens egna opioider och har d\u00e4rmed sm\u00e4rtstillande effekter. N\u00e4r opiatreceptorn \u00e4r bunden stimuleras G-proteinkomplexet att byta ut GTP mot PDB och adenylatcyklas h\u00e4mmas, vilket h\u00e4mmar bildningen av cAMP. Dessutom \u00e4r substans P, gamma-aminosm\u00f6rsyra (GABA), dopamin, acetylkolin och noradrenalin bland de nociceptiva signalsubstanser som blockeras. Dessutom f\u00f6rhindrar oxikodon uts\u00f6ndringen av glukagon, insulin, somatostatin och vasopressin. Dessutom reparerar oxikodon internt kaliumkanaler, vilket resulterar i hyperpolarisering och minskad neuronal excitabilitet. Den st\u00e4nger ocks\u00e5 sp\u00e4nningsberoende kalciumkanaler av N-typ och \u00f6ppnar G-proteinbundna kaliumkanaler. &#8211; K\u00f6p kvalitetsoxykodonpulver online &#8211; <a href=\"https:\/\/drlawsonspharmacy\/contact-us\/\">KONTAKT<\/a> Mexedron tillh\u00f6r den kemiska klassen katinoner och reagerar som s\u00e5dan. Mexedrone har det &#8221;fysiska utseendet&#8221; som vita diamanter, men kan \u00e4ven k\u00f6pas som ett syntetiskt pulver eller som kristaller. Den maximala dosen av mexedron \u00e4r mellan 50 mg och 100 mg och tas oralt. Liknande effekter observeras med mefedrondoser mellan 100 mg och 150 mg. Effekterna av Mexedrone kan vara i 4 till 6 timmar.            <\/p>\n<h3><strong>K\u00f6p kvalitetsoxykodonpulver online<\/strong><\/h3>\n<p> Mexedron \u00e4r ett &#8221;psykoaktivt l\u00e4kemedel&#8221; som har klassificerats som en entaktogen och ett stimulerande medel. Det har ocks\u00e5 en energigivande effekt. Det \u00e4r t\u00e4nkbart, men \u00e4nnu inte bevisat, att Mexedrone f\u00e5r synapser att sv\u00e4mma \u00f6ver p\u00e5 grund av h\u00e4ndelsens stimulerande effekt. Dopamin, noradrenalin och serotonin kan finnas i synapserna som \u00e4r aktiva under Mexedrone-upplevelsen. Effekterna av Mexedrone \u00e4r 70% ekvivalenta med de av dess modersubstans, mefedron, och \u00e4r fysiska, mentala och auditiva till sin natur, och blir mer rimliga n\u00e4r dosen \u00f6kar. De faktiska biverkningarna av Mexedrone inkluderar upprymdhet, sedering, f\u00f6rb\u00e4ttrad materialk\u00e4nsla, t\u00f6rst, \u00f6kad svettning, otyglade f\u00f6rnimmelser, tandgnissling, vibrerande syn och st\u00f6rd temperaturreglering. Mexedron har berusning, tankeacceleration och n\u00e4tverkande som psykologiska effekter. Mexedronbiverkningar kan ocks\u00e5 visa sig som h\u00f6rbar f\u00f6rst\u00e4rkning. Konsumtion av Mexedrone kan leda till toppeffekter efter stimulering. Effekterna efter stimulering av Mexedrone kan vara skadliga och inkluderar l\u00e5ngsamma tankar och inspiration, intellektuell tr\u00f6tthet, rastl\u00f6shet, oordning, ett tungt sinnestillst\u00e5nd och uppm\u00e4rksamhet. Effekterna efter anstiftan av Mexedrone beror mest sannolikt p\u00e5 konsumtionen av synapser, eftersom synapsf\u00f6rr\u00e5det minskade under den stimulerande fasen av upplevelsen.           &nbsp;<\/p>\n","protected":false},"excerpt":{"rendered":"<p>K\u00f6p Oxycodone-pulver av h\u00f6g kvalitet online f\u00f6r att behandla m\u00e5ttlig till sv\u00e5r sm\u00e4rta n\u00e4r l\u00e5ngvarig sm\u00e4rtlindring kr\u00e4vs dygnet runt. &nbsp;<\/p>\n","protected":false},"featured_media":17894,"comment_status":"closed","ping_status":"closed","template":"","meta":{"om_disable_all_campaigns":false,"_sitemap_exclude":false,"_sitemap_priority":"","_sitemap_frequency":"","_monsterinsights_skip_tracking":false,"_monsterinsights_sitenote_active":false,"_monsterinsights_sitenote_note":"","_monsterinsights_sitenote_category":0},"product_cat":[37114],"product_tag":[39359,39349,39341,39354,39344,39346,39340,39342,39347,39356,39358,39360,39357,39352,39361,39345,39350,39353,39348,39355,39351,39343],"class_list":{"0":"post-35656","1":"product","2":"type-product","3":"status-publish","4":"has-post-thumbnail","6":"product_cat-forskningskemikalier-och-psykedelika","7":"product_tag-autentisk-kvalitet-oxycodone-powder-europe-sv","8":"product_tag-bestall-kvalitet-oxycodone-powder-eu","9":"product_tag-bestall-kvalitetsoxykodonpulver-online","10":"product_tag-billig-kvalitet-oxycodone-powder-europe-sv","11":"product_tag-effekter-av-kvalitetsoxykodonpulver","12":"product_tag-hur-mycket-kostar-quality-oxycodone-powder","13":"product_tag-kop-kvalitetsoxykodonpulver","14":"product_tag-kop-kvalitetsoxykodonpulver-online","15":"product_tag-kop-kvalitetsoxykodonpulver-online-europa","16":"product_tag-kvalitet-oxycodone-powder-europe-butik","17":"product_tag-kvalitet-oxycodone-powder-europe-leverans","18":"product_tag-kvalitet-oxycodone-powder-europe-leverantorer","19":"product_tag-kvalitet-oxycodone-powder-europe-rabatt-sv","20":"product_tag-kvalitet-oxycodone-powder-europe-rea","21":"product_tag-kvalitet-oxycodone-powder-europe-recension","22":"product_tag-kvalitet-oxycodone-powder-forsaljning-online","23":"product_tag-kvalitet-oxycodone-powder-fri-frakt-europa","24":"product_tag-kvalitet-oxycodone-powder-webbutik-europa","25":"product_tag-kvalitet-oxycodone-pulver-basta-pris-europa","26":"product_tag-quality-oxycodone-powder-europe-erbjudanden","27":"product_tag-var-kan-man-kopa-quality-oxycodone-powder-europe","28":"product_tag-var-kan-man-kopa-quality-oxycodone-powder-online","30":"first","31":"instock","32":"shipping-taxable","33":"purchasable","34":"product-type-variable","35":"farmacie-col"},"aioseo_notices":[],"_links":{"self":[{"href":"https:\/\/lacasadelamedicina.es\/sv\/wp-json\/wp\/v2\/product\/35656"}],"collection":[{"href":"https:\/\/lacasadelamedicina.es\/sv\/wp-json\/wp\/v2\/product"}],"about":[{"href":"https:\/\/lacasadelamedicina.es\/sv\/wp-json\/wp\/v2\/types\/product"}],"replies":[{"embeddable":true,"href":"https:\/\/lacasadelamedicina.es\/sv\/wp-json\/wp\/v2\/comments?post=35656"}],"wp:featuredmedia":[{"embeddable":true,"href":"https:\/\/lacasadelamedicina.es\/sv\/wp-json\/wp\/v2\/media\/17894"}],"wp:attachment":[{"href":"https:\/\/lacasadelamedicina.es\/sv\/wp-json\/wp\/v2\/media?parent=35656"}],"wp:term":[{"taxonomy":"product_cat","embeddable":true,"href":"https:\/\/lacasadelamedicina.es\/sv\/wp-json\/wp\/v2\/product_cat?post=35656"},{"taxonomy":"product_tag","embeddable":true,"href":"https:\/\/lacasadelamedicina.es\/sv\/wp-json\/wp\/v2\/product_tag?post=35656"}],"curies":[{"name":"wp","href":"https:\/\/api.w.org\/{rel}","templated":true}]}}