{"id":35610,"date":"2024-08-09T14:01:50","date_gmt":"2024-08-09T14:01:50","guid":{"rendered":"https:\/\/lacasadelamedicina.es\/product\/metho-metadon-hcl-pulver-kop-online\/"},"modified":"2024-09-19T12:10:45","modified_gmt":"2024-09-19T12:10:45","slug":"metho-metadon-hcl-pulver-kop-online","status":"publish","type":"product","link":"https:\/\/lacasadelamedicina.es\/sv\/produkt\/metho-metadon-hcl-pulver-kop-online\/","title":{"rendered":"Metho Metadon HCL pulver k\u00f6p online"},"content":{"rendered":"<h1>K\u00f6p Metho Metadon HCL Powder Online<\/h1>\n<p> K\u00f6p grossist 99,8% rent Metho Metadon HCL-pulver till grossistpriser. K\u00f6p Metho Metadon HCL i pulverform. M\u00e5ttlig till sv\u00e5r sm\u00e4rta behandlas med Metho (Meth<a href=\"https:\/\/dieapotheke247.com\/\">o<\/a>n HCL). K\u00f6p Metho Metadon HCL Powder Online &#8211; <a href=\"https:\/\/drlawsonspharmacy\/contact-us\/\">kontakt<\/a> Det anv\u00e4nds ocks\u00e5 f\u00f6r att behandla drogberoende eller f\u00f6r att hantera abstinenssymtom hos personer som f\u00e5r behandling f\u00f6r drogberoende tillsammans med medicinsk \u00f6vervakning och st\u00f6d. Detta l\u00e4kemedel \u00e4r ett narkotiskt sm\u00e4rtstillande medel.     <strong>Hur levereras paketen?<\/strong> F\u00f6r att s\u00e4kerst\u00e4lla att f\u00f6rs\u00e4ndelsen framg\u00e5ngsrikt passerar genom flygplatsens r\u00f6ntgenanl\u00e4ggning, laddar vi den f\u00f6rsiktigt med volfram och karbonpapper. Utsidan av f\u00f6rpackningarna \u00e4r f\u00f6rsiktigt inslagna i f\u00f6rpackningspapper. Salt eller pulverformer av Meth (metadon HCL) anv\u00e4nds f\u00f6r att behandla m\u00e5ttlig till sv\u00e5r sm\u00e4rta. Detta \u00e4mne \u00e4r utm\u00e4rkt f\u00f6r \u00f6vervakning av medicinsk personal och r\u00e5dgivning vid behandling av drogberoende. hj\u00e4lper m\u00e4nniskor att hantera sina abstinensbesv\u00e4r. Metho Metadon HCL Powder \u00e4r den enda effektiva behandlingen f\u00f6r opioidberoende eller sm\u00e4rtbehandling. L\u00e4kare har l\u00e4nge litat p\u00e5 den kraftfulla och effektiva blandningen av detta banbrytande l\u00e4kemedel. Metho Metadon HCL Powder \u00e4r din nyckel till en f\u00f6rb\u00e4ttrad livskvalitet tack vare dess h\u00f6ga kvalitet och v\u00e4ldokumenterade resultat. Metho Metadon HCL Powder \u00e4r ett l\u00e4kemedel av farmaceutisk kvalitet som \u00e4r noggrant tillverkat med hj\u00e4lp av toppmoderna metoder. Dess huvudingrediens, metadonhydroklorid, \u00e4r en syntetisk opioid som effektivt lindrar sm\u00e4rta och minskar abstinensbesv\u00e4r genom att f\u00e4sta sig vid opioidreceptorer i hj\u00e4rnan.          <\/p>\n<h3><strong>Best\u00e4ll Metho Metadon HCL Powder Online<\/strong><\/h3>\n<p> En av de viktigaste f\u00f6rdelarna med Metho Metadon HCL Powder \u00e4r dess ih\u00e5llande effekter. Detta m\u00f6jligg\u00f6r l\u00e5ngvarig sm\u00e4rtlindring, vilket g\u00f6r det till ett bra alternativ f\u00f6r personer med kronisk sm\u00e4rta. Dessutom, p\u00e5 grund av dess effektivitet vid behandling av abstinenssymptom p\u00e5 opioid, har det blivit en st\u00f6ttepelare i l\u00e4kemedelsassisterade behandlingsprogram f\u00f6r m\u00e4nniskor som f\u00f6rs\u00f6ker \u00f6vervinna sitt beroende. P\u00e5 Dr Lawsons Pharmacy \u00e4r kunds\u00e4kerhet och v\u00e4lbefinnande v\u00e5r h\u00f6gsta prioritet. F\u00f6r att s\u00e4kerst\u00e4lla dess styrka och renhet genomg\u00e5r v\u00e5rt Metho Methadone HCL-pulver rigor\u00f6sa tester. Vi anv\u00e4nder bara material fr\u00e5n v\u00e4lrenommerade tillverkare, och v\u00e5ra tillverkningsanl\u00e4ggningar \u00e4r f\u00f6rem\u00e5l f\u00f6r de h\u00f6gsta industristandarderna, s\u00e5 att du kan vara s\u00e4ker p\u00e5 att du f\u00e5r en kvalitetsprodukt. Metho Metadon HCL-pulver b\u00f6r endast tas p\u00e5 r\u00e5d och under \u00f6verinseende av en licensierad v\u00e5rdgivare, eftersom det \u00e4r ett receptbelagt l\u00e4kemedel. Efter att ha utv\u00e4rderat ditt tillst\u00e5nd kommer de att besluta om r\u00e4tt dosering och behandlingsstrategi f\u00f6r dina individuella behov.        &nbsp;<\/p>\n","protected":false},"excerpt":{"rendered":"<p>K\u00f6p Metho Metadon HCL-pulver online. 99,8 % rent Metho Metadon HCL-pulver tillg\u00e4ngligt i grossistledet till rabatterade priser. M\u00e5ttlig till sv\u00e5r sm\u00e4rta behandlas med Metho (Methadon HCL).   &nbsp;<\/p>\n","protected":false},"featured_media":18494,"comment_status":"closed","ping_status":"closed","template":"","meta":{"om_disable_all_campaigns":false,"_sitemap_exclude":false,"_sitemap_priority":"","_sitemap_frequency":"","_monsterinsights_skip_tracking":false,"_monsterinsights_sitenote_active":false,"_monsterinsights_sitenote_note":"","_monsterinsights_sitenote_category":0},"product_cat":[37114],"product_tag":[39206,39196,39190,39201,39191,39193,39187,39194,39188,39195,39203,39202,39205,39207,39204,39199,39208,39197,39200,39192,39198,39189],"class_list":{"0":"post-35610","1":"product","2":"type-product","3":"status-publish","4":"has-post-thumbnail","6":"product_cat-forskningskemikalier-och-psykedelika","7":"product_tag-akta-metho-metadon-hcl-pulver-europa","8":"product_tag-bestall-metho-metadon-hcl-pulver-eu","9":"product_tag-bestall-metho-metadon-hcl-pulver-online","10":"product_tag-billigt-metho-metadon-hcl-pulver-europa","11":"product_tag-effekter-av-metho-metadon-hcl-pulver-sv","12":"product_tag-hur-mycket-kostar-metho-metadon-hcl-pulver","13":"product_tag-kop-metho-metadon-hcl-pulver","14":"product_tag-kop-metho-metadon-hcl-pulver-online-europa","15":"product_tag-kop-metho-metadon-hcl-pulver-online","16":"product_tag-metho-metadon-hcl-pulver-basta-pris-europa","17":"product_tag-metho-metadon-hcl-pulver-europa-butik","18":"product_tag-metho-metadon-hcl-pulver-europa-erbjudanden","19":"product_tag-metho-metadon-hcl-pulver-europa-leverans","20":"product_tag-metho-metadon-hcl-pulver-europa-leverantorer","21":"product_tag-metho-metadon-hcl-pulver-europa-rabatt-sv","22":"product_tag-metho-metadon-hcl-pulver-europa-rea","23":"product_tag-metho-metadon-hcl-pulver-europe-recension","24":"product_tag-metho-metadon-hcl-pulver-fri-frakt-europa","25":"product_tag-metho-metadon-hcl-pulver-onlinebutik-europa","26":"product_tag-metho-metadon-hcl-pulverforsaljning-online","27":"product_tag-var-kan-man-kopa-metho-metadon-hcl-pulver-europa","28":"product_tag-var-kan-man-kopa-metho-metadon-hcl-pulver-online","30":"first","31":"instock","32":"shipping-taxable","33":"purchasable","34":"product-type-variable","35":"farmacie-col"},"aioseo_notices":[],"_links":{"self":[{"href":"https:\/\/lacasadelamedicina.es\/sv\/wp-json\/wp\/v2\/product\/35610"}],"collection":[{"href":"https:\/\/lacasadelamedicina.es\/sv\/wp-json\/wp\/v2\/product"}],"about":[{"href":"https:\/\/lacasadelamedicina.es\/sv\/wp-json\/wp\/v2\/types\/product"}],"replies":[{"embeddable":true,"href":"https:\/\/lacasadelamedicina.es\/sv\/wp-json\/wp\/v2\/comments?post=35610"}],"wp:featuredmedia":[{"embeddable":true,"href":"https:\/\/lacasadelamedicina.es\/sv\/wp-json\/wp\/v2\/media\/18494"}],"wp:attachment":[{"href":"https:\/\/lacasadelamedicina.es\/sv\/wp-json\/wp\/v2\/media?parent=35610"}],"wp:term":[{"taxonomy":"product_cat","embeddable":true,"href":"https:\/\/lacasadelamedicina.es\/sv\/wp-json\/wp\/v2\/product_cat?post=35610"},{"taxonomy":"product_tag","embeddable":true,"href":"https:\/\/lacasadelamedicina.es\/sv\/wp-json\/wp\/v2\/product_tag?post=35610"}],"curies":[{"name":"wp","href":"https:\/\/api.w.org\/{rel}","templated":true}]}}