{"id":35593,"date":"2024-08-09T14:01:50","date_gmt":"2024-08-09T14:01:50","guid":{"rendered":"https:\/\/lacasadelamedicina.es\/product\/kop-rent-mmb-2201-pulver-online\/"},"modified":"2024-08-09T14:01:50","modified_gmt":"2024-08-09T14:01:50","slug":"kop-rent-mmb-2201-pulver-online","status":"publish","type":"product","link":"https:\/\/lacasadelamedicina.es\/sv\/produkt\/kop-rent-mmb-2201-pulver-online\/","title":{"rendered":"K\u00f6p rent MMB-2201 pulver online"},"content":{"rendered":"<h1>K\u00f6p Pure MMB-2201 Powder Online<\/h1>\n<p> K\u00f6p MMB-2201 pulver online. Cannabinoider \u00e4r f\u00f6rstklassiga forskningskemikalier. MDMB-2201 kan k\u00f6pas online fr\u00e5n en v\u00e4lrenommerad leverant\u00f6r, Coinstar Chemical, till grossistpriser. K\u00f6p Pure MMB-2201 Powder Online &#8211; <a href=\"https:\/\/drlawsonspharmacy\/contact-us\/\">KONTAKT<\/a><strong>5f MDMB 2201 till salu MDMB 2201 reddit<\/strong><strong>mmb-fub | mmbfub<\/strong><strong>fub2201 | fub-akb48<\/strong> (\u00e4ven k\u00e4nd som 5F-MMB-PICA, 5F-AMB-PICA och I-AMB) \u00e4r en kraftfull syntetisk cannabinoid baserad p\u00e5 indol-3-karboxamid, s\u00e4ljs som en aktiv ingrediens i cannabisblandningar och anv\u00e4nds som designerdrog. Syntetisk. I januari 2014 n\u00e4mndes den f\u00f6rsta g\u00e5ngen i Ryssland och Vitryssland; men det s\u00e5ldes senare till ett antal andra l\u00e4nder. En syntetisk cannabinoid fr\u00e5n indazolfamiljen som kallas 5F-MDMB-2201 \u00e4r anm\u00e4rkningsv\u00e4rt j\u00e4mf\u00f6rbar med MMB-2201. CB1- och CB2-receptorer \u00e4r starkt p\u00e5verkade (antagoniserade) av 5F-MDMB-2201. Mexedron tillh\u00f6r den kemiska klassen av katinoner och reagerar som s\u00e5dan. Mexedrone har det &#8221;fysiska utseendet&#8221; som vita diamanter, men du kan ocks\u00e5 k\u00f6pa det som ett syntetiskt liknande pulver eller kristaller. Mexedrone har ett maximalt dosintervall p\u00e5 50 mg till 100 mg och tas oralt. Mefedrondoser mellan 100 mg och 150 mg har observerats ge liknande effekter. Effekterna av Mexedrone kan vara i 4 till 6 timmar.             <\/p>\n<h3>K\u00f6p Pure MMB-2201 Powder Online<\/h3>\n<p> Mexedrone \u00e4r ett &#8221;psykoaktivt l\u00e4kemedel&#8221; som har klassificerats som en entaktogen och stimulerande. Det framkallar ocks\u00e5 agitation. Det \u00e4r t\u00e4nkbart, men \u00e4nnu inte bevisat, att Mexedrone orsakar en synaptisk \u00f6versv\u00e4mning p\u00e5 grund av h\u00e4ndelsens stimulerande effekter. Dopamin, noradrenalin och serotonin kan finnas i synapserna som \u00e4r aktiva under Mexedrone-upplevelsen.    <\/p>\n<h3><strong>Best\u00e4ll MMB-2201<\/strong><\/h3>\n<p> Effekterna av Mexedrone \u00e4r 70 % av effekterna av moderkemikalien Mefedron. Effekterna av Mexedrone \u00e4r fysiska, mentala och auditiva till sin natur och blir mer rimliga med st\u00f6rre m\u00e4tningar. De faktiska biverkningarna av Mexedrone inkluderar upprymdhet, sedering, f\u00f6rst\u00e4rkt kroppsk\u00e4nsla, t\u00f6rst, \u00f6kad svettning, oh\u00e4mmade f\u00f6rnimmelser, tandgnissling, vibrerande syn och f\u00f6rs\u00e4mrad temperaturreglering. Mexedron har en psykologisk effekt som h\u00e4nryckning, tankeacceleration och n\u00e4tverkande effekt. Biverkningar av Mexedrone kan ocks\u00e5 visa sig i h\u00f6rbara f\u00f6rb\u00e4ttringar. Konsumtion av Mexedrone kan leda till toppeffekter efter stimulering. Effekterna av Mexedrone efter anv\u00e4ndning kan vara skadliga och orsaka l\u00e5ngsammare t\u00e4nkande och inspiration, intellektuell utmattning, obehag, motstr\u00e4vighet, tungt hum\u00f6r och uppm\u00e4rksamhet. Efterverkningarna av Mexedrone uppst\u00e5r med st\u00f6rsta sannolikhet som ett resultat av synapskonsumtion, eftersom synapsf\u00f6rr\u00e5det minskade under excitationsfasen av upplevelsen.        &nbsp;<\/p>\n","protected":false},"excerpt":{"rendered":"<p>K\u00f6p rent MMB-2201 pulver online. \u00c4ven k\u00e4nd som I-AMB, 5F-AMB-PICA eller MMB-2201 pulver.  &nbsp;<\/p>\n<p>&nbsp;<\/p>\n","protected":false},"featured_media":18464,"comment_status":"closed","ping_status":"closed","template":"","meta":{"om_disable_all_campaigns":false,"_sitemap_exclude":false,"_sitemap_priority":"","_sitemap_frequency":"","_monsterinsights_skip_tracking":false,"_monsterinsights_sitenote_active":false,"_monsterinsights_sitenote_note":"","_monsterinsights_sitenote_category":0},"product_cat":[37114],"product_tag":[39140,39130,39124,39135,39125,39127,39122,39128,39121,39137,39142,39134,39126,39129,39139,39141,39138,39133,39136,39131,39132,39123],"class_list":{"0":"post-35593","1":"product","2":"type-product","3":"status-publish","4":"has-post-thumbnail","6":"product_cat-forskningskemikalier-och-psykedelika","7":"product_tag-autentiskt-rent-mmb-2201-pulver-europa","8":"product_tag-bestall-rent-mmb-2201-pulver-eu","9":"product_tag-bestall-rent-mmb-2201-pulver-online","10":"product_tag-billigt-rent-mmb-2201-pulver-europa","11":"product_tag-effekter-av-rent-mmb-2201-pulver-sv","12":"product_tag-hur-mycket-ar-rent-mmb-2201-pulver","13":"product_tag-kop-rent-mmb-2201-pulver-online","14":"product_tag-kop-rent-mmb-2201-pulver-online-europa","15":"product_tag-kop-rent-mmb-2201-pulver","16":"product_tag-ren-mmb-2201-pulver-europa-butik","17":"product_tag-ren-mmb-2201-pulver-europa-recension","18":"product_tag-ren-mmb-2201-pulver-onlinebutik-europa","19":"product_tag-ren-mmb-2201-pulverforsaljning-online","20":"product_tag-rent-mmb-2201-pulver-basta-pris-europa","21":"product_tag-rent-mmb-2201-pulver-europa-leverans","22":"product_tag-rent-mmb-2201-pulver-europa-leverantorer","23":"product_tag-rent-mmb-2201-pulver-europa-rabatt","24":"product_tag-rent-mmb-2201-pulver-europa-rea","25":"product_tag-rent-mmb-2201-pulver-europa-erbjudanden","26":"product_tag-rent-mmb-2201-pulver-fri-frakt-europa","27":"product_tag-var-kan-man-kopa-rent-mmb-2201-pulver-europa","28":"product_tag-var-kan-man-kopa-rent-mmb-2201-pulver-online","30":"first","31":"instock","32":"shipping-taxable","33":"purchasable","34":"product-type-variable","35":"farmacie-col"},"aioseo_notices":[],"_links":{"self":[{"href":"https:\/\/lacasadelamedicina.es\/sv\/wp-json\/wp\/v2\/product\/35593"}],"collection":[{"href":"https:\/\/lacasadelamedicina.es\/sv\/wp-json\/wp\/v2\/product"}],"about":[{"href":"https:\/\/lacasadelamedicina.es\/sv\/wp-json\/wp\/v2\/types\/product"}],"replies":[{"embeddable":true,"href":"https:\/\/lacasadelamedicina.es\/sv\/wp-json\/wp\/v2\/comments?post=35593"}],"wp:featuredmedia":[{"embeddable":true,"href":"https:\/\/lacasadelamedicina.es\/sv\/wp-json\/wp\/v2\/media\/18464"}],"wp:attachment":[{"href":"https:\/\/lacasadelamedicina.es\/sv\/wp-json\/wp\/v2\/media?parent=35593"}],"wp:term":[{"taxonomy":"product_cat","embeddable":true,"href":"https:\/\/lacasadelamedicina.es\/sv\/wp-json\/wp\/v2\/product_cat?post=35593"},{"taxonomy":"product_tag","embeddable":true,"href":"https:\/\/lacasadelamedicina.es\/sv\/wp-json\/wp\/v2\/product_tag?post=35593"}],"curies":[{"name":"wp","href":"https:\/\/api.w.org\/{rel}","templated":true}]}}