{"id":35587,"date":"2024-08-09T14:02:03","date_gmt":"2024-08-09T14:02:03","guid":{"rendered":"https:\/\/lacasadelamedicina.es\/product\/kop-butylone-online\/"},"modified":"2024-08-09T14:02:03","modified_gmt":"2024-08-09T14:02:03","slug":"kop-butylone-online","status":"publish","type":"product","link":"https:\/\/lacasadelamedicina.es\/sv\/produkt\/kop-butylone-online\/","title":{"rendered":"K\u00f6p Butylone online"},"content":{"rendered":"<h1>K\u00f6p Butylone online<\/h1>\n<p> Webbutik som s\u00e4ljer Butylone. Butylon, allm\u00e4nt k\u00e4nd som k-MBDB eller B1, \u00e4r ett syntetiskt entaktogen och stimulerande medel som tillh\u00f6r fenetylamin- och katinonklasserna. Det \u00e4r ocks\u00e5 k\u00e4nt som -keto-N-metylbensodioxolylbutanamin. Den substituerade metylendioximotsvarigheten till bufedron och -keto-analogen av MBDB kallas b\u00e5da butylon. K\u00f6p Butylone online &#8211; <a href=\"https:\/\/drlawsonspharmacy\/contact-us\/\">KONTAKT<\/a> N\u00e4r utbudet av metylon p\u00e5 marknaden f\u00f6r forskningskemikalier minskar, s\u00e4ljs det ofta p\u00e5 gatan tillsammans med etylon som designdrog, som substitut eller imitation f\u00f6r MDMA och metylon (som alla tillsammans kallas &#8221;molly&#8221;). Butylon och MDMA har liknande farmakologiska och beteendem\u00e4ssiga egenskaper, men deras uppenbara subjektiva effekter \u00e4r inte riktigt desamma. Butylon s\u00e4gs vara mindre potent \u00e4n sina kusiner metylon och etylon, och ha traditionella stimulerande snarare \u00e4n entaktogena effekter. Det har f\u00f6rst nyligen b\u00f6rjat anv\u00e4ndas av m\u00e4nniskor.        <\/p>\n<h3><strong>Best\u00e4ll Butylone online<\/strong><\/h3>\n<p> En syntetisk medlem av katinonfamiljen, \u00e4ven k\u00e4nd som -keto-N-metylbensodioxolylbutanamin. Katinoner har en fenetylamink\u00e4rna med en fenylring f\u00e4st till en aminogrupp (NH2) via en etylkedja och en annan etylsubstitution vid R. Detta ger dem strukturella likheter med amfetaminer. Alfa-metylerade fenetylaminer (dvs amfetaminer) \u00e4r vad katinoner \u00e4r som butylon. De skiljer sig dock fr\u00e5n dem genom att ha en funktionell ketongrupp (en karbonylgrupp vid R). Butylon delar en metylsubstitution vid RN-positionen med MDEA, etylon, 4-MEC och n\u00e5gra andra stimulantia och entaktogener. Butylon har ocks\u00e5 syregrupper vid R3- och R4-positionerna i fenylringen. Dessa syregrupper \u00e4r integrerade i en metylendioxiring via en metylenkedja. Butylon har ocks\u00e5 denna metylendioxiring. Det fungerar som en kombinerad \u00e5terupptagsh\u00e4mmare\/dopamin, noradrenalin och serotoninfris\u00e4ttare. Dessa signalsubstanser styr motivation, n\u00f6je, bel\u00f6ning och fokus. Detta uppn\u00e5s genom att f\u00f6rhindra att signalsubstanserna \u00e5terupptas efter att de har slutf\u00f6rt sin uppgift att skicka en hj\u00e4rnimpuls. Detta g\u00f6r att signalsubstanserna kan byggas upp och \u00e5tervinnas, vilket ger fysiologiskt stimulerande och euforiska effekter.            <\/p>\n<h3>Var kan jag k\u00f6pa Butylone online, vet du?<\/h3>\n<p> Var kan jag k\u00f6pa Butylone online, var kan jag k\u00f6pa Butylone online, vad \u00e4r Butylone och var kan jag k\u00f6pa Butylonepulver av premiumkvalitet \u00e4r alla fr\u00e5gor som kommer att besvaras nedan. Vi kan ge l\u00f6sningarna p\u00e5 alla dessa ol\u00f6sta fr\u00e5gor. Du kan l\u00e4ra dig mer om var och hur du k\u00f6per Fentanyl-tabletter online genom att helt enkelt surfa p\u00e5 v\u00e5r hemsida. Hur \u00e4r det med den pulveriserade butylonen? Vet du var jag kan k\u00f6pa Butylone online? Var kan man k\u00f6pa Butylonpulver, Var kan man k\u00f6pa rent Butylonpulver, Hur man g\u00f6r Butylonpulver, Hur ser Butylonpulver ut, Gatupris p\u00e5 Butylonpulver, Butylonpulverpris, Butylonpulverleverant\u00f6rer, Butylonpulverform, K\u00f6p rent Butylonpulver, Pris p\u00e5 Butylonpulver Det \u00e4r ganska f\u00f6rst\u00e5eligt att individer inte omedelbart litar p\u00e5 kvaliteten p\u00e5 Butylon som s\u00e4ljs online eftersom de inte kan se det personligen. Det \u00e4r dock annorlunda med Butylon-leverant\u00f6rerna online. Produkterna som erbjuds h\u00e4r \u00e4r precis vad de \u00e4r och underh\u00e5lls av h\u00f6gsta klass under professionell \u00f6vervakning. Snabb &amp;amp; Diskret frakt: Butylonen levereras som utlovat omedelbart efter att best\u00e4llningen mottagits. Fraktteamet str\u00e4var efter att g\u00f6ra frakt- och leveransprocessen snabb och enkel. N\u00e4r du k\u00f6per Butylone fr\u00e5n en ansedd s\u00e4ljare p\u00e5 en onlinemarknad kan du ocks\u00e5 f\u00f6rv\u00e4nta dig utm\u00e4rkt service.           &nbsp;<\/p>\n","protected":false},"excerpt":{"rendered":"<p>Butylon, allm\u00e4nt k\u00e4nd som k-MBDB eller B1, \u00e4r ett syntetiskt entaktogen och stimulerande medel som tillh\u00f6r fenetylamin- och katinonklasserna. Det \u00e4r ocks\u00e5 k\u00e4nt som -keto-N-metylbensodioxolylbutanamin. Den substituerade metylendioximotsvarigheten till bufedron och -keto-analogen av MBDB kallas b\u00e5da butylon.   &nbsp;<\/p>\n","protected":false},"featured_media":18599,"comment_status":"closed","ping_status":"closed","template":"","meta":{"om_disable_all_campaigns":false,"_sitemap_exclude":false,"_sitemap_priority":"","_sitemap_frequency":"","_monsterinsights_skip_tracking":false,"_monsterinsights_sitenote_active":false,"_monsterinsights_sitenote_note":"","_monsterinsights_sitenote_category":0},"product_cat":[37114],"product_tag":[39118,39108,39100,39113,39109,39107,39115,39117,39119,39116,39111,39120,39114,39112,39104,39103,39105,39099,39101,39106,39110,39102],"class_list":{"0":"post-35587","1":"product","2":"type-product","3":"status-publish","4":"has-post-thumbnail","6":"product_cat-forskningskemikalier-och-psykedelika","7":"product_tag-akta-butylone-europe","8":"product_tag-bestall-butylone-eu","9":"product_tag-bestall-butylone-online","10":"product_tag-billig-butylone-europe-sv","11":"product_tag-butylon-fri-frakt-europa","12":"product_tag-butylone-basta-pris-europa","13":"product_tag-butylone-europe-butik","14":"product_tag-butylone-europe-leverans","15":"product_tag-butylone-europe-leverantorer","16":"product_tag-butylone-europe-rabatt-sv","17":"product_tag-butylone-europe-rea","18":"product_tag-butylone-europe-recension","19":"product_tag-butylone-europe-erbjudanden","20":"product_tag-butylone-webbutik-europa","21":"product_tag-butylonforsaljning-online","22":"product_tag-effekter-av-butylon","23":"product_tag-hur-mycket-kostar-butylone","24":"product_tag-kop-butylone","25":"product_tag-kop-butylone-online","26":"product_tag-kop-butylone-online-europa","27":"product_tag-var-kan-man-kopa-butylone-europe","28":"product_tag-var-kan-man-kopa-butylone-online","30":"first","31":"instock","32":"shipping-taxable","33":"purchasable","34":"product-type-variable","35":"farmacie-col"},"aioseo_notices":[],"_links":{"self":[{"href":"https:\/\/lacasadelamedicina.es\/sv\/wp-json\/wp\/v2\/product\/35587"}],"collection":[{"href":"https:\/\/lacasadelamedicina.es\/sv\/wp-json\/wp\/v2\/product"}],"about":[{"href":"https:\/\/lacasadelamedicina.es\/sv\/wp-json\/wp\/v2\/types\/product"}],"replies":[{"embeddable":true,"href":"https:\/\/lacasadelamedicina.es\/sv\/wp-json\/wp\/v2\/comments?post=35587"}],"wp:featuredmedia":[{"embeddable":true,"href":"https:\/\/lacasadelamedicina.es\/sv\/wp-json\/wp\/v2\/media\/18599"}],"wp:attachment":[{"href":"https:\/\/lacasadelamedicina.es\/sv\/wp-json\/wp\/v2\/media?parent=35587"}],"wp:term":[{"taxonomy":"product_cat","embeddable":true,"href":"https:\/\/lacasadelamedicina.es\/sv\/wp-json\/wp\/v2\/product_cat?post=35587"},{"taxonomy":"product_tag","embeddable":true,"href":"https:\/\/lacasadelamedicina.es\/sv\/wp-json\/wp\/v2\/product_tag?post=35587"}],"curies":[{"name":"wp","href":"https:\/\/api.w.org\/{rel}","templated":true}]}}