{"id":35560,"date":"2024-08-09T14:01:54","date_gmt":"2024-08-09T14:01:54","guid":{"rendered":"https:\/\/lacasadelamedicina.es\/product\/kop-vitt-heroinpulver-online\/"},"modified":"2024-08-09T14:01:54","modified_gmt":"2024-08-09T14:01:54","slug":"kop-vitt-heroinpulver-online","status":"publish","type":"product","link":"https:\/\/lacasadelamedicina.es\/sv\/produkt\/kop-vitt-heroinpulver-online\/","title":{"rendered":"K\u00f6p vitt heroinpulver online"},"content":{"rendered":"<h1>K\u00f6p White Powder Heroin Online.<\/h1>\n<p> K\u00f6p vitt heroinpulver online &#8211; En av de mest potenta och lukrativa typerna av heroin p\u00e5 marknaden \u00e4r vitt pulver. Men vem ska man k\u00f6pa den av? Det b\u00e4sta st\u00e4llet att k\u00f6pa vitt heroinpulver online till l\u00e4gsta kostnad \u00e4r Dr Lawsons Pharmacy. Med en m\u00e4ngd olika leverans- och betalningsmetoder kan Dr. Lawsons Pharmac<a href=\"https:\/\/dieapotheke247.com\/\">y<\/a> g\u00f6r det enkelt och s\u00e4kert att k\u00f6pa vitt heroinpulver i l\u00f6svikt. Med v\u00e5r 100 % n\u00f6jdhetsgaranti \u00e4r vi stolta \u00f6ver att ge v\u00e5ra kunder en snabb, diskret och s\u00e4ker shoppingupplevelse. K\u00f6p vitt heroinpulver online &#8211;      <a href=\"https:\/\/drlawsonspharmacy\/contact-us\/\"><a href=\"https:\/\/drlawsonspharmacy\/contact-us\/\">KONTAKT Best\u00e4ll Heroin Online<\/a><\/a><\/p>\n<h3>F\u00f6rdelarna med vitt heroinpulver<\/h3>\n<p> Medan vitt heroinpulver ofta anv\u00e4nds f\u00f6r rekreation eller medicinsk behandling f\u00f6r att behandla opioidsm\u00e4rta, blir det ocks\u00e5 allt mer popul\u00e4rt bland m\u00e4nniskor som letar efter mer extrema upplevelser. Du kan nu k\u00f6pa rent vitt heroinpulver online fr\u00e5n Dr. Lawsons Pharmacy och uppleva dess kraftfulla effekter personligen. Du kan f\u00e5 det renaste heroinet p\u00e5 marknaden n\u00e4r du f\u00e5r det i vitt pulverform fr\u00e5n Dr Lawsons Pharmacy. Detta g\u00f6r den perfekt f\u00f6r personer som letar efter en intensiv upplevelse eftersom din dos \u00e4r starkare och varar l\u00e4ngre \u00e4n andra typer av heroin. Dessutom \u00e4r priserna rimliga och leveranstiderna korta. Vad v\u00e4ntar du p\u00e5? Best\u00e4ll en stor m\u00e4ngd vitt pulver heroin just nu! K\u00f6p vitt heroinpulver online        <\/p>\n<h3>Risker f\u00f6rknippade med att anv\u00e4nda vitt heroinpulver<\/h3>\n<p> Var medveten om farorna om du t\u00e4nker k\u00f6pa vitt heroinpulver till f\u00f6rs\u00e4ljning online. Vitt heroinpulver \u00e4r ett mycket beroendeframkallande \u00e4mne som kan orsaka b\u00e5de psykiskt och fysiskt beroende om det anv\u00e4nds ofta. Du kan uppleva sv\u00e5ra och sm\u00e4rtsamma abstinensbesv\u00e4r om du pl\u00f6tsligt slutar anv\u00e4nda det. Dessutom kan \u00e4ven sm\u00e5 doser av denna potenta kemikalie vara d\u00f6dlig om den anv\u00e4nds felaktigt eller i \u00f6verskott. Faktum \u00e4r att \u00f6verdosering \u00e4r en av de vanligaste d\u00f6dsfallen i samband med anv\u00e4ndning av vitt heroinpulver. Sist men inte minst har anv\u00e4ndning av vitt heroinpulver kopplats till ett antal skadliga psykiska h\u00e4lsoeffekter, inklusive paranoia, sorg, tankest\u00f6rningar, \u00e5ngest och \u00e5terfall i beroende. K\u00f6p vitt heroinpulver online       <\/p>\n<h3>K\u00f6p vitt heroinpulver online<\/h3>\n<p> Det \u00e4r viktigt att f\u00f6rst\u00e5 att det inte finns n\u00e5gon &#8221;s\u00e4ker&#8221; dos av vitt heroinpulver, eftersom vilken m\u00e4ngd som helst kan vara potentiellt d\u00f6dlig p\u00e5 grund av interaktioner med en persons k\u00e4nda eller omedvetna k\u00e4nslighet och andra medicinska problem. Av denna anledning f\u00e5r anv\u00e4ndningen av heroin \u2013 hur lite som helst \u2013 endast ske under strikt \u00f6vervakning av en kvalificerad l\u00e4kare. Best\u00e4ll heroin online   <\/p>\n<h3>Varf\u00f6r \u00e4r Dr Lawsons Pharmacy det b\u00e4sta st\u00e4llet att k\u00f6pa vitt heroinpulver online?<\/h3>\n<p> Om du funderar p\u00e5 att k\u00f6pa vitt heroinpulver online finns det flera f\u00f6rdelar, inklusive prisv\u00e4rdhet och enkelhet. Det \u00e4r dock viktigt att vara medveten om farorna med att anv\u00e4nda detta \u00e4mne och bara k\u00f6pa det fr\u00e5n p\u00e5litliga leverant\u00f6rer som Dr. Lawsons Pharmacy. Med hj\u00e4lp av Dr Lawsons Pharmacy kan du tryggt njuta av de m\u00e5nga f\u00f6rdelarna med vitt heroinpulver i grossistledet online. Best\u00e4ll heroin online    &nbsp;<\/p>\n","protected":false},"excerpt":{"rendered":"<p>K\u00f6p White Powder Heroin Online. K\u00f6p vitt heroinpulver online &#8211; En av de mest potenta och lukrativa typerna av heroin p\u00e5 marknaden \u00e4r vitt pulver. Men vem ska man k\u00f6pa den av? Det b\u00e4sta st\u00e4llet att k\u00f6pa vitt heroinpulver online till l\u00e4gsta kostnad \u00e4r Dr Lawsons Pharmacy. Med en m\u00e4ngd olika leverans- och betalningsmetoder kan [&hellip;]<\/p>\n","protected":false},"featured_media":17999,"comment_status":"closed","ping_status":"closed","template":"","meta":{"om_disable_all_campaigns":false,"_sitemap_exclude":false,"_sitemap_priority":"","_sitemap_frequency":"","_monsterinsights_skip_tracking":false,"_monsterinsights_sitenote_active":false,"_monsterinsights_sitenote_note":"","_monsterinsights_sitenote_category":0},"product_cat":[38856],"product_tag":[39030,39020,39014,39025,39015,39016,39017,39011,39012,39018,39022,39013,39019,39027,39029,39031,39028,39023,39032,39021,39026,39024],"class_list":{"0":"post-35560","1":"product","2":"type-product","3":"status-publish","4":"has-post-thumbnail","6":"product_cat-heroin-sv","7":"product_tag-autentiskt-vitt-heroinpulver-europa","8":"product_tag-bestall-vitt-heroinpulver-eu","9":"product_tag-bestall-vitt-heroinpulver-online","10":"product_tag-billigt-vitt-heroinpulver-europa","11":"product_tag-effekter-av-vitt-heroinpulver","12":"product_tag-forsaljning-av-vitt-heroinpulver-online","13":"product_tag-hur-mycket-ar-vitt-heroinpulver","14":"product_tag-kop-vitt-heroinpulver","15":"product_tag-kop-vitt-heroinpulver-online","16":"product_tag-kop-vitt-heroinpulver-online-europa","17":"product_tag-var-kan-man-kopa-vitt-heroinpulver-i-europa","18":"product_tag-var-kan-man-kopa-vitt-heroinpulver-online","19":"product_tag-vitt-heroinpulver-basta-pris-europa","20":"product_tag-vitt-heroinpulver-europa-butik","21":"product_tag-vitt-heroinpulver-europa-leverans","22":"product_tag-vitt-heroinpulver-europa-leverantorer","23":"product_tag-vitt-heroinpulver-europa-rabatt","24":"product_tag-vitt-heroinpulver-europa-rea","25":"product_tag-vitt-heroinpulver-europa-recension","26":"product_tag-vitt-heroinpulver-fri-frakt-europa","27":"product_tag-vitt-heroinpulver-i-europa","28":"product_tag-vitt-heroinpulver-onlinebutik-europa","30":"first","31":"instock","32":"shipping-taxable","33":"purchasable","34":"product-type-variable","35":"farmacie-col"},"aioseo_notices":[],"_links":{"self":[{"href":"https:\/\/lacasadelamedicina.es\/sv\/wp-json\/wp\/v2\/product\/35560"}],"collection":[{"href":"https:\/\/lacasadelamedicina.es\/sv\/wp-json\/wp\/v2\/product"}],"about":[{"href":"https:\/\/lacasadelamedicina.es\/sv\/wp-json\/wp\/v2\/types\/product"}],"replies":[{"embeddable":true,"href":"https:\/\/lacasadelamedicina.es\/sv\/wp-json\/wp\/v2\/comments?post=35560"}],"wp:featuredmedia":[{"embeddable":true,"href":"https:\/\/lacasadelamedicina.es\/sv\/wp-json\/wp\/v2\/media\/17999"}],"wp:attachment":[{"href":"https:\/\/lacasadelamedicina.es\/sv\/wp-json\/wp\/v2\/media?parent=35560"}],"wp:term":[{"taxonomy":"product_cat","embeddable":true,"href":"https:\/\/lacasadelamedicina.es\/sv\/wp-json\/wp\/v2\/product_cat?post=35560"},{"taxonomy":"product_tag","embeddable":true,"href":"https:\/\/lacasadelamedicina.es\/sv\/wp-json\/wp\/v2\/product_tag?post=35560"}],"curies":[{"name":"wp","href":"https:\/\/api.w.org\/{rel}","templated":true}]}}