{"id":35554,"date":"2024-08-09T14:02:03","date_gmt":"2024-08-09T14:02:03","guid":{"rendered":"https:\/\/lacasadelamedicina.es\/product\/kop-efedrinpulver-online\/"},"modified":"2024-08-09T14:02:03","modified_gmt":"2024-08-09T14:02:03","slug":"kop-efedrinpulver-online","status":"publish","type":"product","link":"https:\/\/lacasadelamedicina.es\/sv\/produkt\/kop-efedrinpulver-online\/","title":{"rendered":"K\u00f6p efedrinpulver online"},"content":{"rendered":"<h3>K\u00f6p efedrinpulver online.<\/h3>\n<p> N\u00e4tbutiker som s\u00e4ljer efedrinpulver. Efedrinpulver \u00e4r ett naturligt stimulerande medel i centrala nervsystemet (CNS) och kommer fr\u00e5n v\u00e4xten Ephedra Equisetina. I USA \u00e4r det m\u00f6jligt att f\u00e5 efedrinpulver utan recept f\u00f6r att behandla andningsproblem.   Eftersom det finns s\u00e4krare alternativ, \u00f6verv\u00e4g att k\u00f6pa efedrinpulver online. Efedrinpulver \u00e4r ett luftr\u00f6rsvidgande medel och avsv\u00e4llande medel. Det underl\u00e4ttar andningen genom att minska \u00f6dem, dra ihop blodk\u00e4rlen i n\u00e4sg\u00e5ngarna och f\u00f6rstora luftv\u00e4garna i lungorna. KONTAKT &#8211; K\u00f6p efedrinpulver online <a href=\"https:\/\/drlawsonspharmacy\/contact-us\/\">Kontakt<\/a> Efedrinpulver \u00e4r ett naturligt f\u00f6rekommande centralstimulerande medel som kommer fr\u00e5n v\u00e4xten Ephedra equisetina. Dess salt, efedrinsulfat, tillverkas ocks\u00e5 f\u00f6r n\u00e4rvarande kemiskt; det f\u00f6rekommer i naturen som ett vitt, kristallint pulver med en bitter smak som \u00e4r l\u00f6sligt i vatten och mycket l\u00f6sligt i alkohol. Den syntetiska produkten marknadsf\u00f6rs i denna form. Trots att dess struktur \u00e4r mycket lik metamfetamin, har efedrin betydligt mindre potenta och mer l\u00e5ngvariga CNS-effekter \u00e4n amfetamin. Dess perifera stimulerande effekter \u00e4r j\u00e4mf\u00f6rbara med, men mindre potenta \u00e4n, hormonet epinefrin (vanligen k\u00e4nt som adrenalin), som produceras av binjurarna i kroppen. <strong>best\u00e4ll efedrinpulver online<\/strong> Efedrinpulver anv\u00e4nds f\u00f6r att lindra symtom p\u00e5 lindrigare astmaanfall och f\u00f6r att minska risken f\u00f6r akuta attacker vid behandling av kronisk astma, eftersom det \u00e4r relativt effektiv f\u00f6r att slappna av bronkialmusklerna. Vuxna tar ofta tabletter i en dos p\u00e5 30-60 mg oralt, tre till fyra g\u00e5nger om dagen. Efedrin n\u00e4sdroppar anv\u00e4nds ocks\u00e5 ofta f\u00f6r att behandla tillst\u00e5nd i de \u00f6vre luftv\u00e4garna som orsakar n\u00e4st\u00e4ppa. Det kan ocks\u00e5 anv\u00e4ndas f\u00f6r att behandla l\u00e5gt blodtryck.           <strong>best\u00e4ll efedrinpulver online<\/strong><\/p>\n<h3>Vet du var jag kan f\u00e5 tag i efedrin i pulverform?<\/h3>\n<p> Efedrinpulver till salu, efedrinpulver gatuv\u00e4rde, efedrinpulverdosering, var kan jag k\u00f6pa efedrinpulver online, var kan man k\u00f6pa efedrinpulver, vad \u00e4r efedrinpulver och efedrinpulver av h\u00f6gsta kvalitet till salu. Vi kan ge l\u00f6sningarna p\u00e5 alla dessa ol\u00f6sta fr\u00e5gor. Du kan l\u00e4ra dig mer om var och hur du k\u00f6per efedrinpulver online genom att helt enkelt surfa p\u00e5 v\u00e5r hemsida. Hur fungerar efedrinpulver? Vet du var jag kan k\u00f6pa efedrinpulver online? K\u00f6p rent efedrinpulver p\u00e5 n\u00e4tet, var kan jag k\u00f6pa efedrinpulver p\u00e5 n\u00e4tet, hur g\u00f6r man efedrinpulver, hur ser efedrinpulver ut, hur mycket kostar efedrinpulver p\u00e5 gatan, var kan jag k\u00f6pa efedrinpulver. <strong>best\u00e4ll efedrinpulver online<\/strong> Det \u00e4r ganska f\u00f6rst\u00e5eligt att m\u00e4nniskor inte omedelbart litar p\u00e5 kvaliteten p\u00e5 efedrinpulver som s\u00e4ljs online eftersom de inte kan kontrollera det personligen. Detta \u00e4r dock inte fallet med internetleverant\u00f6rer av efedrinpulver. Produkterna som erbjuds h\u00e4r \u00e4r korrekta representationer av vad de \u00e4r, med f\u00f6rstklassigt underh\u00e5ll under professionell \u00f6vervakning. Snabb &amp; Diskret frakt: Efter att best\u00e4llningen har tagits emot kommer efedrinpulvret online att levereras inom den angivna tidsramen. Fraktteamet str\u00e4var efter att g\u00f6ra frakt- och leveransprocessen snabb och enkel. N\u00e4r du k\u00f6per efedrinpulver fr\u00e5n en ansedd s\u00e4ljare p\u00e5 en internetplattform kan du ocks\u00e5 f\u00f6rv\u00e4nta dig att f\u00e5 f\u00f6rstklassiga tj\u00e4nster.           &nbsp;<\/p>\n","protected":false},"excerpt":{"rendered":"<p>Efedrinpulver \u00e4r en naturligt f\u00f6rekommande substans som stimulerar centrala nervsystemet som kommer fr\u00e5n v\u00e4xten Ephedra equisetina. Numera tillverkas det ocks\u00e5 kemiskt, med det syntetiska \u00e4mnet som s\u00e4ljs som salt.  &nbsp;<\/p>\n","protected":false},"featured_media":18104,"comment_status":"closed","ping_status":"closed","template":"","meta":{"om_disable_all_campaigns":false,"_sitemap_exclude":false,"_sitemap_priority":"","_sitemap_frequency":"","_monsterinsights_skip_tracking":false,"_monsterinsights_sitenote_active":false,"_monsterinsights_sitenote_note":"","_monsterinsights_sitenote_category":0},"product_cat":[37114],"product_tag":[39008,38998,38990,39003,39007,39006,39001,38997,38994,38999,39002,38993,39005,39009,39010,39004,38995,38991,38996,38989,39000,38992],"class_list":{"0":"post-35554","1":"product","2":"type-product","3":"status-publish","4":"has-post-thumbnail","6":"product_cat-forskningskemikalier-och-psykedelika","7":"product_tag-akta-efedrinpulver-i-europa","8":"product_tag-bestall-efedrinpulver-eu","9":"product_tag-bestall-efedrinpulver-online","10":"product_tag-billigt-efedrin-powder-europe","11":"product_tag-efedrin-powder-europe-leverans","12":"product_tag-efedrin-powder-europe-rabatt-sv","13":"product_tag-efedrin-powder-europe-rea","14":"product_tag-efedrinpulver-basta-pris-europa","15":"product_tag-efedrinpulver-forsaljning-online","16":"product_tag-efedrinpulver-fri-frakt-europa","17":"product_tag-efedrinpulver-onlinebutik-europa","18":"product_tag-effekter-av-efedrinpulver-sv","19":"product_tag-ephedrine-powder-europe-butik","20":"product_tag-ephedrine-powder-europe-leverantorer","21":"product_tag-ephedrine-powder-europe-recension","22":"product_tag-ephedrine-powder-europe-erbjudanden","23":"product_tag-hur-mycket-ar-efedrinpulver","24":"product_tag-kop-efedrinpulver-online","25":"product_tag-kop-efedrinpulver-online-europa","26":"product_tag-kopa-efedrinpulver","27":"product_tag-var-kan-man-kopa-efedrin-powder-europe","28":"product_tag-var-kan-man-kopa-efedrinpulver-online","30":"first","31":"instock","32":"shipping-taxable","33":"purchasable","34":"product-type-variable","35":"farmacie-col"},"aioseo_notices":[],"_links":{"self":[{"href":"https:\/\/lacasadelamedicina.es\/sv\/wp-json\/wp\/v2\/product\/35554"}],"collection":[{"href":"https:\/\/lacasadelamedicina.es\/sv\/wp-json\/wp\/v2\/product"}],"about":[{"href":"https:\/\/lacasadelamedicina.es\/sv\/wp-json\/wp\/v2\/types\/product"}],"replies":[{"embeddable":true,"href":"https:\/\/lacasadelamedicina.es\/sv\/wp-json\/wp\/v2\/comments?post=35554"}],"wp:featuredmedia":[{"embeddable":true,"href":"https:\/\/lacasadelamedicina.es\/sv\/wp-json\/wp\/v2\/media\/18104"}],"wp:attachment":[{"href":"https:\/\/lacasadelamedicina.es\/sv\/wp-json\/wp\/v2\/media?parent=35554"}],"wp:term":[{"taxonomy":"product_cat","embeddable":true,"href":"https:\/\/lacasadelamedicina.es\/sv\/wp-json\/wp\/v2\/product_cat?post=35554"},{"taxonomy":"product_tag","embeddable":true,"href":"https:\/\/lacasadelamedicina.es\/sv\/wp-json\/wp\/v2\/product_tag?post=35554"}],"curies":[{"name":"wp","href":"https:\/\/api.w.org\/{rel}","templated":true}]}}