{"id":35550,"date":"2024-08-09T14:01:54","date_gmt":"2024-08-09T14:01:54","guid":{"rendered":"https:\/\/lacasadelamedicina.es\/product\/kop-jwh-210-kemiskt-pulver-online\/"},"modified":"2024-08-09T14:01:54","modified_gmt":"2024-08-09T14:01:54","slug":"kop-jwh-210-kemiskt-pulver-online","status":"publish","type":"product","link":"https:\/\/lacasadelamedicina.es\/sv\/produkt\/kop-jwh-210-kemiskt-pulver-online\/","title":{"rendered":"K\u00f6p JWH-210 kemiskt pulver online"},"content":{"rendered":"<h1 class=\"product_title enter-title\">K\u00f6p kemiskt pulver JWH-210 online<\/h1>\n<p> K\u00f6p JWH-210 kemiskt pulver online &#8211; K\u00f6p JWH-210 kemiskt pulver online. JWH-210 (4-etylnaftalen-1-yl-(1-pentylindol-3-yl)metanon), \u00e4ven k\u00e4nd som. \u00e4r en kraftfull cannabinoid. K\u00f6p JWH-210 Chemical Powder online &#8211; <a href=\"https:\/\/drlawsonspharmacy\/contact-us\/\">KONTAKT<\/a> JWH-210 kan k\u00f6pas online. Som medlem av naftoylindolfamiljen \u00e4r JWH-210 en potent cannabinoidagonist vid CB1- och CB2-receptorer med Ki-v\u00e4rden p\u00e5 0,46 nM f\u00f6r CB1 och 0,69 nM f\u00f6r CB2. Det anv\u00e4nds f\u00f6r sm\u00e4rtbehandling. Med en starkare bindningsaffinitet (dvs l\u00e4gre Ki) till CB1 \u00e4n dess 4-metyl- och 4-n-propylhomologer JWH-122 (CB1 Ki 0,69 nM), \u00e4r det ett av de mest potenta 4-substituerade naftylderivaten i naftoylindolserien . och JWH-182 (CB1 Ki 0,65 nM) eller JWH-081 (CB1 Ki 1,2 nM), en 4-metoximolekyl [2] John W. Huffman inspirerade uppt\u00e4ckten och namngivningen.        <\/p>\n<h3>K\u00f6p JWH-210 kemiskt pulver online<\/h3>\n<p> \u00c4r du en h\u00e4ngiven forskare som vill f\u00f6rdjupa dig i det komplexa omr\u00e5det syntetiska cannabinoider? D\u00e5 beh\u00f6ver du inte leta l\u00e4ngre \u00e4n JWH-210 Chemical Powder, en spjutspetsprodukt designad f\u00f6r att st\u00f6dja banbrytande farmakologisk forskning. JWH-210 Chemical Powder \u00e4r det idealiska verktyget f\u00f6r att maximera potentialen f\u00f6r din forskning p\u00e5 grund av dess h\u00f6ga kvalitet och speciella egenskaper. JWH-210 Chemical Powder \u00e4r noggrant tillverkad med de mest moderna metoderna f\u00f6r att s\u00e4kerst\u00e4lla en ren och p\u00e5litlig produkt vid varje best\u00e4llning. Denna substans uppvisar exceptionell affinitet och selektivitet som en kraftfull agonist av cannabinoidreceptorerna, vilket g\u00f6r det m\u00f6jligt f\u00f6r forskare att f\u00e5 en omfattande f\u00f6rst\u00e5else f\u00f6r de komplexa mekanismerna som fungerar i det endocannabinoida systemet.     <\/p>\n<h3><strong>Best\u00e4ll JWH-210 kemiskt pulver<\/strong><\/h3>\n<p> Den anm\u00e4rkningsv\u00e4rda stabiliteten hos JWH-210 Chemical Powder, som m\u00f6jligg\u00f6r exakta doseringsber\u00e4kningar och omfattande experiment, \u00e4r en av dess fr\u00e4msta f\u00f6rdelar. Dess stabilitet och l\u00f6slighet i en rad vanliga l\u00f6sningsmedel g\u00f6r den till en perfekt kandidat f\u00f6r ett brett spektrum av laboratorieapplikationer. Tack vare JWH-210 Chemical Powder kan forskare fritt unders\u00f6ka en m\u00e4ngd fascinerande forsknings\u00e4mnen som neurofarmakologi, sm\u00e4rtbehandling och beroendestudier. Anpassningsf\u00f6rm\u00e5gan hos detta \u00e4mne \u00f6ppnar nya m\u00f6jligheter f\u00f6r banbrytande uppt\u00e4ckter som kan p\u00e5verka hur l\u00e4kemedel och medicinsk forskning utvecklas i framtiden.    &nbsp;<\/p>\n","protected":false},"excerpt":{"rendered":"<p>K\u00f6p JWH-210 kemiskt pulver online. JWH-210 kemiskt pulver tillh\u00f6r naftoylindolfamiljen och anv\u00e4nds som ett sm\u00e4rtstillande medel.  &nbsp;<\/p>\n","protected":false},"featured_media":18539,"comment_status":"closed","ping_status":"closed","template":"","meta":{"om_disable_all_campaigns":false,"_sitemap_exclude":false,"_sitemap_priority":"","_sitemap_frequency":"","_monsterinsights_skip_tracking":false,"_monsterinsights_sitenote_active":false,"_monsterinsights_sitenote_note":"","_monsterinsights_sitenote_category":0},"product_cat":[37114],"product_tag":[38986,38976,38969,38981,38971,38973,38975,38983,38979,38985,38987,38984,38988,38982,38972,38977,38980,38968,38967,38974,38978,38970],"class_list":{"0":"post-35550","1":"product","2":"type-product","3":"status-publish","4":"has-post-thumbnail","6":"product_cat-forskningskemikalier-och-psykedelika","7":"product_tag-akta-jwh-210-chemical-powder-europe","8":"product_tag-bestall-jwh-210-chemical-powder-eu","9":"product_tag-bestall-jwh-210-chemical-powder-online","10":"product_tag-billigt-jwh-210-chemical-powder-europe","11":"product_tag-effekter-av-jwh-210-kemiskt-pulver","12":"product_tag-hur-mycket-kostar-jwh-210-chemical-powder","13":"product_tag-jwh-210-chemical-powder-basta-pris-europa","14":"product_tag-jwh-210-chemical-powder-europe-butik","15":"product_tag-jwh-210-chemical-powder-europe-forsaljning","16":"product_tag-jwh-210-chemical-powder-europe-leverans","17":"product_tag-jwh-210-chemical-powder-europe-leverantorer","18":"product_tag-jwh-210-chemical-powder-europe-rabatt-sv","19":"product_tag-jwh-210-chemical-powder-europe-recension","20":"product_tag-jwh-210-chemical-powder-europe-erbjudanden","21":"product_tag-jwh-210-chemical-powder-forsaljning-online","22":"product_tag-jwh-210-chemical-powder-fri-frakt-europa","23":"product_tag-jwh-210-chemical-powder-webbutik-europa","24":"product_tag-kop-jwh-210-chemical-powder-online","25":"product_tag-kop-jwh-210-kemiskt-pulver","26":"product_tag-kop-jwh-210-kemiskt-pulver-online-europa","27":"product_tag-var-kan-man-kopa-jwh-210-chemical-powder-europe","28":"product_tag-var-kan-man-kopa-jwh-210-chemical-powder-online","30":"first","31":"instock","32":"shipping-taxable","33":"purchasable","34":"product-type-variable","35":"farmacie-col"},"aioseo_notices":[],"_links":{"self":[{"href":"https:\/\/lacasadelamedicina.es\/sv\/wp-json\/wp\/v2\/product\/35550"}],"collection":[{"href":"https:\/\/lacasadelamedicina.es\/sv\/wp-json\/wp\/v2\/product"}],"about":[{"href":"https:\/\/lacasadelamedicina.es\/sv\/wp-json\/wp\/v2\/types\/product"}],"replies":[{"embeddable":true,"href":"https:\/\/lacasadelamedicina.es\/sv\/wp-json\/wp\/v2\/comments?post=35550"}],"wp:featuredmedia":[{"embeddable":true,"href":"https:\/\/lacasadelamedicina.es\/sv\/wp-json\/wp\/v2\/media\/18539"}],"wp:attachment":[{"href":"https:\/\/lacasadelamedicina.es\/sv\/wp-json\/wp\/v2\/media?parent=35550"}],"wp:term":[{"taxonomy":"product_cat","embeddable":true,"href":"https:\/\/lacasadelamedicina.es\/sv\/wp-json\/wp\/v2\/product_cat?post=35550"},{"taxonomy":"product_tag","embeddable":true,"href":"https:\/\/lacasadelamedicina.es\/sv\/wp-json\/wp\/v2\/product_tag?post=35550"}],"curies":[{"name":"wp","href":"https:\/\/api.w.org\/{rel}","templated":true}]}}