{"id":35534,"date":"2024-08-09T14:01:54","date_gmt":"2024-08-09T14:01:54","guid":{"rendered":"https:\/\/lacasadelamedicina.es\/product\/kop-oklippt-heroin-online\/"},"modified":"2024-09-19T11:26:05","modified_gmt":"2024-09-19T11:26:05","slug":"kop-oklippt-heroin-online","status":"publish","type":"product","link":"https:\/\/lacasadelamedicina.es\/sv\/produkt\/kop-oklippt-heroin-online\/","title":{"rendered":"K\u00f6p oklippt heroin online"},"content":{"rendered":"<h1>K\u00f6p Uncut Heroin Online<\/h1>\n<p> K\u00f6p Oklippt Heroin Online &#8211; Oklippt Heroin kan k\u00f6pas online fr\u00e5n vissa \u00e5terf\u00f6rs\u00e4ljare, \u00e4ven om detta medf\u00f6r sina egna risker. S\u00e5 om du har undrat var du kan hitta \u00e4kta, s\u00e4kert, oslipat heroin online, \u00e4r Dr. Lawsons Pharmacy platsen att g\u00e5. K\u00f6p oklippt heroin online &#8211;   <a href=\"https:\/\/drlawsonspharmacy\/contact-us\/\">KONTAKTA<\/a><\/p>\n<h3>Hur g\u00f6rs oklippt heroin?<\/h3>\n<p> Oklippt heroin g\u00f6rs av de torkade baljorna av opiumvallmo. Det samlas upp och f\u00f6rvandlas till ett pulvrigt, vitt material. Den inneh\u00e5ller h\u00f6ga koncentrationer av morfin, <a href=\"https:\/\/dieapotheke247.com\/\">c<\/a>odein och andra substanser, inklusive kraftfulla opioider. Slutresultatet \u00e4r en oraffinerad variant av opium som \u00e4r fri fr\u00e5n ytterligare kemikalier och bearbetningsmedel. Beroende p\u00e5 m\u00e4ngden fukt och alkaloider som finns, f\u00f6r\u00e4ndras l\u00e4kemedlets styrka.     <\/p>\n<h3>F\u00f6rdelarna med Uncut Heroin<\/h3>\n<p> Oklippt heroin b\u00f6r vara ditt val om du letar efter en high som \u00e4r \u00f6verl\u00e4gsen resten. Oklippt heroin \u00e4r mer potent och renare \u00e4n andra former av heroin och erbjuder b\u00e4ttre kort- och l\u00e5ngtidseffekter. Dessutom kan den skr\u00e4ddarsys efter anv\u00e4ndarens behov, vilket resulterar i cocktails som ger anv\u00e4ndaren mer kontroll \u00f6ver l\u00e4kemedlets dosering och kvalitet. Det \u00e4r ocks\u00e5 s\u00e4krare att konsumera oklippt heroin k\u00f6pt online under \u00f6vervakning. P\u00e5 grund av den h\u00f6gre styrkan \u00e4r det mindre risk f\u00f6r \u00f6verdosering. J\u00e4mf\u00f6rt med andra typer av heroin har oklippt heroin f\u00e4rre negativa effekter och l\u00e4gre risk f\u00f6r missbruk. Faktum \u00e4r att kunder har h\u00e4vdat att Dr Lawsons Pharmacy g\u00f6r det l\u00e4ttare att k\u00f6pa rent, starkt, oslipat heroin online.       <\/p>\n<h3>Biverkningar av oklippt heroin<\/h3>\n<p> \u00d6kad risk f\u00f6r missbruk och \u00f6verdosering, s\u00e5v\u00e4l som h\u00f6gre frekvenser av HIV och andra infektioner, \u00e4r alla h\u00e4lsorisker f\u00f6rknippade med anv\u00e4ndning av oklippt heroin. Dessutom kan oklippt heroin orsaka fysiska biverkningar, inklusive illam\u00e5ende, kr\u00e4kningar, snabba hj\u00e4rtslag och en h\u00f6gre risk f\u00f6r \u00f6verdosering. Under vissa omst\u00e4ndigheter kan det till och med leda till d\u00f6den.   <\/p>\n<h3>Var kan man k\u00f6pa uncut heroin online?<\/h3>\n<p> N\u00e4r du letar efter oklippt heroin i bulk online, leta efter leverant\u00f6rer som Dr. Lawsons Pharmacy vars produkter har bed\u00f6mts som h\u00f6gkvalitativa av andra k\u00e4llor. N\u00e4r du j\u00e4mf\u00f6r priser p\u00e5 oklippt heroin online, kom ih\u00e5g att kostnaderna kan variera mycket beroende p\u00e5 plats (t.ex. st\u00e4der d\u00e4r gatupriset f\u00f6r heroin tenderar att vara h\u00f6gre), tid p\u00e5 dygnet (d\u00f6dsceremonier resulterar ofta i h\u00f6gre priser), betalningsmetod ( kreditkort tenderar att ta ut h\u00f6gre avgifter \u00e4n PayPal) etc. Eftersom det du k\u00f6per sannolikt kommer att blandas med andra \u00e4mnen oavsett k\u00e4llan, \u00e4r det viktigt att inte fastna f\u00f6r prisuppgifterna. Fokusera ist\u00e4llet p\u00e5 att se till att renhet och f\u00e4rskhet bibeh\u00e5lls under hela transport- och ink\u00f6psprocessen, inte bara i slutproduktstadiet.    <\/p>\n<h3>K\u00f6p Uncut Heroin Online fr\u00e5n Dr Lawsons Pharmacy<\/h3>\n<p> Det \u00e4r viktigt att komma ih\u00e5g att felaktig eller oansvarig anv\u00e4ndning av oklippt heroin kan f\u00e5 allvarliga konsekvenser. Med det i \u00e5tanke f\u00e5r du bara k\u00f6pa oslipat heroin online fr\u00e5n v\u00e4lrenommerade apotek som Dr. Lawsons Pharmacy. Till b\u00e4sta pris erbjuder vi endast grossistf\u00f6rs\u00e4ljning av \u00e4kta, oslipat heroin.   &nbsp;<\/p>\n","protected":false},"excerpt":{"rendered":"<p>K\u00f6p Uncut Heroin Online K\u00f6p Oklippt Heroin Online &#8211; Oklippt Heroin kan k\u00f6pas online fr\u00e5n vissa \u00e5terf\u00f6rs\u00e4ljare, \u00e4ven om detta medf\u00f6r sina egna risker. S\u00e5 om du har undrat var du kan hitta \u00e4kta, s\u00e4kert, oslipat heroin online, \u00e4r Dr. Lawsons Pharmacy platsen att g\u00e5. K\u00f6p oklippt heroin online &#8211; KONTAKTA Hur g\u00f6rs oklippt heroin? [&hellip;]<\/p>\n","protected":false},"featured_media":17984,"comment_status":"closed","ping_status":"closed","template":"","meta":{"om_disable_all_campaigns":false,"_sitemap_exclude":false,"_sitemap_priority":"","_sitemap_frequency":"","_monsterinsights_skip_tracking":false,"_monsterinsights_sitenote_active":false,"_monsterinsights_sitenote_note":"","_monsterinsights_sitenote_category":0},"product_cat":[38856],"product_tag":[38942,38932,38924,38937,38927,38929,38925,38930,38923,38938,38935,38941,38943,38928,38931,38939,38940,38944,38933,38936,38934,38926],"class_list":{"0":"post-35534","1":"product","2":"type-product","3":"status-publish","4":"has-post-thumbnail","6":"product_cat-heroin-sv","7":"product_tag-autentiskt-oslipat-heroin-i-europa","8":"product_tag-bestall-oklippt-heroin-eu","9":"product_tag-bestalla-oklippt-heroin-online","10":"product_tag-billigt-oklippt-heroin-europa","11":"product_tag-effekter-av-oklippt-heroin","12":"product_tag-hur-mycket-ar-oklippt-heroin","13":"product_tag-kop-oklippt-heroin-online","14":"product_tag-kop-oklippt-heroin-online-europa","15":"product_tag-kopa-oslipat-heroin","16":"product_tag-oavbrutet-heroin-i-europa","17":"product_tag-oklippt-heroin-europa-forsaljning","18":"product_tag-oklippt-heroin-europa-leverans","19":"product_tag-oklippt-heroin-i-europa","20":"product_tag-oklippt-heroinforsaljning-online","21":"product_tag-uncut-heroin-basta-pris-europa","22":"product_tag-uncut-heroin-europa-butik","23":"product_tag-uncut-heroin-europa-rabatt","24":"product_tag-uncut-heroin-europa-recension","25":"product_tag-uncut-heroin-fri-frakt-europa","26":"product_tag-uncut-heroin-onlinebutik-europa","27":"product_tag-var-kan-man-kopa-oklippt-heroin-i-europa","28":"product_tag-var-kan-man-kopa-oklippt-heroin-online","30":"first","31":"instock","32":"shipping-taxable","33":"purchasable","34":"product-type-variable","35":"farmacie-col"},"aioseo_notices":[],"_links":{"self":[{"href":"https:\/\/lacasadelamedicina.es\/sv\/wp-json\/wp\/v2\/product\/35534"}],"collection":[{"href":"https:\/\/lacasadelamedicina.es\/sv\/wp-json\/wp\/v2\/product"}],"about":[{"href":"https:\/\/lacasadelamedicina.es\/sv\/wp-json\/wp\/v2\/types\/product"}],"replies":[{"embeddable":true,"href":"https:\/\/lacasadelamedicina.es\/sv\/wp-json\/wp\/v2\/comments?post=35534"}],"wp:featuredmedia":[{"embeddable":true,"href":"https:\/\/lacasadelamedicina.es\/sv\/wp-json\/wp\/v2\/media\/17984"}],"wp:attachment":[{"href":"https:\/\/lacasadelamedicina.es\/sv\/wp-json\/wp\/v2\/media?parent=35534"}],"wp:term":[{"taxonomy":"product_cat","embeddable":true,"href":"https:\/\/lacasadelamedicina.es\/sv\/wp-json\/wp\/v2\/product_cat?post=35534"},{"taxonomy":"product_tag","embeddable":true,"href":"https:\/\/lacasadelamedicina.es\/sv\/wp-json\/wp\/v2\/product_tag?post=35534"}],"curies":[{"name":"wp","href":"https:\/\/api.w.org\/{rel}","templated":true}]}}