{"id":35528,"date":"2024-08-09T14:01:54","date_gmt":"2024-08-09T14:01:54","guid":{"rendered":"https:\/\/lacasadelamedicina.es\/product\/kop-mdpv-online\/"},"modified":"2024-08-09T14:01:54","modified_gmt":"2024-08-09T14:01:54","slug":"kop-mdpv-online","status":"publish","type":"product","link":"https:\/\/lacasadelamedicina.es\/sv\/produkt\/kop-mdpv-online\/","title":{"rendered":"K\u00f6p MDPV online"},"content":{"rendered":"<h1>K\u00f6p MDPV online<\/h1>\n<p> K\u00f6p MDPV online f\u00f6r eget bruk eller f\u00f6r f\u00f6rs\u00e4ljning. Vi kan garantera att MDPV-pulvret vi erbjuder till f\u00f6rs\u00e4ljning \u00e4r av h\u00f6gsta kvalitet som finns tillg\u00e4nglig f\u00f6r n\u00e4rvarande. Vi erbjuder diskret leverans tillsammans med s\u00e4kra betalningsalternativ som Bitcoin, Moneygram och Western Union. Dessutom s\u00e4ljer vi en m\u00e4ngd olika forskningskemikalier inklusive JWH-018. V\u00e4nligen <a href=\"https:\/\/dieapotheke247.com\/\">observera<\/a> att vi inte har n\u00e5gon kontroll \u00f6ver hur varje kund anv\u00e4nder v\u00e5r MDPV f\u00f6r f\u00f6rs\u00e4ljning USA. K\u00f6p MDPV online &#8211; <a href=\"https:\/\/drlawsonspharmacy\/contact-us\/\">kontakt<\/a> Har du en brinnande \u00f6nskan att f\u00f6rst\u00e5 komplexiteten i psykofarmakologi? MDPV (Methylenedioxypyrovalerone), ett banbrytande \u00e4mne som kommer att revolutionera dina studier, \u00e4r l\u00f6sningen. MDPV \u00e4r ett mycket potent syntetiskt stimulerande medel med speciella egenskaper som g\u00f6r det till ett oumb\u00e4rligt verktyg f\u00f6r spetsforskning. MDPV syntetiseras noggrant med hj\u00e4lp av toppmoderna metoder f\u00f6r att s\u00e4kerst\u00e4lla en ren och p\u00e5litlig produkt vid varje best\u00e4llning. Detta \u00e4mne ger forskare o\u00f6vertr\u00e4ffad insikt i centrala nervsystemets komplexa funktion eftersom det \u00e4r en kraftfull \u00e5terupptagsh\u00e4mmare av noradrenalin och dopamin. Den exceptionella styrkan och f\u00f6rl\u00e4ngda verkningstiden hos MDPV \u00e4r tv\u00e5 av dess fr\u00e4msta f\u00f6rdelar. Detta g\u00f6r det m\u00f6jligt f\u00f6r forskare att ta itu med ett brett spektrum av omr\u00e5den som att studera beroende, beteendef\u00f6r\u00e4ndringar och studera signalsubstanssystem. Dess exceptionella stabilitet och l\u00f6slighet i vanliga l\u00f6sningsmedel g\u00f6r den idealisk f\u00f6r m\u00e5nga vetenskapliga till\u00e4mpningar. P\u00e5 <span class=\"selectable-text copyable-text\">Dr Lawsons Pharmacy<\/span>, kundn\u00f6jdhet och s\u00e4kerhet \u00e4r v\u00e5r h\u00f6gsta prioritet. F\u00f6r att s\u00e4kerst\u00e4lla \u00f6verensst\u00e4mmelse med de h\u00f6gsta industristandarderna g\u00e5r v\u00e5r MDPV igenom rigor\u00f6sa kvalitetskontrollprocedurer. F\u00f6r att st\u00f6dja din forskningsprocess f\u00f6ljer vi strikt s\u00e4kerhetsprocedurer och tillhandah\u00e5ller noggrann dokumentation. Det \u00e4r viktigt att komma ih\u00e5g att MDPV endast ska anv\u00e4ndas f\u00f6r forsknings\u00e4ndam\u00e5l och aldrig f\u00f6r m\u00e4nsklig konsumtion. Vid hantering av detta \u00e4mne m\u00e5ste forskare f\u00f6lja alla till\u00e4mpliga lagar och moraliska koder.                  &nbsp;<\/p>\n","protected":false},"excerpt":{"rendered":"<p>MDPV kan k\u00f6pas online fr\u00e5n <span class=\"selectable-text copyable-text\">LA CASA DE LA MEDICINA<\/span>. Att k\u00f6pa forskningskemikalier online \u00e4r en stor utmaning, men vi kan s\u00e4lja premium MDPV till otroligt \u00f6verkomliga priser. Inget utm\u00e4rkt kommer l\u00e4tt och vi g\u00e5r l\u00e5ngt f\u00f6r att producera MDPV av h\u00f6gsta kvalitet vi kan erbjuda till f\u00f6rs\u00e4ljning.   &nbsp;<\/p>\n","protected":false},"featured_media":18479,"comment_status":"closed","ping_status":"closed","template":"","meta":{"om_disable_all_campaigns":false,"_sitemap_exclude":false,"_sitemap_priority":"","_sitemap_frequency":"","_monsterinsights_skip_tracking":false,"_monsterinsights_sitenote_active":false,"_monsterinsights_sitenote_note":"","_monsterinsights_sitenote_category":0},"product_cat":[37114],"product_tag":[38920,38910,38902,38915,38905,38907,38901,38903,38908,38909,38917,38913,38922,38919,38921,38918,38916,38906,38911,38914,38912,38904],"class_list":{"0":"post-35528","1":"product","2":"type-product","3":"status-publish","4":"has-post-thumbnail","6":"product_cat-forskningskemikalier-och-psykedelika","7":"product_tag-autentisk-mdpv-europe-sv","8":"product_tag-bestall-mdpv-eu","9":"product_tag-bestall-mdpv-online","10":"product_tag-billig-mdpv-europe-sv","11":"product_tag-effekter-av-mdpv-sv","12":"product_tag-hur-mycket-ar-mdpv","13":"product_tag-kop-mdpv","14":"product_tag-kop-mdpv-online","15":"product_tag-kop-mdpv-online-europa","16":"product_tag-mdpv-basta-pris-europa","17":"product_tag-mdpv-europe-butik","18":"product_tag-mdpv-europe-forsaljning","19":"product_tag-mdpv-europe-granskning","20":"product_tag-mdpv-europe-leverans","21":"product_tag-mdpv-europe-leverantorer","22":"product_tag-mdpv-europe-rabatt-sv","23":"product_tag-mdpv-europe-erbjudanden","24":"product_tag-mdpv-forsaljning-online","25":"product_tag-mdpv-fri-frakt-europa","26":"product_tag-mdpv-webbutik-europa","27":"product_tag-var-kan-man-kopa-mdpv-europe","28":"product_tag-var-kan-man-kopa-mdpv-online","30":"first","31":"instock","32":"shipping-taxable","33":"purchasable","34":"product-type-variable","35":"farmacie-col"},"aioseo_notices":[],"_links":{"self":[{"href":"https:\/\/lacasadelamedicina.es\/sv\/wp-json\/wp\/v2\/product\/35528"}],"collection":[{"href":"https:\/\/lacasadelamedicina.es\/sv\/wp-json\/wp\/v2\/product"}],"about":[{"href":"https:\/\/lacasadelamedicina.es\/sv\/wp-json\/wp\/v2\/types\/product"}],"replies":[{"embeddable":true,"href":"https:\/\/lacasadelamedicina.es\/sv\/wp-json\/wp\/v2\/comments?post=35528"}],"wp:featuredmedia":[{"embeddable":true,"href":"https:\/\/lacasadelamedicina.es\/sv\/wp-json\/wp\/v2\/media\/18479"}],"wp:attachment":[{"href":"https:\/\/lacasadelamedicina.es\/sv\/wp-json\/wp\/v2\/media?parent=35528"}],"wp:term":[{"taxonomy":"product_cat","embeddable":true,"href":"https:\/\/lacasadelamedicina.es\/sv\/wp-json\/wp\/v2\/product_cat?post=35528"},{"taxonomy":"product_tag","embeddable":true,"href":"https:\/\/lacasadelamedicina.es\/sv\/wp-json\/wp\/v2\/product_tag?post=35528"}],"curies":[{"name":"wp","href":"https:\/\/api.w.org\/{rel}","templated":true}]}}