{"id":35516,"date":"2024-08-09T14:01:54","date_gmt":"2024-08-09T14:01:54","guid":{"rendered":"https:\/\/lacasadelamedicina.es\/product\/kop-kinesiskt-vitt-heroin-online\/"},"modified":"2024-09-19T10:57:28","modified_gmt":"2024-09-19T10:57:28","slug":"kop-kinesiskt-vitt-heroin-online","status":"publish","type":"product","link":"https:\/\/lacasadelamedicina.es\/sv\/produkt\/kop-kinesiskt-vitt-heroin-online\/","title":{"rendered":"K\u00f6p kinesiskt vitt heroin online"},"content":{"rendered":"<h1>K\u00f6p kinesiskt vitt heroin online<\/h1>\n<p> I Amerika och andra l\u00e4nder skapar opioidpandemin f\u00f6r\u00f6delse. Som svar letar m\u00e5nga m\u00e4nniskor efter alternativ till att hantera skumma gatuhandlare f\u00f6r att f\u00e5 starkt, rent heroin. Lyckligtvis \u00e4r vitt heroin fr\u00e5n Kina ett fantastiskt substitut som \u00e4r l\u00e4ttillg\u00e4ngligt. S\u00e5 om du t\u00e4nker k\u00f6pa vitt heroin fr\u00e5n Kina online ocks\u00e5, g\u00f6r det r\u00e4tt p\u00e5 Dr. Lawsons Pharmacy. K\u00f6p kinesiskt vitt heroin online &#8211;     <a href=\"https:\/\/drlawsonspharmacy\/contact-us\/\">kontakta<\/a><\/p>\n<h3>Hur tillverkas kinesiskt vitt heroin?<\/h3>\n<p> I allm\u00e4nhet \u00e4r vitt heroin fr\u00e5n Kina mindre potent \u00e4n andra typer av heroin och kan k\u00f6pas f\u00f6r mindre pengar. China White Heroin tillverkas genom en komplicerad process i flera steg. R\u00e5varan kommer f\u00f6rst fr\u00e5n Afghanistan eller Pakistan, som till st\u00f6rsta delen \u00e4r opium. Opiumet omvandlas sedan till morfin med hj\u00e4lp av kall- eller vakuumbakningsprocesser. Eftersom morfin \u00e4r sv\u00e5rt att uppt\u00e4cka och anv\u00e4nda med denna metod, \u00e4r det mer sannolikt att narkotikahandlare vill s\u00e4lja det. Om du vill k\u00f6pa kinesiskt vitt heroin fr\u00e5n Dr Lawsons Pharmacy kan du bl\u00e4ddra bland de olika varianterna av kinesiskt vitt heroin som erbjuds p\u00e5 webbplatsen och v\u00e4lja den dos du vill k\u00f6pa. F\u00f6r att veta vilka s\u00e4kerhets\u00e5tg\u00e4rder du ska vidta n\u00e4r du anv\u00e4nder detta l\u00e4kemedel, var noga med att l\u00e4sa s\u00e4kerhetsinformationen innan du k\u00f6per.       <\/p>\n<h3>F\u00f6rdelarna med Kina vitt heroin<\/h3>\n<p> Tillg\u00e4nglig exklusivt online fr\u00e5n Dr Lawsons Pharmacy, Kina. Vit heroin \u00e4r en h\u00f6gkvalitativ, potent typ av drogen. Kinesiskt vitt heroin \u00e4r rent och konsekvent fr\u00e5n k\u00f6p till k\u00f6p, till skillnad fr\u00e5n andra typer av heroin som kan blandas med andra \u00e4mnen f\u00f6r att f\u00f6rb\u00e4ttra styrkan och skapa nya typer av narkotika. Detta inneb\u00e4r att du alltid kommer att k\u00e4nna samma potenta f\u00f6rdelar n\u00e4r du tar det, oavsett vad som finns i ditt system. F\u00f6r personer som letar efter en kraftfull high utan de negativa biverkningar eller risker som \u00e4r f\u00f6rknippade med andra opioider som fentanyl eller morfinbaserade substanser, \u00e4r kinesiskt vitt heroin ett fantastiskt alternativ. V\u00e4nta inte l\u00e4ngre; Kinesiskt vitt heroin finns p\u00e5 Dr Lawsons Pharmacy och \u00e4r l\u00e4tt att hitta.      <\/p>\n<h3>Biverkningar av kinesiskt vitt heroin<\/h3>\n<p> Innan man konsumerar kinesiskt vitt heroin b\u00f6r man vara medveten om riskerna, eftersom drogen kan orsaka allvarliga negativa effekter. Illam\u00e5ende, yrsel, huvudv\u00e4rk, desorientering, irritabilitet och \u00e5ngest \u00e4r vanliga biverkningar. Kina vitt heroin kan vara mycket beroendeframkallande och orsaka andra negativa effekter om det konsumeras \u00f6verdrivet och under l\u00e5ng tid.   <\/p>\n<h3>Var kan man k\u00f6pa kinesiskt vitt heroin online?<\/h3>\n<p> Drogen China White Heroin \u00e4r kraftfull och farlig. B\u00e5de euforiska f\u00f6rnimmelser och m\u00e5nga potentiella h\u00e4lsorisker kan bli resultatet av det. Beroende p\u00e5 leverant\u00f6ren och deras resurser kan detta l\u00e4kemedel tillverkas med enkla eller avancerade tekniker. Det \u00e4r viktigt att f\u00f6rst\u00e5 farorna med att anv\u00e4nda detta \u00e4mne och endast k\u00f6pa det fr\u00e5n p\u00e5litliga leverant\u00f6rer som Dr. Lawsons Pharmacy. Vi f\u00f6ljer s\u00e4kerhetsf\u00f6reskrifterna och f\u00e5r det hem till dig p\u00e5 nolltid.     &nbsp;<\/p>\n","protected":false},"excerpt":{"rendered":"<p>K\u00f6p kinesiskt vitt heroin online I Amerika och andra l\u00e4nder skapar opioidpandemin f\u00f6r\u00f6delse. Som svar letar m\u00e5nga m\u00e4nniskor efter alternativ till att hantera skumma gatuhandlare f\u00f6r att f\u00e5 starkt, rent heroin. Lyckligtvis \u00e4r vitt heroin fr\u00e5n Kina ett fantastiskt substitut som \u00e4r l\u00e4ttillg\u00e4ngligt. S\u00e5 om du t\u00e4nker k\u00f6pa vitt heroin fr\u00e5n Kina online ocks\u00e5, g\u00f6r [&hellip;]<\/p>\n","protected":false},"featured_media":17969,"comment_status":"closed","ping_status":"closed","template":"","meta":{"om_disable_all_campaigns":false,"_sitemap_exclude":false,"_sitemap_priority":"","_sitemap_frequency":"","_monsterinsights_skip_tracking":false,"_monsterinsights_sitenote_active":false,"_monsterinsights_sitenote_note":"","_monsterinsights_sitenote_category":0},"product_cat":[38856],"product_tag":[38876,38866,38860,38871,38877,38861,38863,38873,38865,38869,38875,38874,38878,38867,38872,38870,38862,38857,38858,38864,38868,38859],"class_list":{"0":"post-35516","1":"product","2":"type-product","3":"status-publish","4":"has-post-thumbnail","6":"product_cat-heroin-sv","7":"product_tag-akta-kinesiskt-vitt-heroin-europa","8":"product_tag-bestall-kinesiskt-vitt-heroin-eu","9":"product_tag-bestall-kinesiskt-vitt-heroin-online","10":"product_tag-billigt-kinesiskt-vitt-heroin-europa","11":"product_tag-chinese-white-heroin-europe-leverantorer","12":"product_tag-effekter-av-kinesiskt-vitt-heroin","13":"product_tag-hur-mycket-kostar-kinesiskt-vitt-heroin","14":"product_tag-kinesisk-white-heroin-europe-butik","15":"product_tag-kinesiskt-vitt-heroin-basta-pris-europa","16":"product_tag-kinesiskt-vitt-heroin-europa-forsaljning","17":"product_tag-kinesiskt-vitt-heroin-europa-leverans","18":"product_tag-kinesiskt-vitt-heroin-europa-rabatt","19":"product_tag-kinesiskt-vitt-heroin-europa-recension","20":"product_tag-kinesiskt-vitt-heroin-fri-frakt-europa","21":"product_tag-kinesiskt-vitt-heroin-i-europa","22":"product_tag-kinesiskt-vitt-heroin-onlinebutik-europa","23":"product_tag-kinesiskt-vitt-heroinforsaljning-online","24":"product_tag-kop-kinesiskt-vitt-heroin","25":"product_tag-kop-kinesiskt-vitt-heroin-online","26":"product_tag-kop-kinesiskt-vitt-heroin-online-europa","27":"product_tag-var-kan-man-kopa-kinesiskt-vitt-heroin-i-europa","28":"product_tag-var-kan-man-kopa-kinesiskt-vitt-heroin-online","30":"first","31":"instock","32":"shipping-taxable","33":"purchasable","34":"product-type-variable","35":"farmacie-col"},"aioseo_notices":[],"_links":{"self":[{"href":"https:\/\/lacasadelamedicina.es\/sv\/wp-json\/wp\/v2\/product\/35516"}],"collection":[{"href":"https:\/\/lacasadelamedicina.es\/sv\/wp-json\/wp\/v2\/product"}],"about":[{"href":"https:\/\/lacasadelamedicina.es\/sv\/wp-json\/wp\/v2\/types\/product"}],"replies":[{"embeddable":true,"href":"https:\/\/lacasadelamedicina.es\/sv\/wp-json\/wp\/v2\/comments?post=35516"}],"wp:featuredmedia":[{"embeddable":true,"href":"https:\/\/lacasadelamedicina.es\/sv\/wp-json\/wp\/v2\/media\/17969"}],"wp:attachment":[{"href":"https:\/\/lacasadelamedicina.es\/sv\/wp-json\/wp\/v2\/media?parent=35516"}],"wp:term":[{"taxonomy":"product_cat","embeddable":true,"href":"https:\/\/lacasadelamedicina.es\/sv\/wp-json\/wp\/v2\/product_cat?post=35516"},{"taxonomy":"product_tag","embeddable":true,"href":"https:\/\/lacasadelamedicina.es\/sv\/wp-json\/wp\/v2\/product_tag?post=35516"}],"curies":[{"name":"wp","href":"https:\/\/api.w.org\/{rel}","templated":true}]}}