{"id":35500,"date":"2024-08-09T14:01:55","date_gmt":"2024-08-09T14:01:55","guid":{"rendered":"https:\/\/lacasadelamedicina.es\/product\/kop-jwh-200-pulver-online\/"},"modified":"2024-08-09T14:01:55","modified_gmt":"2024-08-09T14:01:55","slug":"kop-jwh-200-pulver-online","status":"publish","type":"product","link":"https:\/\/lacasadelamedicina.es\/sv\/produkt\/kop-jwh-200-pulver-online\/","title":{"rendered":"K\u00f6p JWH-200 pulver online"},"content":{"rendered":"<h1 class=\"product_title entry-title\">K\u00f6p JWH-200 Powder Online<\/h1>\n<p> WH-200-pulver: JWH-200 \u00e4r en cannabinoidreceptoragonist som tillh\u00f6r den kemiska aminoalkynylfamiljen och anv\u00e4nds som ett sm\u00e4rtstillande medel. JWH 200 \u00e4r en cannabinoidreceptor (CB) ligand som \u00e4r en aminoalk<a href=\"https:\/\/dieapotheke247.com\/\">ylind<\/a>ol. Den interagerar med CB1-receptorn med avsev\u00e4rd affinitet (IC50 = 7,8-42 nM). K\u00f6p JWH-200 talk. K\u00f6p JWH-200 Powder online &#8211; <a href=\"https:\/\/drlawsonspharmacy\/contact-us\/\">KONTAKT K\u00f6p JWH-200 Powder online<\/a> JWH 200 \u00e4r en cannabinoidreceptor (CB) ligand som \u00e4r en aminoalkylindol. Den har en h\u00f6g affinitet f\u00f6r CB1-receptorn (IC50 = 7,8-42 nM). J\u00e4mf\u00f6rt med 99-THC eller WIN 55 212 hade JWH 200 minst lika god effekt p\u00e5 r\u00f6relseaktivitet, svanslatens, hypotermi och ringimmobilitetstestet.       <\/p>\n<h3 class=\"product_title entry-title\">K\u00f6p JWH-200 Powder online<\/h3>\n<p> Jag skulle vilja presentera dig f\u00f6r JWH-200 Powder, en anm\u00e4rkningsv\u00e4rd forskningsf\u00f6rening som \u00e4r utformad f\u00f6r att hj\u00e4lpa dig att avancera dina studier i den intressanta v\u00e4rlden av syntetiska cannabinoider. JWH-200 Powder \u00e4r den idealiska katalysatorn f\u00f6r banbrytande farmakologiska studier p\u00e5 grund av dess anm\u00e4rkningsv\u00e4rda renhet och kraftfulla egenskaper. JWH-200 Powder erbjuder forskare en o\u00f6vertr\u00e4ffad niv\u00e5 av konsistens och kvalitet eftersom det tillverkas med stor precision med hj\u00e4lp av toppmoderna syntestekniker. Detta \u00e4mne erbjuder en s\u00e4llsynt m\u00f6jlighet att f\u00f6rst\u00e5 det endocannabinoida systemets komplexa funktion eftersom det \u00e4r en mycket selektiv aktivator av cannabinoidreceptorerna. JWH-200 Powder k\u00e4nnetecknas av sin exceptionella stabilitet, vilket garanterar exakt dosering och l\u00e5nga experimenttider. P\u00e5 grund av dess l\u00f6slighet i m\u00e5nga vanliga l\u00f6sningsmedel \u00e4r denna kemikalie anpassningsbar och l\u00e4tt att anv\u00e4nda i ett brett spektrum av laboratoriesituationer. K\u00f6p JWH-200 pulver       <\/p>\n<h3><strong>Best\u00e4ll JWH-200 Powder Online<\/strong><\/h3>\n<p> JWH-200 Powder kan anv\u00e4ndas f\u00f6r att utforska olika studieomr\u00e5den, s\u00e5som neurofarmakologi, sm\u00e4rtbehandling och beroendestudier. Dess m\u00e5ngsidighet skapar nya m\u00f6jligheter f\u00f6r banbrytande uppt\u00e4ckter som kan p\u00e5verka framtida l\u00e4kemedels- och behandlingsutveckling. P\u00e5 <span class=\"selectable-text copyable-text\">Dr Lawsons Pharmacy<\/span>, kundn\u00f6jdhet och s\u00e4kerhet \u00e4r v\u00e5r h\u00f6gsta prioritet. F\u00f6r att s\u00e4kerst\u00e4lla att det uppfyller och \u00f6vertr\u00e4ffar industristandarder, g\u00e5r v\u00e5rt JWH-200-pulver igenom rigor\u00f6sa kvalitetskontrollprocedurer. Vi f\u00f6ljer strikta s\u00e4kerhetsriktlinjer och tillhandah\u00e5ller noggrann dokumentation f\u00f6r att s\u00e4kerst\u00e4lla en smidig och s\u00e4ker forskningsupplevelse.     &nbsp;<\/p>\n","protected":false},"excerpt":{"rendered":"<p>K\u00f6p JWH-200 pulver online. Ett annat namn f\u00f6r denna f\u00f6rening \u00e4r (1-(2-morfolin-4-yletyl)indol-3-yl)-naftalen-1-ylmetanon. K\u00f6p h\u00e4r. Vi anv\u00e4nder de b\u00e4sta frakt- och diskreta f\u00f6rpackningsteknikerna.    &nbsp;<\/p>\n","protected":false},"featured_media":18509,"comment_status":"closed","ping_status":"closed","template":"","meta":{"om_disable_all_campaigns":false,"_sitemap_exclude":false,"_sitemap_priority":"","_sitemap_frequency":"","_monsterinsights_skip_tracking":false,"_monsterinsights_sitenote_active":false,"_monsterinsights_sitenote_note":"","_monsterinsights_sitenote_category":0},"product_cat":[37114],"product_tag":[38808,38798,38790,38803,38793,38795,38797,38805,38807,38809,38806,38801,38810,38804,38799,38802,38794,38789,38791,38796,38800,38792],"class_list":{"0":"post-35500","1":"product","2":"type-product","3":"status-publish","4":"has-post-thumbnail","6":"product_cat-forskningskemikalier-och-psykedelika","7":"product_tag-akta-jwh-200-pulver-europa","8":"product_tag-bestall-jwh-200-pulver-eu","9":"product_tag-bestall-jwh-200-pulver-online","10":"product_tag-billigt-jwh-200-pulver-europa","11":"product_tag-effekter-av-jwh-200-pulver-sv","12":"product_tag-hur-mycket-ar-jwh-200-pulver","13":"product_tag-jwh-200-pulver-basta-pris-europa","14":"product_tag-jwh-200-pulver-europa-butik","15":"product_tag-jwh-200-pulver-europa-leverans","16":"product_tag-jwh-200-pulver-europa-leverantorer","17":"product_tag-jwh-200-pulver-europa-rabatt-sv","18":"product_tag-jwh-200-pulver-europa-rea","19":"product_tag-jwh-200-pulver-europa-recension","20":"product_tag-jwh-200-pulver-europa-erbjudanden","21":"product_tag-jwh-200-pulver-fri-frakt-europa","22":"product_tag-jwh-200-pulver-onlinebutik-europa","23":"product_tag-jwh-200-pulverforsaljning-online","24":"product_tag-kop-jwh-200-pulver","25":"product_tag-kop-jwh-200-pulver-online","26":"product_tag-kop-jwh-200-pulver-online-europa","27":"product_tag-var-kan-man-kopa-jwh-200-pulver-europa","28":"product_tag-var-kan-man-kopa-jwh-200-pulver-online","30":"first","31":"instock","32":"shipping-taxable","33":"purchasable","34":"product-type-variable","35":"farmacie-col"},"aioseo_notices":[],"_links":{"self":[{"href":"https:\/\/lacasadelamedicina.es\/sv\/wp-json\/wp\/v2\/product\/35500"}],"collection":[{"href":"https:\/\/lacasadelamedicina.es\/sv\/wp-json\/wp\/v2\/product"}],"about":[{"href":"https:\/\/lacasadelamedicina.es\/sv\/wp-json\/wp\/v2\/types\/product"}],"replies":[{"embeddable":true,"href":"https:\/\/lacasadelamedicina.es\/sv\/wp-json\/wp\/v2\/comments?post=35500"}],"wp:featuredmedia":[{"embeddable":true,"href":"https:\/\/lacasadelamedicina.es\/sv\/wp-json\/wp\/v2\/media\/18509"}],"wp:attachment":[{"href":"https:\/\/lacasadelamedicina.es\/sv\/wp-json\/wp\/v2\/media?parent=35500"}],"wp:term":[{"taxonomy":"product_cat","embeddable":true,"href":"https:\/\/lacasadelamedicina.es\/sv\/wp-json\/wp\/v2\/product_cat?post=35500"},{"taxonomy":"product_tag","embeddable":true,"href":"https:\/\/lacasadelamedicina.es\/sv\/wp-json\/wp\/v2\/product_tag?post=35500"}],"curies":[{"name":"wp","href":"https:\/\/api.w.org\/{rel}","templated":true}]}}