{"id":35486,"date":"2024-08-09T14:02:04","date_gmt":"2024-08-09T14:02:04","guid":{"rendered":"https:\/\/lacasadelamedicina.es\/product\/kop-5cakb48-online\/"},"modified":"2024-08-09T14:02:04","modified_gmt":"2024-08-09T14:02:04","slug":"kop-5cakb48-online","status":"publish","type":"product","link":"https:\/\/lacasadelamedicina.es\/sv\/produkt\/kop-5cakb48-online\/","title":{"rendered":"K\u00f6p 5CAKB48 online"},"content":{"rendered":"<h1><span lang=\"EN-US\">5CAKB48 &#8211; K\u00f6p 5cakb48 online, 5cakb48 till salu, best\u00e4ll 5cakb48 online i TYSKLAND &#8211; K\u00f6p 5CAKB48 online <\/span><\/h1>\n<p> K\u00f6p 5CAKB48 online &#8211; K\u00f6p 5CAKB48 online : Fr\u00e5n den st\u00f6rsta leverant\u00f6ren och leverant\u00f6ren kan du k\u00f6pa h\u00f6gkvalitativa 5cakb48 till de l\u00e4gsta priserna. Vi \u00e4r h\u00e4r f\u00f6r att hj\u00e4lpa dig att best\u00e4lla 5cakb48 online p\u00e5 ett legitimt s\u00e4tt. &#8211; K\u00f6p 5CAKB48 online &#8211; <a href=\"https:\/\/drlawsonspharmacy\/contact-us\/\">KONTAKT <\/a><span lang=\"EN-US\">K\u00f6p 5cakb48 online<\/span> Industrikunder kan best\u00e4lla alla typer av forskningskemikalier vid r\u00e4tt tidpunkt tack vare webbplattformen. Detta g\u00f6r det enklare och s\u00e4krare f\u00f6r kunderna att k\u00f6pa en h\u00f6gkvalitativ produkt fr\u00e5n detta v\u00e4lrenommerade f\u00f6retag. L\u00e4kemedlen du k\u00f6per fr\u00e5n oss kommer alltid att vara distinkta, med den idealiska dosen och f\u00f6rdelarna. N\u00e4r du anv\u00e4nder webbplatsen f\u00f6r att k\u00f6pa 5CAKB48 online \u00e4r priset p\u00e5 produkterna ocks\u00e5 l\u00e4gre. Det \u00e4r d\u00e4rf\u00f6r det \u00e4r dags f\u00f6r dig att kontakta denna byr\u00e5 om du beh\u00f6ver 5CAKB48 och andra produkter.       &nbsp;<\/p>\n<h3><span lang=\"EN-US\">Vad \u00e4r 5CAKB48?<\/span><\/h3>\n<p> Syntetisk cannabis eller 5CAKB48 \u00e4r ett v\u00e4lk\u00e4nt \u00e4mne som \u00e4r speciellt utformat f\u00f6r laboratoriebruk. Detta g\u00f6r att industrikunder enkelt kan skaffa denna produkt n\u00e4r de beh\u00f6ver den f\u00f6r vidare studier. Denna artikel \u00e4r inte avsedd att anv\u00e4ndas av enskilda eller andra. Som ett resultat kommer obehaget inte fr\u00e5n olika vinklar.    &nbsp;<\/p>\n<h3><span lang=\"EN-US\">Var kan man k\u00f6pa 5CAKB48<\/span><\/h3>\n<p> M\u00e5nga m\u00e4nniskor letar efter det b\u00e4sta f\u00f6retaget d\u00e4r de kan f\u00e5 kvalitetstj\u00e4nster som till fullo kommer att tillfredsst\u00e4lla anv\u00e4ndarna av 5CAKB48. \u00c4ven om den har speciella egenskaper \u00e4r den h\u00e4r produkten farlig n\u00e4r den anv\u00e4nds f\u00f6r personliga \u00e4ndam\u00e5l. D\u00e4rf\u00f6r kan du enkelt f\u00e5 5CAKB48 fr\u00e5n webbplattformen om du beh\u00f6ver denna produkt f\u00f6r din p\u00e5g\u00e5ende forskning. Webbplatsen \u00e4r mycket l\u00e4ttare att anv\u00e4nda och utforska och erbjuder ett brett utbud av produkter till rimliga priser. Dessa artiklar b\u00f6r tydligt f\u00f6rklaras f\u00f6r industriella anv\u00e4ndare innan de kan b\u00f6rja anv\u00e4nda dem till en rimlig kostnad. Kunder kan lagligt k\u00f6pa denna artikel fr\u00e5n detta v\u00e4lk\u00e4nda f\u00f6retag.      &nbsp;<\/p>\n","protected":false},"excerpt":{"rendered":"<p>&nbsp;<\/p>\n","protected":false},"featured_media":18209,"comment_status":"closed","ping_status":"closed","template":"","meta":{"om_disable_all_campaigns":false,"_sitemap_exclude":false,"_sitemap_priority":"","_sitemap_frequency":"","_monsterinsights_skip_tracking":false,"_monsterinsights_sitenote_active":false,"_monsterinsights_sitenote_note":"","_monsterinsights_sitenote_category":0},"product_cat":[37114],"product_tag":[38753,38761,38757,38763,38760,38762,38765,38766,38750,38755,38758,38764,38754,38746,38759,38749,38751,38745,38747,38752,38756,38748],"class_list":{"0":"post-35486","1":"product","2":"type-product","3":"status-publish","4":"has-post-thumbnail","6":"product_cat-forskningskemikalier-och-psykedelika","7":"product_tag-5cakb48-basta-pris-europa","8":"product_tag-5cakb48-europa-butik","9":"product_tag-5cakb48-europa-forsaljning","10":"product_tag-5cakb48-europa-leverans","11":"product_tag-5cakb48-europa-erbjudanden","12":"product_tag-5cakb48-europarabatt","13":"product_tag-5cakb48-europe-leverantorer","14":"product_tag-5cakb48-europe-recension","15":"product_tag-5cakb48-forsaljning-online","16":"product_tag-5cakb48-fri-frakt-europa","17":"product_tag-5cakb48-onlinebutik-europa","18":"product_tag-akta-5cakb48-europa","19":"product_tag-bestall-5cakb48-eu","20":"product_tag-bestall-5cakb48-online","21":"product_tag-billiga-5cakb48-europa","22":"product_tag-effekter-av-5cakb48-sv","23":"product_tag-hur-mycket-ar-5cakb48","24":"product_tag-kop-5cakb48","25":"product_tag-kop-5cakb48-online","26":"product_tag-kop-5cakb48-online-europa","27":"product_tag-var-kan-man-kopa-5cakb48-europe","28":"product_tag-var-kan-man-kopa-5cakb48-online","30":"first","31":"instock","32":"shipping-taxable","33":"purchasable","34":"product-type-variable","35":"farmacie-col"},"aioseo_notices":[],"_links":{"self":[{"href":"https:\/\/lacasadelamedicina.es\/sv\/wp-json\/wp\/v2\/product\/35486"}],"collection":[{"href":"https:\/\/lacasadelamedicina.es\/sv\/wp-json\/wp\/v2\/product"}],"about":[{"href":"https:\/\/lacasadelamedicina.es\/sv\/wp-json\/wp\/v2\/types\/product"}],"replies":[{"embeddable":true,"href":"https:\/\/lacasadelamedicina.es\/sv\/wp-json\/wp\/v2\/comments?post=35486"}],"wp:featuredmedia":[{"embeddable":true,"href":"https:\/\/lacasadelamedicina.es\/sv\/wp-json\/wp\/v2\/media\/18209"}],"wp:attachment":[{"href":"https:\/\/lacasadelamedicina.es\/sv\/wp-json\/wp\/v2\/media?parent=35486"}],"wp:term":[{"taxonomy":"product_cat","embeddable":true,"href":"https:\/\/lacasadelamedicina.es\/sv\/wp-json\/wp\/v2\/product_cat?post=35486"},{"taxonomy":"product_tag","embeddable":true,"href":"https:\/\/lacasadelamedicina.es\/sv\/wp-json\/wp\/v2\/product_tag?post=35486"}],"curies":[{"name":"wp","href":"https:\/\/api.w.org\/{rel}","templated":true}]}}