{"id":35470,"date":"2024-08-09T14:01:58","date_gmt":"2024-08-09T14:01:58","guid":{"rendered":"https:\/\/lacasadelamedicina.es\/product\/kop-etizolam-pulver-online\/"},"modified":"2024-09-19T09:24:18","modified_gmt":"2024-09-19T09:24:18","slug":"kop-etizolam-pulver-online","status":"publish","type":"product","link":"https:\/\/lacasadelamedicina.es\/sv\/produkt\/kop-etizolam-pulver-online\/","title":{"rendered":"K\u00f6p Etizolam pulver online"},"content":{"rendered":"<h1>K\u00f6p Etizolam Powder Online<\/h1>\n<p> Etizolam Powder, API, Active Pharmaceutical Ingredients, Intermediates med dokumentation och certifiering, DMF, FDA och US Drug Master File tillverkas och levereras av <span class=\"selectable-text copyable-text\">Dr Lawsons Pharmacy&lt;\/span&gt; p\u00e5 global skala. Vi erbjuder h\u00f6gkvalitativa k\u00e4llor med tillh\u00f6rande tekniska paket att k\u00f6pa efter behov\/RND-kvantitet f\u00f6r utveckling eller marknadsf\u00f6ring. Etizolam grossister i Kina. Etizolam \u00e5terf\u00f6rs\u00e4ljare. K\u00f6p Etizolam-pulver, hitta en leverant\u00f6r eller k\u00f6p Etizolam-pulver i bulk. K\u00f6p Etizolam Powder Online &#8211; <a href=\"https:\/\/drlawsonspharmacy\/contact-us\/\">KONTAKT<\/a>     <\/span><\/p>\n<p>&nbsp; V\u00e5ra varor tillverkas i cGMP-kompatibla anl\u00e4ggningar som aktiva farmaceutiska ingredienser f\u00f6r l\u00e4kemedelsindustrin. Om du vill ha mer information, inklusive produktens aktuella DMF-status, \u00e4r du v\u00e4lkommen att kontakta oss. Vi hj\u00e4lper dig g\u00e4rna med dina forsknings- och utvecklingsinsatser.   <\/p>\n<h3>K\u00f6p Etizolam Powder Online<\/h3>\n<p> Du kan utnyttja en v\u00e4rld av frid och lugn med Etizolam-pulver, en fantastisk farmaceutisk produkt k\u00e4nd f\u00f6r sina lugnande och \u00e5ngestd\u00e4mpande effekter. Ett tienodiazepinderivat som heter Etizolam har vunnit popularitet bland akademiker, yrkesverksamma och m\u00e4nniskor som s\u00f6ker behandling f\u00f6r problem som \u00e5ngest, s\u00f6mnl\u00f6shet och stress. F\u00f6r individer som s\u00f6ker ett lugnt sinnestillst\u00e5nd och en god natts s\u00f6mn representerar Etizolam-pulver ett nytt svar. Som en kraftfull bensodiazepinanalog interagerar den med gamma-aminosm\u00f6rsyra (GABA)-receptorerna i hj\u00e4rnan, vilket hj\u00e4lper till att kontrollera \u00f6verdriven neuronal aktivitet. Detta har en avslappnande effekt som minskar symtom p\u00e5 \u00e5ngest och fr\u00e4mjar avslappning.     <\/p>\n<h3><strong>Best\u00e4ll Etizolam pulver<\/strong><\/h3>\n<p> V\u00e5rt Etizolam-pulver ger de b\u00e4sta studieresultaten och \u00e4r tack vare sin o\u00f6vertr\u00e4ffade kvalitet och renhet en p\u00e5litlig l\u00f6sning f\u00f6r att l\u00e4ra sig om egenskaperna och till\u00e4mpningarna av denna fascinerande molekyl. F\u00f6r att s\u00e4kerst\u00e4lla h\u00f6gsta kvalitet och konsistens genomg\u00e5r varje batch rigor\u00f6sa tester och analyser, i enlighet med strikta kvalitetskontrollkrav. M\u00e5ngsidigheten hos Etizolam-pulver f\u00f6rv\u00e5nar forskarna. Dess hypnotiska, lugnande och muskelavslappnande effekter g\u00f6r den till ett utm\u00e4rkt verktyg i forskning om panikattacker, \u00e5ngestrelaterade sjukdomar och till och med s\u00f6mnst\u00f6rningar. Potentialen hos Etizolampulver f\u00f6r att behandla alkoholabstinenssymptom och kontrollera vissa typer av anfall studeras ocks\u00e5.     &nbsp;<\/p>\n","protected":false},"excerpt":{"rendered":"<p>K\u00f6p Etizolam Powder Online. Real Etizolam Powder Online &#8211; Etizolam Powder Till Salu | K\u00f6p Etizolam Powder Online | Etizolam pulver till salu | K\u00f6p billigt Etizolam pulver | Var kan man k\u00f6pa Etizolam Powder Powder Online  &nbsp;<\/p>\n","protected":false},"featured_media":18524,"comment_status":"closed","ping_status":"closed","template":"","meta":{"om_disable_all_campaigns":false,"_sitemap_exclude":false,"_sitemap_priority":"","_sitemap_frequency":"","_monsterinsights_skip_tracking":false,"_monsterinsights_sitenote_active":false,"_monsterinsights_sitenote_note":"","_monsterinsights_sitenote_category":0},"product_cat":[37114],"product_tag":[38698,38688,38680,38693,38683,38699,38687,38695,38697,38696,38691,38700,38694,38689,38692,38684,38685,38679,38681,38686,38690,38682],"class_list":{"0":"post-35470","1":"product","2":"type-product","3":"status-publish","4":"has-post-thumbnail","6":"product_cat-forskningskemikalier-och-psykedelika","7":"product_tag-akta-etizolam-pulver-europa","8":"product_tag-bestall-etizolam-pulver-eu","9":"product_tag-bestall-etizolam-pulver-online","10":"product_tag-billigt-etizolam-pulver-europa","11":"product_tag-effekter-av-etizolam-pulver-sv","12":"product_tag-etizolam-powder-europe-leverantorer","13":"product_tag-etizolam-pulver-basta-pris-europa","14":"product_tag-etizolam-pulver-europa-butik","15":"product_tag-etizolam-pulver-europa-leverans","16":"product_tag-etizolam-pulver-europa-rabatt-sv","17":"product_tag-etizolam-pulver-europa-rea","18":"product_tag-etizolam-pulver-europa-recension","19":"product_tag-etizolam-pulver-europa-erbjudanden","20":"product_tag-etizolam-pulver-fri-frakt-europa","21":"product_tag-etizolam-pulver-onlinebutik-europa","22":"product_tag-etizolam-pulverforsaljning-online","23":"product_tag-hur-mycket-ar-etizolam-pulver","24":"product_tag-kop-etizolam-pulver","25":"product_tag-kop-etizolam-pulver-online","26":"product_tag-kop-etizolam-pulver-online-europa","27":"product_tag-var-kan-man-kopa-etizolam-pulver-europa","28":"product_tag-var-kan-man-kopa-etizolam-pulver-online","30":"first","31":"instock","32":"shipping-taxable","33":"purchasable","34":"product-type-variable","35":"farmacie-col"},"aioseo_notices":[],"_links":{"self":[{"href":"https:\/\/lacasadelamedicina.es\/sv\/wp-json\/wp\/v2\/product\/35470"}],"collection":[{"href":"https:\/\/lacasadelamedicina.es\/sv\/wp-json\/wp\/v2\/product"}],"about":[{"href":"https:\/\/lacasadelamedicina.es\/sv\/wp-json\/wp\/v2\/types\/product"}],"replies":[{"embeddable":true,"href":"https:\/\/lacasadelamedicina.es\/sv\/wp-json\/wp\/v2\/comments?post=35470"}],"wp:featuredmedia":[{"embeddable":true,"href":"https:\/\/lacasadelamedicina.es\/sv\/wp-json\/wp\/v2\/media\/18524"}],"wp:attachment":[{"href":"https:\/\/lacasadelamedicina.es\/sv\/wp-json\/wp\/v2\/media?parent=35470"}],"wp:term":[{"taxonomy":"product_cat","embeddable":true,"href":"https:\/\/lacasadelamedicina.es\/sv\/wp-json\/wp\/v2\/product_cat?post=35470"},{"taxonomy":"product_tag","embeddable":true,"href":"https:\/\/lacasadelamedicina.es\/sv\/wp-json\/wp\/v2\/product_tag?post=35470"}],"curies":[{"name":"wp","href":"https:\/\/api.w.org\/{rel}","templated":true}]}}