{"id":35464,"date":"2024-08-09T14:02:04","date_gmt":"2024-08-09T14:02:04","guid":{"rendered":"https:\/\/lacasadelamedicina.es\/product\/kop-2-fdck-pulver-och-kristall-online\/"},"modified":"2024-08-09T14:02:04","modified_gmt":"2024-08-09T14:02:04","slug":"kop-2-fdck-pulver-och-kristall-online","status":"publish","type":"product","link":"https:\/\/lacasadelamedicina.es\/sv\/produkt\/kop-2-fdck-pulver-och-kristall-online\/","title":{"rendered":"K\u00f6p 2-FDCK pulver och kristall online"},"content":{"rendered":"<h3><strong>2FDCK till salu &#8211; K\u00f6p 2-fdck online, best\u00e4ll 2-fdck kristallpulver online<\/strong><\/h3>\n<p><strong>K\u00f6p 2-FDCK pulver och kristall online<\/strong>&#8211; K\u00f6p 2FDCK Online &#8211; Vi erbjuder premium 2-fdck till salu i v\u00e5r online cannabisbutik. Att k\u00f6pa 2-FDCK kristall och pulver online kan f\u00e5 din vara levererad snabbt. K\u00f6p 2-FDCK pulver och kristall online Farmaceutiska kemikalier som 2FDCK \u00e4r bland de viktigaste typerna av substanser, och de \u00e4r mycket efterfr\u00e5gade nu. Det tillh\u00f6r klassen av arylcylohexylaminer bland de dissociativa l\u00e4kemedlen. Det s\u00e4gs likna PCP-familjen p\u00e5 flera s\u00e4tt. Om du vill k\u00f6pa 2-fdck online m\u00e5ste du v\u00e4lja l\u00e4mplig webbplats f\u00f6r att g\u00f6ra en best\u00e4llning med omedelbar rabatt. Det grundades 2015, och du kan alltid l\u00e4gga en best\u00e4llning fr\u00e5n den mest p\u00e5litliga webbsidan online med kontinuerliga f\u00f6rs\u00e4ljningar och rabatter. De kemiska egenskaperna hos gruppen arylcyklohexylamin som inneh\u00e5ller ketamin \u00e4r desamma.        &nbsp;<\/p>\n<h3><strong>K\u00f6p 2-FDCK Powder and Crystal Online &#8211; Vad \u00e4r 2FDCK?<\/strong><\/h3>\n<p> Medicinskt k\u00e4nd som 2\u2032-Fl-2-Oxo-PCM, Fluoroketamine, 2FDCK \u00e4r en kemisk f\u00f6rening associerad med ketamin. Det rapporteras ofta anv\u00e4ndas som designl\u00e4kemedel i flera l\u00e4nder. Det \u00e4r en ketaminmotsvarighet d\u00e4r fluor tar rollen som de best\u00e5ende \u00e4mnena. Enligt den senaste informationen \u00e4r de farmakologiska detaljerna f\u00f6r substansen ok\u00e4nda, vilket ger en konkurrensf\u00f6rdel. Detta \u00e4mne lindrar dissociativa symtom, sm\u00e4rta och andra negativa k\u00e4nslor. Du kan anv\u00e4nda den med l\u00e4tthet och komfort, och den har en b\u00e4ttre effekt p\u00e5 kroppen. Vi \u00e4r fast beslutna att ta ut h\u00f6gkvalitativa produkter till marknaden, och konsumenten kan f\u00e5 2-fdck kristallpulver online i USA med en omedelbar rabatt. Den f\u00e5r st\u00f6rre trafik till f\u00f6ljd av att den anv\u00e4nds f\u00f6r olika m\u00e4nskliga medicinska behov.        &nbsp;<\/p>\n<h3><strong>Varf\u00f6r ska du k\u00f6pa 2FDCK fr\u00e5n oss?<\/strong><\/h3>\n<p> Vi \u00e4r den perfekta webbplatsen f\u00f6r att k\u00f6pa naturl\u00e4kemedel eftersom vi har m\u00e5nga \u00e5rs erfarenhet av att tillhandah\u00e5lla ett brett utbud av produkter med exklusiva rabatter. Genom att g\u00f6ra en best\u00e4llning via din mobiltelefon kan du k\u00f6pa 2-FDCK. Vi skickar i kvantiteter p\u00e5 1g, 5g, 25g och 50g, vilket g\u00f6r det l\u00e4ttare f\u00f6r dig att f\u00e5 exakt det du beh\u00f6ver och spara pengar.   <\/p>\n<ul>\n<li>Vi erbjuder support dygnet runt<\/li>\n<li>Vi levererar \u00e4kta produkt<\/li>\n<li>100 % s\u00e4krare f\u00f6rpackning<\/li>\n<\/ul>\n<p>&nbsp;<\/p>\n<h3>K\u00f6p 2-FDCK Powder &amp;amp; Crystal Online &#8211; Hur anv\u00e4nder man 2-FDCK?<\/h3>\n<p> Det ger energi, mjukar upp effekterna av droger och rensar sinnet. SFDCK vill ha en underbar upplevelse och tycka att drogen \u00e4r mer euforisk. Dessa l\u00e4kemedel till\u00e5ter att man sv\u00e4ljer samtidigt som man tar den mer dissociativa 2-FDCK. Dessutom \u00e4r det garanterat mindre stimulerat j\u00e4mf\u00f6rt med andra metoder. Du m\u00e5ste v\u00e4nta p\u00e5 att 2FDCK till salu ska k\u00f6pa s\u00e5dana varor online, vilket sparar merparten av transaktionsavgiften.     &nbsp;<\/p>\n","protected":false},"excerpt":{"rendered":"<p>&nbsp;<\/p>\n","protected":false},"featured_media":18194,"comment_status":"closed","ping_status":"closed","template":"","meta":{"om_disable_all_campaigns":false,"_sitemap_exclude":false,"_sitemap_priority":"","_sitemap_frequency":"","_monsterinsights_skip_tracking":false,"_monsterinsights_sitenote_active":false,"_monsterinsights_sitenote_note":"","_monsterinsights_sitenote_category":0},"product_cat":[37114],"product_tag":[38672,38677,38665,38673,38675,38674,38669,38678,38667,38670,38662,38676,38666,38660,38671,38661,38663,38657,38658,38664,38668,38659],"class_list":{"0":"post-35464","1":"product","2":"type-product","3":"status-publish","4":"has-post-thumbnail","6":"product_cat-forskningskemikalier-och-psykedelika","7":"product_tag-2-fdck-erbjudanden-for-pulver-och-kristall-i-europa","8":"product_tag-2-fdck-leverantorer-av-pulver-och-kristall-i-europa","9":"product_tag-2-fdck-pulver-och-kristall-basta-pris-europa","10":"product_tag-2-fdck-pulver-och-kristall-europa-butik","11":"product_tag-2-fdck-pulver-och-kristall-europa-leverans","12":"product_tag-2-fdck-pulver-och-kristall-europa-rabatt","13":"product_tag-2-fdck-pulver-och-kristall-europa-rea","14":"product_tag-2-fdck-pulver-och-kristall-europa-recension","15":"product_tag-2-fdck-pulver-och-kristall-fri-frakt-europa","16":"product_tag-2-fdck-pulver-och-kristall-onlinebutik-europa","17":"product_tag-2-fdck-pulver-och-kristallforsaljning-online","18":"product_tag-akta-2-fdck-pulver-och-kristall-europa","19":"product_tag-bestall-2-fdck-pulver-och-kristall-eu","20":"product_tag-bestall-2-fdck-pulver-och-kristall-online","21":"product_tag-billigt-2-fdck-pulver-och-kristall-europa","22":"product_tag-effekter-av-2-fdck-pulver-och-kristall","23":"product_tag-hur-mycket-ar-2-fdck-pulver-och-kristall","24":"product_tag-kop-2-fdck-pulver-och-kristall","25":"product_tag-kop-2-fdck-pulver-och-kristall-online","26":"product_tag-kop-2-fdck-pulver-och-kristall-online-europa","27":"product_tag-var-kan-man-kopa-2-fdck-pulver-och-kristall-europa","28":"product_tag-var-kan-man-kopa-2-fdck-pulver-och-kristall-online","30":"first","31":"instock","32":"shipping-taxable","33":"purchasable","34":"product-type-variable","35":"farmacie-col"},"aioseo_notices":[],"_links":{"self":[{"href":"https:\/\/lacasadelamedicina.es\/sv\/wp-json\/wp\/v2\/product\/35464"}],"collection":[{"href":"https:\/\/lacasadelamedicina.es\/sv\/wp-json\/wp\/v2\/product"}],"about":[{"href":"https:\/\/lacasadelamedicina.es\/sv\/wp-json\/wp\/v2\/types\/product"}],"replies":[{"embeddable":true,"href":"https:\/\/lacasadelamedicina.es\/sv\/wp-json\/wp\/v2\/comments?post=35464"}],"wp:featuredmedia":[{"embeddable":true,"href":"https:\/\/lacasadelamedicina.es\/sv\/wp-json\/wp\/v2\/media\/18194"}],"wp:attachment":[{"href":"https:\/\/lacasadelamedicina.es\/sv\/wp-json\/wp\/v2\/media?parent=35464"}],"wp:term":[{"taxonomy":"product_cat","embeddable":true,"href":"https:\/\/lacasadelamedicina.es\/sv\/wp-json\/wp\/v2\/product_cat?post=35464"},{"taxonomy":"product_tag","embeddable":true,"href":"https:\/\/lacasadelamedicina.es\/sv\/wp-json\/wp\/v2\/product_tag?post=35464"}],"curies":[{"name":"wp","href":"https:\/\/api.w.org\/{rel}","templated":true}]}}