{"id":35459,"date":"2024-08-09T14:02:04","date_gmt":"2024-08-09T14:02:04","guid":{"rendered":"https:\/\/lacasadelamedicina.es\/product\/kop-methylone-online\/"},"modified":"2024-08-09T14:02:04","modified_gmt":"2024-08-09T14:02:04","slug":"kop-methylone-online","status":"publish","type":"product","link":"https:\/\/lacasadelamedicina.es\/sv\/produkt\/kop-methylone-online\/","title":{"rendered":"K\u00f6p Methylone online"},"content":{"rendered":"<h3>Metylon till salu online.<\/h3>\n<p> K\u00f6p Methylone online. Methylone (Bk-MDMA) Online Cheap &#8211; World Drug I Storbritannien, Europa, Tyskland, Ryssland och USA s\u00e4ljer vi billiga Bk-MDMA pulver och kristaller som \u00e4r av h\u00f6gsta kvalitet. K\u00f6p Methylone online &#8211; <a href=\"https:\/\/drlawsonspharmacy\/contact-us\/\">KONTAKT<\/a> Kristalliserad etylon BK-ebdp 4-CMC Clear 3-CMC Clear 4CMC Crystal Mephedrone 4mmc MDPV Methylone (bk-MDMA), \u00e4ven k\u00e4nd som Crystal 4- BMC. Metylon \u00e4r ett kemiskt \u00e4mne som har m\u00e5nga likheter med MDMA i dess struktur och effekter. Metylon \u00e4r ett stimulerande medel med en mild psykedelisk effekt. Det kallas en forskningskemikalie eftersom det \u00e4r en relativt ny f\u00f6rening. F\u00f6rsiktighet b\u00f6r iakttas vid hantering av Methylone eftersom det har unders\u00f6kts lite och lite \u00e4r k\u00e4nt om dess l\u00e5ngsiktiga effekter eller sannolikheten f\u00f6r beroende. Det s\u00e4ljs vanligtvis som ett pulver, men ibland finns tabletter tillg\u00e4ngliga. Dessa tabletter kan variera i storlek, f\u00e4rg och styrka, precis som XTC. First Trust Chemical s\u00e4ljer metylon i tre olika former: gigantiska kristaller (v\u00e5r mest popul\u00e4ra produkt), fint l\u00e4kemedelspulver eller sm\u00e5 kristaller. Se listan \u00f6ver andra toppprodukter som vi f\u00f6r n\u00e4rvarande har i lager. Du kan k\u00f6pa h\u00f6gkvalitativa produkter fr\u00e5n First Trust Chemical just nu.            <\/p>\n<h3>DITT KONTO HANTERAS MED VIKTIGT F\u00d6R ATT K\u00d6PA METYLONE<\/h3>\n<p> Vi behandlar alla s\u00e4ljf\u00f6rfr\u00e5gningar konfidentiellt. Din kontoinformation delas eller distribueras aldrig efter att du blivit kund. Innan vi g\u00f6r den f\u00f6rs\u00e4ljning du \u00f6nskar kan vi st\u00e4lla vissa fr\u00e5gor till dig, men detta \u00e4r bara f\u00f6r ditt skydd. First Trust Chemical vill bara bli erk\u00e4nd f\u00f6r sina h\u00f6ga standarder och engagemang f\u00f6r kundn\u00f6jdhet. N\u00e4r First Trust Chemical har godk\u00e4nt din best\u00e4llning \u00e4r du fri att k\u00f6pa. Din leverans \u00e4r garanterad. Om vi \u200b\u200binte kan utf\u00f6ra en best\u00e4llning kan vi inte garantera f\u00f6rs\u00e4ljningen. Metylon \u00e4r ett kemiskt \u00e4mne som har m\u00e5nga likheter med MDMA vad g\u00e4ller dess struktur och effekter. Den har en milt psykedelisk effekt och \u00e4r stimulerande. Det kallas en forskningskemikalie eftersom det \u00e4r en relativt ny f\u00f6rening. Det rekommenderas att du iakttar f\u00f6rsiktighet n\u00e4r du hanterar metylon eftersom f\u00e5 studier har gjorts p\u00e5 det och lite \u00e4r k\u00e4nt om dess l\u00e5ngsiktiga effekter eller sannolikhet f\u00f6r beroende. Det s\u00e4ljs ofta som pulver, men det finns \u00e4ven tabletter. Dessa tabletter, precis som XTC, kan variera i storlek, f\u00e4rg och styrka.             <\/p>\n<h3><strong>K\u00f6p Methylone online &#8211; Vet du var man kan k\u00f6pa Methylone?<\/strong><\/h3>\n<p> Metylon till salu, Metylon gatuv\u00e4rde, Metylondosering, Metylon till salu online, Metylon till salu i bulk och Metylon till salu i h\u00f6g kvalitet. Vi kan ge l\u00f6sningarna p\u00e5 alla dessa ol\u00f6sta fr\u00e5gor. Du kan l\u00e4ra dig mer om var och hur du k\u00f6per Methylone online genom att helt enkelt bes\u00f6ka v\u00e5r hemsida. Metylon \u00e4r ett problem. Vet du var jag kan k\u00f6pa Methylone online? K\u00f6p Methylone, hur man g\u00f6r Methylone, hur Methylone ser ut, hur mycket Methylone kostar p\u00e5 gatan, var man kan k\u00f6pa Methylone online och var man kan k\u00f6pa ren Methylone. Det \u00e4r ganska f\u00f6rst\u00e5eligt att man kanske inte omedelbart litar p\u00e5 kvaliteten p\u00e5 Methylone som erbjuds online eftersom man inte kan kontrollera det personligen. D\u00e4remot \u00e4r det annorlunda med internetleverant\u00f6rer av Methylone. Produkterna som erbjuds h\u00e4r \u00e4r precis vad de \u00e4r och h\u00e5lls till h\u00f6gsta standard under professionell \u00f6vervakning. Snabb &amp;amp; Diskret frakt: Efter mottagande av best\u00e4llningen levereras Methylone online inom den utlovade tidsramen. Fraktteamet g\u00f6r allt f\u00f6r att s\u00e4kerst\u00e4lla att frakt- och leveransprocessen \u00e4r snabb och enkel. N\u00e4r du k\u00f6per Methylone fr\u00e5n en specialist p\u00e5 en onlineplattform kan du ocks\u00e5 r\u00e4kna med en f\u00f6rstklassig service.            &nbsp;<\/p>\n","protected":false},"excerpt":{"rendered":"<p>Ett stimulerande medel med milda psykedeliska effekter, Methylone. Det kallas en forskningskemikalie eftersom det \u00e4r en relativt ny f\u00f6rening. F\u00f6rsiktighet b\u00f6r iakttas vid hantering av Methylone eftersom f\u00e5 studier har utf\u00f6rts och lite \u00e4r k\u00e4nt om de l\u00e5ngsiktiga effekterna eller sannolikheten f\u00f6r beroende.   &nbsp;<\/p>\n","protected":false},"featured_media":18179,"comment_status":"closed","ping_status":"closed","template":"","meta":{"om_disable_all_campaigns":false,"_sitemap_exclude":false,"_sitemap_priority":"","_sitemap_frequency":"","_monsterinsights_skip_tracking":false,"_monsterinsights_sitenote_active":false,"_monsterinsights_sitenote_note":"","_monsterinsights_sitenote_category":0},"product_cat":[37114],"product_tag":[38654,38644,38638,38649,38639,38641,38636,38642,38635,38651,38647,38653,38655,38652,38656,38650,38643,38645,38648,38640,38646,38637],"class_list":{"0":"post-35459","1":"product","2":"type-product","3":"status-publish","4":"has-post-thumbnail","6":"product_cat-forskningskemikalier-och-psykedelika","7":"product_tag-autentisk-methylone-europe-sv","8":"product_tag-bestall-methylone-eu","9":"product_tag-bestall-methylone-online","10":"product_tag-billigt-methylone-europe","11":"product_tag-effekter-av-metylon-sv","12":"product_tag-hur-mycket-kostar-metylon","13":"product_tag-kop-methylone-online","14":"product_tag-kop-methylone-online-europa","15":"product_tag-kop-metylon","16":"product_tag-methylone-europe-butik","17":"product_tag-methylone-europe-forsaljning","18":"product_tag-methylone-europe-leverans","19":"product_tag-methylone-europe-leverantorer","20":"product_tag-methylone-europe-rabatt-sv","21":"product_tag-methylone-europe-recension","22":"product_tag-methylone-europe-erbjudanden","23":"product_tag-metylon-basta-pris-europa","24":"product_tag-metylon-fri-frakt-europa","25":"product_tag-metylone-webbutik-europa","26":"product_tag-metylonforsaljning-online","27":"product_tag-var-kan-man-kopa-methylone-europe","28":"product_tag-var-kan-man-kopa-methylone-online","30":"first","31":"instock","32":"shipping-taxable","33":"purchasable","34":"product-type-variable","35":"farmacie-col"},"aioseo_notices":[],"_links":{"self":[{"href":"https:\/\/lacasadelamedicina.es\/sv\/wp-json\/wp\/v2\/product\/35459"}],"collection":[{"href":"https:\/\/lacasadelamedicina.es\/sv\/wp-json\/wp\/v2\/product"}],"about":[{"href":"https:\/\/lacasadelamedicina.es\/sv\/wp-json\/wp\/v2\/types\/product"}],"replies":[{"embeddable":true,"href":"https:\/\/lacasadelamedicina.es\/sv\/wp-json\/wp\/v2\/comments?post=35459"}],"wp:featuredmedia":[{"embeddable":true,"href":"https:\/\/lacasadelamedicina.es\/sv\/wp-json\/wp\/v2\/media\/18179"}],"wp:attachment":[{"href":"https:\/\/lacasadelamedicina.es\/sv\/wp-json\/wp\/v2\/media?parent=35459"}],"wp:term":[{"taxonomy":"product_cat","embeddable":true,"href":"https:\/\/lacasadelamedicina.es\/sv\/wp-json\/wp\/v2\/product_cat?post=35459"},{"taxonomy":"product_tag","embeddable":true,"href":"https:\/\/lacasadelamedicina.es\/sv\/wp-json\/wp\/v2\/product_tag?post=35459"}],"curies":[{"name":"wp","href":"https:\/\/api.w.org\/{rel}","templated":true}]}}