{"id":35438,"date":"2024-08-09T14:01:59","date_gmt":"2024-08-09T14:01:59","guid":{"rendered":"https:\/\/lacasadelamedicina.es\/product\/kop-billiga-4-cl-pvp-kristaller-online\/"},"modified":"2024-08-09T14:01:59","modified_gmt":"2024-08-09T14:01:59","slug":"kop-billiga-4-cl-pvp-kristaller-online","status":"publish","type":"product","link":"https:\/\/lacasadelamedicina.es\/sv\/produkt\/kop-billiga-4-cl-pvp-kristaller-online\/","title":{"rendered":"K\u00f6p billiga 4 CL PVP-kristaller online"},"content":{"rendered":"<h1>K\u00f6p billiga 4-CL-PVP kristaller online<\/h1>\n<p> \u00c4ven k\u00e4nd som 4-klor-alfa-pyrrolidinopentiofenon, 4-klor-PVP, 4Cl-PVP eller 4C-PVP, 4-klor-alfa-pyrrolidinovalerofenon \u00e4r en 4-klor-alfa-pyrrolidinopentiofenon. K\u00f6p 4-CL-PVP-kristall f\u00f6r att k\u00f6pa 4-CL-PVP online med rabatt. 4-CL-PVP-kristaller f\u00f6r billigt &#8211; K\u00f6p billiga 4-CL-PVP-kristaller online &#8211; <a href=\"https:\/\/drlawsonspharmacy\/contact-us\/\">KONTAKT<\/a> Den enast\u00e5ende kvaliteten p\u00e5 det billiga Hos Dr. P\u00e5 Lawsons Pharmacy \u00e4r kundn\u00f6jdhet och s\u00e4kerhet v\u00e5r h\u00f6gsta prioritet. F\u00f6r att s\u00e4kerst\u00e4lla att de uppfyller de h\u00f6gsta standarderna i branschen g\u00e5r v\u00e5ra billiga 4-CL-PVP-kristaller igenom en rigor\u00f6s kvalitetskontrollprocess. F\u00f6r att s\u00e4kerst\u00e4lla att du f\u00e5r en s\u00e4ker och p\u00e5litlig produkt f\u00f6r din forskning f\u00f6ljer vi alla relevanta lagar och f\u00f6rordningar. I klassen pyrrolidinofenoner \u00e4r 4-CLVPP ett nyligen utvecklat designerl\u00e4kemedel som delar strukturella likheter med alfa-pyrrolidinopentiofenon (-PVP). Farmakologin och toxiciteten f\u00f6r denna substans \u00e4r ok\u00e4nda. \u00c4r du en h\u00e4ngiven forskare som letar efter kemiska f\u00f6reningar av h\u00f6g kvalitet till \u00f6verkomliga priser f\u00f6r din forskning? D\u00e5 beh\u00f6ver du inte leta l\u00e4ngre \u00e4n Cheap 4-CL-PVP Crystals, en anm\u00e4rkningsv\u00e4rd produkt som erbjuder dig o\u00f6vertr\u00e4ffad tillf\u00f6rlitlighet och v\u00e4rde f\u00f6r dina forskningsinsatser.         <\/p>\n<h3><strong>Best\u00e4ll 4-CL-PVP-kristaller<\/strong><\/h3>\n<p> Utan att kompromissa med kvaliteten \u00e4r billiga 4-CL-PVP-kristaller ett fantastiskt s\u00e4tt att gr\u00e4va djupare in i det intressanta omr\u00e5det f\u00f6r pyrrolidinofenonderivat. Med hj\u00e4lp av de senaste vetenskapliga metoderna \u00e4r dessa kristaller noggrant tillverkade f\u00f6r att garantera en konsekvent och ren produkt vid varje best\u00e4llning. Du kan lita p\u00e5 att billiga 4-CL-PVP-kristaller levererar exakta och p\u00e5litliga resultat eftersom vi \u00e4r engagerade i kvalitet. Den enast\u00e5ende kvaliteten p\u00e5 billiga 4-CL-PVP-kristaller \u00e4r deras l\u00e5ga pris. Vi str\u00e4var efter att erbjuda konkurrenskraftiga priser utan att kompromissa med kvalitet eller renhet eftersom vi vet hur viktig kostnadseffektivitet \u00e4r i forskning. Med billiga 4-CL-PVP-kristaller kan du t\u00e4nja p\u00e5 din forskningsbudget ytterligare och \u00e4nd\u00e5 f\u00e5 en p\u00e5litlig och effektiv molekyl.      <\/p>\n<h3><strong>best\u00e4ll billiga 4-CL-PVP kristaller<\/strong><\/h3>\n<p> Dessa kristaller har fascinerande egenskaper som g\u00f6r dem perfekta f\u00f6r olika forskningsapplikationer. Billiga 4-CL-PVP-kristaller, ett kraftfullt stimulerande medel, erbjuder forskare m\u00f6jligheten att unders\u00f6ka \u00e4mnen som neurovetenskap, psykofarmakologi och beroendestudier. Med hj\u00e4lp av detta anpassningsbara \u00e4mne kan du maximera potentialen i din forskning. P\u00e5 Dr. Lawsons Pharmacy \u00e4r kundn\u00f6jdhet och s\u00e4kerhet v\u00e5r h\u00f6gsta prioritet. F\u00f6r att s\u00e4kerst\u00e4lla att de uppfyller de h\u00f6gsta standarderna i branschen, g\u00e5r v\u00e5ra billiga 4-CL-PVP-kristaller igenom en rigor\u00f6s kvalitetskontrollprocess. F\u00f6r att s\u00e4kerst\u00e4lla att du f\u00e5r en s\u00e4ker och p\u00e5litlig produkt f\u00f6r din forskning f\u00f6ljer vi alla relevanta lagar och f\u00f6rordningar.      &nbsp;<\/p>\n","protected":false},"excerpt":{"rendered":"<p>\u00c4ven k\u00e4nd som 4-klor-alfa-pyrrolidinopentiofenon, 4-klor-PVP, 4Cl-PVP eller 4C-PVP, 4-klor-alfa-pyrrolidinovalerofenon \u00e4r en 4-klor-alfa-pyrrolidinopentiofenon. K\u00f6p 4-CL-PVP-kristall f\u00f6r att k\u00f6pa 4-CL-PVP med rabatt online. 4-CL-PVP kristaller billigt &#8211; K\u00f6p billiga 4-CL-PVP kristaller online   &nbsp;<\/p>\n","protected":false},"featured_media":18569,"comment_status":"closed","ping_status":"closed","template":"","meta":{"om_disable_all_campaigns":false,"_sitemap_exclude":false,"_sitemap_priority":"","_sitemap_frequency":"","_monsterinsights_skip_tracking":false,"_monsterinsights_sitenote_active":false,"_monsterinsights_sitenote_note":"","_monsterinsights_sitenote_category":0},"product_cat":[37114],"product_tag":[38566,38556,38550,38563,38565,38564,38568,38552,38560,38555,38562,38567,38559,38557,38561,38551,38553,38554,38547,38548,38558,38549],"class_list":{"0":"post-35438","1":"product","2":"type-product","3":"status-publish","4":"has-post-thumbnail","6":"product_cat-forskningskemikalier-och-psykedelika","7":"product_tag-akta-billiga-4-cl-pvp-kristaller-europa","8":"product_tag-bestall-billiga-4-cl-pvp-kristaller-eu","9":"product_tag-bestall-billiga-4-cl-pvp-kristaller-online","10":"product_tag-billig-4-cl-pvp-kristaller-europa-butik","11":"product_tag-billig-4-cl-pvp-kristaller-europa-leverans","12":"product_tag-billig-4-cl-pvp-kristaller-europa-rabatt","13":"product_tag-billig-4-cl-pvp-kristaller-europa-recension","14":"product_tag-billig-4-cl-pvp-kristaller-forsaljning-online","15":"product_tag-billig-4-cl-pvp-kristaller-onlinebutik-europa","16":"product_tag-billiga-4-cl-pvp-kristaller-basta-pris-europa","17":"product_tag-billiga-4-cl-pvp-kristaller-europa-erbjudanden","18":"product_tag-billiga-4-cl-pvp-kristaller-europa-leverantorer","19":"product_tag-billiga-4-cl-pvp-kristaller-europa-rea","20":"product_tag-billiga-4-cl-pvp-kristaller-fri-frakt-europa","21":"product_tag-billiga-billiga-4-cl-pvp-kristaller-europa","22":"product_tag-effekter-av-billiga-4-cl-pvp-kristaller","23":"product_tag-hur-mycket-ar-billiga-4-cl-pvp-kristaller","24":"product_tag-kop-billiga-4-cl-pvp-kristaller-online-europa","25":"product_tag-kop-billiga-4-cl-pvp-kristaller","26":"product_tag-kop-billiga-4-cl-pvp-kristaller-online","27":"product_tag-var-kan-man-kopa-billiga-4-cl-pvp-kristaller-europa","28":"product_tag-var-kan-man-kopa-billiga-4-cl-pvp-kristaller-online","30":"first","31":"instock","32":"shipping-taxable","33":"purchasable","34":"product-type-variable","35":"farmacie-col"},"aioseo_notices":[],"_links":{"self":[{"href":"https:\/\/lacasadelamedicina.es\/sv\/wp-json\/wp\/v2\/product\/35438"}],"collection":[{"href":"https:\/\/lacasadelamedicina.es\/sv\/wp-json\/wp\/v2\/product"}],"about":[{"href":"https:\/\/lacasadelamedicina.es\/sv\/wp-json\/wp\/v2\/types\/product"}],"replies":[{"embeddable":true,"href":"https:\/\/lacasadelamedicina.es\/sv\/wp-json\/wp\/v2\/comments?post=35438"}],"wp:featuredmedia":[{"embeddable":true,"href":"https:\/\/lacasadelamedicina.es\/sv\/wp-json\/wp\/v2\/media\/18569"}],"wp:attachment":[{"href":"https:\/\/lacasadelamedicina.es\/sv\/wp-json\/wp\/v2\/media?parent=35438"}],"wp:term":[{"taxonomy":"product_cat","embeddable":true,"href":"https:\/\/lacasadelamedicina.es\/sv\/wp-json\/wp\/v2\/product_cat?post=35438"},{"taxonomy":"product_tag","embeddable":true,"href":"https:\/\/lacasadelamedicina.es\/sv\/wp-json\/wp\/v2\/product_tag?post=35438"}],"curies":[{"name":"wp","href":"https:\/\/api.w.org\/{rel}","templated":true}]}}