{"id":35428,"date":"2024-08-09T14:02:04","date_gmt":"2024-08-09T14:02:04","guid":{"rendered":"https:\/\/lacasadelamedicina.es\/product\/kop-ketaminpulver-online\/"},"modified":"2024-08-09T14:02:04","modified_gmt":"2024-08-09T14:02:04","slug":"kop-ketaminpulver-online","status":"publish","type":"product","link":"https:\/\/lacasadelamedicina.es\/sv\/produkt\/kop-ketaminpulver-online\/","title":{"rendered":"K\u00f6p ketaminpulver online"},"content":{"rendered":"<h1>K\u00f6p ketaminpulver online.<\/h1>\n<p> Ketaminf\u00f6rs\u00e4ljning online. F\u00f6r att bota sv\u00e5r stress och f\u00f6rtvivlan, k\u00f6p Ketaminpulver. K\u00f6p ketaminpulver online &#8211; <a href=\"https:\/\/drlawsonspharmacy\/contact-us\/\">KONTAKT<\/a> Depression \u00e4r den vanligaste psykiska sjukdomen i v\u00e4rlden och \u00e4r en stor bidragande orsak till \u00f6kningen av sj\u00e4lvmordsfrekvensen. P\u00e5 grund av dess snabba verkan, <a href=\"https:\/\/dieapotheke247.com\/\">ketamin<\/a> blir allt mer popul\u00e4rt som ett s\u00e4tt att behandla depression. Det fungerar genom att f\u00e4sta sig vid NMDA-receptorer i hj\u00e4rnan, vilket \u00f6kar koncentrationen av signalsubstansen glutamat. Som ett resultat aktiveras AMPA-receptorer, vilket orsakar fris\u00e4ttning av fler kemikalier. Hela processen p\u00e5verkar kognition, hum\u00f6r och tankem\u00f6nster. Dessutom f\u00f6rb\u00e4ttrar l\u00e4kemedlet kommunikationen mellan vissa hj\u00e4rnregioner och minskar inflammationsrelaterade signaler. Det \u00e4r viktigt att vara medveten om f\u00f6r- och nackdelar innan du k\u00f6per ketaminpulver.         &nbsp;<\/p>\n<h2>K\u00f6p ketaminpulver online fr\u00e5n en betrodd leverant\u00f6r<\/h2>\n<p> N\u00e4r man anv\u00e4nder receptbelagd medicin av medicinska sk\u00e4l \u00e4r inget viktigare \u00e4n kvalitet. P\u00e5 Dr. Lawsons Pharmacy har vi ett team av professionella som utf\u00f6r kvalitetskontroller i olika skeden f\u00f6r att s\u00e4kerst\u00e4lla att vi f\u00f6ljer de h\u00f6gsta internationella standarderna. M\u00e5nga m\u00e4nniskor har haft stora framg\u00e5ngar med ketaminpulvret vi s\u00e4ljer och vi hoppas att du ocks\u00e5 kommer att g\u00f6ra det. Om du har n\u00e5gra fr\u00e5gor, v\u00e4nligen kontakta v\u00e5rt team n\u00e4r som helst som passar dig.    <\/p>\n<h3><\/h3>\n<p>&nbsp;<\/p>\n","protected":false},"excerpt":{"rendered":"<p>Ketamin har visat sig vara effektivt vid behandling av depression hos bipol\u00e4ra individer som inte har svarat p\u00e5 antidepressiva medel. &nbsp;<\/p>\n","protected":false},"featured_media":18149,"comment_status":"closed","ping_status":"closed","template":"","meta":{"om_disable_all_campaigns":false,"_sitemap_exclude":false,"_sitemap_priority":"","_sitemap_frequency":"","_monsterinsights_skip_tracking":false,"_monsterinsights_sitenote_active":false,"_monsterinsights_sitenote_note":"","_monsterinsights_sitenote_category":0},"product_cat":[37114],"product_tag":[38522,38512,38504,38517,38507,38508,38509,38519,38521,38523,38520,38515,38524,38518,38511,38513,38516,38505,38510,38503,38514,38506],"class_list":{"0":"post-35428","1":"product","2":"type-product","3":"status-publish","4":"has-post-thumbnail","6":"product_cat-forskningskemikalier-och-psykedelika","7":"product_tag-akta-ketamin-powder-europe","8":"product_tag-bestall-ketaminpulver-eu","9":"product_tag-bestall-ketaminpulver-online","10":"product_tag-billigt-ketamin-powder-europe","11":"product_tag-effekter-av-ketaminpulver-sv","12":"product_tag-forsaljning-av-ketaminpulver-online","13":"product_tag-hur-mycket-ar-ketaminpulver","14":"product_tag-ketamine-powder-europe-butik","15":"product_tag-ketamine-powder-europe-leverans","16":"product_tag-ketamine-powder-europe-leverantorer","17":"product_tag-ketamine-powder-europe-rabatt-sv","18":"product_tag-ketamine-powder-europe-rea","19":"product_tag-ketamine-powder-europe-recension","20":"product_tag-ketamine-powder-europe-erbjudanden","21":"product_tag-ketaminpulver-basta-pris-europa","22":"product_tag-ketaminpulver-fri-frakt-europa","23":"product_tag-ketaminpulver-onlinebutik-europa","24":"product_tag-kop-ketaminpulver-online","25":"product_tag-kop-ketaminpulver-online-europa","26":"product_tag-kopa-ketaminpulver","27":"product_tag-var-kan-man-kopa-ketamine-powder-europe","28":"product_tag-var-kan-man-kopa-ketaminpulver-online","30":"first","31":"instock","32":"shipping-taxable","33":"purchasable","34":"product-type-variable","35":"farmacie-col"},"aioseo_notices":[],"_links":{"self":[{"href":"https:\/\/lacasadelamedicina.es\/sv\/wp-json\/wp\/v2\/product\/35428"}],"collection":[{"href":"https:\/\/lacasadelamedicina.es\/sv\/wp-json\/wp\/v2\/product"}],"about":[{"href":"https:\/\/lacasadelamedicina.es\/sv\/wp-json\/wp\/v2\/types\/product"}],"replies":[{"embeddable":true,"href":"https:\/\/lacasadelamedicina.es\/sv\/wp-json\/wp\/v2\/comments?post=35428"}],"wp:featuredmedia":[{"embeddable":true,"href":"https:\/\/lacasadelamedicina.es\/sv\/wp-json\/wp\/v2\/media\/18149"}],"wp:attachment":[{"href":"https:\/\/lacasadelamedicina.es\/sv\/wp-json\/wp\/v2\/media?parent=35428"}],"wp:term":[{"taxonomy":"product_cat","embeddable":true,"href":"https:\/\/lacasadelamedicina.es\/sv\/wp-json\/wp\/v2\/product_cat?post=35428"},{"taxonomy":"product_tag","embeddable":true,"href":"https:\/\/lacasadelamedicina.es\/sv\/wp-json\/wp\/v2\/product_tag?post=35428"}],"curies":[{"name":"wp","href":"https:\/\/api.w.org\/{rel}","templated":true}]}}