{"id":35416,"date":"2024-08-09T14:02:04","date_gmt":"2024-08-09T14:02:04","guid":{"rendered":"https:\/\/lacasadelamedicina.es\/product\/kop-fentanylpulver-online\/"},"modified":"2024-08-09T14:02:04","modified_gmt":"2024-08-09T14:02:04","slug":"kop-fentanylpulver-online","status":"publish","type":"product","link":"https:\/\/lacasadelamedicina.es\/sv\/produkt\/kop-fentanylpulver-online\/","title":{"rendered":"K\u00f6p fentanylpulver online"},"content":{"rendered":"<h1>K\u00f6p fentanylpulver online<\/h1>\n<p> Fentanylpulver till salu online, fantastiskt syntetiskt opioidsm\u00e4rtstillande medel Fentanylpulver liknar sin effekt morfin men \u00e4r 50 till m\u00e5nga g\u00e5nger starkare.3 Det \u00e4r en schema II-medicin som en l\u00e4kare m\u00e5ste administrera.4 Det anv\u00e4nds vanligtvis f\u00f6r att behandla patienter med outh\u00e4rdlig sm\u00e4rta eller f\u00f6r att kontrollera sm\u00e4rta efter operation. Det anv\u00e4nds ocks\u00e5 ibland f\u00f6r att behandla personer med kronisk sm\u00e4rta som inte kan tolerera andra opioider.5 Inom medicin \u00e4r fentanyl k\u00e4nt under namn som Actiq, Duragesic och Sublimaze. Apache, China Girl, China White, Dance Fever, Friend, Goodfella, Jackpot, Murder 8, TNT och Tango and Cash \u00e4r n\u00e5gra av gatunamnen f\u00f6r fentanyl eller heroin som inneh\u00e5ller fentanyl. K\u00f6p fentanylpulver online &#8211;       <a href=\"https:\/\/drlawsonspharmacy\/contact-us\/\">KONTAKTA<\/a><\/p>\n<h3>Hur anv\u00e4nds fentanyl av m\u00e4nniskor?<\/h3>\n<p> Fentanyl administreras ofta genom infusioner, transdermal fixering eller sugtabletter n\u00e4r det ordineras av en l\u00e4kare.6 Fentanyl- och fentanylanalogerna kopplade till nyliga \u00f6verdoser distribueras dock fr\u00e5n hemliga laboratorier.7 Denna icke-l\u00e4kemedelsbaserade fentanyl erbjuds till f\u00f6rs\u00e4ljning i f\u00f6ljande former. : som ett pulver, st\u00e4nkt p\u00e5 l\u00e4skpapper, kombinerat med eller som ers\u00e4ttning f\u00f6r heroin, eller i form av piller som efterliknar andra, mindre potenta opioider.8 Fentanyl kan intas oralt, grymtas, infunderas eller absorberas genom slemhinnor av placera l\u00e4spapper i munnen.    <\/p>\n<h3>Vilka \u00e4r effekterna av fentanyl p\u00e5 hj\u00e4rnan?<\/h3>\n<p> Fentanyl fungerar p\u00e5 samma s\u00e4tt som heroin, morfin och andra narkotika genom att binda till kroppens narkotiska receptorer, som finns i omr\u00e5den i hj\u00e4rnan som reglerar sm\u00e4rta och k\u00e4nslor.9 Narkotika kan \u00f6ka dopaminniv\u00e5erna i storhj\u00e4rnans bel\u00f6ningsregioner genom att binda till dessa. receptorer, vilket resulterar i ett h\u00f6gliknande tillst\u00e5nd.9 Effekterna av fentanyl liknar effekterna av heroin och inkluderar eufori, utmattning, illam\u00e5ende, kaos, obstruktion, sedering, motst\u00e5ndskraft, fixering, andn\u00f6d och inneslutning, sj\u00e4lvklarhet, tranceliknande tillst\u00e5nd , och d\u00f6den.   <\/p>\n<h3>K\u00e4nner du till n\u00e5gra onlinek\u00e4llor f\u00f6r Fentanyl?<\/h3>\n<p> Var kan jag k\u00f6pa Fentanylpulver online, var kan jag k\u00f6pa Fentanyl online, vad \u00e4r Fentanyl och Fentanylpulver av h\u00f6gsta kvalitet till salu. Fentanylpulver till salu, Fentanylpulver gatuv\u00e4rde, Fentanyldosering och hur man g\u00f6r Fentanylpulver. Vi kan ge l\u00f6sningarna p\u00e5 alla dessa ol\u00f6sta fr\u00e5gor. Du kan l\u00e4ra dig mer om var och hur du k\u00f6per Fentanylpulver online genom att helt enkelt surfa p\u00e5 v\u00e5r hemsida. Hur \u00e4r det med fentanylpulver? Vet du var man kan k\u00f6pa Fentanyl online? K\u00f6p fentanylpulver, fentanylpulver till salu, hur man g\u00f6r fentanylpulver, hur ser fentanylpulver ut, gatuv\u00e4rde f\u00f6r fentanylpulver, kostnad f\u00f6r fentanylpulver, var kan man k\u00f6pa fentanylpulver, rent fentanylpulver, leverant\u00f6rer av fentanylpulver, var kan pulver Jag k\u00f6per fentanylpulver online och priset p\u00e5 fentanylpulver       <\/p>\n<h3>K\u00f6p fentanylpulver online<\/h3>\n<p> Det \u00e4r ganska f\u00f6rst\u00e5eligt att individer inte omedelbart accepterar kvaliteten p\u00e5 Fentanylpulver som s\u00e4ljs online eftersom de inte personligen kan verifiera det. Situationen \u00e4r dock annorlunda med leverant\u00f6rer av Fentanylpulver online. Produkterna som erbjuds h\u00e4r \u00e4r precis vad de \u00e4r och \u00e4r f\u00f6rstklassiga servade under professionell \u00f6vervakning. Snabb &amp;amp; Diskret frakt: Fentanylpulvret levereras som utlovat direkt efter att best\u00e4llningen tagits emot. Fraktteamet g\u00f6r allt f\u00f6r att s\u00e4kerst\u00e4lla att frakt- och leveransprocessen \u00e4r snabb och enkel. N\u00e4r du k\u00f6per Fentanylpulver fr\u00e5n en ansedd internetf\u00f6rs\u00e4ljare kan du ocks\u00e5 f\u00f6rv\u00e4nta dig f\u00f6rstklassig service.      &nbsp;<\/p>\n","protected":false},"excerpt":{"rendered":"<p>J\u00e4mf\u00f6rt med morfin \u00e4r fentanyl ett kraftfullt syntetiskt opioidanalgetikum som \u00e4r 50 till 100 g\u00e5nger mer potent.1,2 Det \u00e4r ett receptbelagt l\u00e4kemedel enligt Schema II3 och anv\u00e4nds vanligtvis f\u00f6r att hantera sm\u00e4rta efter operation eller f\u00f6r att behandla individer med sv\u00e5r sm\u00e4rta. &nbsp;<\/p>\n","protected":false},"featured_media":18614,"comment_status":"closed","ping_status":"closed","template":"","meta":{"om_disable_all_campaigns":false,"_sitemap_exclude":false,"_sitemap_priority":"","_sitemap_frequency":"","_monsterinsights_skip_tracking":false,"_monsterinsights_sitenote_active":false,"_monsterinsights_sitenote_note":"","_monsterinsights_sitenote_category":0},"product_cat":[37114],"product_tag":[38478,38468,38462,38473,38465,38463,38475,38477,38479,38476,38471,38480,38474,38467,38469,38472,38464,38459,38460,38466,38470,38461],"class_list":{"0":"post-35416","1":"product","2":"type-product","3":"status-publish","4":"has-post-thumbnail","6":"product_cat-forskningskemikalier-och-psykedelika","7":"product_tag-akta-fentanyl-powder-europe","8":"product_tag-bestall-fentanyl-powder-eu","9":"product_tag-bestall-fentanylpulver-online","10":"product_tag-billigt-fentanyl-powder-europe","11":"product_tag-chur-mycket-ar-fentanyl-powder","12":"product_tag-effekter-av-fentanylpulver-sv","13":"product_tag-fentanyl-powder-europe-butik","14":"product_tag-fentanyl-powder-europe-leverans","15":"product_tag-fentanyl-powder-europe-leverantorer","16":"product_tag-fentanyl-powder-europe-rabatt-sv","17":"product_tag-fentanyl-powder-europe-rea","18":"product_tag-fentanyl-powder-europe-recension","19":"product_tag-fentanyl-powder-europe-erbjudanden","20":"product_tag-fentanylpulver-basta-pris-europa","21":"product_tag-fentanylpulver-fri-frakt-europa","22":"product_tag-fentanylpulver-onlinebutik-europa","23":"product_tag-hur-mycket-kostar-fentanylpulver","24":"product_tag-kop-fentanylpulver","25":"product_tag-kop-fentanylpulver-online","26":"product_tag-kop-fentanylpulver-online-europa","27":"product_tag-var-kan-man-kopa-fentanyl-powder-europe","28":"product_tag-var-kan-man-kopa-fentanylpulver-online","30":"first","31":"instock","32":"shipping-taxable","33":"purchasable","34":"product-type-variable","35":"farmacie-col"},"aioseo_notices":[],"_links":{"self":[{"href":"https:\/\/lacasadelamedicina.es\/sv\/wp-json\/wp\/v2\/product\/35416"}],"collection":[{"href":"https:\/\/lacasadelamedicina.es\/sv\/wp-json\/wp\/v2\/product"}],"about":[{"href":"https:\/\/lacasadelamedicina.es\/sv\/wp-json\/wp\/v2\/types\/product"}],"replies":[{"embeddable":true,"href":"https:\/\/lacasadelamedicina.es\/sv\/wp-json\/wp\/v2\/comments?post=35416"}],"wp:featuredmedia":[{"embeddable":true,"href":"https:\/\/lacasadelamedicina.es\/sv\/wp-json\/wp\/v2\/media\/18614"}],"wp:attachment":[{"href":"https:\/\/lacasadelamedicina.es\/sv\/wp-json\/wp\/v2\/media?parent=35416"}],"wp:term":[{"taxonomy":"product_cat","embeddable":true,"href":"https:\/\/lacasadelamedicina.es\/sv\/wp-json\/wp\/v2\/product_cat?post=35416"},{"taxonomy":"product_tag","embeddable":true,"href":"https:\/\/lacasadelamedicina.es\/sv\/wp-json\/wp\/v2\/product_tag?post=35416"}],"curies":[{"name":"wp","href":"https:\/\/api.w.org\/{rel}","templated":true}]}}