{"id":35407,"date":"2024-08-09T14:02:08","date_gmt":"2024-08-09T14:02:08","guid":{"rendered":"https:\/\/lacasadelamedicina.es\/product\/kop-caluanie-muelear-oxidize-online\/"},"modified":"2024-08-09T14:02:08","modified_gmt":"2024-08-09T14:02:08","slug":"kop-caluanie-muelear-oxidize-online","status":"publish","type":"product","link":"https:\/\/lacasadelamedicina.es\/sv\/produkt\/kop-caluanie-muelear-oxidize-online\/","title":{"rendered":"K\u00f6p Caluanie Muelear Oxidize online"},"content":{"rendered":"<h3>Caluanie Muelear Oxidize till salu &#8211; K\u00f6p Caluanie Muelear Oxidize online<\/h3>\n<p> Den ledande leverant\u00f6ren i USA erbjuder f\u00f6r n\u00e4rvarande kaluan-k\u00e4rnoxid till f\u00f6rs\u00e4ljning online. V\u00e5rt team hj\u00e4lper dig att hitta de b\u00e4sta erbjudandena p\u00e5 h\u00f6gkvalitativ cauanie muelear oxidise online. K\u00f6p idag! K\u00f6p Caluanie Muelear Oxidize online &#8211; K\u00f6p Caluanie Muelear Oxidize online    <a href=\"https:\/\/drlawsonspharmacy\/contact-us\/\">KONTAKTA<\/a><\/p>\n<h3>Var dess Caluanie Muelear Oxidize?<\/h3>\n<p> En ljusbrun, tr\u00f6gflytande v\u00e4tska som kallas Caluanie-kemikalie produceras genom omf\u00f6restring av r\u00e5 palmoljel\u00f6sning. I 99 % av fallen anv\u00e4nds muelaroxid f\u00f6r framst\u00e4llning av r\u00e5 caluana. En utm\u00e4rkt kemikalie med potentiella globala till\u00e4mpningar i centraliserade kemiska produktionssektorer \u00e4r past\u00f6riseringsfabriken. Vi erbjuder till salu Caluanie Muelear Oxidise leverans. Caluanie muelear oxidise anv\u00e4nds f\u00f6r bearbetning och slipning av \u00e4delstenar och specialmetaller. Inom den kemiska industrin anv\u00e4nds det f\u00f6r bearbetning av \u00e4delstenar och halv\u00e4delstenar och f\u00f6r slipning av metaller. Med en pol\u00e4r och en opol\u00e4r \u00e4nde kan genomsnittliga kemiska l\u00f6sningar av Calianie anv\u00e4ndas f\u00f6r att ta bort fl\u00e4ckar.       <\/p>\n<h3><strong>K\u00f6p Caluanie Muelear Oxidize<\/strong><\/h3>\n<p> Caluanie anv\u00e4nds ofta som ett hygroskopiskt substitut i f\u00e4rger och kemikalier. Bel\u00e4ggningar, f\u00e4rger, polymerer och tryckf\u00e4rger anv\u00e4nder det ofta. Caluanie Chemical Solution \u00e4r en fl\u00e4ckavl\u00e4gsnande molekyl med en pol\u00e4r och en opol\u00e4r \u00e4nde. De kan st\u00f6dja ol\u00f6sliga emulgerande blandningar. Fett, gummicement, pennfl\u00e4ckar, lim och nagellack kan tas bort med denna kemikalie. Denna kemikalie kan finnas i nagellackborttagningsmedel. F\u00f6r obegr\u00e4nsad anv\u00e4ndning rekommenderas det dock att k\u00f6pa Normal Caluanie p\u00e5 flaska i v\u00e5r webbutik. Det anv\u00e4nds i den kemiska industrin f\u00f6r att krossa metaller och f\u00f6r att producera s\u00e4llsynta och halv\u00e4delstenar. Med en pol\u00e4r och en icke-pol\u00e4r \u00e4nde anv\u00e4nds molekylen k\u00e4nd som Cauanie Muelear Oxide f\u00f6r att ta bort fl\u00e4ckar. Det kan hj\u00e4lpa till att emulgera \u00e4mnen som normalt \u00e4r ol\u00f6sliga. Fett, gummicement, pennfl\u00e4ckar, lim och nagellack kan tas bort med denna kemikalie. Detta \u00e4mne kan finnas i nagellackborttagningsmedel. F\u00f6r allm\u00e4nt bruk rekommenderas det dock att k\u00f6pa Normal Caluanie p\u00e5 flaska fr\u00e5n v\u00e5r webbutik K\u00f6p Caluanie Muelear Oxidise Online.             <\/p>\n<h3>Hur k\u00f6per jag Caluanie muelear oxidize?<\/h3>\n<p> De kan st\u00f6dja ol\u00f6sliga emulgerande blandningar. Onlinebutik f\u00f6r att k\u00f6pa Cauanie Muelear Oxidise. F\u00f6r att k\u00f6pa den b\u00e4sta produkten, kontakta oss Dr Lawsons Pharmacy. Vi kommer inte att g\u00f6ra dig besviken. Kunder \u00f6ver hela v\u00e4rlden v\u00e4rdes\u00e4tter v\u00e5ra produkter och tj\u00e4nster, som k\u00e4nnetecknas av h\u00f6g renhet och j\u00e4mn kvalitet. Vi har \u00e4gnat det senaste decenniet \u00e5t att forska i forskningsf\u00f6reningar och har en utm\u00e4rkt kunskap om dem. Vi erbjuder p\u00e5litliga leverant\u00f6rer av forskningskemikalier. Leveransen tar vanligtvis fem till tio dagar. Vi erbjuder v\u00e5ra kunder f\u00f6rstklassiga riktlinjer f\u00f6r \u00e5ters\u00e4ndning. Toppmoderna f\u00f6rpackningstekniker s\u00e4kerst\u00e4ller att kvaliteten p\u00e5 v\u00e5ra produkter \u00e4r absolut garanterad. Vi har denna f\u00f6rtalande muelear oxidera p\u00e5 lager i pastaform. Partuerize Caluanie Muelear Oxidise finns med prover.            <\/p>\n<h3>K\u00f6p Caluanie Muelear Oxidize online<\/h3>\n<p> Baserat p\u00e5 transmogenisering av en 99% Caluanie-l\u00f6sning fr\u00e5n r\u00e5 palmolja, \u00e4r Caluanie en ljusbrun v\u00e4tska. Den har utvecklats av f\u00f6retaget som producerar Muelear Oxidise Pasteurise, en premiumkemikalie med flera applikationer. Den kemiska centraliserade bearbetningssektorn anv\u00e4nder det mest. Du kan enkelt k\u00f6pa Caluanie Muelear oxidize p\u00e5 marknaden.    <\/p>\n<h3><strong>Caluanie Muelear Oxidize bestellen<\/strong><\/h3>\n<p> Det \u00e4r k\u00e4nt som ett hygroskopiskt medel inom kemi- och f\u00e4rgindustrin. F\u00e4rg-, bel\u00e4ggnings-, bl\u00e4ck- och plastindustrin anv\u00e4nder det i stor utstr\u00e4ckning. P\u00e5 grund av dess tyngre v\u00e4teatomer \u00e4n typiska v\u00e4teatomer \u00e4r Cauanie \u00e4ven k\u00e4nd som tungt vatten. Denna kemikalie \u00e4r utformad f\u00f6r att s\u00f6nderdela och br\u00e4nna metalloxider utan att reagera med andra \u00e4mnen. F\u00f6r att s\u00e4kerst\u00e4lla att manuell hantering inte f\u00e5r n\u00e5gra negativa konsekvenser har denna f\u00e4rgl\u00f6sa v\u00e4tska testats i laboratorier. Caluanie Muelear oxidise \u00e4r s\u00e4ker och ren, s\u00e5 du kan k\u00f6pa den fr\u00e5n onlinebutiken utan att tveka.      <\/p>\n<h3>Hur anv\u00e4nder du Caluanie Muelear Oxidize?<\/h3>\n<p> Kemikalier anv\u00e4nds ofta i en m\u00e4ngd olika till\u00e4mpningar inom alla branscher. Metall- och kemisk industri representerar en stor efterfr\u00e5gan p\u00e5 produkten Caluanie Muelear Oxidise. Caluanie Muelear oxidise \u00e4r tillg\u00e4nglig fr\u00e5n en v\u00e4lrenommerad leverant\u00f6r. De viktigaste applikationerna listas nedan:    <\/p>\n<ul>\n<li>Emulgering<\/li>\n<li>Kemisk slipning av metall<\/li>\n<li>Bearbetning av metallbeslag<\/li>\n<li>Tar bort \u00e4mnen som andra kemikalier inte kan ta bort.<\/li>\n<li>Fl\u00e4ckborttagning<\/li>\n<li>F\u00f6rfining av \u00e4delstenar och halv\u00e4delstenar<\/li>\n<\/ul>\n<p> Om du letar efter ett st\u00e4lle att k\u00f6pa billigt Caluanie Muelear Oxidate, hittar du den b\u00e4sta online\u00e5terf\u00f6rs\u00e4ljaren p\u00e5 marknaden. De erbjuder snabb och s\u00e4ker frakt och leverans \u00f6ver hela v\u00e4rlden samt en mycket diskret produkt. De \u00e4r den mest p\u00e5litliga online\u00e5terf\u00f6rs\u00e4ljaren i Caluanie, och erbjuder produkter av h\u00f6gsta kvalitet tillg\u00e4ngliga online och erbjuder b\u00e5de sm\u00e5 och stora best\u00e4llningar med leverans i tid som utlovat. Det b\u00e4sta alternativet f\u00f6r dem som inte \u00e4r s\u00e4ker p\u00e5 var man kan k\u00f6pa Caluanie Muelear oxidise \u00e4r en online\u00e5terf\u00f6rs\u00e4ljare.    <\/p>\n<h3>Varf\u00f6r k\u00f6pa Caluanie Muelear Oxidize fr\u00e5n Dr Lawsons?<\/h3>\n<p> Dr Lawsons Pharmacy \u00e4r engagerad i att driva kvalitetss\u00e4kring och v\u00e4rdeskapande \u00e4nnu l\u00e4ngre. Caluanie Muelear oxidise finns i v\u00e5r butik till \u00f6verkomliga priser. Vi erbjuder korrekt v\u00e4gledning och \u00e4r ocks\u00e5 m\u00e5na om kundernas s\u00e4kerhet. Till <a href=\"https:\/\/dieapotheke247.com\/\">tillgodose <\/a>specifika behov kan vi anpassa v\u00e5ra tj\u00e4nster. Och om du har n\u00e5gra funderingar eller fr\u00e5gor \u00e4r du v\u00e4lkommen att kontakta v\u00e5ra experter. F\u00f6r att f\u00f6rhindra f\u00f6rt\u00e4ring eller kontakt med huden vid hantering av dessa kemikalier b\u00f6r du ha grundl\u00e4ggande kunskaper om kemikaliehantering och s\u00e4ker f\u00f6rvaring. Du b\u00f6r ocks\u00e5 b\u00e4ra skyddskl\u00e4der. Caluanie Muelear Oxidize online k\u00f6p        &nbsp;<\/p>\n","protected":false},"excerpt":{"rendered":"<p>Caluanie Muelear Oxidize till salu &#8211; K\u00f6p Caluanie Muelear Oxidize online Den ledande leverant\u00f6ren i USA erbjuder f\u00f6r n\u00e4rvarande kaluan-k\u00e4rnoxid till f\u00f6rs\u00e4ljning online. V\u00e5rt team hj\u00e4lper dig att hitta de b\u00e4sta erbjudandena p\u00e5 h\u00f6gkvalitativ cauanie muelear oxidise online. K\u00f6p idag! K\u00f6p Caluanie Muelear Oxidize online &#8211; K\u00f6p Caluanie Muelear Oxidize online KONTAKTA Var dess Caluanie [&hellip;]<\/p>\n","protected":false},"featured_media":18689,"comment_status":"closed","ping_status":"closed","template":"","meta":{"om_disable_all_campaigns":false,"_sitemap_exclude":false,"_sitemap_priority":"","_sitemap_frequency":"","_monsterinsights_skip_tracking":false,"_monsterinsights_sitenote_active":false,"_monsterinsights_sitenote_note":"","_monsterinsights_sitenote_category":0},"product_cat":[37114],"product_tag":[38434,38424,38416,38429,38423,38431,38433,38435,38432,38427,38436,38430,38420,38425,38428,38419,38421,38415,38417,38422,38426,38418],"class_list":{"0":"post-35407","1":"product","2":"type-product","3":"status-publish","4":"has-post-thumbnail","6":"product_cat-forskningskemikalier-och-psykedelika","7":"product_tag-autentisk-caluanie-muelear-oxidize-europe-sv","8":"product_tag-bestall-caluanie-muelear-oxidize-eu","9":"product_tag-bestall-caluanie-muelear-oxidize-online","10":"product_tag-billiga-caluanie-muelear-oxidize-europe","11":"product_tag-caluanie-muelear-oxidize-basta-pris-europa","12":"product_tag-caluanie-muelear-oxidize-europe-butik","13":"product_tag-caluanie-muelear-oxidize-europe-leverans","14":"product_tag-caluanie-muelear-oxidize-europe-leverantorer","15":"product_tag-caluanie-muelear-oxidize-europe-rabatt-sv","16":"product_tag-caluanie-muelear-oxidize-europe-rea","17":"product_tag-caluanie-muelear-oxidize-europe-recension","18":"product_tag-caluanie-muelear-oxidize-europe-erbjudanden","19":"product_tag-caluanie-muelear-oxidize-forsaljning-online","20":"product_tag-caluanie-muelear-oxidize-fri-frakt-europa","21":"product_tag-caluanie-muelear-oxidize-webbutik-europa","22":"product_tag-effekter-av-caluanie-muelear-oxidize-sv","23":"product_tag-hur-mycket-kostar-caluanie-muelear-oxidize","24":"product_tag-kop-caluanie-muelear-oxidize","25":"product_tag-kop-caluanie-muelear-oxidize-online","26":"product_tag-kop-caluanie-muelear-oxidize-online-europa","27":"product_tag-var-kan-man-kopa-caluanie-muelear-oxidize-europe","28":"product_tag-var-kan-man-kopa-caluanie-muelear-oxidize-online","30":"first","31":"instock","32":"shipping-taxable","33":"purchasable","34":"product-type-variable","35":"farmacie-col"},"aioseo_notices":[],"_links":{"self":[{"href":"https:\/\/lacasadelamedicina.es\/sv\/wp-json\/wp\/v2\/product\/35407"}],"collection":[{"href":"https:\/\/lacasadelamedicina.es\/sv\/wp-json\/wp\/v2\/product"}],"about":[{"href":"https:\/\/lacasadelamedicina.es\/sv\/wp-json\/wp\/v2\/types\/product"}],"replies":[{"embeddable":true,"href":"https:\/\/lacasadelamedicina.es\/sv\/wp-json\/wp\/v2\/comments?post=35407"}],"wp:featuredmedia":[{"embeddable":true,"href":"https:\/\/lacasadelamedicina.es\/sv\/wp-json\/wp\/v2\/media\/18689"}],"wp:attachment":[{"href":"https:\/\/lacasadelamedicina.es\/sv\/wp-json\/wp\/v2\/media?parent=35407"}],"wp:term":[{"taxonomy":"product_cat","embeddable":true,"href":"https:\/\/lacasadelamedicina.es\/sv\/wp-json\/wp\/v2\/product_cat?post=35407"},{"taxonomy":"product_tag","embeddable":true,"href":"https:\/\/lacasadelamedicina.es\/sv\/wp-json\/wp\/v2\/product_tag?post=35407"}],"curies":[{"name":"wp","href":"https:\/\/api.w.org\/{rel}","templated":true}]}}