{"id":35400,"date":"2024-08-09T14:01:59","date_gmt":"2024-08-09T14:01:59","guid":{"rendered":"https:\/\/lacasadelamedicina.es\/product\/kop-acetyl-fentanyl-powder-99-ren-online\/"},"modified":"2024-08-09T14:01:59","modified_gmt":"2024-08-09T14:01:59","slug":"kop-acetyl-fentanyl-powder-99-ren-online","status":"publish","type":"product","link":"https:\/\/lacasadelamedicina.es\/sv\/produkt\/kop-acetyl-fentanyl-powder-99-ren-online\/","title":{"rendered":"K\u00f6p Acetyl Fentanyl Powder (99%+ ren) online"},"content":{"rendered":"<h3>K\u00f6p acetylfentanylpulver (99%+ rent) online<\/h3>\n<p> K\u00f6p Acetyl Fentanyl i pulverform. Det \u00e4r fem g\u00e5nger starkare \u00e4n heroin och klassas som en opioid. Det anv\u00e4nds f\u00f6r att behandla sv\u00e5r, ih\u00e5llande sm\u00e4rta som inte svarar p\u00e5 andra mediciner. Detta l\u00e4kemedel \u00e4r ett kraftfullt narkotiskt sm\u00e4rtstillande medel. <strong>K\u00f6p acetylfentanylpulver (99%+ rent) online<\/strong>&#8211; <a href=\"https:\/\/drlawsonspharmacy\/contact-us\/\">KONTAKT<\/a> Akrylfentanylpulver (99% + rent) till salu Acetylfentanyl \u00e4r ett opioidanalgetikum som fungerar p\u00e5 samma s\u00e4tt som fentanyl n\u00e4r det g\u00e4ller sm\u00e4rtlindring. Acetylfentanyl \u00e4r upp till 80 g\u00e5nger starkare \u00e4n morfin och mellan 5 och 40 g\u00e5nger starkare \u00e4n heroin. Det \u00e4r 15 g\u00e5nger starkare \u00e4n fentanyl. Acetyl Fentanyl Powder, ett noggrant syntetiserat \u00e4mne som har en exceptionell renhetsniv\u00e5, kan hj\u00e4lpa dig att inse den fulla potentialen i din forskning. Med en renhet p\u00e5 mer \u00e4n 99 % m\u00f6jligg\u00f6r denna exceptionella produkt banbrytande forskning inom omr\u00e5det f\u00f6r farmaceutisk forskning och analys. Acetyl Fentanyl Powder kommer fr\u00e5n den v\u00e4lk\u00e4nda opioidfentanylen och har kraftfulla sm\u00e4rtstillande egenskaper som g\u00f6r det till ett viktigt verktyg f\u00f6r forskare som studerar sm\u00e4rtkontroll, opioidreceptorer och relaterade omr\u00e5den. P\u00e5 grund av dess h\u00f6ga renhet kan du studera de komplexa funktionerna hos opioidf\u00f6reningar p\u00e5 djupet med f\u00f6rtroende f\u00f6r dess exakta och tillf\u00f6rlitliga resultat.          <\/p>\n<h3>K\u00f6p Acetyl Fentanyl Powder (99%+ ren) online<\/h3>\n<p> Renhet och konsistens \u00e4r avg\u00f6rande i forskning och <span class=\"selectable-text copyable-text\">Dr Lawsons Pharmacy<\/span> f\u00f6rst\u00e5r detta. Det \u00e4r d\u00e4rf\u00f6r v\u00e5rt acetylfentanylpulver tillverkas med de senaste syntesteknikerna och genomg\u00e5r rigor\u00f6sa kvalitetskontrolltester. F\u00f6r att s\u00e4kerst\u00e4lla reproducerbarhet och tillf\u00f6rlitlighet i din forskning str\u00e4var vi efter att leverera en produkt som uppfyller och \u00f6vertr\u00e4ffar de h\u00f6gsta branschstandarderna. Den h\u00f6ga renheten hos v\u00e5rt acetylfentanylpulver m\u00f6jligg\u00f6r exakt dosering och kontrollerad testning, vilket ger dig det sj\u00e4lvf\u00f6rtroende du beh\u00f6ver f\u00f6r att genomf\u00f6ra grundlig forskning. V\u00e5r produkt \u00e4r l\u00e4ttl\u00f6slig i vanliga l\u00f6sningsmedel, vilket g\u00f6r den l\u00e4tt att hantera och l\u00e4mplig f\u00f6r en rad vetenskapliga till\u00e4mpningar.     <\/p>\n<h3><strong>Best\u00e4ll acetylfentanylpulver (99%+ rent)<\/strong><\/h3>\n<p> S\u00e4kerhet \u00e4r v\u00e5r f\u00f6rsta prioritet. Det \u00e4r viktigt att komma ih\u00e5g att Acetyl Fentanyl Powder endast \u00e4r avsett f\u00f6r forskning och aldrig f\u00f6r m\u00e4nsklig konsumtion. Vi uppmanar dig att anv\u00e4nda detta kraftfulla \u00e4mne p\u00e5 ett ansvarsfullt s\u00e4tt, i enlighet med alla till\u00e4mpliga lagar och moraliska koder. Acetyl Fentanyl Powder kommer att visa sig vara ett anv\u00e4ndbart verktyg f\u00f6r din forskning, oavsett om du studerar opioiders farmakokinetik, unders\u00f6ker de senaste teknikerna inom sm\u00e4rtbehandling eller forskar om effekterna av opioider p\u00e5 det centrala nervsystemet.    &nbsp;<\/p>\n","protected":false},"excerpt":{"rendered":"<p>K\u00f6p Acetyl Fentanyl Powder (99%+ Pure) online. f\u00f6r ih\u00e5llande, sv\u00e5r sm\u00e4rta som \u00e4r resistent mot andra mediciner. Detta l\u00e4kemedel \u00e4r ett kraftfullt narkotiskt sm\u00e4rtstillande medel.   &nbsp;<\/p>\n","protected":false},"featured_media":18059,"comment_status":"closed","ping_status":"closed","template":"","meta":{"om_disable_all_campaigns":false,"_sitemap_exclude":false,"_sitemap_priority":"","_sitemap_frequency":"","_monsterinsights_skip_tracking":false,"_monsterinsights_sitenote_active":false,"_monsterinsights_sitenote_note":"","_monsterinsights_sitenote_category":0},"product_cat":[37114],"product_tag":[38413,38408,38414,38398,38403,38406,38401,38405,38411,38409,38410,38412,38395,38402,38407,38397,38399,38393,38394,38400,38404,38396],"class_list":{"0":"post-35400","1":"product","2":"type-product","3":"status-publish","4":"has-post-thumbnail","6":"product_cat-forskningskemikalier-och-psykedelika","7":"product_tag-acetyl-fentanyl-powder-99-ren-europa-leverantorer","8":"product_tag-acetyl-fentanyl-powder-99-ren-europa-erbjudanden","9":"product_tag-acetyl-fentanyl-powder-99-ren-europe-review","10":"product_tag-acetyl-fentanyl-powder-99-ren-forsaljning-online","11":"product_tag-acetyl-fentanyl-powder-99-ren-fri-frakt-europa","12":"product_tag-acetyl-fentanyl-powder-99-ren-onlinebutik-europa","13":"product_tag-acetylfentanylpulver-99-ren-basta-pris-europa","14":"product_tag-acetylfentanylpulver-99-ren-europa-forsaljning","15":"product_tag-acetylfentanylpulver-99-ren-europa-leverans","16":"product_tag-acetylfentanylpulver-99-ren-europabutik","17":"product_tag-acetylfentanylpulver-99-ren-europarabatt","18":"product_tag-autentiskt-acetylfentanylpulver-99-ren-europa","19":"product_tag-bestall-acetyl-fentanyl-powder-99-pure-online","20":"product_tag-bestall-acetyl-fentanyl-powder-99-ren-eu","21":"product_tag-billigt-acetyl-fentanyl-pulver-99-ren-europa","22":"product_tag-effekter-av-acetylfentanylpulver-99-ren-sv","23":"product_tag-hur-mycket-ar-acetylfentanylpulver-99-rent","24":"product_tag-kop-acetyl-fentanyl-powder-99-pure","25":"product_tag-kop-acetyl-fentanyl-powder-99-pure-online","26":"product_tag-kop-acetyl-fentanyl-powder-99-ren-online-europa","27":"product_tag-var-kan-man-kopa-acetyl-fentanyl-powder-99-ren-europa","28":"product_tag-var-kan-man-kopa-acetyl-fentanyl-powder-99-ren-online","30":"first","31":"instock","32":"shipping-taxable","33":"purchasable","34":"product-type-variable","35":"farmacie-col"},"aioseo_notices":[],"_links":{"self":[{"href":"https:\/\/lacasadelamedicina.es\/sv\/wp-json\/wp\/v2\/product\/35400"}],"collection":[{"href":"https:\/\/lacasadelamedicina.es\/sv\/wp-json\/wp\/v2\/product"}],"about":[{"href":"https:\/\/lacasadelamedicina.es\/sv\/wp-json\/wp\/v2\/types\/product"}],"replies":[{"embeddable":true,"href":"https:\/\/lacasadelamedicina.es\/sv\/wp-json\/wp\/v2\/comments?post=35400"}],"wp:featuredmedia":[{"embeddable":true,"href":"https:\/\/lacasadelamedicina.es\/sv\/wp-json\/wp\/v2\/media\/18059"}],"wp:attachment":[{"href":"https:\/\/lacasadelamedicina.es\/sv\/wp-json\/wp\/v2\/media?parent=35400"}],"wp:term":[{"taxonomy":"product_cat","embeddable":true,"href":"https:\/\/lacasadelamedicina.es\/sv\/wp-json\/wp\/v2\/product_cat?post=35400"},{"taxonomy":"product_tag","embeddable":true,"href":"https:\/\/lacasadelamedicina.es\/sv\/wp-json\/wp\/v2\/product_tag?post=35400"}],"curies":[{"name":"wp","href":"https:\/\/api.w.org\/{rel}","templated":true}]}}