{"id":35363,"date":"2024-08-09T14:02:09","date_gmt":"2024-08-09T14:02:09","guid":{"rendered":"https:\/\/lacasadelamedicina.es\/product\/kop-kokain-fran-fiskfjall-online\/"},"modified":"2024-08-09T14:02:09","modified_gmt":"2024-08-09T14:02:09","slug":"kop-kokain-fran-fiskfjall-online","status":"publish","type":"product","link":"https:\/\/lacasadelamedicina.es\/sv\/produkt\/kop-kokain-fran-fiskfjall-online\/","title":{"rendered":"K\u00f6p kokain fr\u00e5n fiskfj\u00e4ll online"},"content":{"rendered":"<h3>K\u00f6p Fish Scale Cocaine Online.<\/h3>\n<p> En av de renaste formerna av kokain som finns tillg\u00e4ngliga idag \u00e4r fiskfj\u00e4llkokain, som blir allt mer popul\u00e4rt bland anv\u00e4ndare som s\u00f6ker ett \u00e4mne av h\u00f6g kvalitet. Konventionella former av kokain \u00e4r mindre potenta \u00e4n fiskfj\u00e4llkokain, som ibland blandas med andra narkotika f\u00f6r att g\u00f6ra det starkare. Leta inte l\u00e4ngre \u00e4n Dr. Lawsons Pharmacy om du vill k\u00f6pa fiskfj\u00e4llkokain online till l\u00e4gsta pris. K\u00f6p fiskfj\u00e4llkokain online &#8211;    <a href=\"https:\/\/drlawsonspharmacy\/contact-us\/\">KONTAKTA<\/a><\/p>\n<h3>Hur tillverkas kokain fr\u00e5n fiskfj\u00e4ll?<\/h3>\n<p> Prova Fish Scale Cocaine for Sale om du letar efter ett nytt s\u00e4tt att bli h\u00f6g. Det \u00e4r p\u00e4rlvitt till f\u00e4rgen och \u00e4r ett h\u00f6gintensivt kokain. Termen &#8221;kokain fr\u00e5n fiskfj\u00e4ll&#8221; syftar p\u00e5 dess distinkta utseende. Fiskfj\u00e4llkokain g\u00f6rs genom att blanda bakpulver eller aktivt lokalbed\u00f6vningsmedel med rent kokainpulver f\u00f6r att skapa en bas som v\u00e4rms upp tills den blir flytande, sedan silas, h\u00e4lls och kyls. Dessa former producerar en kittliknande massa som, n\u00e4r den v\u00e4l kylts, bryts upp i lika stora &#8221;fiskfj\u00e4ll&#8221; av den kokainhaltiga produkten. Detta skapar en betydande marknad f\u00f6r individer som vill anv\u00e4nda det som en rekreationsdrog. Dessa bitar kan sedan vidarebearbetas till pulver eller s\u00e4ljas som s\u00e5dana. Du kan k\u00f6pa fiskfj\u00e4llkokain online antingen i bulk eller per gram p\u00e5 Dr Lawsons Pharmacy.        <\/p>\n<h3>F\u00f6rdelar &amp;amp; Biverkningar av fiskfj\u00e4llkokain<\/h3>\n<p> Det b\u00e4sta alternativet f\u00f6r kokain som \u00e4r b\u00e5de kraftfullt och beroendeframkallande \u00e4r kokain fr\u00e5n fiskfj\u00e4ll. Fiskfj\u00e4lls kokain skiljer sig fr\u00e5n andra typer av kokain p\u00e5 m\u00e5nga s\u00e4tt, inklusive intensiteten av toppar och dalar. Du kan vara s\u00e4ker p\u00e5 att du f\u00e5r den b\u00e4sta m\u00f6jliga upplevelsen eftersom fiskfj\u00e4llkokain ocks\u00e5 finns i h\u00f6g kvalitet. Den \u00e4r idealisk f\u00f6r anv\u00e4ndning i korta skurar eller n\u00e4r du inte har tid f\u00f6r en hel dos, eftersom den varar i cirka tv\u00e5 timmar n\u00e4r den tas. Fiskfj\u00e4llkokain \u00e4r bara en annan form av \u00e4mnet som m\u00e4nniskor tycker om att anv\u00e4nda; det har inga negativa juridiska eller h\u00e4lsoeffekter. En potent typ av kokain som kallas &#8221;kokain fr\u00e5n fiskfj\u00e4ll&#8221; har vunnit popularitet nyligen. \u00c4ven om det kan ge en kraftig high, kan det ocks\u00e5 ha negativa konsekvenser som kan vara d\u00f6dliga. Innan du tar Fishscale Cocaine \u00e4r det viktigt att utbilda dig sj\u00e4lv om drogens tillverkningsprocess, potentiella f\u00f6rdelar och risker, och var du kan f\u00e5 tag p\u00e5 det lagligt. Individer som v\u00e4ljer att k\u00f6pa Fishscale Cocaine online i bulk eller sm\u00e5 doser \u00e4r ytterst ansvariga f\u00f6r att fatta v\u00e4lgrundade beslut om sin egen h\u00e4lsa och sitt v\u00e4lbefinnande.         <\/p>\n<h3>Var kan man k\u00f6pa Fishscale Cocaine online?<\/h3>\n<p> P\u00e5 Dr. Lawsons Pharmacy \u00e4r s\u00e4ker f\u00f6rvaring av narkotika v\u00e5r h\u00f6gsta prioritet, vilket \u00e4r anledningen till att vi bara k\u00f6per Fishscale Cocaine fr\u00e5n v\u00e4lrenommerade leverant\u00f6rer. F\u00f6r att s\u00e4kerst\u00e4lla att du f\u00e5r en h\u00f6gkvalitativ produkt genomg\u00e5r allt v\u00e5rt Fishscale Cocaine rigor\u00f6sa kvalitetskontroller och testmetoder. F\u00f6r att s\u00e4kerst\u00e4lla s\u00e4ker leverans paketerar och transporterar vi v\u00e5rt Fishscale Cocaine f\u00f6r f\u00f6rs\u00e4ljning online diskret och noggrant. Best\u00e4ll Fishscale Cocaine i grossistledet nu!    &nbsp;<\/p>\n","protected":false},"excerpt":{"rendered":"<p>&nbsp;<\/p>\n","protected":false},"featured_media":18704,"comment_status":"closed","ping_status":"closed","template":"","meta":{"om_disable_all_campaigns":false,"_sitemap_exclude":false,"_sitemap_priority":"","_sitemap_frequency":"","_monsterinsights_skip_tracking":false,"_monsterinsights_sitenote_active":false,"_monsterinsights_sitenote_note":"","_monsterinsights_sitenote_category":0},"product_cat":[37577],"product_tag":[38280,38264,38270,38275,38265,38267,38269,38276,38279,38273,38281,38282,38277,38271,38274,38278,38266,38261,38262,38268,38263,38272],"class_list":{"0":"post-35363","1":"product","2":"type-product","3":"status-publish","4":"has-post-thumbnail","6":"product_cat-kokain-sv","7":"product_tag-akta-kokain-fran-fiskfjall-europa","8":"product_tag-bestall-kokain-fran-fiskfjall-online","9":"product_tag-bestall-kokain-fran-fiskvag-eu","10":"product_tag-billigt-kokain-fran-fiskfjall-europa","11":"product_tag-effekter-av-kokain-fran-fiskfjall","12":"product_tag-hur-mycket-ar-kokain-fran-fiskfjall","13":"product_tag-kokain-fran-fiskfjall-basta-pris-europa","14":"product_tag-kokain-fran-fiskfjall-europa-erbjudanden","15":"product_tag-kokain-fran-fiskfjall-europa-leverans","16":"product_tag-kokain-fran-fiskfjall-europa-rea","17":"product_tag-kokain-fran-fiskfjall-europas-leverantorer","18":"product_tag-kokain-fran-fiskfjall-europe-review","19":"product_tag-kokain-fran-fiskfjall-europe-shop","20":"product_tag-kokain-fran-fiskfjall-fri-frakt-europa","21":"product_tag-kokain-fran-fiskfjall-onlinebutik-europa","22":"product_tag-kokain-fran-fiskvag-europa-rabatt","23":"product_tag-kokain-fran-forsaljning-av-fiskfjall-online","24":"product_tag-kop-kokain-fran-fiskfjall","25":"product_tag-kop-kokain-fran-fiskfjall-online","26":"product_tag-kop-kokain-fran-fiskfjall-online-europa","27":"product_tag-var-kan-man-kopa-kokain-fran-fiskfjall-online","28":"product_tag-var-kan-man-kopa-kokain-fran-fiskvag-europa","30":"first","31":"instock","32":"shipping-taxable","33":"purchasable","34":"product-type-variable","35":"farmacie-col"},"aioseo_notices":[],"_links":{"self":[{"href":"https:\/\/lacasadelamedicina.es\/sv\/wp-json\/wp\/v2\/product\/35363"}],"collection":[{"href":"https:\/\/lacasadelamedicina.es\/sv\/wp-json\/wp\/v2\/product"}],"about":[{"href":"https:\/\/lacasadelamedicina.es\/sv\/wp-json\/wp\/v2\/types\/product"}],"replies":[{"embeddable":true,"href":"https:\/\/lacasadelamedicina.es\/sv\/wp-json\/wp\/v2\/comments?post=35363"}],"wp:featuredmedia":[{"embeddable":true,"href":"https:\/\/lacasadelamedicina.es\/sv\/wp-json\/wp\/v2\/media\/18704"}],"wp:attachment":[{"href":"https:\/\/lacasadelamedicina.es\/sv\/wp-json\/wp\/v2\/media?parent=35363"}],"wp:term":[{"taxonomy":"product_cat","embeddable":true,"href":"https:\/\/lacasadelamedicina.es\/sv\/wp-json\/wp\/v2\/product_cat?post=35363"},{"taxonomy":"product_tag","embeddable":true,"href":"https:\/\/lacasadelamedicina.es\/sv\/wp-json\/wp\/v2\/product_tag?post=35363"}],"curies":[{"name":"wp","href":"https:\/\/api.w.org\/{rel}","templated":true}]}}