{"id":35351,"date":"2024-08-09T14:02:09","date_gmt":"2024-08-09T14:02:09","guid":{"rendered":"https:\/\/lacasadelamedicina.es\/product\/kop-rott-flytande-kvicksilver-online\/"},"modified":"2024-08-09T14:02:09","modified_gmt":"2024-08-09T14:02:09","slug":"kop-rott-flytande-kvicksilver-online","status":"publish","type":"product","link":"https:\/\/lacasadelamedicina.es\/sv\/produkt\/kop-rott-flytande-kvicksilver-online\/","title":{"rendered":"K\u00f6p r\u00f6tt flytande kvicksilver online"},"content":{"rendered":"<h2>R\u00f6tt flytande kvicksilver &#8211; K\u00f6p r\u00f6tt flytande kvicksilver online, r\u00f6tt flytande kvicksilver till salu i Europa<\/h2>\n<p> K\u00f6p r\u00f6tt flytande kvicksilver &#8211; Dr Lawsons Pharmacy \u00e4r den b\u00e4sta n\u00e4tbutiken d\u00e4r du kan k\u00f6pa r\u00f6tt flytande kvicksilver och best\u00e4lla r\u00f6tt flytande kvicksilver i Europa till b\u00e4sta och billiga pris. <a href=\"https:\/\/drlawsonspharmacy\/contact-us\/\"><a href=\"https:\/\/drlawsonspharmacy\/contact-us\/\">KONTAKT &#8211; K\u00f6p r\u00f6tt flytande kvicksilver online<\/a><\/a><\/p>\n<h3>Vad \u00e4r r\u00f6tt flytande kvicksilver?<\/h3>\n<p> K\u00f6rsb\u00e4rsr\u00f6tt flytande kvicksilver, ibland kallat r\u00f6tt flytande kvicksilver online, \u00e4r en halvv\u00e4tska. Utvecklingen och tillverkningen av k\u00e4rnvapen omg\u00e4rdas av en otrolig sekretess. Den har en h\u00f6g densitet p\u00e5 20,2 g\/cm3. Det anv\u00e4nds ofta f\u00f6r den tvetydiga sammans\u00e4ttningen av k\u00e4rnvapen och anses vara ett trick av bedragare.    <\/p>\n<h3>F\u00f6rdelar med r\u00f6tt flytande kvicksilver:<\/h3>\n<p> \u00c4ven f\u00f6r m\u00e4nniskors h\u00e4lsa \u00e4r denna komponent viktig. anv\u00e4nds i tovningsprocessen f\u00f6r att tillverka hattar som anv\u00e4nds i gruvdrift f\u00f6r att g\u00f6ra en amalgam av guld och silver som anv\u00e4nds av underprivilegierade arbetare. Hur anv\u00e4nder man r\u00f6tt flytande kvicksilver? F\u00f6r att vara mer f\u00f6rsiktig n\u00e4r du anv\u00e4nder en s\u00e5dan enhet b\u00f6r du vara uppm\u00e4rksam p\u00e5 de sm\u00e5 tipsen. Kvicksilver i r\u00f6d flytande form m\u00e5ste hanteras av och med skyddshandskar. Det garanterar att vi kan hantera alla situationer.      <\/p>\n<h3>Var kan man k\u00f6pa Red Liquid Mercury?<\/h3>\n<p> Ett av de lagliga, ISO-certifierade f\u00f6retagen som tillverkar h\u00f6gkvalitativt Red Liquid Mercury \u00e4r Dr Lawsons Pharmacy. Vi \u00e4r fast beslutna att tillhandah\u00e5lla kvicksilver till ett rimligt marknadspris utan att n\u00e5gonsin kompromissa med kvaliteten. D\u00e4rf\u00f6r kan du best\u00e4lla Red Liquid Mercury n\u00e4r som helst.   <\/p>\n<h3>Varf\u00f6r k\u00f6pa Red Liquid Mercury fr\u00e5n LegitChemicals?<\/h3>\n<p> Vi erbjuder endast naturliga produkter. Vi levererar i tid till m\u00e5nga omr\u00e5den. bekv\u00e4m att anv\u00e4nda i alla situationer   <strong>Best\u00e4ll Red Liquid Mercury &#8211; K\u00f6p Red Liquid Mercury online &#8211; K\u00f6p Red Mercury <\/strong><\/p>\n<h3>Hur k\u00f6per man Red Liquid Mercury?<\/h3>\n<p> Genom att anv\u00e4nda Red Liquid Mercury till salu i Europa kan k\u00f6paren best\u00e4lla den f\u00f6r mycket mindre pengar. Det \u00e4r en bra elektrisk ledare som har anv\u00e4nts vid konstruktion av str\u00f6mbrytare och batterier.<\/p>\n","protected":false},"excerpt":{"rendered":"<p>&nbsp;<\/p>\n","protected":false},"featured_media":18329,"comment_status":"closed","ping_status":"closed","template":"","meta":{"om_disable_all_campaigns":false,"_sitemap_exclude":false,"_sitemap_priority":"","_sitemap_frequency":"","_monsterinsights_skip_tracking":false,"_monsterinsights_sitenote_active":false,"_monsterinsights_sitenote_note":"","_monsterinsights_sitenote_category":0},"product_cat":[37114],"product_tag":[38236,38217,38226,38231,38221,38223,38218,38219,38224,38237,38225,38233,38235,38234,38229,38238,38232,38222,38227,38230,38228,38220],"class_list":{"0":"post-35351","1":"product","2":"type-product","3":"status-publish","4":"has-post-thumbnail","6":"product_cat-forskningskemikalier-och-psykedelika","7":"product_tag-akta-rott-flytande-kvicksilver-europa","8":"product_tag-bestall-red-liquid-mercury-online","9":"product_tag-bestall-rott-flytande-kvicksilver-eu","10":"product_tag-billigt-rott-flytande-kvicksilver-europa","11":"product_tag-effekter-av-rott-flytande-kvicksilver","12":"product_tag-hur-mycket-ar-rott-flytande-kvicksilver","13":"product_tag-kop-red-liquid-mercury","14":"product_tag-kop-red-liquid-mercury-online","15":"product_tag-kop-rott-flytande-kvicksilver-online-europa","16":"product_tag-red-liquid-mercury-europe-leverantorer","17":"product_tag-rott-flytande-kvicksilver-basta-pris-europa","18":"product_tag-rott-flytande-kvicksilver-europa-butik","19":"product_tag-rott-flytande-kvicksilver-europa-leverans","20":"product_tag-rott-flytande-kvicksilver-europa-rabatt","21":"product_tag-rott-flytande-kvicksilver-europa-rea","22":"product_tag-rott-flytande-kvicksilver-europa-recension","23":"product_tag-rott-flytande-kvicksilver-europa-erbjudanden","24":"product_tag-rott-flytande-kvicksilver-forsaljning-online","25":"product_tag-rott-flytande-kvicksilver-fri-frakt-europa","26":"product_tag-rott-flytande-kvicksilver-onlinebutik-europa","27":"product_tag-var-kan-man-kopa-rott-flytande-kvicksilver-europa","28":"product_tag-var-kan-man-kopa-rott-flytande-kvicksilver-online","30":"first","31":"instock","32":"shipping-taxable","33":"purchasable","34":"product-type-variable","35":"farmacie-col"},"aioseo_notices":[],"_links":{"self":[{"href":"https:\/\/lacasadelamedicina.es\/sv\/wp-json\/wp\/v2\/product\/35351"}],"collection":[{"href":"https:\/\/lacasadelamedicina.es\/sv\/wp-json\/wp\/v2\/product"}],"about":[{"href":"https:\/\/lacasadelamedicina.es\/sv\/wp-json\/wp\/v2\/types\/product"}],"replies":[{"embeddable":true,"href":"https:\/\/lacasadelamedicina.es\/sv\/wp-json\/wp\/v2\/comments?post=35351"}],"wp:featuredmedia":[{"embeddable":true,"href":"https:\/\/lacasadelamedicina.es\/sv\/wp-json\/wp\/v2\/media\/18329"}],"wp:attachment":[{"href":"https:\/\/lacasadelamedicina.es\/sv\/wp-json\/wp\/v2\/media?parent=35351"}],"wp:term":[{"taxonomy":"product_cat","embeddable":true,"href":"https:\/\/lacasadelamedicina.es\/sv\/wp-json\/wp\/v2\/product_cat?post=35351"},{"taxonomy":"product_tag","embeddable":true,"href":"https:\/\/lacasadelamedicina.es\/sv\/wp-json\/wp\/v2\/product_tag?post=35351"}],"curies":[{"name":"wp","href":"https:\/\/api.w.org\/{rel}","templated":true}]}}