{"id":35341,"date":"2024-08-09T14:02:09","date_gmt":"2024-08-09T14:02:09","guid":{"rendered":"https:\/\/lacasadelamedicina.es\/product\/kop-p2p-olja-online\/"},"modified":"2024-08-09T14:02:09","modified_gmt":"2024-08-09T14:02:09","slug":"kop-p2p-olja-online","status":"publish","type":"product","link":"https:\/\/lacasadelamedicina.es\/sv\/produkt\/kop-p2p-olja-online\/","title":{"rendered":"K\u00f6p P2P-olja online"},"content":{"rendered":"<h3>K\u00f6p P2P-olja online.<\/h3>\n<p> P2P shopping. Kemiskt \u00e4r fenylaceton en organisk f\u00f6rening med formeln C6H5CH2COCH3. Det \u00e4r ett pruttande svavel som l\u00f6ser sig i organiska l\u00f6sningsmedel. Detta \u00e4mne, \u00e4ven k\u00e4nt som P2P, anv\u00e4nds f\u00f6r att g\u00f6ra metamfetamin och amfetamin. P\u00e5 grund av dess illegala anv\u00e4ndning i hemlig kemi, f\u00f6rklarades det som ett schema II-kontrollerat \u00e4mne i USA 1980. Fenylaceton bildas av den FMO3-medierade oxidativa deamineringen av amfetamin och metamfetamin hos m\u00e4nniskor. Du kan best\u00e4lla h\u00f6gkvalitativ P2P-olja billigt och med fri frakt i v\u00e5r webbutik. K\u00f6p P2P-olja online Var kan jag k\u00f6pa P2P-olja online?        <\/p>\n<h3>Vi \u00e4r den b\u00e4sta onlineleverant\u00f6ren av h\u00f6gkvalitativ P2P-l i Europa.<\/h3>\n<p><strong>Kan jag k\u00f6pa P2P-L online?<\/strong> Vi rekommenderar dig att k\u00f6pa alla dina produkter fr\u00e5n Dr. Lawsons Pharmacy. Detta \u00e4r den mest v\u00e4lrenommerade \u00e5terf\u00f6rs\u00e4ljaren av kemikalier online d\u00e4r du kan f\u00e5 b\u00e5de pulver och etanol till ett konkurrenskraftigt pris. K\u00f6p P2p-l   <strong>Varf\u00f6r k\u00f6per folk av oss?<\/strong><\/p>\n<p>&nbsp;<\/p>\n<p><a href=\"https:\/\/drlawsonspharmacy\/contact-us\/\">KONTAKTA<\/a> Vi \u00e4r en tillverkare med rimliga priser, snabb leverans och 99,99% noggrannhet. Typer av P2P Denna forskningskemikalie erbjuds i tv\u00e5 olika former, inklusive pulver och v\u00e4tska.&#8217; Taggar: enkelt, P2P-recept, steg f\u00f6r steg P2P-metod P2P-is, bensylmetylketonlukt, fenyl-2-propanon och metylamin, P2P-syntes, bensylmetylketonsyntes, fenyl-2-propanonsyntes <\/p>\n<h4>Undertitel: k\u00f6p fenylacetonol (P2P) online.<\/h4>\n<p>&nbsp;<\/p>\n<h3><strong>best\u00e4ll p2p olja<\/strong><\/h3>\n<p> K\u00f6p fenylaceton (P2P) online l. Den kemiska f\u00f6reningen k\u00e4nd som fenylaceton har formeln C6H5CH2COCH3. V\u00e4tskan \u00e4r f\u00e4rgl\u00f6s och l\u00f6sningsmedelsl\u00f6slig. Detta \u00e4mne kallas vanligtvis P2P n\u00e4r det anv\u00e4nds f\u00f6r att g\u00f6ra metamfetamin och amfetamin. P\u00e5 grund av dess olagliga anv\u00e4ndning i olaglig kemi, f\u00f6rklarades det som ett Schedule II-kontrollerat \u00e4mne i USA 1980. Fenylaceton bildas hos m\u00e4nniskor som en metabolit av amfetamin och metamfetamin genom FMO3-medierad oxidativ deaminering. K\u00f6p P2p-l V\u00e5rt m\u00e5l \u00e4r att ge st\u00f6rsta m\u00f6jliga urval och f\u00f6rberedelse. Deras \u00f6verl\u00e4gsna kvalitet, exceptionella v\u00e4rde och enast\u00e5ende kundservice. Vi tror starkt p\u00e5 kundn\u00f6jdhet och s\u00e4ker leverans. Att leverera produkter till v\u00e5ra kunder \u00e4r avg\u00f6rande f\u00f6r v\u00e5r verksamhets framg\u00e5ng. Du kan k\u00f6pa P2P (l) online.           &nbsp;<\/p>\n","protected":false},"excerpt":{"rendered":"<h3>Kan jag k\u00f6pa P2P-L online?<\/h3>\n<p> Vi rekommenderar dig att k\u00f6pa alla dina produkter fr\u00e5n Dr. Lawsons Pharmacy. De \u00e4r den mest v\u00e4lrenommerade \u00e5terf\u00f6rs\u00e4ljaren av kemikalier online d\u00e4r du kan f\u00e5 b\u00e5de pulver och etanol till ett bra pris.  &nbsp;<\/p>\n","protected":false},"featured_media":18314,"comment_status":"closed","ping_status":"closed","template":"","meta":{"om_disable_all_campaigns":false,"_sitemap_exclude":false,"_sitemap_priority":"","_sitemap_frequency":"","_monsterinsights_skip_tracking":false,"_monsterinsights_sitenote_active":false,"_monsterinsights_sitenote_note":"","_monsterinsights_sitenote_category":0},"product_cat":[37114],"product_tag":[38192,38182,38174,38187,38177,38179,38173,38175,38180,38189,38193,38194,38188,38181,38185,38191,38190,38186,38178,38183,38184,38176],"class_list":{"0":"post-35341","1":"product","2":"type-product","3":"status-publish","4":"has-post-thumbnail","6":"product_cat-forskningskemikalier-och-psykedelika","7":"product_tag-autentisk-p2p-olja-europa","8":"product_tag-bestall-p2p-olja-eu","9":"product_tag-bestall-p2p-olja-online","10":"product_tag-billig-p2p-olja-europa","11":"product_tag-effekter-av-p2p-olja","12":"product_tag-hur-mycket-ar-p2p-olja","13":"product_tag-kop-p2p-olja","14":"product_tag-kop-p2p-olja-online","15":"product_tag-kop-p2p-olja-online-europa","16":"product_tag-p2p-oil-europe-butik","17":"product_tag-p2p-oil-europe-leverantorer","18":"product_tag-p2p-oil-europe-recension","19":"product_tag-p2p-oil-europe-erbjudanden","20":"product_tag-p2p-olja-basta-pris-europa","21":"product_tag-p2p-olja-europa-forsaljning","22":"product_tag-p2p-olja-europa-leverans","23":"product_tag-p2p-olja-europa-rabatt","24":"product_tag-p2p-olja-onlinebutik-europa","25":"product_tag-p2p-oljeforsaljning-online","26":"product_tag-p2p-oljefri-frakt-europa","27":"product_tag-var-kan-man-kopa-p2p-olja-europa","28":"product_tag-var-kan-man-kopa-p2p-olja-online","30":"first","31":"instock","32":"shipping-taxable","33":"purchasable","34":"product-type-variable","35":"farmacie-col"},"aioseo_notices":[],"_links":{"self":[{"href":"https:\/\/lacasadelamedicina.es\/sv\/wp-json\/wp\/v2\/product\/35341"}],"collection":[{"href":"https:\/\/lacasadelamedicina.es\/sv\/wp-json\/wp\/v2\/product"}],"about":[{"href":"https:\/\/lacasadelamedicina.es\/sv\/wp-json\/wp\/v2\/types\/product"}],"replies":[{"embeddable":true,"href":"https:\/\/lacasadelamedicina.es\/sv\/wp-json\/wp\/v2\/comments?post=35341"}],"wp:featuredmedia":[{"embeddable":true,"href":"https:\/\/lacasadelamedicina.es\/sv\/wp-json\/wp\/v2\/media\/18314"}],"wp:attachment":[{"href":"https:\/\/lacasadelamedicina.es\/sv\/wp-json\/wp\/v2\/media?parent=35341"}],"wp:term":[{"taxonomy":"product_cat","embeddable":true,"href":"https:\/\/lacasadelamedicina.es\/sv\/wp-json\/wp\/v2\/product_cat?post=35341"},{"taxonomy":"product_tag","embeddable":true,"href":"https:\/\/lacasadelamedicina.es\/sv\/wp-json\/wp\/v2\/product_tag?post=35341"}],"curies":[{"name":"wp","href":"https:\/\/api.w.org\/{rel}","templated":true}]}}