{"id":35328,"date":"2024-08-09T14:02:09","date_gmt":"2024-08-09T14:02:09","guid":{"rendered":"https:\/\/lacasadelamedicina.es\/product\/kop-sgt-78-online\/"},"modified":"2024-09-19T07:29:07","modified_gmt":"2024-09-19T07:29:07","slug":"kop-sgt-78-online","status":"publish","type":"product","link":"https:\/\/lacasadelamedicina.es\/sv\/produkt\/kop-sgt-78-online\/","title":{"rendered":"K\u00f6p SGT-78 online"},"content":{"rendered":"<h3><span lang=\"EN-US\">SGT-78 &#8211; K\u00f6p SGT-78 online, SGT-78 till salu, Best\u00e4ll SGT-78 online. <\/span><\/h3>\n<p> K\u00f6p SGT-78 online &#8211; Dr. Lawsons Pharmacy erbjuder nu SGT-78 att k\u00f6pa online. V\u00e5rt f\u00f6retag hanterar SGT-78 till f\u00f6rs\u00e4ljning och Sgt-78 onlinebest\u00e4llningar. Best\u00e4ll SGT-78 lagligt just nu! K\u00f6p SGT-78 online &#8211;    <a href=\"https:\/\/drlawsonspharmacy\/contact-us\/\">KONTAKTA<\/a><\/p>\n<h3><span lang=\"EN-US\">Vad \u00e4r SGT-78? <\/span><\/h3>\n<p> De fysiologiska och psykotropa effekterna av l\u00e4kemedlets designkemikalie, <a href=\"https:\/\/dieapotheke247.com\/\">C22H24N4O,<\/a> induceras ofta av det. Betydelsen av formeln \u00e4r 360,5 g\/mol. Ingen k\u00e4nner till de toxikologiska eller fysiologiska effekterna av att best\u00e4lla Sgt 78 online. Perifera CB1 och CB2 cannabinoidreceptorer kan interagera starkt med syntetiska cannabinoider. En syntetisk cannabinoid baserad p\u00e5 indazol-3-karboxamid som s\u00e4ljs online som ett utvecklingsl\u00e4kemedel heter SGT-78. Den har in vitro EC50-v\u00e4rden p\u00e5 0,58 nM och 6,12 nM f\u00f6r cannabinoidreceptorerna CB1 respektive CB2, vilket g\u00f6r den till en potent agonist. Anekdotiska bevis tyder p\u00e5 att CUMYL-4CN-BINACA har en energidos p\u00e5 cirka 0,1 mg hos m\u00e4nniskor och att det uppvisar hypotermiska och antikonvulsiva effekter p\u00e5 m\u00f6ss n\u00e4r det administreras via CB1-receptorn. Metabolism av CUMYL-4CN-BINACA producerar cyanid, vilket v\u00e4cker oro f\u00f6r leverskador. Administrering av CUMYL-4CN-BINACA har associerats med en f\u00f6rekomst av hypertermi, rabdomyolys och njursvikt.         <\/p>\n<h3><span lang=\"EN-US\">K\u00f6p SGT-78 online &#8211; Vad \u00e4r baserat p\u00e5 SGT-78?<\/span><\/h3>\n<p> SGT-78, \u00e4ven k\u00e4nd som CUMYL-4CN-BINACA, \u00e4r en syntetisk cannabinoid baserad p\u00e5 indazol-3-karboxamid. Det har till exempel bjudits ut till f\u00f6rs\u00e4ljning p\u00e5 n\u00e4tet som designerdrog. Dessutom \u00e4r det en potent agonist f\u00f6r CB1 och CB2 cannabinoidreceptorer. Slutligen hittades in vitro EC50-v\u00e4rden p\u00e5 0,58 nM respektive 6,12 nM. SGT-78 anv\u00e4nder CB1-receptorn hos m\u00f6ss f\u00f6r att frig\u00f6ra hypotermiska och antikonvulsiva \u00e4mnen. Anekdotiska rapporter tyder p\u00e5 att den energiska dosen hos m\u00e4nniskor \u00e4r cirka 0,1 mg. Metabolism av SGT-78 producerar cyanid, vilket v\u00e4cker oro f\u00f6r levertoxicitet. Dessutom har dess anv\u00e4ndning kopplats till rabdomyolys, njursvikt och sv\u00e5r hypertermi. Dessutom \u00e4r den analytiska referensstandarden 5FAEB2201, ett \u00e4mne som anv\u00e4nds i r\u00e4ttsmedicinska och vetenskapliga till\u00e4mpningar, strukturellt identisk med denna syntetiska cannabinoid. K\u00f6p SGT-78 online fr\u00e5n USA f\u00f6r att f\u00e5 premiumprodukter. F\u00f6r det f\u00f6rsta producerar cannabis ett antal \u00e4mnen som kallas cannabinoider. M\u00e5nga av dessa finns inte i andra v\u00e4xter. Hur m\u00e5nga exakt? Det \u00e4r sv\u00e5rt att s\u00e4ga. Det h\u00e4vdas ofta att cannabis producerar dussintals, om inte mer \u00e4n 100 olika v\u00e4xtcannabinoider. Det \u00e4r ocks\u00e5 sv\u00e5rt att fastst\u00e4lla den exakta m\u00e4ngden. De flesta \u00e4r ocks\u00e5 otillr\u00e4ckligt n\u00e4rvarande, s\u00e4rskilt i industriella cannabisprodukter. Av denna anledning \u00e4r det sv\u00e5rt f\u00f6r forskare att best\u00e4mma dem exakt. Att det \u00e4r m\u00e5nga \u00e4r avg\u00f6rande.                   <\/p>\n<h3><strong>Best\u00e4ll SGT-78<\/strong><\/h3>\n<p> Det finns dock inget s\u00e4kert s\u00e4tt att uppt\u00e4cka missbruk av designerdroger och forskningskemikalier. I andra fall beter de sig annorlunda \u00e4n den ursprungliga substansen, och tecknen och symtomen p\u00e5 deras anv\u00e4ndning och missbruk kan vara mycket olika. Det kan dock vara bra att bekanta sig med symptomen och indikatorerna f\u00f6r att k\u00e4nna igen forskning om drogmissbruk. Sammanfattningsvis delar de m\u00e5nga likheter och \u00e4r relaterade till de v\u00e4lk\u00e4nda designerdroger som s\u00e4ljs i takt med att information blir tillg\u00e4nglig.    &nbsp;<\/p>\n","protected":false},"excerpt":{"rendered":"<p>&nbsp;<\/p>\n","protected":false},"featured_media":18299,"comment_status":"closed","ping_status":"closed","template":"","meta":{"om_disable_all_campaigns":false,"_sitemap_exclude":false,"_sitemap_priority":"","_sitemap_frequency":"","_monsterinsights_skip_tracking":false,"_monsterinsights_sitenote_active":false,"_monsterinsights_sitenote_note":"","_monsterinsights_sitenote_category":0},"product_cat":[37114],"product_tag":[38105,38094,38086,38099,38089,38091,38085,38087,38092,38093,38097,38103,38102,38101,38107,38109,38100,38090,38095,38098,38096,38088],"class_list":{"0":"post-35328","1":"product","2":"type-product","3":"status-publish","4":"has-post-thumbnail","6":"product_cat-forskningskemikalier-och-psykedelika","7":"product_tag-autentisk-sgt-78-europe-sv","8":"product_tag-bestall-sgt-78-eu","9":"product_tag-bestall-sgt-78-online","10":"product_tag-billiga-sgt-78-europa","11":"product_tag-effekter-av-sgt-78-sv","12":"product_tag-hur-mycket-kostar-sgt-78","13":"product_tag-kop-sgt-78","14":"product_tag-kop-sgt-78-online","15":"product_tag-kop-sgt-78-online-europa","16":"product_tag-sgt-78-basta-pris-europa","17":"product_tag-sgt-78-europa-forsaljning","18":"product_tag-sgt-78-europa-leverans","19":"product_tag-sgt-78-europa-rabatt-sv","20":"product_tag-sgt-78-europe-butik","21":"product_tag-sgt-78-europe-leverantorer","22":"product_tag-sgt-78-europe-recension","23":"product_tag-sgt-78-europe-erbjudanden","24":"product_tag-sgt-78-forsaljning-online","25":"product_tag-sgt-78-fri-frakt-europa","26":"product_tag-sgt-78-webbutik-europa","27":"product_tag-var-kan-man-kopa-sgt-78-europe","28":"product_tag-var-kan-man-kopa-sgt-78-online","30":"first","31":"instock","32":"shipping-taxable","33":"purchasable","34":"product-type-variable","35":"farmacie-col"},"aioseo_notices":[],"_links":{"self":[{"href":"https:\/\/lacasadelamedicina.es\/sv\/wp-json\/wp\/v2\/product\/35328"}],"collection":[{"href":"https:\/\/lacasadelamedicina.es\/sv\/wp-json\/wp\/v2\/product"}],"about":[{"href":"https:\/\/lacasadelamedicina.es\/sv\/wp-json\/wp\/v2\/types\/product"}],"replies":[{"embeddable":true,"href":"https:\/\/lacasadelamedicina.es\/sv\/wp-json\/wp\/v2\/comments?post=35328"}],"wp:featuredmedia":[{"embeddable":true,"href":"https:\/\/lacasadelamedicina.es\/sv\/wp-json\/wp\/v2\/media\/18299"}],"wp:attachment":[{"href":"https:\/\/lacasadelamedicina.es\/sv\/wp-json\/wp\/v2\/media?parent=35328"}],"wp:term":[{"taxonomy":"product_cat","embeddable":true,"href":"https:\/\/lacasadelamedicina.es\/sv\/wp-json\/wp\/v2\/product_cat?post=35328"},{"taxonomy":"product_tag","embeddable":true,"href":"https:\/\/lacasadelamedicina.es\/sv\/wp-json\/wp\/v2\/product_tag?post=35328"}],"curies":[{"name":"wp","href":"https:\/\/api.w.org\/{rel}","templated":true}]}}