{"id":35311,"date":"2024-08-09T14:02:09","date_gmt":"2024-08-09T14:02:09","guid":{"rendered":"https:\/\/lacasadelamedicina.es\/product\/kop-sgt-263-online\/"},"modified":"2024-08-09T14:02:09","modified_gmt":"2024-08-09T14:02:09","slug":"kop-sgt-263-online","status":"publish","type":"product","link":"https:\/\/lacasadelamedicina.es\/sv\/produkt\/kop-sgt-263-online\/","title":{"rendered":"K\u00f6p SGT-263 online"},"content":{"rendered":"<h3>SGT-263 Powder &#8211; K\u00f6p SGT-263 online, SGT-263 till salu i USA<\/h3>\n<p> SGT-263 \u00e4r en mycket potent f\u00f6rening med den kemiska formeln 1-5-fluorfenyl-N-2-fenylpropan-2-yl-7-azaindol-3-karboxamid, som delar en zon med MMB-CHMINACA. Onlinebest\u00e4llning f\u00f6r SGT- 263 \u00e4r m\u00f6jligt fr\u00e5n var som helst i v\u00e4rlden. Endast SGT-263 USA, Storbritannien och Australien kan kontakta oss. V\u00e5rt kemiska onlineapotek \u00e4r \u00f6ppet dygnet runt. Vi \u00e4r redo att hj\u00e4lpa dig n\u00e4r som helst. Vill du f\u00e5 SGT-263 online f\u00f6r mindre pengar? Best\u00e4ll det nu. K\u00f6p SGT-263 online &#8211;       <a href=\"https:\/\/drlawsonspharmacy\/contact-us\/\">KONTAKTA<\/a><\/p>\n<h3>K\u00f6p SGT-263 online &#8211; Vad \u00e4r SGT-263?<\/h3>\n<p> Denna mer moderna syntetiska cannabinoid \u00f6ppnar upp f\u00f6r ett brett utbud av nya unders\u00f6kningsm\u00f6jligheter. F\u00f6r r\u00e4ttsmedicinsk anv\u00e4ndning och analys erbjuds syntetiska cannabinoider p\u00e5 denna webbplats. Med den kemiska formeln C22H24N40 \u00e4r det ett designl\u00e4kemedel som kan anv\u00e4ndas f\u00f6r att framst\u00e4lla psykotropa och fysiologiska l\u00e4kemedel. Systemet har en massa p\u00e5 360,5 g\/mol. Det \u00e4r m\u00f6jligt att de har en \u00f6verdriven affinitet f\u00f6r cannabinoidreceptorerna CB1 och CB2 i det perifera nervsystemet. Vanligtvis s\u00e4ljs Sgt-263 som ett pulver, men om du beh\u00f6ver ytterligare kemikalier, kontakta oss d\u00e5 vi har flera alternativ. L\u00e4kemedlet som s\u00e4ljs har ingen annan avsedd anv\u00e4ndning. De ska appliceras p\u00e5 djur, livsmedel, mediciner, medicintekniska produkter, kosmetika eller andra djur endast f\u00f6r diagnostiska \u00e4ndam\u00e5l. Se till att ditt arbetsomr\u00e5de \u00e4r utrustat f\u00f6r att hantera forskningskemikalier och har tillr\u00e4cklig ventilation. Alla kunder kan k\u00f6pa SGT-263 fr\u00e5n Dr. Lawson&#8217;s Pharmacy.          <\/p>\n<h3>Hur s\u00e4ker \u00e4r SGT-263 att anv\u00e4nda?<\/h3>\n<p> En \u00f6verdos av Sgt. 263 ska behandlas omedelbart av en l\u00e4kare f\u00f6r att s\u00e4kerst\u00e4lla att luftv\u00e4garna \u00e4r fria och vitala tecken \u00e4r stabila. M\u00e5nga m\u00e4nniskor som har tagit en \u00f6verdos av Sgt. 263 hamnar p\u00e5 akuten f\u00f6r att skydda sina luftv\u00e4gar. F\u00f6r mer information om Sgt. 263 och hur du skyddar dig sj\u00e4lv, bes\u00f6k Drug Foundations webbplats.   <\/p>\n<ul>\n<li>Vanligtvis utg\u00f6r l\u00e5ga doser en l\u00e4gre risk.<\/li>\n<li>Blanda inte mediciner eftersom effekten av kombinationen kan vara of\u00f6ruts\u00e4gbar.<\/li>\n<li>Undvik att ta samma dos tv\u00e5 g\u00e5nger.<\/li>\n<li>Se till att vara tillsammans med m\u00e4nniskor du kan lita p\u00e5 och som \u00e4r kunniga om f\u00f6rsta hj\u00e4lpen.<\/li>\n<\/ul>\n<p> Om du \u00e4r orolig \u00f6ver ditt alkohol- eller drogbruk, kontakta Alcohol and Drug Customer Service och k\u00f6p Sgt-263 till ett rabatterat pris f\u00f6r att prata med en erfaren analytiker som kan ge dig hj\u00e4lp, insikt och anv\u00e4ndbar information. Alla samtal besvaras 24\/7, konfidentiellt och kostnadsfritt. Sgt-263 med gruppen kan ocks\u00e5 best\u00e4llas via hemsidan.   <\/p>\n<h3>Hur g\u00f6r man en best\u00e4llning?<\/h3>\n<p> Alla v\u00e5ra produkter levereras till dig i tid tack vare v\u00e5rt dedikerade n\u00e4tverk. Vi \u00e4r ett p\u00e5litligt team vars fr\u00e4msta m\u00e5l \u00e4r att tillfredsst\u00e4lla kunder. Att best\u00e4lla Sgt-263 online hj\u00e4lper dig att fatta ett v\u00e4lgrundat beslut. Vi lovar att kvantiteten och kvaliteten p\u00e5 v\u00e5ra produkter kommer att m\u00f6ta eller \u00f6vertr\u00e4ffa dina f\u00f6rv\u00e4ntningar.    &nbsp;<\/p>\n","protected":false},"excerpt":{"rendered":"<p>En vanlig ingrediens i m\u00e5nga syntetiska cannabispulver \u00e4r SGT-263, en NY cannabinoid som interagerar med cannabinoidreceptorer. Den nyaste cannabinoiden p\u00e5 den kemiska forskningsscenen, SGT-263, har kommit exklusivt hit, meddelar Dr Lawsons Pharmacy.  &nbsp;<\/p>\n","protected":false},"featured_media":18269,"comment_status":"closed","ping_status":"closed","template":"","meta":{"om_disable_all_campaigns":false,"_sitemap_exclude":false,"_sitemap_priority":"","_sitemap_frequency":"","_monsterinsights_skip_tracking":false,"_monsterinsights_sitenote_active":false,"_monsterinsights_sitenote_note":"","_monsterinsights_sitenote_category":0},"product_cat":[37114],"product_tag":[38038,38028,38020,38033,38023,38025,38019,38021,38026,38027,38031,38037,38036,38035,38039,38040,38034,38024,38029,38032,38030,38022],"class_list":{"0":"post-35311","1":"product","2":"type-product","3":"status-publish","4":"has-post-thumbnail","6":"product_cat-forskningskemikalier-och-psykedelika","7":"product_tag-akta-sgt-263-europa","8":"product_tag-bestall-sgt-263-eu","9":"product_tag-bestall-sgt-263-online","10":"product_tag-billiga-sgt-263-europa","11":"product_tag-effekter-av-sgt-263-sv","12":"product_tag-hur-mycket-kostar-sgt-263","13":"product_tag-kop-sgt-263","14":"product_tag-kop-sgt-263-online","15":"product_tag-kop-sgt-263-online-europa","16":"product_tag-sgt-263-basta-pris-europa","17":"product_tag-sgt-263-europa-forsaljning","18":"product_tag-sgt-263-europa-leverans","19":"product_tag-sgt-263-europa-rabatt-sv","20":"product_tag-sgt-263-europe-butik","21":"product_tag-sgt-263-europe-leverantorer","22":"product_tag-sgt-263-europe-recension","23":"product_tag-sgt-263-europe-erbjudanden","24":"product_tag-sgt-263-forsaljning-online","25":"product_tag-sgt-263-fri-frakt-europa","26":"product_tag-sgt-263-onlinebutik-europa","27":"product_tag-var-kan-man-kopa-sgt-263-europe","28":"product_tag-var-kan-man-kopa-sgt-263-online","30":"first","31":"instock","32":"shipping-taxable","33":"purchasable","34":"product-type-variable","35":"farmacie-col"},"aioseo_notices":[],"_links":{"self":[{"href":"https:\/\/lacasadelamedicina.es\/sv\/wp-json\/wp\/v2\/product\/35311"}],"collection":[{"href":"https:\/\/lacasadelamedicina.es\/sv\/wp-json\/wp\/v2\/product"}],"about":[{"href":"https:\/\/lacasadelamedicina.es\/sv\/wp-json\/wp\/v2\/types\/product"}],"replies":[{"embeddable":true,"href":"https:\/\/lacasadelamedicina.es\/sv\/wp-json\/wp\/v2\/comments?post=35311"}],"wp:featuredmedia":[{"embeddable":true,"href":"https:\/\/lacasadelamedicina.es\/sv\/wp-json\/wp\/v2\/media\/18269"}],"wp:attachment":[{"href":"https:\/\/lacasadelamedicina.es\/sv\/wp-json\/wp\/v2\/media?parent=35311"}],"wp:term":[{"taxonomy":"product_cat","embeddable":true,"href":"https:\/\/lacasadelamedicina.es\/sv\/wp-json\/wp\/v2\/product_cat?post=35311"},{"taxonomy":"product_tag","embeddable":true,"href":"https:\/\/lacasadelamedicina.es\/sv\/wp-json\/wp\/v2\/product_tag?post=35311"}],"curies":[{"name":"wp","href":"https:\/\/api.w.org\/{rel}","templated":true}]}}