{"id":35303,"date":"2024-08-09T14:02:09","date_gmt":"2024-08-09T14:02:09","guid":{"rendered":"https:\/\/lacasadelamedicina.es\/product\/kop-nembutal-pulver-online\/"},"modified":"2024-08-09T14:02:09","modified_gmt":"2024-08-09T14:02:09","slug":"kop-nembutal-pulver-online","status":"publish","type":"product","link":"https:\/\/lacasadelamedicina.es\/sv\/produkt\/kop-nembutal-pulver-online\/","title":{"rendered":"K\u00f6p Nembutal pulver online"},"content":{"rendered":"<h3>Nembutal Powder &#8211; K\u00f6p Nembutal Online, Nembutal Powder till salu.<\/h3>\n<p> Nembutal-kemikalier levereras b\u00e4st av oss i USA och du kan k\u00f6pa Nembutal-pulver av h\u00f6g kvalitet till ett rimligt pris. Best\u00e4ll Nembutal online!  <strong>K\u00f6p Nembutal Powder Online<\/strong>  &#8211;  <a href=\"https:\/\/drlawsonspharmacy\/contact-us\/\">KONTAKTA<\/a><\/p>\n<h3>Vad \u00e4r Nembutalpulver?<\/h3>\n<p> Barbiturater \u00e4r en klass av l\u00e4kemedel som Nembutal-pulver tillh\u00f6r. Denna kemikalie anv\u00e4nds i b\u00e5de anestesi och psykiatri f\u00f6r att behandla patienter med problem som s\u00f6mnst\u00f6rningar, epilepsi och hj\u00e4rnskador. Nuf\u00f6rtiden kan tillverkaren eller internet\u00e5terf\u00f6rs\u00e4ljaren av detta l\u00e4kemedel kontaktas direkt. K\u00f6p Nembutalpulver online som framkallar en avslappnande d\u00e5sighet och lindrar obehag. Detta kan administreras genom att injicera en l\u00f6sning i musklerna. Detta har gjorts officiellt och Therapeutic Goods Administration \u00f6verv\u00e4ger att skjuta upp programmet.      <\/p>\n<h3><strong>Best\u00e4ll Nembutal Powder<\/strong> \u2013 Anv\u00e4ndning av Nembutal.<\/h3>\n<ul>\n<li>De huvudsakliga anv\u00e4ndningsomr\u00e5dena f\u00f6r Nembutal-pulver \u00e4r korttidsbehandling av s\u00f6mnl\u00f6shet. Detta g\u00f6r att m\u00e4nniskor sover lugnt under en period. <\/li>\n<li>I n\u00f6dfall anv\u00e4nder l\u00e4kare och f\u00f6rbed\u00f6vning denna kemikalie f\u00f6re operationen. Denna l\u00e4kemedelsdos ger b\u00e4ttre effekt och varar tills den beh\u00f6vs f\u00f6re anestesi. <\/li>\n<li>L\u00e4kemedlet i detta l\u00e4kemedel anv\u00e4nds f\u00f6r att minska trycket i skallen vid traumatisk hj\u00e4rnskada.<\/li>\n<li>Det anv\u00e4nds ocks\u00e5 som d\u00f6dshj\u00e4lpsmedel f\u00f6r djur och m\u00e4nniskor.<\/li>\n<li>Det anv\u00e4nds fr\u00e4mst f\u00f6r personer som blir beroende av droger och alkohol f\u00f6r att f\u00e5 kontroll \u00f6ver det.<\/li>\n<\/ul>\n<h3>Var kan man k\u00f6pa Nembutal-pulvret?<\/h3>\n<ul>\n<li>Det finns m\u00e5nga tillverkare av pulveriserad Nembutal p\u00e5 marknaden. Du m\u00e5ste dock vara extremt f\u00f6rsiktig n\u00e4r du v\u00e4ljer r\u00e4tt. Ett av de enklaste s\u00e4tten att f\u00e5 Nembutal s\u00e5 snart som m\u00f6jligt \u00e4r att k\u00f6pa det online.  <\/li>\n<li>Du kan hitta p\u00e5litliga k\u00e4llor f\u00f6r laglig f\u00f6rs\u00e4ljning av denna produkt. De flesta \u00e4r medvetna om de mildare biverkningarna av barbiturater. <\/li>\n<li><strong>K\u00f6p Nembutal-pulver online<\/strong> ger en bra f\u00e4rg som h\u00e5ller i l\u00e5nga dagar och l\u00e4mnar ett helhetsintryck.<\/li>\n<li>Det skulle vara b\u00e4st om du har tillst\u00e5nd att ta stora m\u00e4ngder p\u00e5 en g\u00e5ng eftersom \u00f6verdosering skulle f\u00e5 allvarliga effekter p\u00e5 anv\u00e4ndarna.<\/li>\n<\/ul>\n<p>&nbsp;<\/p>\n","protected":false},"excerpt":{"rendered":"<p>&nbsp;<\/p>\n","protected":false},"featured_media":18254,"comment_status":"closed","ping_status":"closed","template":"","meta":{"om_disable_all_campaigns":false,"_sitemap_exclude":false,"_sitemap_priority":"","_sitemap_frequency":"","_monsterinsights_skip_tracking":false,"_monsterinsights_sitenote_active":false,"_monsterinsights_sitenote_note":"","_monsterinsights_sitenote_category":0},"product_cat":[37114],"product_tag":[36563,36553,36547,36558,36548,36550,36545,36551,36544,36560,36564,36565,36559,36552,36562,36561,36556,36549,36554,36557,36555,36546],"class_list":{"0":"post-35303","1":"product","2":"type-product","3":"status-publish","4":"has-post-thumbnail","6":"product_cat-forskningskemikalier-och-psykedelika","7":"product_tag-akta-nembutal-pulver-europa","8":"product_tag-bestall-nembutal-pulver-eu","9":"product_tag-bestall-nembutal-pulver-online","10":"product_tag-billigt-nembutal-pulver-europa","11":"product_tag-effekter-av-nembutal-pulver-sv","12":"product_tag-hur-mycket-ar-nembutal-pulver","13":"product_tag-kop-nembutal-pulver-online","14":"product_tag-kop-nembutal-pulver-online-europa","15":"product_tag-kop-nembutalpulver","16":"product_tag-nembutal-powder-europe-butik","17":"product_tag-nembutal-powder-europe-leverantorer","18":"product_tag-nembutal-powder-europe-recension","19":"product_tag-nembutal-powder-europe-erbjudanden","20":"product_tag-nembutal-pulver-basta-pris-europa","21":"product_tag-nembutal-pulver-europa-leverans","22":"product_tag-nembutal-pulver-europa-rabatt-sv","23":"product_tag-nembutal-pulver-europa-rea","24":"product_tag-nembutal-pulver-forsaljning-online","25":"product_tag-nembutal-pulver-fri-frakt-europa","26":"product_tag-nembutal-pulver-onlinebutik-europa","27":"product_tag-var-kan-man-kopa-nembutal-pulver-europa","28":"product_tag-var-kan-man-kopa-nembutal-pulver-online","30":"first","31":"instock","32":"shipping-taxable","33":"purchasable","34":"product-type-variable","35":"farmacie-col"},"aioseo_notices":[],"_links":{"self":[{"href":"https:\/\/lacasadelamedicina.es\/sv\/wp-json\/wp\/v2\/product\/35303"}],"collection":[{"href":"https:\/\/lacasadelamedicina.es\/sv\/wp-json\/wp\/v2\/product"}],"about":[{"href":"https:\/\/lacasadelamedicina.es\/sv\/wp-json\/wp\/v2\/types\/product"}],"replies":[{"embeddable":true,"href":"https:\/\/lacasadelamedicina.es\/sv\/wp-json\/wp\/v2\/comments?post=35303"}],"wp:featuredmedia":[{"embeddable":true,"href":"https:\/\/lacasadelamedicina.es\/sv\/wp-json\/wp\/v2\/media\/18254"}],"wp:attachment":[{"href":"https:\/\/lacasadelamedicina.es\/sv\/wp-json\/wp\/v2\/media?parent=35303"}],"wp:term":[{"taxonomy":"product_cat","embeddable":true,"href":"https:\/\/lacasadelamedicina.es\/sv\/wp-json\/wp\/v2\/product_cat?post=35303"},{"taxonomy":"product_tag","embeddable":true,"href":"https:\/\/lacasadelamedicina.es\/sv\/wp-json\/wp\/v2\/product_tag?post=35303"}],"curies":[{"name":"wp","href":"https:\/\/api.w.org\/{rel}","templated":true}]}}