{"id":35294,"date":"2024-08-09T14:02:09","date_gmt":"2024-08-09T14:02:09","guid":{"rendered":"https:\/\/lacasadelamedicina.es\/product\/kop-gamma-butyrolactone-gbl-online\/"},"modified":"2024-08-09T14:02:09","modified_gmt":"2024-08-09T14:02:09","slug":"kop-gamma-butyrolactone-gbl-online","status":"publish","type":"product","link":"https:\/\/lacasadelamedicina.es\/sv\/produkt\/kop-gamma-butyrolactone-gbl-online\/","title":{"rendered":"K\u00f6p Gamma Butyrolactone (GBL) online"},"content":{"rendered":"<h3>Gamma-butyrolactone till salu, k\u00f6p GBL online i TYSKLAND, best\u00e4ll GBL online<\/h3>\n<p> K\u00f6p Gamma Butyrolactone (GBL) online \u2013 \u00c4ven om GHB och GBL \u00e4r betydande CNS-depressiva medel i praktiskt taget alla levande varelser, \u00e4r det \u00e4nnu inte k\u00e4nt hur de p\u00e5verkar hj\u00e4rnan. Att l\u00f6sa dessa pussel kan hj\u00e4lpa oss att f\u00f6rst\u00e5 de mest grundl\u00e4ggande egenskaperna hos hj\u00e4rnaktivitet. Den optiska detekteringen av GHB och GBL \u00e4r sannolikt f\u00f6r <a href=\"https:\/\/dieapotheke247.com\/\">b<\/a>iologisk forskning om dessa neurodepressiva medel kan vara till nytta. Dessutom \u00e4r GHB och GBL bland de neurologiska arter f\u00f6r vilka sensorer \u00e4r s\u00e4rskilt sv\u00e5ra att konstruera p\u00e5 grund av sin enkla struktur och brist p\u00e5 responsplatser. Tack vare v\u00e5r kunskap och p\u00e5litlighet i att s\u00e4lja gammabutyrolakton online har vi blivit ett av de mest popul\u00e4ra f\u00f6retagen med bokstavligen tusentals konsumenter fr\u00e5n hela v\u00e4rlden som best\u00e4ller GBL. K\u00f6p Gamma Butyrolactone (GBL) online      <a href=\"https:\/\/drlawsonspharmacy\/contact-us\/\"><a href=\"https:\/\/drlawsonspharmacy\/contact-us\/\">KONTAKT K\u00f6p Gamma Butyrolactone (GBL) online<\/a> <\/a><\/p>\n<h3>Vad \u00e4r GBL?<\/h3>\n<p> Det \u00e4r en f\u00e4rgl\u00f6s, hygroskopisk v\u00e4tska som blandas med vatten och har en l\u00e4tt doft. De mest grundl\u00e4ggande \u00e4r laktoner med 4 kol. GBL verkar hos m\u00e4nniskor som en prodrug f\u00f6r -hydroxism\u00f6rsyran GHB och som ett CNS-d\u00e4mpande medel f\u00f6r rekreationsbruk med barbituratliknande effekter. Det omvandlas som en mellanprodukt till andra f\u00f6reningar s\u00e5som metyl-2-pyrrolidon. GBL-extrakt fanns i prover av of\u00f6rfalskat vin. Detta fynd bevisar att GBL USA f\u00f6rekommer naturligt i vissa viner och relaterade varor. GC\/MS-analys av detektionskoncentrationen p\u00e5 5 g\/ml underl\u00e4ttades med en enkel elimineringsteknik. GBL \u00e4r ofta felaktigt framst\u00e4llt och bjuds ut till f\u00f6rs\u00e4ljning som en v\u00e4tska.        <\/p>\n<h3>Varf\u00f6r k\u00f6pa GBL?<\/h3>\n<p> Vi har ett gott rykte som en leverant\u00f6r som alltid tar sina skyldigheter gentemot sina kunder p\u00e5 allvar. Online-\u00e5terf\u00f6rs\u00e4ljare erbjuder Gamma-Butyrolactone GBL Online och andra relevanta produkter till rimliga priser. F\u00f6r att best\u00e4lla dessa GBL-produkter m\u00e5ste vi investera mycket pengar.   <\/p>\n<ul>\n<li>Din best\u00e4llning kommer att packas med yttersta precision av f\u00f6rpackningsteamet f\u00f6r att undvika skador under transporten.<\/li>\n<li>S\u00e5 du kan se hur enkelt det \u00e4r att best\u00e4lla en gammabutyrolactone GBL reng\u00f6ringsmedel online fr\u00e5n oss.<\/li>\n<li>Det fanns en tid d\u00e5 det var sv\u00e5rt att k\u00f6pa Gamma-Butyrolactone GBL.<\/li>\n<li>Offline under l\u00e5nga resor och endast n\u00e4r tillg\u00e4nglig offline i butiker online.<\/li>\n<li>Online-l\u00e4get uppstod dock p\u00e5 grund av teknisk och historisk utveckling.<\/li>\n<\/ul>\n<p> Gamma-Butyrolactone GBL kan enkelt k\u00f6pas fr\u00e5n en onlinebutik till ett l\u00e5gt pris med dina enheter fr\u00e5n vilken plats som helst. Du beh\u00f6ver inte l\u00e4ngre resa n\u00e4r du kan k\u00f6pa Gamma-Butyrolactone GBL online fr\u00e5n oss n\u00e4r som helst.  <\/p>\n<h3>Hur anv\u00e4nder jag GBL?<\/h3>\n<p> Detta material \u00e4r avsett att st\u00f6dja rekommendationerna fr\u00e5n din l\u00e4kare eller annan sjukv\u00e5rdspersonal och \u00e4r inte avsett att t\u00e4cka alla potentiella anv\u00e4ndningar, f\u00f6rsiktighets\u00e5tg\u00e4rder, interaktioner eller negativa effekter. Denna information kanske inte g\u00e4ller din specifika h\u00e4lsosituation. K\u00f6p aldrig GBL online eller fr\u00e5n en annan licensierad v\u00e5rdgivare baserat enbart p\u00e5 information du har l\u00e4st online.   S\u00f6k alltid akut professionell medicinsk r\u00e5dgivning fr\u00e5n din l\u00e4kare. <strong><a href=\"https:\/\/legitchemicals.com\/product\/buy-gamma-butyrolactone-gbl-online\/\">K\u00f6p GBL online<\/a><\/strong> \u2013 Dr. Lawsons Pharmacy Store har h\u00f6gsta kvalitet Gamma Hydroxybutyrate till salu. K\u00f6p GHB online, best\u00e4ll GHB lagligt online. Molekylen gamma-hydroxibutyrat finns i hj\u00e4rnan. GHB har en lugnande effekt som p\u00e5verkar ett antal nervbanor i hj\u00e4rnan. Det anv\u00e4nds ofta som en drog f\u00f6r att underl\u00e4tta sexuella \u00f6vergrepp och som en festdrog, varf\u00f6r den klassas som ett f\u00f6rbjudet \u00e4mne p\u00e5 grund av s\u00e4kerhetsproblem. S\u00e5 f\u00f6r att f\u00e5 GHB GAMMA HYDROXYBUTYRATE och ta itu med ett allvarligt problem m\u00e5ste du leta efter den relevanta webbplatsen. Denna produkt, som fortfarande \u00e4r till salu i USA trots att den drogs tillbaka fr\u00e5n marknaden 1990, \u00e4r \u200b\u200bb\u00e4ttre l\u00e4mpad f\u00f6r att hitta en l\u00f6sning p\u00e5 ditt problem. K\u00f6p Gamma Butyrolactone (GBL) online        &nbsp;<\/p>\n","protected":false},"excerpt":{"rendered":"<p>(GBL) online till l\u00e4gsta priser fr\u00e5n en amerikansk leverant\u00f6r. En l\u00e5gluktande, f\u00e4rgl\u00f6s, hygroskopisk v\u00e4tska med vattenblandbarhet kallas -butyrolakton (GBL). Den enklaste \u00e4r en 4-kol lakton. GBL fungerar som en prodrug f\u00f6r hydroxism\u00f6rsyra (GHB) hos m\u00e4nniskor och anv\u00e4nds ocks\u00e5 som ett avslappnande CNS-d\u00e4mpande medel med liknande effekter som barbiturater. Det \u00e4r ocks\u00e5 en kemisk mellanprodukt som anv\u00e4nds f\u00f6r att g\u00f6ra andra f\u00f6reningar.     &nbsp;<\/p>\n","protected":false},"featured_media":18239,"comment_status":"closed","ping_status":"closed","template":"","meta":{"om_disable_all_campaigns":false,"_sitemap_exclude":false,"_sitemap_priority":"","_sitemap_frequency":"","_monsterinsights_skip_tracking":false,"_monsterinsights_sitenote_active":false,"_monsterinsights_sitenote_note":"","_monsterinsights_sitenote_category":0},"product_cat":[37114],"product_tag":[37994,37984,37976,37989,37979,37983,37987,37993,37995,37992,37996,37991,37990,37980,37985,37988,37981,37975,37977,37982,37986,37978],"class_list":{"0":"post-35294","1":"product","2":"type-product","3":"status-publish","4":"has-post-thumbnail","6":"product_cat-forskningskemikalier-och-psykedelika","7":"product_tag-autentisk-gamma-butyrolactone-gbl-europa-sv","8":"product_tag-bestall-gamma-butyrolactone-gbl-eu","9":"product_tag-bestall-gamma-butyrolactone-gbl-online","10":"product_tag-billigt-gamma-butyrolactone-gbl-europa","11":"product_tag-effekter-av-gammabutyrolakton-gbl","12":"product_tag-gamma-butyrolactone-gbl-basta-pris-europa","13":"product_tag-gamma-butyrolactone-gbl-europa-forsaljning","14":"product_tag-gamma-butyrolactone-gbl-europa-leverans","15":"product_tag-gamma-butyrolactone-gbl-europa-leverantorer","16":"product_tag-gamma-butyrolactone-gbl-europa-rabatt-sv","17":"product_tag-gamma-butyrolactone-gbl-europe-review-sv","18":"product_tag-gamma-butyrolactone-gbl-europe-shop-sv","19":"product_tag-gamma-butyrolactone-gbl-europe-erbjudanden","20":"product_tag-gamma-butyrolactone-gbl-forsaljning-online","21":"product_tag-gamma-butyrolactone-gbl-fri-frakt-europa","22":"product_tag-gamma-butyrolactone-gbl-webbutik-europa","23":"product_tag-hur-mycket-kostar-gamma-butyrolactone-gbl","24":"product_tag-kop-gamma-butyrolactone-gbl","25":"product_tag-kop-gamma-butyrolactone-gbl-online","26":"product_tag-kop-gamma-butyrolactone-gbl-online-europa","27":"product_tag-var-kan-man-kopa-gamma-butyrolactone-gbl-europe","28":"product_tag-var-kan-man-kopa-gamma-butyrolactone-gbl-online","30":"first","31":"instock","32":"shipping-taxable","33":"purchasable","34":"product-type-variable","35":"farmacie-col"},"aioseo_notices":[],"_links":{"self":[{"href":"https:\/\/lacasadelamedicina.es\/sv\/wp-json\/wp\/v2\/product\/35294"}],"collection":[{"href":"https:\/\/lacasadelamedicina.es\/sv\/wp-json\/wp\/v2\/product"}],"about":[{"href":"https:\/\/lacasadelamedicina.es\/sv\/wp-json\/wp\/v2\/types\/product"}],"replies":[{"embeddable":true,"href":"https:\/\/lacasadelamedicina.es\/sv\/wp-json\/wp\/v2\/comments?post=35294"}],"wp:featuredmedia":[{"embeddable":true,"href":"https:\/\/lacasadelamedicina.es\/sv\/wp-json\/wp\/v2\/media\/18239"}],"wp:attachment":[{"href":"https:\/\/lacasadelamedicina.es\/sv\/wp-json\/wp\/v2\/media?parent=35294"}],"wp:term":[{"taxonomy":"product_cat","embeddable":true,"href":"https:\/\/lacasadelamedicina.es\/sv\/wp-json\/wp\/v2\/product_cat?post=35294"},{"taxonomy":"product_tag","embeddable":true,"href":"https:\/\/lacasadelamedicina.es\/sv\/wp-json\/wp\/v2\/product_tag?post=35294"}],"curies":[{"name":"wp","href":"https:\/\/api.w.org\/{rel}","templated":true}]}}