{"id":35284,"date":"2024-08-09T14:02:13","date_gmt":"2024-08-09T14:02:13","guid":{"rendered":"https:\/\/lacasadelamedicina.es\/product\/kop-bolivia-kokain-online\/"},"modified":"2024-08-09T14:02:13","modified_gmt":"2024-08-09T14:02:13","slug":"kop-bolivia-kokain-online","status":"publish","type":"product","link":"https:\/\/lacasadelamedicina.es\/sv\/produkt\/kop-bolivia-kokain-online\/","title":{"rendered":"K\u00f6p Bolivia kokain online"},"content":{"rendered":"<h3><strong>K\u00f6p Bolivia kokain online.<\/strong><\/h3>\n<p> Bolivia \u00e4r en av de st\u00f6rsta producenterna av koka, en av de mest konsumerade drogerna i v\u00e4rlden. Letar du efter den b\u00e4sta onlinebutiken f\u00f6r att k\u00f6pa kokain fr\u00e5n Bolivia? Dr Lawsons Pharmacy \u00e4r det enda s\u00e4ttet! Till den mest \u00f6verkomliga kostnaden erbjuder vi det b\u00e4sta bolivianska kokainet online.    <a href=\"https:\/\/drlawsonspharmacy\/contact-us\/\">KONTAKTA<\/a> K\u00f6p Bolivia kokain online <\/p>\n<h3>Hur tillverkas kokain i Bolivia?<\/h3>\n<p> Bolivianskt kokain tillverkas av kokav\u00e4xten och s\u00e4ljs mestadels illegalt. Att g\u00f6ra kokain till f\u00f6rs\u00e4ljning i Bolivia kr\u00e4ver flera processer, inklusive kemisk bearbetning och blandning. Cocabladen krossas f\u00f6rst och torkas. Dessa blad extraheras sedan till kokainpulver, som sedan ofta s\u00e4ljs p\u00e5 den underjordiska marknaden. Bolivianskt kokain fr\u00e5n v\u00e4lrenommerade \u00e5terf\u00f6rs\u00e4ljare som Dr. Lawsons Pharmacy kan injiceras eller snortas och \u00e4r vanligtvis f\u00f6rem\u00e5l f\u00f6r statliga best\u00e4mmelser. K\u00f6p Bolivia kokain online      <\/p>\n<h3>F\u00f6rdelar med Bolivia Cocaine &#8211; K\u00f6p Bolivia Cocaine Online.<\/h3>\n<p> Om du letar efter en high som ger dig en k\u00e4nsla av lycka och energi, \u00e4r bolivianskt kokain ditt b\u00e4sta val. Bolivianskt kokain \u00e4r ett anv\u00e4ndbart terapialternativ f\u00f6r m\u00e5nga m\u00e4nniskor eftersom det hj\u00e4lper till att minska symtomen p\u00e5 tillst\u00e5nd som ADHD, ih\u00e5llande sm\u00e4rta, \u00e5ngest och depression. F\u00f6rutom att frusta det, r\u00f6ka det eller injicera det i kroppen f\u00f6r att k\u00e4nna effekterna, kan du konsumera kokain p\u00e5 m\u00e5nga andra s\u00e4tt. Till exempel kan en kombination av \u00f6l och kokain leda till en intensiv kv\u00e4ll som inte g\u00f6r att du k\u00e4nner dig s\u00f6mnig n\u00e4sta dag. Endast Bolivia producerar detta kraftfulla l\u00e4kemedel, som s\u00e4ljs online p\u00e5 Dr. Lawsons Pharmacy. Bolivianskt kokain \u00e4r inte bara rent och of\u00f6rfalskat, det \u00e4r ocks\u00e5 billigt \u2013 till och med billigare \u00e4n vissa illegala substanser. Dessutom finns det internationella fraktalternativ, s\u00e5 <strong>du kan f\u00e5 bolivianskt kokain online var som helst<\/strong>. K\u00f6p Bolivia kokain online        <\/p>\n<h3><strong>Best\u00e4ll bolivianskt kokain<\/strong><\/h3>\n<p> Bolivianskt kokain kan p\u00e5verka kroppens system och funktioner p\u00e5 en m\u00e4ngd olika s\u00e4tt. Dessa biverkningar kan uppst\u00e5 n\u00e4r som helst under anv\u00e4ndning eller efter uts\u00e4ttning och kan variera fr\u00e5n mindre till potentiellt d\u00f6dliga. \u00d6kad \u00e5ngest, panikattacker, snabba hj\u00e4rtslag, paranoia, hallucinationer, kramper, risk f\u00f6r stroke, h\u00f6gt blodtryck och beroende \u00e4r n\u00e5gra av de vanligare negativa effekterna av kokainbruk i Bolivia. Dessa \u00e4r inte de enda farorna som \u00e4r f\u00f6rknippade med att anv\u00e4nda detta \u00e4mne, \u00e4ven om de alla \u00e4r allvarliga effekter som inte b\u00f6r tas l\u00e4tt p\u00e5. Om det anv\u00e4nds ofta och under l\u00e5nga perioder medf\u00f6r bolivianskt kokain ocks\u00e5 risk f\u00f6r missbruk och l\u00e5ngvarig fysisk och kognitiv funktionsneds\u00e4ttning.     <\/p>\n<h3>Var kan man k\u00f6pa kokain online i Bolivia?<\/h3>\n<p> Det finns m\u00e5nga f\u00f6rdelar med att v\u00e4lja Dr. Lawsons Pharmacy som din leverant\u00f6r om du best\u00e4mmer dig f\u00f6r att k\u00f6pa bolivianskt kokain online. Vi \u00e4r fast beslutna att tillhandah\u00e5lla h\u00f6gkvalitativa kokainvaror till konkurrenskraftiga priser. Ingen f\u00e5r stj\u00e4la dina droger under transport d\u00e5 alla produkter p\u00e5 v\u00e5r webbplats levereras s\u00e4kert och s\u00e4kert. Dessutom erbjuds en rad andra h\u00f6gkvalitativa kokainprodukter, s\u00e5som crack, pulver, mexikanskt kokain med mera.    &nbsp;<\/p>\n","protected":false},"excerpt":{"rendered":"<p>K\u00f6p Bolivia kokain online. Bolivia \u00e4r en av de st\u00f6rsta producenterna av koka, en av de mest konsumerade drogerna i v\u00e4rlden. Letar du efter den b\u00e4sta onlinebutiken f\u00f6r att k\u00f6pa kokain fr\u00e5n Bolivia? Dr Lawsons Pharmacy \u00e4r det enda s\u00e4ttet! Till den mest \u00f6verkomliga kostnaden erbjuder vi det b\u00e4sta bolivianska kokainet online. KONTAKTA K\u00f6p Bolivia [&hellip;]<\/p>\n","protected":false},"featured_media":18359,"comment_status":"closed","ping_status":"closed","template":"","meta":{"om_disable_all_campaigns":false,"_sitemap_exclude":false,"_sitemap_priority":"","_sitemap_frequency":"","_monsterinsights_skip_tracking":false,"_monsterinsights_sitenote_active":false,"_monsterinsights_sitenote_note":"","_monsterinsights_sitenote_category":0},"product_cat":[37577],"product_tag":[37949,37939,37931,37944,37938,37946,37942,37948,37950,37947,37951,37945,37940,37943,37935,37934,37936,37932,37937,37930,37941,37933],"class_list":{"0":"post-35284","1":"product","2":"type-product","3":"status-publish","4":"has-post-thumbnail","6":"product_cat-kokain-sv","7":"product_tag-autentisk-bolivia-kokain-europa-sv","8":"product_tag-bestall-bolivia-kokain-eu","9":"product_tag-bestall-bolivia-kokain-online","10":"product_tag-billigt-bolivia-kokain-europa","11":"product_tag-bolivia-kokain-basta-pris-europa","12":"product_tag-bolivia-kokain-europa-butik","13":"product_tag-bolivia-kokain-europa-forsaljning","14":"product_tag-bolivia-kokain-europa-leverans","15":"product_tag-bolivia-kokain-europa-leverantorer","16":"product_tag-bolivia-kokain-europa-rabatt-sv","17":"product_tag-bolivia-kokain-europa-recension","18":"product_tag-bolivia-kokain-europa-erbjudanden","19":"product_tag-bolivia-kokain-fri-frakt-europa","20":"product_tag-bolivia-kokain-onlinebutik-europa","21":"product_tag-bolivia-kokainforsaljning-online","22":"product_tag-effekter-av-bolivia-kokain-sv","23":"product_tag-hur-mycket-kostar-bolivia-kokain","24":"product_tag-kop-bolivia-kokain-online","25":"product_tag-kop-bolivia-kokain-online-europa","26":"product_tag-kopa-bolivia-kokain","27":"product_tag-var-kan-man-kopa-bolivia-kokain-europa","28":"product_tag-var-kan-man-kopa-bolivia-kokain-online","30":"first","31":"instock","32":"shipping-taxable","33":"purchasable","34":"product-type-variable","35":"farmacie-col"},"aioseo_notices":[],"_links":{"self":[{"href":"https:\/\/lacasadelamedicina.es\/sv\/wp-json\/wp\/v2\/product\/35284"}],"collection":[{"href":"https:\/\/lacasadelamedicina.es\/sv\/wp-json\/wp\/v2\/product"}],"about":[{"href":"https:\/\/lacasadelamedicina.es\/sv\/wp-json\/wp\/v2\/types\/product"}],"replies":[{"embeddable":true,"href":"https:\/\/lacasadelamedicina.es\/sv\/wp-json\/wp\/v2\/comments?post=35284"}],"wp:featuredmedia":[{"embeddable":true,"href":"https:\/\/lacasadelamedicina.es\/sv\/wp-json\/wp\/v2\/media\/18359"}],"wp:attachment":[{"href":"https:\/\/lacasadelamedicina.es\/sv\/wp-json\/wp\/v2\/media?parent=35284"}],"wp:term":[{"taxonomy":"product_cat","embeddable":true,"href":"https:\/\/lacasadelamedicina.es\/sv\/wp-json\/wp\/v2\/product_cat?post=35284"},{"taxonomy":"product_tag","embeddable":true,"href":"https:\/\/lacasadelamedicina.es\/sv\/wp-json\/wp\/v2\/product_tag?post=35284"}],"curies":[{"name":"wp","href":"https:\/\/api.w.org\/{rel}","templated":true}]}}