{"id":35276,"date":"2024-08-09T14:02:13","date_gmt":"2024-08-09T14:02:13","guid":{"rendered":"https:\/\/lacasadelamedicina.es\/product\/kop-peruanskt-kokain-online\/"},"modified":"2024-08-09T14:02:13","modified_gmt":"2024-08-09T14:02:13","slug":"kop-peruanskt-kokain-online","status":"publish","type":"product","link":"https:\/\/lacasadelamedicina.es\/sv\/produkt\/kop-peruanskt-kokain-online\/","title":{"rendered":"K\u00f6p peruanskt kokain online"},"content":{"rendered":"<h3>K\u00f6p peruanskt kokain online.<\/h3>\n<p> Letar du efter en riktig, stark high? Dr. Lawsons Pharmacy erbjuder <a href=\"https:\/\/dieapotheke247.com\/\">O<\/a>nline order av peruanskt kokain. Med en produktionsprocess som konsekvent producerar h\u00f6gkvalitativt kokain, \u00e4r vi specialiserade p\u00e5 att s\u00e4lja endast det b\u00e4sta peruanska kokainet online. Peruanskt kokain online    <a href=\"https:\/\/drlawsonspharmacy\/contact-us\/\"><a href=\"https:\/\/drlawsonspharmacy\/contact-us\/\">kaufen<\/a><\/a>  &#8211;  <a href=\"https:\/\/dieapotheke247.com\/\"><a href=\"https:\/\/dieapotheke247.com\/\">KONTAKTA<\/a><\/a><\/p>\n<p><em>Berlin, Hamburg, M\u00fcnchen, M\u00fcnchen, K\u00f6ln, K\u00f6ln, Frankfurt, Stuttgart, D\u00fcsseldorf, Dortmund, Essen, Leipzig, Bremen, Dresden, Hannover, Hannover, N\u00fcrnberg, N\u00fcrnberg, Duisburg, Bochum, Wuppertal, Bonn, Mannheim, Karlsruhe, Augsburg, Wiesbaden, M\u00fcnster, Gelsenkirchen, Aachen, Chemnitz, Braunschweig, Kiel, Krefeld, Halle, Saale,<\/em><\/p>\n<h3>Hur tillverkas peruanskt kokain?<\/h3>\n<p> N\u00e4r du f\u00f6rs\u00f6ker k\u00f6pa kokain \u00e4r det viktigt att f\u00f6rst\u00e5 de processer som sker n\u00e4r kokain skapas. Peruanskt kokain framst\u00e4lls p\u00e5 flera s\u00e4tt. Peruanskt kokain skapas oftast genom j\u00e4sning. Kokablad bl\u00f6tl\u00e4ggs i vatten under j\u00e4sningsprocessen, vilket ger kristalliserad kokainhydroklorid. Denna metod ger en h\u00f6gkvalitativ produkt som \u00e4r l\u00e4tt att dispensera och kr\u00e4ver inga speciella verktyg eller f\u00e4rdigheter. Att f\u00e5 kokain med eter \u00e4r en annan typisk process i Peru. Kokablad bearbetas till kristaller av kokainhydroklorid efter att ha neds\u00e4nkts i en eterl\u00f6sning under extraktionsprocessen. Extraktionsf\u00f6rh\u00e5llandena kan variera, vilket g\u00f6r denna process mindre tillf\u00f6rlitlig \u00e4n j\u00e4sning n\u00e4r det g\u00e4ller kvalitetskonsistens.        <\/p>\n<h3>K\u00f6p peruanskt kokain online<\/h3>\n<p> Sist men inte minst anv\u00e4nds den subkritiska vattens\u00e4nkningstekniken (SWIM) \u00e4ven f\u00f6r att f\u00e5 fram kokain i Peru. I SWIM-processen bl\u00f6tl\u00e4ggs kokablad i vatten vid undertryck tills de l\u00f6ses upp i v\u00e4tska, och de l\u00f6sta fasta \u00e4mnena extraheras sedan med konventionella l\u00f6sningsmedelsextraktionsmetoder s\u00e5som destillation eller kristallisation. Om du tar peruanskt kokain fr\u00e5n Dr. N\u00e4r du best\u00e4ller Lawsons Pharmacy online kan du vara s\u00e4ker p\u00e5 att du kommer att f\u00e5 en h\u00f6gkvalitativ produkt som uppfyller dina behov.   <\/p>\n<h3>F\u00f6rdelarna med peruanskt kokain<\/h3>\n<p> Utan tvekan \u00e4r peruanskt kokain ett av de mest anv\u00e4nda narkotikan i v\u00e4rlden. Och av goda sk\u00e4l \u2013 det \u00e4r ett kraftfullt stimulerande medel som kan hj\u00e4lpa dig att k\u00e4nna dig mer energisk och glad. Peruanska kokainanv\u00e4ndare rapporterar ofta att de k\u00e4nner sig mer energiska och pigga efter att ha konsumerat \u00e4mnet. \u00d6kad energi kan st\u00f6dja produktivitet, koncentration och probleml\u00f6sning. Dr. Lawsons Pharmacy erbjuder bulk peruanskt kokain, vilket kan hj\u00e4lpa anv\u00e4ndare att k\u00e4nna sig lyckligare och njuta av sociala sammankomster, konstn\u00e4rliga anstr\u00e4ngningar och fritidsaktiviteter mer \u00e4n de skulle g\u00f6ra utan drogen.     <\/p>\n<h3>Vilka \u00e4r biverkningarna av att ta peruanskt kokain?<\/h3>\n<p> Crackkokain fr\u00e5n Peru \u00e4r en stam som ofta har h\u00f6gre styrka \u00e4n andra crackvarianter. Detta tyder p\u00e5 att peruanskt kokain kan ha mer allvarliga fysiska biverkningar j\u00e4mf\u00f6rt med andra former av crack-kokain. \u00d6kad puls och blodtryck, h\u00f6gre risk f\u00f6r luftv\u00e4gssjukdomar, beroende och beteendef\u00f6r\u00e4ndringar, psykologiska biverkningar som depression, \u00e5ngest och paranoida tankar, abstinensbesv\u00e4r, l\u00e5ngvariga skador p\u00e5 inre organ, risker f\u00f6r graviditet och andra h\u00e4lsoproblem. exempel p\u00e5 m\u00f6jliga fysiska biverkningar av den peruanska kokainanv\u00e4ndningen.   <\/p>\n<h3>Var kan jag k\u00f6pa \u00e4kta peruanskt kokain online?<\/h3>\n<p> Letar du efter ett s\u00e4tt att fullt ut konsumera peruanskt kokain utan risk att bli arresterad? Dr. Lawsons Pharmacy \u00e4r det enda alternativet. H\u00e4r kan du s\u00e4kert k\u00f6pa peruanskt kokain av h\u00f6g kvalitet i grossistledet online. Eftersom v\u00e5ra produkter \u00e4r starkare \u00e4n andra typer av kokain som finns p\u00e5 marknaden \u00e4r de utm\u00e4rkande. G\u00f6r ditt k\u00f6p nu!     &nbsp;<\/p>\n","protected":false},"excerpt":{"rendered":"<p>K\u00f6p peruanskt kokain online. Letar du efter en riktig, stark high? Dr. Lawsons Pharmacy erbjuder Online order av peruanskt kokain. Med en produktionsprocess som konsekvent producerar h\u00f6gkvalitativt kokain, \u00e4r vi specialiserade p\u00e5 att s\u00e4lja endast det b\u00e4sta peruanska kokainet online. Peruanskt kokain online kaufen &#8211; KONTAKTA Berlin, Hamburg, M\u00fcnchen, M\u00fcnchen, K\u00f6ln, K\u00f6ln, Frankfurt, Stuttgart, D\u00fcsseldorf, [&hellip;]<\/p>\n","protected":false},"featured_media":18344,"comment_status":"closed","ping_status":"closed","template":"","meta":{"om_disable_all_campaigns":false,"_sitemap_exclude":false,"_sitemap_priority":"","_sitemap_frequency":"","_monsterinsights_skip_tracking":false,"_monsterinsights_sitenote_active":false,"_monsterinsights_sitenote_note":"","_monsterinsights_sitenote_category":0},"product_cat":[37577],"product_tag":[37927,37917,37908,37922,37912,37914,37915,37909,37910,37921,37913,37923,37928,37916,37924,37920,37926,37925,37929,37918,37919,37911],"class_list":{"0":"post-35276","1":"product","2":"type-product","3":"status-publish","4":"has-post-thumbnail","6":"product_cat-kokain-sv","7":"product_tag-autentiskt-peruanskt-kokain-europa","8":"product_tag-bestall-peruanskt-kokain-eu","9":"product_tag-bestalla-peruanskt-kokain-online","10":"product_tag-billigt-peruanskt-kokain-europa","11":"product_tag-effekter-av-peruanskt-kokain","12":"product_tag-hur-mycket-kostar-peruanskt-kokain","13":"product_tag-kop-peruanskt-kokain-online-europa","14":"product_tag-kopa-peruanskt-kokain","15":"product_tag-kopa-peruanskt-kokain-online","16":"product_tag-peruansk-kokain-onlinebutik-europa","17":"product_tag-peruansk-kokainforsaljning-online","18":"product_tag-peruanska-erbjudanden-om-kokain-i-europa","19":"product_tag-peruanska-kokain-europa-leverantorer","20":"product_tag-peruanskt-kokain-basta-pris-europa","21":"product_tag-peruanskt-kokain-europa-butik","22":"product_tag-peruanskt-kokain-europa-forsaljning","23":"product_tag-peruanskt-kokain-europa-leverans","24":"product_tag-peruanskt-kokain-europa-rabatt","25":"product_tag-peruanskt-kokain-europe-review","26":"product_tag-peruanskt-kokain-fri-frakt-europa","27":"product_tag-var-kan-man-kopa-peruanskt-kokain-europa","28":"product_tag-var-kan-man-kopa-peruanskt-kokain-online","30":"first","31":"instock","32":"shipping-taxable","33":"purchasable","34":"product-type-variable","35":"farmacie-col"},"aioseo_notices":[],"_links":{"self":[{"href":"https:\/\/lacasadelamedicina.es\/sv\/wp-json\/wp\/v2\/product\/35276"}],"collection":[{"href":"https:\/\/lacasadelamedicina.es\/sv\/wp-json\/wp\/v2\/product"}],"about":[{"href":"https:\/\/lacasadelamedicina.es\/sv\/wp-json\/wp\/v2\/types\/product"}],"replies":[{"embeddable":true,"href":"https:\/\/lacasadelamedicina.es\/sv\/wp-json\/wp\/v2\/comments?post=35276"}],"wp:featuredmedia":[{"embeddable":true,"href":"https:\/\/lacasadelamedicina.es\/sv\/wp-json\/wp\/v2\/media\/18344"}],"wp:attachment":[{"href":"https:\/\/lacasadelamedicina.es\/sv\/wp-json\/wp\/v2\/media?parent=35276"}],"wp:term":[{"taxonomy":"product_cat","embeddable":true,"href":"https:\/\/lacasadelamedicina.es\/sv\/wp-json\/wp\/v2\/product_cat?post=35276"},{"taxonomy":"product_tag","embeddable":true,"href":"https:\/\/lacasadelamedicina.es\/sv\/wp-json\/wp\/v2\/product_tag?post=35276"}],"curies":[{"name":"wp","href":"https:\/\/api.w.org\/{rel}","templated":true}]}}