{"id":35260,"date":"2024-08-09T14:02:16","date_gmt":"2024-08-09T14:02:16","guid":{"rendered":"https:\/\/lacasadelamedicina.es\/product\/volkswagen-kokain-kop-online-90\/"},"modified":"2024-08-09T14:02:16","modified_gmt":"2024-08-09T14:02:16","slug":"volkswagen-kokain-kop-online-90","status":"publish","type":"product","link":"https:\/\/lacasadelamedicina.es\/sv\/produkt\/volkswagen-kokain-kop-online-90\/","title":{"rendered":"Volkswagen Kokain K\u00f6p online 90 %"},"content":{"rendered":"<h3>K\u00f6p Volkswagen Cocaine Online 90% Pure Online<\/h3>\n<p> Volkswagen kokain inneh\u00e5ller mellan 70 och 90 procent ren<a href=\"https:\/\/dieapotheke247.com\/\">kokain<\/a>. Det \u00e4r en av de typer av kokain som vanligtvis finns i dagens samh\u00e4lle. I m\u00e5nga fall fungerar kokain som en blockerare eller sm\u00e4rtstillande. 90 % rent Volkswagen kokain till salu. K\u00f6p Volkswagen kokain online 90 %- <a href=\"https:\/\/drlawsonspharmacy\/contact-us\/\">KONTAKT K\u00f6p Volkswagen kokain online 90%<\/a> Ett av de psykotropa substanserna som anv\u00e4nds i b\u00e5de den medicinska och icke-medicinska industrin \u00e4r Volkswagen kokain. Volkswagen kokain har ofta ocks\u00e5 stimulerande egenskaper. Av denna anledning anv\u00e4nds det f\u00f6r att g\u00f6ra en m\u00e4ngd olika mediciner och terapier.       <\/p>\n<h3><b>S\u00e5 fungerar Volkswagen kokain<\/b><\/h3>\n<p> \u00c4ven om de olika typerna av kokain inneh\u00e5ller olika m\u00e4ngder rent kokain, \u00e4r vissa av dem mer anv\u00e4ndbara \u00e4n andra. Volkswagen kokain \u00e4r ocks\u00e5 anv\u00e4ndbart f\u00f6r m\u00e4nniskokroppen p\u00e5 m\u00e5nga s\u00e4tt. K\u00f6p Volkswagen Cocaine Online 90% Detta extremt rena material anv\u00e4nds f\u00f6r att utf\u00f6ra uppgifter snabbt och exakt. Detta kokain har en omedelbar effekt p\u00e5 det centrala nervsystemet. Vissa kemiska hormoner som anv\u00e4nds f\u00f6r att lindra sm\u00e4rta stimuleras av kokain. Det stimulerar ocks\u00e5 fris\u00e4ttningen av vissa neurotransmittorer i hj\u00e4rnan. Men det kan ocks\u00e5 ibland sl\u00e4ppa ut kemikalier p\u00e5 egen hand f\u00f6r att kontrollera sm\u00e4rta. Det har en avslappnande effekt och kan lindra alla typer av obehag. M\u00e4nniskor upplever l\u00e4ttnad fr\u00e5n sitt obehag som ett resultat.         <\/p>\n<h3>K\u00f6p Volkswagen kokain online<\/h3>\n<p> Att ta denna pro-drug kan ocks\u00e5 l\u00f6sa problemet med s\u00f6mnl\u00f6shet. Dess komponenter inneh\u00e5ller en liten m\u00e4ngd s\u00f6mninducerande l\u00e4kemedel. Volkswagen kokain anv\u00e4nds i dansklubbar av b\u00e5de proffs och vanliga m\u00e4nniskor f\u00f6r olika \u00e4ndam\u00e5l. M\u00e4nniskor som konsumerade detta l\u00e4kemedel under en kort period rapporterade att de k\u00e4nde sig mer energiska och aktiva. Eftersom Volkswagen kokain \u00e4r en mycket ren drog kan l\u00e5ngvarig konsumtion vara farlig f\u00f6r m\u00e4nniskokroppen. D\u00e4rf\u00f6r b\u00f6r det endast anv\u00e4ndas n\u00e4r m\u00e4nniskokroppen beh\u00f6ver det. K\u00f6p Volkswagen kokain online 90 %       <\/p>\n<h3><strong>Best\u00e4ll Volkswagen kokain online 90 % ren<\/strong><\/h3>\n<p> Vi erbjuder \u00e4ven mycket billigt Volkswagen kokain i v\u00e5r webshop. Genom v\u00e5r leveranstj\u00e4nst kan du f\u00e5 din vara extremt snabbt. V\u00e5ra kemister har sett till att lagringsf\u00f6rh\u00e5llandena \u00e4r s\u00e5dana att kokainets renhet inte kan f\u00f6r\u00e4ndras av n\u00e5gon faktor. K\u00f6p Volkswagen kokain online 90 %    &nbsp;<\/p>\n","protected":false},"excerpt":{"rendered":"<p>Volkswagen kokain till salu online. H\u00e4r p\u00e5 Dr Lawsons Pharmacy erbjuder vi \u00e4kta Volkswagen kokain till f\u00f6rs\u00e4ljning. Vi arbetar h\u00e5rt varje dag f\u00f6r att f\u00f6rse v\u00e5ra kunder med det b\u00e4sta Volkswagen-kokainet p\u00e5 marknaden.   &nbsp;<\/p>\n","protected":false},"featured_media":18389,"comment_status":"closed","ping_status":"closed","template":"","meta":{"om_disable_all_campaigns":false,"_sitemap_exclude":false,"_sitemap_priority":"","_sitemap_frequency":"","_monsterinsights_skip_tracking":false,"_monsterinsights_sitenote_active":false,"_monsterinsights_sitenote_note":"","_monsterinsights_sitenote_category":0},"product_cat":[37577],"product_tag":[37883,37867,37873,37878,37868,37870,37871,37865,37864,37875,37866,37884,37879,37885,37869,37874,37872,37880,37876,37882,37881,37877],"class_list":{"0":"post-35260","1":"product","2":"type-product","3":"status-publish","4":"has-post-thumbnail","6":"product_cat-kokain-sv","7":"product_tag-akta-volkswagen-kokain-90-europa","8":"product_tag-bestall-volkswagen-kokain-90-online","9":"product_tag-bestall-volkswagen-kokain-90-eu","10":"product_tag-billigt-volkswagen-kokain-90-europa","11":"product_tag-effekter-av-volkswagen-kokain-90-sv","12":"product_tag-hur-mycket-kostar-volkswagen-kokain-90","13":"product_tag-kop-volkswagen-cocaine-90-online-europa","14":"product_tag-kop-volkswagen-kokain-90-online","15":"product_tag-kop-volkswagen-kokain-90","16":"product_tag-var-kan-man-kopa-volkswagen-cocaine-90-europe","17":"product_tag-var-kan-man-kopa-volkswagen-cocaine-90-online","18":"product_tag-volkswagen-cocaine-90-europa-leverantorer","19":"product_tag-volkswagen-cocaine-90-europa-erbjudanden","20":"product_tag-volkswagen-cocaine-90-europe-recension","21":"product_tag-volkswagen-cocaine-90-forsaljning-online","22":"product_tag-volkswagen-kokain-90-fri-frakt-europa","23":"product_tag-volkswagen-kokain-90-basta-pris-europa","24":"product_tag-volkswagen-kokain-90-europa-butik","25":"product_tag-volkswagen-kokain-90-europa-forsaljning","26":"product_tag-volkswagen-kokain-90-europa-leverans","27":"product_tag-volkswagen-kokain-90-europarabatt","28":"product_tag-volkswagen-kokain-90-webbutik-europa","30":"first","31":"instock","32":"shipping-taxable","33":"purchasable","34":"product-type-variable","35":"farmacie-col"},"aioseo_notices":[],"_links":{"self":[{"href":"https:\/\/lacasadelamedicina.es\/sv\/wp-json\/wp\/v2\/product\/35260"}],"collection":[{"href":"https:\/\/lacasadelamedicina.es\/sv\/wp-json\/wp\/v2\/product"}],"about":[{"href":"https:\/\/lacasadelamedicina.es\/sv\/wp-json\/wp\/v2\/types\/product"}],"replies":[{"embeddable":true,"href":"https:\/\/lacasadelamedicina.es\/sv\/wp-json\/wp\/v2\/comments?post=35260"}],"wp:featuredmedia":[{"embeddable":true,"href":"https:\/\/lacasadelamedicina.es\/sv\/wp-json\/wp\/v2\/media\/18389"}],"wp:attachment":[{"href":"https:\/\/lacasadelamedicina.es\/sv\/wp-json\/wp\/v2\/media?parent=35260"}],"wp:term":[{"taxonomy":"product_cat","embeddable":true,"href":"https:\/\/lacasadelamedicina.es\/sv\/wp-json\/wp\/v2\/product_cat?post=35260"},{"taxonomy":"product_tag","embeddable":true,"href":"https:\/\/lacasadelamedicina.es\/sv\/wp-json\/wp\/v2\/product_tag?post=35260"}],"curies":[{"name":"wp","href":"https:\/\/api.w.org\/{rel}","templated":true}]}}