{"id":35247,"date":"2024-08-09T14:02:16","date_gmt":"2024-08-09T14:02:16","guid":{"rendered":"https:\/\/lacasadelamedicina.es\/product\/kop-crackkokain-online\/"},"modified":"2024-08-09T14:02:16","modified_gmt":"2024-08-09T14:02:16","slug":"kop-crackkokain-online","status":"publish","type":"product","link":"https:\/\/lacasadelamedicina.es\/sv\/produkt\/kop-crackkokain-online\/","title":{"rendered":"K\u00f6p crackkokain online"},"content":{"rendered":"<h3>K\u00f6p crackkokain online.<\/h3>\n<p> Crack \u00e4r drogen f\u00f6r dig om du letar efter en high som ger dig en kraftfull energikick. Cocaplantan \u00e4r k\u00e4llan till crack, ett kraftfullt stimulerande medel. Det har en stark, omedelbar effekt som bland annat ger njutning och en boost av energi. Planerar du att k\u00f6pa crack-kokain online? Om s\u00e5 \u00e4r fallet, \u00e4r Dr Lawsons Pharmacy din one-stop shop f\u00f6r allt du vill k\u00f6pa online om crack. K\u00f6p crack kokain online &#8211;      <a href=\"https:\/\/drlawsonspharmacy\/contact-us\/\">KONTAKTA<\/a><\/p>\n<h3>Vad \u00e4r crackkokain gjord av?<\/h3>\n<p> Bladen p\u00e5 kokaplantan anv\u00e4nds f\u00f6r att g\u00f6ra kokain, ett stimulerande medel. Det marknadsf\u00f6rs ofta som &#8221;crack-kokain&#8221;, en kombination av kokain och vatten. Dr Lawsons Pharmacy \u00e4r det b\u00e4sta valet f\u00f6r alla som vill k\u00f6pa detta kraftfulla \u00e4mne p\u00e5 ett s\u00e4kert s\u00e4tt, tack vare deras breda utbud av h\u00f6gkvalitativa sprickor i bulk, s\u00e4kra betalningsmetoder och diskret leverans.   <\/p>\n<h3>F\u00f6rdelarna med crack kokain<\/h3>\n<p> En av de mest anv\u00e4nda narkotikan p\u00e5 marknaden \u00e4r crack, och av goda sk\u00e4l. Det \u00e4r ett enkelt och snabbt s\u00e4tt att f\u00e5 en kraftfull high som varar l\u00e4ngre \u00e4n andra droger. Till skillnad fr\u00e5n andra narkotika, som ibland tar timmar att f\u00e5 effekt, fungerar crack direkt. Du kan njuta av din high direkt eftersom du kan k\u00e4nna effekterna efter bara n\u00e5gra minuter. Crack tros ocks\u00e5 \u00f6ka kreativiteten och k\u00e4nslom\u00e4ssig intensitet j\u00e4mf\u00f6rt med andra droger som marijuana eller ecstasy. K\u00f6p Crack Cocaine Online Hos Dr. P\u00e5 Lawsons Pharmacy erbjuder vi konsumenter i alla l\u00e4nder prisv\u00e4rd tillg\u00e5ng till premium crack-kokain som finns att k\u00f6pa online. Du kan vara s\u00e4ker p\u00e5 att du kommer att f\u00e5 b\u00e4sta m\u00f6jliga resultat eftersom v\u00e5r crack \u00e4r tillverkad enligt h\u00f6gsta renhetsstandard.       <\/p>\n<h3>Biverkningar av crack kokain<\/h3>\n<p> Crack \u00e4r ett extremt beroendeframkallande och skadligt \u00e4mne som allvarligt kan skada din h\u00e4lsa. De negativa effekterna av crack kan vara d\u00f6dliga, beroendeframkallande och ha en negativ inverkan p\u00e5 mental h\u00e4lsa. Dessutom kan crack ha omedelbara fysiska biverkningar som hj\u00e4rtklappning, aggression och psykos. Det \u00e4r viktigt att utbilda dig sj\u00e4lv om riskerna innan du anv\u00e4nder crack eftersom l\u00e5ngsiktiga negativa effekter kanske inte blir uppenbara f\u00f6rr\u00e4n \u00e5r efter konsumtion.    <\/p>\n<h3>K\u00f6p Crack Cocaine Online &#8211; K\u00f6p Crack Cocaine Online fr\u00e5n Dr Lawsons Pharmacy<\/h3>\n<p> Letar du efter ett s\u00e4tt att bli h\u00f6g? Bes\u00f6k Dr Lawsons Pharmacy, webbplatsen d\u00e4r du kan k\u00f6pa kvalitetstestad crack i bulk. Vi erbjuder ett brett utbud av varor inklusive sprickor i storlekar fr\u00e5n ett kilo till sm\u00e5 kvantiteter. Du kommer inte att hitta ett b\u00e4ttre erbjudande \u00e4n v\u00e5rt utm\u00e4rkta crack-pris n\u00e5gon annanstans. Vi paketerar v\u00e5ra varor med stor omsorg s\u00e5 att de kommer fram diskret och s\u00e4kert eftersom vi vet v\u00e4rdet av integritet. Vi hoppas verkligen att du kommer att \u00f6verv\u00e4ga Dr Lawsons Pharmacy som din prim\u00e4ra internetk\u00e4lla f\u00f6r att k\u00f6pa crack.      &nbsp;<\/p>\n","protected":false},"excerpt":{"rendered":"<p>K\u00f6p crackkokain online. Crack \u00e4r drogen f\u00f6r dig om du letar efter en high som ger dig en kraftfull energikick. Cocaplantan \u00e4r k\u00e4llan till crack, ett kraftfullt stimulerande medel. Det har en stark, omedelbar effekt som bland annat ger njutning och en boost av energi. Planerar du att k\u00f6pa crack-kokain online? Om s\u00e5 \u00e4r fallet, [&hellip;]<\/p>\n","protected":false},"featured_media":18764,"comment_status":"closed","ping_status":"closed","template":"","meta":{"om_disable_all_campaigns":false,"_sitemap_exclude":false,"_sitemap_priority":"","_sitemap_frequency":"","_monsterinsights_skip_tracking":false,"_monsterinsights_sitenote_active":false,"_monsterinsights_sitenote_note":"","_monsterinsights_sitenote_category":0},"product_cat":[37577],"product_tag":[37817,37807,37799,37812,37806,37814,37810,37818,37815,37819,37808,37816,37813,37811,37803,37802,37804,37805,37798,37800,37809,37801],"class_list":{"0":"post-35247","1":"product","2":"type-product","3":"status-publish","4":"has-post-thumbnail","6":"product_cat-kokain-sv","7":"product_tag-akta-crack-kokain-i-europa","8":"product_tag-bestall-crack-kokain-eu","9":"product_tag-bestalla-crack-kokain-online","10":"product_tag-billigt-crack-kokain-europa","11":"product_tag-crack-kokain-basta-pris-europa","12":"product_tag-crack-kokain-europa-butik","13":"product_tag-crack-kokain-europa-forsaljning","14":"product_tag-crack-kokain-europa-leverantorer","15":"product_tag-crack-kokain-europa-rabatt-sv","16":"product_tag-crack-kokain-europa-recension","17":"product_tag-crack-kokain-fri-frakt-europa","18":"product_tag-crack-kokain-europa-leverans","19":"product_tag-crack-kokain-i-europa","20":"product_tag-crack-kokain-onlinebutik-europa","21":"product_tag-crack-kokainforsaljning-pa-natet","22":"product_tag-effekter-av-crack-kokain-sv","23":"product_tag-hur-mycket-ar-crack-kokain","24":"product_tag-kop-crackkokain-online-europa","25":"product_tag-kopa-crack-kokain","26":"product_tag-kopa-crack-kokain-online","27":"product_tag-var-kan-man-kopa-crack-kokain-i-europa","28":"product_tag-var-kan-man-kopa-crack-kokain-online","30":"first","31":"instock","32":"shipping-taxable","33":"purchasable","34":"product-type-variable","35":"farmacie-col"},"aioseo_notices":[],"_links":{"self":[{"href":"https:\/\/lacasadelamedicina.es\/sv\/wp-json\/wp\/v2\/product\/35247"}],"collection":[{"href":"https:\/\/lacasadelamedicina.es\/sv\/wp-json\/wp\/v2\/product"}],"about":[{"href":"https:\/\/lacasadelamedicina.es\/sv\/wp-json\/wp\/v2\/types\/product"}],"replies":[{"embeddable":true,"href":"https:\/\/lacasadelamedicina.es\/sv\/wp-json\/wp\/v2\/comments?post=35247"}],"wp:featuredmedia":[{"embeddable":true,"href":"https:\/\/lacasadelamedicina.es\/sv\/wp-json\/wp\/v2\/media\/18764"}],"wp:attachment":[{"href":"https:\/\/lacasadelamedicina.es\/sv\/wp-json\/wp\/v2\/media?parent=35247"}],"wp:term":[{"taxonomy":"product_cat","embeddable":true,"href":"https:\/\/lacasadelamedicina.es\/sv\/wp-json\/wp\/v2\/product_cat?post=35247"},{"taxonomy":"product_tag","embeddable":true,"href":"https:\/\/lacasadelamedicina.es\/sv\/wp-json\/wp\/v2\/product_tag?post=35247"}],"curies":[{"name":"wp","href":"https:\/\/api.w.org\/{rel}","templated":true}]}}