{"id":35223,"date":"2024-08-09T14:02:17","date_gmt":"2024-08-09T14:02:17","guid":{"rendered":"https:\/\/lacasadelamedicina.es\/product\/kop-kilocain-pulver-99-online\/"},"modified":"2024-08-09T14:02:17","modified_gmt":"2024-08-09T14:02:17","slug":"kop-kilocain-pulver-99-online","status":"publish","type":"product","link":"https:\/\/lacasadelamedicina.es\/sv\/produkt\/kop-kilocain-pulver-99-online\/","title":{"rendered":"K\u00f6p Kilocain pulver 99% online"},"content":{"rendered":"<h3>K\u00f6p Kilocaine Powder 99% Online<\/h3>\n<p> K\u00f6p Kilocaine Pulver i Bulk nu; K\u00f6p Kilocaine Powder 99 % online &#8211; <a href=\"https:\/\/drlawsonspharmacy\/contact-us\/\">KONTAKT K\u00f6p Kilocaine Powder 99 Online<\/a> Liknande kokain \u00e4r Kilocaine. En helt ny och intressant forskningskemikalie, Kilocaine, har f\u00e5tt positiva recensioner sedan lanseringen. Denna kategori av experimentella l\u00e4kemedel kallas ofta f\u00f6r &#8221;designerdroger&#8221;. P\u00e5 grund av sin nya kemiska struktur och avsaknaden av specifika lagbest\u00e4mmelser representerar de en ny klass av l\u00e4kemedel. Forskningskemikalierna i sig f\u00f6rblir lagliga och oplanerade, vilket g\u00f6r dem intressanta av flera sk\u00e4l. De kallas ofta f\u00f6r &#8221;badsalt&#8221; eller &#8221;lagliga toppar&#8221; eftersom de s\u00e4ljs lagligt och f\u00f6r att deras effekter ofta \u00e4r sl\u00e5ende lika de som de huvudsakliga illegala drogerna har.      <\/p>\n<h3><strong>Hur man k\u00f6per Kilocain Powder 99% Pure<\/strong><\/h3>\n<p> Det fascinerande nya forsknings\u00e4mnet Kilocain har f\u00e5tt positiva recensioner sedan det sl\u00e4pptes. Eftersom det \u00e4r en kemikalie som fortfarande forskas p\u00e5 hamnar den under kategorin &#8221;designerdroger&#8221;. Dessa \u00e4mnen tillh\u00f6r en speciell klass av l\u00e4kemedel som k\u00e4nnetecknas av en speciell kemisk struktur och f\u00f6r vilka det ofta finns begr\u00e4nsad reglering enligt g\u00e4llande lagar. Ofta kallade &#8221;badsalt&#8221; eller &#8221;legal highs&#8221;, dessa \u00e4mnen s\u00e4ljs lagligt och har effekter som liknar illegala narkotika, men varierar i styrka. Den lagliga och oreglerade statusen f\u00f6r kemikalier som Kilocain, som \u00f6ppnar upp ett universum av fascinerande m\u00f6jligheter, \u00e4r det som driver forskare att studera dem. K\u00f6p Kilocain Powder 99 online      <\/p>\n<h3><strong>Best\u00e4ll Kilocain Powder<\/strong><\/h3>\n<p> Termen &#8221;designerdroger&#8221; syftar p\u00e5 ett brett spektrum av \u00e4mnen som har syntetiserats f\u00f6r forsknings- och test\u00e4ndam\u00e5l inom vetenskapen. &nbsp;<\/p>\n","protected":false},"excerpt":{"rendered":"<p><strong>K\u00f6p 99 % rent Kilocaine-pulver online. Kokain \u00e4r j\u00e4mf\u00f6rbart med Kilocaine.  <\/strong><\/p>\n","protected":false},"featured_media":18419,"comment_status":"closed","ping_status":"closed","template":"","meta":{"om_disable_all_campaigns":false,"_sitemap_exclude":false,"_sitemap_priority":"","_sitemap_frequency":"","_monsterinsights_skip_tracking":false,"_monsterinsights_sitenote_active":false,"_monsterinsights_sitenote_note":"","_monsterinsights_sitenote_category":0},"product_cat":[37114],"product_tag":[37729,37719,37713,37724,37714,37716,37718,37730,37731,37715,37720,37723,37727,37728,37725,37726,37722,37710,37711,37717,37721,37712],"class_list":{"0":"post-35223","1":"product","2":"type-product","3":"status-publish","4":"has-post-thumbnail","6":"product_cat-forskningskemikalier-och-psykedelika","7":"product_tag-akta-kilocain-pulver-99-europa","8":"product_tag-bestall-kilocain-pulver-99-eu","9":"product_tag-bestall-kilocain-pulver-99-online","10":"product_tag-billigt-kilocain-pulver-99-europa","11":"product_tag-effekter-av-kilocain-pulver-99-sv","12":"product_tag-hur-mycket-ar-kilocain-pulver-99","13":"product_tag-kilocain-pulver-99-basta-pris-europa","14":"product_tag-kilocain-pulver-99-europa-leverantorer","15":"product_tag-kilocain-pulver-99-europa-recension","16":"product_tag-kilocain-pulver-99-forsaljning-online","17":"product_tag-kilocain-pulver-99-fri-frakt-europa","18":"product_tag-kilocain-pulver-99-webbutik-europa","19":"product_tag-kilocainpulver-99-europarabatt","20":"product_tag-kilokainpulver-99-europa-leverans","21":"product_tag-kilokainpulver-99-europa-erbjudanden","22":"product_tag-kilokainpulver-99-europabutik","23":"product_tag-kilokainpulver-99-rea-i-europa","24":"product_tag-kop-kilocain-pulver-99","25":"product_tag-kop-kilocain-pulver-99-online","26":"product_tag-kop-kilocain-pulver-99-online-europa","27":"product_tag-var-kan-man-kopa-kilocain-pulver-99-europa","28":"product_tag-var-kan-man-kopa-kilocain-pulver-99-online","30":"first","31":"instock","32":"shipping-taxable","33":"purchasable","34":"product-type-variable","35":"farmacie-col"},"aioseo_notices":[],"_links":{"self":[{"href":"https:\/\/lacasadelamedicina.es\/sv\/wp-json\/wp\/v2\/product\/35223"}],"collection":[{"href":"https:\/\/lacasadelamedicina.es\/sv\/wp-json\/wp\/v2\/product"}],"about":[{"href":"https:\/\/lacasadelamedicina.es\/sv\/wp-json\/wp\/v2\/types\/product"}],"replies":[{"embeddable":true,"href":"https:\/\/lacasadelamedicina.es\/sv\/wp-json\/wp\/v2\/comments?post=35223"}],"wp:featuredmedia":[{"embeddable":true,"href":"https:\/\/lacasadelamedicina.es\/sv\/wp-json\/wp\/v2\/media\/18419"}],"wp:attachment":[{"href":"https:\/\/lacasadelamedicina.es\/sv\/wp-json\/wp\/v2\/media?parent=35223"}],"wp:term":[{"taxonomy":"product_cat","embeddable":true,"href":"https:\/\/lacasadelamedicina.es\/sv\/wp-json\/wp\/v2\/product_cat?post=35223"},{"taxonomy":"product_tag","embeddable":true,"href":"https:\/\/lacasadelamedicina.es\/sv\/wp-json\/wp\/v2\/product_tag?post=35223"}],"curies":[{"name":"wp","href":"https:\/\/api.w.org\/{rel}","templated":true}]}}