{"id":35182,"date":"2024-08-09T14:02:17","date_gmt":"2024-08-09T14:02:17","guid":{"rendered":"https:\/\/lacasadelamedicina.es\/product\/kop-ekologiskt-kokain-86-online\/"},"modified":"2024-09-19T06:33:31","modified_gmt":"2024-09-19T06:33:31","slug":"kop-ekologiskt-kokain-86-online","status":"publish","type":"product","link":"https:\/\/lacasadelamedicina.es\/sv\/produkt\/kop-ekologiskt-kokain-86-online\/","title":{"rendered":"K\u00f6p ekologiskt kokain 86% online"},"content":{"rendered":"<h3>K\u00f6p ekologiskt kokain 86% online.<\/h3>\n<p> Kokain \u00e4r ett mycket kraftfullt stimulerande medel som anv\u00e4nds f\u00f6r att skapa en unik och f\u00f6rf\u00f6risk mental struktur hos m\u00e4nniskor. Det m\u00e4nskliga sinnet \u00e4r <a href=\"https:\/\/dieapotheke247.com\/\">assisterad<\/a> av organiskt kokain f\u00f6r att uppfatta typiska yttre h\u00e4ndelser. Liksom andra stimulantia verkar organiskt kokain direkt p\u00e5 det centrala nervsystemet. K\u00f6p ekologiskt kokain 86 % online- <a href=\"https:\/\/drlawsonspharmacy\/contact-us\/\">KONTAKT<\/a> Vissa f\u00f6reningar f\u00f6rst\u00e4rks av detta stimulerande medel. P\u00e5 planeten erbjuds och k\u00f6ps \u00e4ven ekologiskt kokain under varum\u00e4rket coke. Det anv\u00e4nds inte bara som ett l\u00e4kemedel, utan ocks\u00e5 f\u00f6r att producera olika l\u00e4kemedel. Dessa l\u00e4kemedel \u00e4r extremt anv\u00e4ndbara f\u00f6r m\u00e4nniskors h\u00e4lsa. Bland de popul\u00e4raste drogerna \u00e4r kokain p\u00e5 andra plats.        <\/p>\n<h3>K\u00f6p Bio Cocaine 86% online<\/h3>\n<p> En av de renaste varianterna av kokain, producerad b\u00e5de artificiellt och naturligt, kallas Bio Cocaine-86. P\u00e5 grund av dess speciella egenskaper, s\u00e5som f\u00f6rm\u00e5gan att agera omedelbart, anv\u00e4nds Bio Cocaine ofta i farmaceutiska produkter. Det \u00e4r ett extremt effektivt l\u00e4kemedel utformat f\u00f6r att mildra effekterna av chock p\u00e5 det m\u00e4nskliga psyket. Med andra ord, Bio Cocaine-86 anv\u00e4nds f\u00f6r att hj\u00e4lpa det m\u00e4nskliga sinnet att kontrollera starka k\u00e4nslor som gl\u00e4dje eller sorg. Under dessa omst\u00e4ndigheter fungerar ocks\u00e5 det m\u00e4nskliga sinnet normalt. Det anv\u00e4nds ocks\u00e5 f\u00f6r att fr\u00e4mja h\u00e4lsosam och ost\u00f6rd s\u00f6mn. Efter att ha konsumerat detta kokain, rapporterar anv\u00e4ndare att de k\u00e4nner sig avslappnade och energiska. F\u00f6r att till fullo kunna njuta av dessa festligheter konsumeras Bio Cocaine-86 \u00e4ven i danshallar och barer utan l\u00e4karrecept. M\u00e4nniskor anv\u00e4nder detta \u00e4mne f\u00f6r att \u00e5terh\u00e4mta sig fr\u00e5n sina dagliga sysslor. Under en kort period anv\u00e4nds den ocks\u00e5 f\u00f6r att lindra eller eliminera depression. P\u00e5 grund av de n\u00e4mnda egenskaperna hamnar den p\u00e5 andra plats p\u00e5 listan \u00f6ver de mest anv\u00e4nda drogerna. K\u00f6p Bio Cocaine 86% online            <\/p>\n<h3><strong>Best\u00e4ll biokokain 86%<\/strong><\/h3>\n<p> Utan tvekan \u00e4r Bio Cocaine-86 mycket anv\u00e4ndbart f\u00f6r m\u00e4nniskokroppen i en m\u00e4ngd olika situationer, men \u00f6verdriven konsumtion kan skada b\u00e5de den fysiska och mentala h\u00e4lsan hos konsumenten. P\u00e5 grund av dess frekventa anv\u00e4ndning kan det orsaka s\u00f6mnl\u00f6shet. D\u00e4rf\u00f6r b\u00f6r det endast anv\u00e4ndas n\u00e4r m\u00e4nniskokroppen beh\u00f6ver det. Bio Cocaine-86 kan antingen injiceras direkt i en ven eller snortas. Vem som helst kan enkelt f\u00e5 det via webbshoppen. V\u00e5r onlinebutik erbjuder \u00e4ven Bio Cocaine-86 till mycket \u00f6verkomliga priser. Genom v\u00e5r onlineleveranstj\u00e4nst f\u00e5r du din vara extremt snabbt. K\u00f6p ekologiskt kokain 86% online        &nbsp;<\/p>\n","protected":false},"excerpt":{"rendered":"<p>K\u00f6p ekologiskt kokain 86% fr\u00e5n oss och dra nytta av v\u00e5r diskreta f\u00f6rpackning. S\u00e4rskilda rabatter \u00e4r tillg\u00e4ngliga f\u00f6r massbest\u00e4llningar. K\u00f6p kokain online &#8211; Laglig leverant\u00f6r av kokain &#8211; K\u00f6p kokain online USA. Onlineapotek erbjuder otroliga grossistrabatter!    &nbsp;<\/p>\n","protected":false},"featured_media":18404,"comment_status":"closed","ping_status":"closed","template":"","meta":{"om_disable_all_campaigns":false,"_sitemap_exclude":false,"_sitemap_priority":"","_sitemap_frequency":"","_monsterinsights_skip_tracking":false,"_monsterinsights_sitenote_active":false,"_monsterinsights_sitenote_note":"","_monsterinsights_sitenote_category":0},"product_cat":[37577],"product_tag":[37597,37587,37579,37592,37582,37586,37594,37596,37598,37593,37595,37599,37590,37583,37588,37591,37584,37578,37580,37585,37589,37581],"class_list":{"0":"post-35182","1":"product","2":"type-product","3":"status-publish","4":"has-post-thumbnail","6":"product_cat-kokain-sv","7":"product_tag-akta-ekologiskt-kokain-86-europa","8":"product_tag-bestall-ekologiskt-kokain-86-eu","9":"product_tag-bestall-ekologiskt-kokain-86-online","10":"product_tag-billigt-ekologiskt-kokain-86-europa","11":"product_tag-effekter-av-ekologiskt-kokain-86","12":"product_tag-ekologiskt-kokain-86-basta-pris-europa","13":"product_tag-ekologiskt-kokain-86-europa-butik","14":"product_tag-ekologiskt-kokain-86-europa-leverans","15":"product_tag-ekologiskt-kokain-86-europa-leverantorer","16":"product_tag-ekologiskt-kokain-86-europa-erbjudanden","17":"product_tag-ekologiskt-kokain-86-europarabatt","18":"product_tag-ekologiskt-kokain-86-europe-review","19":"product_tag-ekologiskt-kokain-86-forsaljning-i-europa","20":"product_tag-ekologiskt-kokain-86-forsaljning-online","21":"product_tag-ekologiskt-kokain-86-fri-frakt-europa","22":"product_tag-ekologiskt-kokain-86-webbutik-europa","23":"product_tag-hur-mycket-ar-ekologiskt-kokain-86","24":"product_tag-kop-ekologiskt-kokain-86","25":"product_tag-kop-ekologiskt-kokain-86-online","26":"product_tag-kop-ekologiskt-kokain-86-online-europa","27":"product_tag-var-kan-man-kopa-ekologiskt-kokain-86-europa","28":"product_tag-var-kan-man-kopa-ekologiskt-kokain-86-online","30":"first","31":"instock","32":"shipping-taxable","33":"purchasable","34":"product-type-variable","35":"farmacie-col"},"aioseo_notices":[],"_links":{"self":[{"href":"https:\/\/lacasadelamedicina.es\/sv\/wp-json\/wp\/v2\/product\/35182"}],"collection":[{"href":"https:\/\/lacasadelamedicina.es\/sv\/wp-json\/wp\/v2\/product"}],"about":[{"href":"https:\/\/lacasadelamedicina.es\/sv\/wp-json\/wp\/v2\/types\/product"}],"replies":[{"embeddable":true,"href":"https:\/\/lacasadelamedicina.es\/sv\/wp-json\/wp\/v2\/comments?post=35182"}],"wp:featuredmedia":[{"embeddable":true,"href":"https:\/\/lacasadelamedicina.es\/sv\/wp-json\/wp\/v2\/media\/18404"}],"wp:attachment":[{"href":"https:\/\/lacasadelamedicina.es\/sv\/wp-json\/wp\/v2\/media?parent=35182"}],"wp:term":[{"taxonomy":"product_cat","embeddable":true,"href":"https:\/\/lacasadelamedicina.es\/sv\/wp-json\/wp\/v2\/product_cat?post=35182"},{"taxonomy":"product_tag","embeddable":true,"href":"https:\/\/lacasadelamedicina.es\/sv\/wp-json\/wp\/v2\/product_tag?post=35182"}],"curies":[{"name":"wp","href":"https:\/\/api.w.org\/{rel}","templated":true}]}}