{"id":35173,"date":"2024-08-09T14:02:20","date_gmt":"2024-08-09T14:02:20","guid":{"rendered":"https:\/\/lacasadelamedicina.es\/product\/kop-bensylmetylketon-b-m-k-online\/"},"modified":"2024-08-09T14:02:20","modified_gmt":"2024-08-09T14:02:20","slug":"kop-bensylmetylketon-b-m-k-online","status":"publish","type":"product","link":"https:\/\/lacasadelamedicina.es\/sv\/produkt\/kop-bensylmetylketon-b-m-k-online\/","title":{"rendered":"K\u00f6p bensylmetylketon (B-M-K) online"},"content":{"rendered":"<h3>Benzyl Methyl Ketone-b-m-k till salu \u2013 K\u00f6p Benzyl Methyl Ketone-b-m-k online<\/h3>\n<p> Vi \u00e4r din b\u00e4sta k\u00e4lla och \u00e5terf\u00f6rs\u00e4ljare f\u00f6r att k\u00f6pa bensylmetylketon och har \u00e4ven bensylmetylketon till salu. Du kan k\u00f6pa Bensyl Methyl Ketone online enkelt och lagligt fr\u00e5n oss. K\u00f6p bensylmetylketon (B-M-K) online \u2013 <a href=\"https:\/\/drlawsonspharmacy\/contact-us\/\">KONTAKT<\/a> BMK \u00e4r en naturligt f\u00f6rekommande kemikalie med ett brett anv\u00e4ndningsomr\u00e5de. Det \u00e4r en enstegsprocess i syntesen av l\u00e4kemedlet Ecstasy. Det \u00e4r en blandbar v\u00e4tska som l\u00f6ser sig i vatten och \u00e4r smakl\u00f6s, f\u00e4rgl\u00f6s och brandfarlig. Den b\u00e4sta BMK-oljan finns i v\u00e5r webbutik. Att k\u00f6pa bensylmetylketon online \u00e4r enkelt. F\u00f6lj dessa riktlinjer: V\u00e4lj din favoritprodukt fr\u00e5n rullgardinsmenyn nedan. Klicka p\u00e5 &#8221;L\u00e4gg till i varukorgen&#8221; f\u00f6r att slutf\u00f6ra k\u00f6pet av varan. L\u00e4gg best\u00e4llningen n\u00e4r den \u00e4r levererad.          <\/p>\n<h3>F\u00f6rdelar med bensylmetylketon<\/h3>\n<p> P\u00e5 grund av dess alkohol- och ketonsammans\u00e4ttning kan bensoylmetylketon ha diuretiska och avgiftande effekter. <\/p>\n<ul>\n<li>BMK har f\u00f6reslagits av vissa forskare som en hj\u00e4lpsam stressavlastare.<\/li>\n<li>Vissa s\u00e4ger att det s\u00e4nker kortisol, ett stresshormon, \u00e4ven om det kan ta lite tid att k\u00e4nna av effekterna.<\/li>\n<li>En annan m\u00f6jlig f\u00f6rdel med <strong>Benzyl Methyl Ketone-b-m-k <\/strong> \u00e4r att det kan minska risken f\u00f6r Alzheimers sjukdom.<\/li>\n<li>Sammans\u00e4ttningen tros bek\u00e4mpa inflammation i hj\u00e4rnan, som kan skydda mot Alzheimers-relaterade nervskador.<\/li>\n<\/ul>\n<h3>Var kan man k\u00f6pa bensylmetylketon?<\/h3>\n<p> Bensylmetylketon, eller fenylaceton, \u00e4r ett kemiskt \u00e4mne. Oljan \u00e4r transparent och har ett brytningsindex p\u00e5 1,5168. Eftersom det \u00e4r ett r\u00e5material eller mellanprodukt vid tillverkning av metamfetamin och amfetamin kallas det ofta f\u00f6r P2P. Det h\u00e4r luktar gott och \u00e4r ungef\u00e4r lika t\u00e4tt som vatten. BMK anv\u00e4nds som en olaglig kemikalie vid olaglig tillverkning av amfetamin, \u00e4ven om den har n\u00e5gra legitima anv\u00e4ndningsomr\u00e5den, s\u00e5som vid utvecklingen av propylhexedrin. K\u00f6p bensylmetylketon (b-m-k) online.<\/p>\n","protected":false},"excerpt":{"rendered":"<p>Benzyl Methyl Ketone-b-m-k till salu \u2013 K\u00f6p Benzyl Methyl Ketone-b-m-k online Vi \u00e4r din b\u00e4sta k\u00e4lla och \u00e5terf\u00f6rs\u00e4ljare f\u00f6r att k\u00f6pa bensylmetylketon och har \u00e4ven bensylmetylketon till salu. Du kan k\u00f6pa Bensyl Methyl Ketone online enkelt och lagligt fr\u00e5n oss. K\u00f6p bensylmetylketon (B-M-K) online \u2013 KONTAKT BMK \u00e4r en naturligt f\u00f6rekommande kemikalie med ett brett [&hellip;]<\/p>\n","protected":false},"featured_media":18659,"comment_status":"closed","ping_status":"closed","template":"","meta":{"om_disable_all_campaigns":false,"_sitemap_exclude":false,"_sitemap_priority":"","_sitemap_frequency":"","_monsterinsights_skip_tracking":false,"_monsterinsights_sitenote_active":false,"_monsterinsights_sitenote_note":"","_monsterinsights_sitenote_category":0},"product_cat":[37114],"product_tag":[37552,37541,37551,37550,37543,37549,37545,37553,37548,37554,37538,37546,37542,37534,37547,37537,37539,37535,37540,37533,37544,37536],"class_list":{"0":"post-35173","1":"product","2":"type-product","3":"status-publish","4":"has-post-thumbnail","6":"product_cat-forskningskemikalier-och-psykedelika","7":"product_tag-autentisk-bensylmetylketon-b-m-k-europa","8":"product_tag-bensylmetylketon-b-m-k-basta-pris-europa","9":"product_tag-bensylmetylketon-b-m-k-europa-leverans","10":"product_tag-bensylmetylketon-b-m-k-europarabatt","11":"product_tag-bensylmetylketon-b-m-k-fri-frakt-europa","12":"product_tag-benzyl-methyl-ketone-b-m-k-europa-butik","13":"product_tag-benzyl-methyl-ketone-b-m-k-europa-forsaljning","14":"product_tag-benzyl-methyl-ketone-b-m-k-europa-leverantorer","15":"product_tag-benzyl-methyl-ketone-b-m-k-europa-erbjudanden","16":"product_tag-benzyl-methyl-ketone-b-m-k-europe-review-sv","17":"product_tag-benzyl-methyl-ketone-b-m-k-forsaljning-online","18":"product_tag-benzyl-methyl-ketone-b-m-k-webbutik-europa","19":"product_tag-bestall-bensylmetylketon-b-m-k-eu","20":"product_tag-bestall-bensylmetylketon-b-m-k-online","21":"product_tag-billiga-bensyl-methyl-ketone-b-m-k-europa","22":"product_tag-effekter-av-bensylmetylketon-b-m-k","23":"product_tag-hur-mycket-kostar-bensylmetylketon-b-m-k","24":"product_tag-kop-bensylmetylketon-b-m-k-online","25":"product_tag-kop-bensylmetylketon-b-m-k-online-europa","26":"product_tag-kop-benzyl-methyl-ketone-b-m-k","27":"product_tag-var-kan-man-kopa-benzyl-methyl-ketone-b-m-k-europa","28":"product_tag-var-kan-man-kopa-benzyl-methyl-ketone-b-m-k-online","30":"first","31":"instock","32":"shipping-taxable","33":"purchasable","34":"product-type-variable","35":"has-default-attributes","36":"farmacie-col"},"aioseo_notices":[],"_links":{"self":[{"href":"https:\/\/lacasadelamedicina.es\/sv\/wp-json\/wp\/v2\/product\/35173"}],"collection":[{"href":"https:\/\/lacasadelamedicina.es\/sv\/wp-json\/wp\/v2\/product"}],"about":[{"href":"https:\/\/lacasadelamedicina.es\/sv\/wp-json\/wp\/v2\/types\/product"}],"replies":[{"embeddable":true,"href":"https:\/\/lacasadelamedicina.es\/sv\/wp-json\/wp\/v2\/comments?post=35173"}],"wp:featuredmedia":[{"embeddable":true,"href":"https:\/\/lacasadelamedicina.es\/sv\/wp-json\/wp\/v2\/media\/18659"}],"wp:attachment":[{"href":"https:\/\/lacasadelamedicina.es\/sv\/wp-json\/wp\/v2\/media?parent=35173"}],"wp:term":[{"taxonomy":"product_cat","embeddable":true,"href":"https:\/\/lacasadelamedicina.es\/sv\/wp-json\/wp\/v2\/product_cat?post=35173"},{"taxonomy":"product_tag","embeddable":true,"href":"https:\/\/lacasadelamedicina.es\/sv\/wp-json\/wp\/v2\/product_tag?post=35173"}],"curies":[{"name":"wp","href":"https:\/\/api.w.org\/{rel}","templated":true}]}}