{"id":35136,"date":"2024-08-09T14:02:20","date_gmt":"2024-08-09T14:02:20","guid":{"rendered":"https:\/\/lacasadelamedicina.es\/product\/kop-jwh-250-online\/"},"modified":"2024-08-09T14:02:20","modified_gmt":"2024-08-09T14:02:20","slug":"kop-jwh-250-online","status":"publish","type":"product","link":"https:\/\/lacasadelamedicina.es\/sv\/produkt\/kop-jwh-250-online\/","title":{"rendered":"K\u00f6p JWH-250 online"},"content":{"rendered":"<h1>K\u00f6p JWH-250 online<\/h1>\n<p> Onlinef\u00f6rs\u00e4ljning av JWH-250-produkter. Sedan slutet av 2000-talet har JWH-250, en syntetisk cannabinoidreceptoragonist, hittats i produkter. Den utvecklades av Dr. John W. Huffman och Huffman et al. publicerade en artikel om det 2005. K\u00f6p JWH-250 online. <a href=\"https:\/\/drlawsonspharmacy\/contact-us\/\">KONTAKT<\/a> L\u00e4kemedlet, fenylacetylindol, fungerar som en agonist vid b\u00e5de CB1- och CB2-receptorer. Dess partialiteter vid CB1 och CB2 \u00e4r 11 nM respektive 33 nM. JWH-250 kom p\u00e5 <a href=\"https:\/\/dieapotheke247.com\/\">marknaden<\/a> n\u00e5gra \u00e5r efter det f\u00f6rsta omn\u00e4mnandet i texten, med tysk polis som gjorde den f\u00f6rsta identifieringen i maj 2009. De hittade drogen i en naturlig r\u00f6kelseblandning . K\u00f6p JWH-250 online Den fanns ocks\u00e5 i pulver och blandningar som marknadsf\u00f6rs online till japanska analytiker. Alla dessa produkter inneh\u00f6ll mellan 77 och 165 mg. Det \u00e4r mycket troligt att m\u00e4nniskor har kommit i kontakt med JWH-250 utan att ha insett det p\u00e5 grund av hur den s\u00e5ldes. \u00d6versatt med www.DeepL.com\/Translator (gratisversion) Mol\u00e4r massa: 335,439 g\/mol ChEMBL Id: 188031 ChemSpider ID: 23256117 PubChem CID: 44397540 Formulering: C22H25NO2 Kan du ber\u00e4tta var jag kan k\u00f6pa JWH-250? JWH-250 till salu, JWH-250 gatuv\u00e4rde, JWH-250 dosering, hur man g\u00f6r JWH-250, var man kan k\u00f6pa, var man kan k\u00f6pa JWH-250, vad \u00e4r JWH-250 och var man kan f\u00e5 JWH-250 p\u00e5 h\u00f6gsta kvalitet \u00e4r alla tillg\u00e4ngliga. Vi kan ge l\u00f6sningarna p\u00e5 alla dessa ol\u00f6sta fr\u00e5gor. Du kan ta reda p\u00e5 hur och var du kan k\u00f6pa JWH-250 online genom att helt enkelt surfa p\u00e5 v\u00e5r hemsida. Hur \u00e4r det med JWH-250? Vet du ocks\u00e5 var jag kan k\u00f6pa JWH-250 online? K\u00f6p JWH-250 till salu, hur man g\u00f6r JWH-250, hur ser JWH-250 ut, hur mycket kostar JWH-250 p\u00e5 gatan, hur mycket kostar JWH-250 online, var kan jag f\u00e5 JWH-250 och var kan man k\u00f6pa ren JWH-250. Det \u00e4r helt klart att m\u00e4nniskor inte omedelbart litar p\u00e5 kvaliteten p\u00e5 JWH-250 som s\u00e4ljs online eftersom de inte kan inspektera den fysiskt. Detta \u00e4r dock inte fallet med online JWH-250-leverant\u00f6rer. Produkterna som erbjuds h\u00e4r \u00e4r korrekta representationer av vad de \u00e4r, med f\u00f6rstklassigt underh\u00e5ll utf\u00f6rt under professionell \u00f6vervakning. Snabb &amp; Diskret frakt: JWH-250 kommer att levereras som utlovat omedelbart efter att best\u00e4llningen har tagits emot. Fraktteamet str\u00e4var efter att g\u00f6ra frakt och leverans snabb och enkel. N\u00e4r du k\u00f6per JWH-250 fr\u00e5n en specialist p\u00e5 en onlineplattform kan du ocks\u00e5 r\u00e4kna med en f\u00f6rstklassig service.                       &nbsp;<\/p>\n","protected":false},"excerpt":{"rendered":"<p>K\u00f6p JWH-250 online. JWH-250, en syntetisk cannabinoidreceptoragonist, har hittats i produkter sedan slutet av 2000-talet. Den utvecklades av Dr. John W. Huffman och Huffman et al. publicerade en artikel om det 2005. K\u00f6p JWH-250 online.    &nbsp;<\/p>\n","protected":false},"featured_media":18629,"comment_status":"closed","ping_status":"closed","template":"","meta":{"om_disable_all_campaigns":false,"_sitemap_exclude":false,"_sitemap_priority":"","_sitemap_frequency":"","_monsterinsights_skip_tracking":false,"_monsterinsights_sitenote_active":false,"_monsterinsights_sitenote_note":"","_monsterinsights_sitenote_category":0},"product_cat":[37114],"product_tag":[37420,37410,37402,37415,37405,37407,37409,37419,37418,37413,37417,37421,37422,37416,37406,37411,37414,37401,37403,37408,37412,37404],"class_list":{"0":"post-35136","1":"product","2":"type-product","3":"status-publish","4":"has-post-thumbnail","6":"product_cat-forskningskemikalier-och-psykedelika","7":"product_tag-akta-jwh-250-europa","8":"product_tag-bestall-jwh-250-eu","9":"product_tag-bestall-jwh-250-online","10":"product_tag-billiga-jwh-250-europa","11":"product_tag-effekter-av-jwh-250-sv","12":"product_tag-hur-mycket-kostar-jwh-250","13":"product_tag-jwh-250-basta-pris-europa","14":"product_tag-jwh-250-europa-leverans","15":"product_tag-jwh-250-europa-rabatt-sv","16":"product_tag-jwh-250-europa-rea","17":"product_tag-jwh-250-europe-butik","18":"product_tag-jwh-250-europe-leverantorer","19":"product_tag-jwh-250-europe-recension","20":"product_tag-jwh-250-europe-erbjudanden","21":"product_tag-jwh-250-forsaljning-online","22":"product_tag-jwh-250-fri-frakt-europa","23":"product_tag-jwh-250-webbutik-europa","24":"product_tag-kop-jwh-250","25":"product_tag-kop-jwh-250-online","26":"product_tag-kop-jwh-250-online-europa","27":"product_tag-var-kan-man-kopa-jwh-250-europe","28":"product_tag-var-kan-man-kopa-jwh-250-online","30":"first","31":"instock","32":"shipping-taxable","33":"purchasable","34":"product-type-variable","35":"farmacie-col"},"aioseo_notices":[],"_links":{"self":[{"href":"https:\/\/lacasadelamedicina.es\/sv\/wp-json\/wp\/v2\/product\/35136"}],"collection":[{"href":"https:\/\/lacasadelamedicina.es\/sv\/wp-json\/wp\/v2\/product"}],"about":[{"href":"https:\/\/lacasadelamedicina.es\/sv\/wp-json\/wp\/v2\/types\/product"}],"replies":[{"embeddable":true,"href":"https:\/\/lacasadelamedicina.es\/sv\/wp-json\/wp\/v2\/comments?post=35136"}],"wp:featuredmedia":[{"embeddable":true,"href":"https:\/\/lacasadelamedicina.es\/sv\/wp-json\/wp\/v2\/media\/18629"}],"wp:attachment":[{"href":"https:\/\/lacasadelamedicina.es\/sv\/wp-json\/wp\/v2\/media?parent=35136"}],"wp:term":[{"taxonomy":"product_cat","embeddable":true,"href":"https:\/\/lacasadelamedicina.es\/sv\/wp-json\/wp\/v2\/product_cat?post=35136"},{"taxonomy":"product_tag","embeddable":true,"href":"https:\/\/lacasadelamedicina.es\/sv\/wp-json\/wp\/v2\/product_tag?post=35136"}],"curies":[{"name":"wp","href":"https:\/\/api.w.org\/{rel}","templated":true}]}}