{"id":35118,"date":"2024-08-09T14:02:20","date_gmt":"2024-08-09T14:02:20","guid":{"rendered":"https:\/\/lacasadelamedicina.es\/product\/kop-virgin-silver-flytande-kvicksilver-online\/"},"modified":"2024-08-09T14:02:20","modified_gmt":"2024-08-09T14:02:20","slug":"kop-virgin-silver-flytande-kvicksilver-online","status":"publish","type":"product","link":"https:\/\/lacasadelamedicina.es\/sv\/produkt\/kop-virgin-silver-flytande-kvicksilver-online\/","title":{"rendered":"K\u00f6p Virgin Silver flytande kvicksilver online"},"content":{"rendered":"<h3><span lang=\"EN-US\">Virgin Silver Liquid Mercury till salu &#8211; K\u00f6p Virgin Silver Liquid Mercury Online<\/span><\/h3>\n<p> K\u00f6p Virgin Silver Liquid Mercury Online &#8211; Vi erbjuder bulk rent silver flytande kvicksilver till f\u00f6rs\u00e4ljning online till l\u00e4gsta priser eftersom vi \u00e4r den b\u00e4sta cannabinoid\u00e5terf\u00f6rs\u00e4ljaren. Kvicksilver l\u00f6st i rent silver kan lagligen k\u00f6pas online fr\u00e5n oss i forskningssyfte. K\u00f6p Virgin Silver Liquid Mercury Online &#8211; K\u00f6p Virgin Silver Liquid Mercury Online Den nuvarande 34,5 kg beh\u00e5llaren inneh\u00e5ller jungfruligt flytande silver som kan anv\u00e4ndas f\u00f6r industriella \u00e4ndam\u00e5l. Denna flaska inneh\u00e5ller rent flytande silver som har framst\u00e4llts med hj\u00e4lp av toppmoderna maskiner och recept utvecklade av specialister. Dessutom \u00e4r det enkelt att k\u00f6pa flytande kvicksilver i rent silver fr\u00e5n detta f\u00f6retags webbplats. Denna plattform \u00e4r l\u00e4tt att anv\u00e4nda och levererar en h\u00f6gkvalitativ produkt n\u00e4r det beh\u00f6vs.      <a href=\"https:\/\/drlawsonspharmacy\/contact-us\/\">KONTAKTA<\/a><\/p>\n<h3><span lang=\"EN-US\">Vad \u00e4r Virgin Silver Liquid Mercury?<\/span><\/h3>\n<p> Denna v\u00e4lk\u00e4nda r\u00e5vara finns i m\u00e5nga f\u00f6rem\u00e5l, s\u00e5som kvicksilverbrytare, lysr\u00f6r, termometrar och barometrar. Rent silver flytande kvicksilver \u00e4r d\u00e4rf\u00f6r unikt f\u00f6r anv\u00e4ndning vid tillverkning av andra material eller kemikalier, eftersom det fungerar som en katalysator f\u00f6r efterf\u00f6ljande kemiska reaktioner. Cirka 99,9 % av detta kvicksilver finns tillg\u00e4ngligt i ren form. D\u00e4rf\u00f6r kommer programmet \u00e4ven att inneh\u00e5lla andra r\u00e5varor som guld och silver. De kommer d\u00e4rf\u00f6r att genomg\u00e5 grundliga tester innan de anv\u00e4nds. K\u00f6p Virgin Silver Liquid Mercury online      <\/p>\n<h3><span lang=\"EN-US\">Var kan man k\u00f6pa Virgin Silver Liquid Mercury?<\/span><\/h3>\n<p> Anv\u00e4ndare kan k\u00f6pa beh\u00e5llare med detta flytande kvicksilver till ett rimligt pris. \u00c4mnet inneh\u00e5ller inga tungmetaller. Att k\u00f6pa flytande silverkvicksilver till r\u00e4tt pris och i den kvantitet som kr\u00e4vs \u00e4r bekv\u00e4mare f\u00f6r kunderna. Om du inte vet hur du korrekt m\u00e4ter eller ber\u00e4knar hur mycket kvicksilver som beh\u00f6vs, ring myndighetens experter s\u00e5 hj\u00e4lper de dig att best\u00e4mma m\u00e4ngden du beh\u00f6ver. <a href=\"https:\/\/dieapotheke247.com\/\">Denna<\/a> produkt anv\u00e4nds endast f\u00f6r forskningskemikalier, men levereras i ren form av h\u00f6g kvalitet.    &nbsp;<\/p>\n","protected":false},"excerpt":{"rendered":"<p>Virgin Silver Liquid Mercury till salu &#8211; K\u00f6p Virgin Silver Liquid Mercury Online K\u00f6p Virgin Silver Liquid Mercury Online &#8211; Vi erbjuder bulk rent silver flytande kvicksilver till f\u00f6rs\u00e4ljning online till l\u00e4gsta priser eftersom vi \u00e4r den b\u00e4sta cannabinoid\u00e5terf\u00f6rs\u00e4ljaren. Kvicksilver l\u00f6st i rent silver kan lagligen k\u00f6pas online fr\u00e5n oss i forskningssyfte. K\u00f6p Virgin Silver [&hellip;]<\/p>\n","protected":false},"featured_media":18734,"comment_status":"closed","ping_status":"closed","template":"","meta":{"om_disable_all_campaigns":false,"_sitemap_exclude":false,"_sitemap_priority":"","_sitemap_frequency":"","_monsterinsights_skip_tracking":false,"_monsterinsights_sitenote_active":false,"_monsterinsights_sitenote_note":"","_monsterinsights_sitenote_category":0},"product_cat":[37114],"product_tag":[37354,37344,37335,37349,37339,37341,37336,37337,37342,37346,37338,37343,37351,37353,37355,37352,37347,37350,37356,37340,37345,37348],"class_list":{"0":"post-35118","1":"product","2":"type-product","3":"status-publish","4":"has-post-thumbnail","6":"product_cat-forskningskemikalier-och-psykedelika","7":"product_tag-akta-virgin-silver-flytande-kvicksilver-europa","8":"product_tag-bestall-virgin-silver-flytande-kvicksilver-eu","9":"product_tag-bestall-virgin-silver-flytande-kvicksilver-online","10":"product_tag-billigt-virgin-silver-flytande-kvicksilver-europa","11":"product_tag-effekter-av-virgin-silver-flytande-kvicksilver","12":"product_tag-hur-mycket-ar-virgin-silver-flytande-kvicksilver","13":"product_tag-kop-virgin-silver-flytande-kvicksilver","14":"product_tag-kop-virgin-silver-flytande-kvicksilver-online","15":"product_tag-kop-virgin-silver-flytande-kvicksilver-online-europa","16":"product_tag-var-kan-man-kopa-virgin-silver-flytande-kvicksilver-europa","17":"product_tag-var-kan-man-kopa-virgin-silver-flytande-kvicksilver-online","18":"product_tag-virgin-silver-flytande-kvicksilver-basta-pris-europa","19":"product_tag-virgin-silver-flytande-kvicksilver-europa-butik","20":"product_tag-virgin-silver-flytande-kvicksilver-europa-leverans","21":"product_tag-virgin-silver-flytande-kvicksilver-europa-leverantorer","22":"product_tag-virgin-silver-flytande-kvicksilver-europa-rabatt","23":"product_tag-virgin-silver-flytande-kvicksilver-europa-rea","24":"product_tag-virgin-silver-flytande-kvicksilver-europa-erbjudanden","25":"product_tag-virgin-silver-flytande-kvicksilver-europe-recension","26":"product_tag-virgin-silver-flytande-kvicksilver-forsaljning-online","27":"product_tag-virgin-silver-flytande-kvicksilver-fri-frakt-europa","28":"product_tag-virgin-silver-flytande-kvicksilver-onlinebutik-europa","30":"first","31":"instock","32":"shipping-taxable","33":"purchasable","34":"product-type-variable","35":"farmacie-col"},"aioseo_notices":[],"_links":{"self":[{"href":"https:\/\/lacasadelamedicina.es\/sv\/wp-json\/wp\/v2\/product\/35118"}],"collection":[{"href":"https:\/\/lacasadelamedicina.es\/sv\/wp-json\/wp\/v2\/product"}],"about":[{"href":"https:\/\/lacasadelamedicina.es\/sv\/wp-json\/wp\/v2\/types\/product"}],"replies":[{"embeddable":true,"href":"https:\/\/lacasadelamedicina.es\/sv\/wp-json\/wp\/v2\/comments?post=35118"}],"wp:featuredmedia":[{"embeddable":true,"href":"https:\/\/lacasadelamedicina.es\/sv\/wp-json\/wp\/v2\/media\/18734"}],"wp:attachment":[{"href":"https:\/\/lacasadelamedicina.es\/sv\/wp-json\/wp\/v2\/media?parent=35118"}],"wp:term":[{"taxonomy":"product_cat","embeddable":true,"href":"https:\/\/lacasadelamedicina.es\/sv\/wp-json\/wp\/v2\/product_cat?post=35118"},{"taxonomy":"product_tag","embeddable":true,"href":"https:\/\/lacasadelamedicina.es\/sv\/wp-json\/wp\/v2\/product_tag?post=35118"}],"curies":[{"name":"wp","href":"https:\/\/api.w.org\/{rel}","templated":true}]}}