{"id":35092,"date":"2024-08-09T14:02:21","date_gmt":"2024-08-09T14:02:21","guid":{"rendered":"https:\/\/lacasadelamedicina.es\/product\/kop-4f-bca-online\/"},"modified":"2024-08-09T14:02:21","modified_gmt":"2024-08-09T14:02:21","slug":"kop-4f-bca-online","status":"publish","type":"product","link":"https:\/\/lacasadelamedicina.es\/sv\/produkt\/kop-4f-bca-online\/","title":{"rendered":"K\u00f6p 4F BCA online"},"content":{"rendered":"<h3>4F BCA &#8211; 4f-bca till salu &#8211; K\u00f6p 4f bca online TYSKLAND Research Chemical<\/h3>\n<p> K\u00f6p 4F BCA online &#8211; Eftersom det \u00e4r den avg\u00f6rande typen av substans med \u00f6kande efterfr\u00e5gan p\u00e5 marknaden, \u00e4r v\u00e5rt f\u00f6retag, Ultimate Online Pharmacy, h\u00e4r f\u00f6r att m\u00f6ta dessa f\u00f6rv\u00e4ntningar med en mycket effektiv produktlinje. Om du vill k\u00f6pa 4F <a href=\"https:\/\/dieapotheke247.com\/\">B<\/a>CA online, kontakta oss omedelbart. Dr Lawsons Pharmacy \u00e4r k\u00e4nt f\u00f6r sina f\u00f6rstklassiga varor och kunniga support. Vi \u00e4r en ansedd 4F-BCA-s\u00e4ljare och leverant\u00f6r inom onlinebranschen. Det \u00e4r k\u00e4nt som 4-fluoro-BCA och kommer i flytande och fast form. en g\u00e5ng s\u00e5ldes som ett stimulerande medel; den tillh\u00f6r indazolklassen av cannabinoider. K\u00f6p 4F BCA online-       <a href=\"https:\/\/drlawsonspharmacy\/contact-us\/\">KONTAKTA<\/a><\/p>\n<p>&nbsp;<\/p>\n<h3>Vad \u00e4r 4F BCA?<\/h3>\n<p> Nytt i cannabisfamiljen av forskningskemikalier \u00e4r 4F-BCA. L\u00e4kemedlet \u00e4r gult och 99,6% rent. Personen m\u00e5ste f\u00f6rvara kemikalien p\u00e5 en sval, torr plats. L\u00e4kemedlet fungerar p\u00e5 samma s\u00e4tt som 4ADB och 5ADB. Det \u00e4r en kraftfull forskningskemikalie, men inte l\u00e4mplig f\u00f6r intag av m\u00e4nniskor. 4F-BCA verkar vara j\u00e4mf\u00f6rbar i sina effekter med andra cannabinoider. F\u00f6r anv\u00e4ndning i kriminaltekniska, forsknings- och test\u00e4ndam\u00e5l kan kemister och forskare k\u00f6pa 4F-BCA USA. Dessa l\u00e4kemedel k\u00f6ps av kemister, vetenskapsm\u00e4n och forskare som vanliga forskningsreferensmaterial. Andra anv\u00e4ndningsomr\u00e5den \u00e4r inte godk\u00e4nda. Du kan f\u00e5 4F-BCA f\u00f6r forskningsanv\u00e4ndning och f\u00f6r f\u00f6rs\u00e4ljning. I m\u00e5nga l\u00e4nder \u00e4r dessa narkotika begr\u00e4nsade eller kontrollerade, och flera amerikanska delstater har f\u00f6rbjudit dem.           &nbsp;<\/p>\n<h3>K\u00f6p 4F BCA online<\/h3>\n<p> Det finns inga bevis som st\u00f6der anv\u00e4ndningen av 4F-BCA i synnerhet. Dessa droger hj\u00e4lper de oroliga och utblottade m\u00e4nniskorna som anv\u00e4nder dem att slappna av. Den finns tillg\u00e4nglig online. K\u00f6p 4F-BCA med rabatt. Vi har en m\u00e4ngd branschkunskaper och f\u00f6rst\u00e5r konsumentpsykologi.     <strong>Det kan fr\u00e4mst inhaleras eller tas oralt.<\/strong><\/p>\n<p><strong>\u00c5 andra sidan \u00e4r den exakta m\u00e4ngden och kvantiteten av drogen en fr\u00e5ga om debatt.<\/strong><\/p>\n<p><strong>De flesta m\u00e4nniskor \u00e4r omedvetna om den exakta dos eller sammans\u00e4ttning de tar.<\/strong> Medicinska unders\u00f6kningar visar att dessa l\u00e4kemedel, som Chemical frogs 4F-BCA med 99,9% renhet, inte har n\u00e5gon industriell, kommersiell eller medicinsk anv\u00e4ndning. \u00d6versatt med www.DeepL.com\/Translator (gratisversion)  &nbsp;<\/p>\n<h3><strong>Best\u00e4ll 4F BCA<\/strong> \u2013 Hur v\u00e4ljer man r\u00e4tt plattform?<\/h3>\n<p> Den h\u00f6ga kvaliteten p\u00e5 4F-BCA till salu, oklanderlig kemikaliem\u00e4rkning, diskret f\u00f6rpackning, snabb leverans, s\u00e4ker transport och andra tj\u00e4nster som erbjuds av v\u00e5rt f\u00f6retag skiljer oss fr\u00e5n konkurrenterna. Det \u00e4r enkelt och s\u00e4kert att f\u00e5 4F-BCA online-forskningskemikalier fr\u00e5n v\u00e5r webbplats. All kunddata \u00e4r normalt skyddad i v\u00e5rt system. V\u00e5ra betalningsprocesser \u00e4r ocks\u00e5 s\u00e4kra. Det \u00e4r en mycket kraftfull och aktiv substans. Genom att binda till CB1-receptorerna i hj\u00e4rnan saktar det ner dem. N\u00e4r det tas under l\u00e5ng tid \u00e4r det m\u00e4nskliga centrala nervsystemet mycket s\u00e5rbart. Vissa kemikalietillverkare producerar l\u00e4kemedlen i v\u00e4xtbaserad form och marknadsf\u00f6r dem lokalt som s\u00e4kra och lagliga substanser.        &nbsp;<\/p>\n","protected":false},"excerpt":{"rendered":"<p>&nbsp;<\/p>\n","protected":false},"featured_media":18674,"comment_status":"closed","ping_status":"closed","template":"","meta":{"om_disable_all_campaigns":false,"_sitemap_exclude":false,"_sitemap_priority":"","_sitemap_frequency":"","_monsterinsights_skip_tracking":false,"_monsterinsights_sitenote_active":false,"_monsterinsights_sitenote_note":"","_monsterinsights_sitenote_category":0},"product_cat":[37114],"product_tag":[37233,37241,37237,37246,37243,37245,37242,37240,37230,37235,37238,37244,37234,37226,37239,37229,37231,37225,37227,37232,37236,37228],"class_list":{"0":"post-35092","1":"product","2":"type-product","3":"status-publish","4":"has-post-thumbnail","6":"product_cat-forskningskemikalier-och-psykedelika","7":"product_tag-4f-bca-basta-pris-europa","8":"product_tag-4f-bca-europe-butik","9":"product_tag-4f-bca-europe-forsaljning","10":"product_tag-4f-bca-europe-granskning","11":"product_tag-4f-bca-europe-leverans","12":"product_tag-4f-bca-europe-leverantorer","13":"product_tag-4f-bca-europe-rabatt-sv","14":"product_tag-4f-bca-europe-erbjudanden","15":"product_tag-4f-bca-forsaljning-online","16":"product_tag-4f-bca-fri-frakt-europa","17":"product_tag-4f-bca-webbutik-europa","18":"product_tag-autentisk-4f-bca-europe-sv","19":"product_tag-bestall-4f-bca-eu","20":"product_tag-bestall-4f-bca-online","21":"product_tag-billiga-4f-bca-europe","22":"product_tag-effekter-av-4f-bca-sv","23":"product_tag-hur-mycket-ar-4f-bca","24":"product_tag-kop-4f-bca","25":"product_tag-kop-4f-bca-online","26":"product_tag-kop-4f-bca-online-europa","27":"product_tag-var-kan-man-kopa-4f-bca-europe","28":"product_tag-var-kan-man-kopa-4f-bca-online","30":"first","31":"instock","32":"shipping-taxable","33":"purchasable","34":"product-type-variable","35":"farmacie-col"},"aioseo_notices":[],"_links":{"self":[{"href":"https:\/\/lacasadelamedicina.es\/sv\/wp-json\/wp\/v2\/product\/35092"}],"collection":[{"href":"https:\/\/lacasadelamedicina.es\/sv\/wp-json\/wp\/v2\/product"}],"about":[{"href":"https:\/\/lacasadelamedicina.es\/sv\/wp-json\/wp\/v2\/types\/product"}],"replies":[{"embeddable":true,"href":"https:\/\/lacasadelamedicina.es\/sv\/wp-json\/wp\/v2\/comments?post=35092"}],"wp:featuredmedia":[{"embeddable":true,"href":"https:\/\/lacasadelamedicina.es\/sv\/wp-json\/wp\/v2\/media\/18674"}],"wp:attachment":[{"href":"https:\/\/lacasadelamedicina.es\/sv\/wp-json\/wp\/v2\/media?parent=35092"}],"wp:term":[{"taxonomy":"product_cat","embeddable":true,"href":"https:\/\/lacasadelamedicina.es\/sv\/wp-json\/wp\/v2\/product_cat?post=35092"},{"taxonomy":"product_tag","embeddable":true,"href":"https:\/\/lacasadelamedicina.es\/sv\/wp-json\/wp\/v2\/product_tag?post=35092"}],"curies":[{"name":"wp","href":"https:\/\/api.w.org\/{rel}","templated":true}]}}