{"id":35082,"date":"2024-08-09T14:02:30","date_gmt":"2024-08-09T14:02:30","guid":{"rendered":"https:\/\/lacasadelamedicina.es\/product\/kop-ibogaine-pulver-online\/"},"modified":"2024-08-09T14:02:30","modified_gmt":"2024-08-09T14:02:30","slug":"kop-ibogaine-pulver-online","status":"publish","type":"product","link":"https:\/\/lacasadelamedicina.es\/sv\/produkt\/kop-ibogaine-pulver-online\/","title":{"rendered":"K\u00f6p Ibogaine pulver online"},"content":{"rendered":"<h3 class=\"product_title entry-title\">K\u00f6p Ibogaine Powder Online.<\/h3>\n<p> K\u00f6p Ibogaine Powder Online. \u00c4ven tillg\u00e4ngligt p\u00e5 n\u00e4tet \u00e4r kokain. En buske \u00e4r Iboga. I flera afrikanska samh\u00e4llen stiliseras den och anv\u00e4nds f\u00f6r allm\u00e4nna \u00e4ndam\u00e5l. Rotbarken av denna v\u00e4xt anv\u00e4nds ocks\u00e5 inom medicin. Komponenten i Ibogai som \u00e4r f\u00f6rbjuden i <a href=\"https:\/\/dieapotheke247.com\/\">Tyskland<\/a> \u00e4r Ibogaine. Iboga anv\u00e4nds av m\u00e4nniskor f\u00f6r att behandla h\u00f6snuva, s\u00e4songsinfluensa, svininfluensa, h\u00f6gt blodtryck, drogberoende, HIV\/AIDS och nervproblem. Det anv\u00e4nds ocks\u00e5 som en allm\u00e4n tonic, f\u00f6r att \u00f6ka sexuell lust, f\u00f6r att bek\u00e4mpa drogmissbruk och missbruk och f\u00f6r att f\u00f6rhindra tr\u00f6tthet och d\u00e5sighet.        <\/p>\n<h3>K\u00f6p Ibogaine Powder Online. \u00c4ven tillg\u00e4ngligt p\u00e5 n\u00e4tet \u00e4r kokain. <\/h3>\n<p> Inledning Det naturliga alkaloiden iboga-pulvret, extraherat fr\u00e5n ibogav\u00e4xten Tabernanthe, \u00e4r k\u00e4nt f\u00f6r sin extraordin\u00e4ra potential att fr\u00e4mja djupg\u00e5ende l\u00e4kning och transformation. Detta rena och kraftfulla puder \u00e4r ett lovande botemedel f\u00f6r m\u00e4nniskor som s\u00f6ker en ny v\u00e4g till v\u00e4lbefinnande, och erbjuder ett holistiskt tillv\u00e4gag\u00e5ngss\u00e4tt f\u00f6r att ta itu med olika fysiska, mentala och k\u00e4nslom\u00e4ssiga problem. Vi v\u00e4ljer noggrant ut v\u00e5ra p\u00e5litliga leverant\u00f6rer f\u00f6r att s\u00e4kerst\u00e4lla h\u00f6gsta kvalitet och renhet p\u00e5 v\u00e5rt ibogainpulver. Vi genomf\u00f6r grundliga tester p\u00e5 varje batch f\u00f6r att bekr\u00e4fta dess effektivitet s\u00e5 att du kan b\u00f6rja din resa med sj\u00e4lvf\u00f6rtroende och sinnesfrid.    <\/p>\n<h3><strong>Best\u00e4ll Ibogaine Powder<\/strong><\/h3>\n<p> Ibogaine \u00e4r k\u00e4nt f\u00f6r sin extraordin\u00e4ra f\u00f6rm\u00e5ga att bryta cykeln av substansberoende, vilket g\u00f6r det attraktivt f\u00f6r dem som s\u00f6ker frihet fr\u00e5n beroende. Det fungerar p\u00e5 hj\u00e4rnans receptorer f\u00f6r att skapa en livsf\u00f6r\u00e4ndrande upplevelse som hj\u00e4lper till att bryta beroendets bojor och g\u00f6r att vi kan g\u00f6ra en nystart p\u00e5 v\u00e4gen mot \u00e5terh\u00e4mtning. Ibogaine har visat lovande n\u00e4r det g\u00e4ller att fr\u00e4mja mentalt och k\u00e4nslom\u00e4ssigt v\u00e4lbefinnande ut\u00f6ver missbruksbehandling. M\u00e5nga rapporterar att de har upplevt \u00f6kad reflektion som har hj\u00e4lpt dem att hantera och l\u00e4ka djupt rotade k\u00e4nslom\u00e4ssiga trauman, r\u00e4dsla och sorg. Den vision\u00e4ra komponenten i Ibogaine-upplevelsen ger ett heligt utrymme f\u00f6r introspektion och sj\u00e4lvuppt\u00e4ckt, vilket ofta leder till att st\u00e4rka andliga band och personlig utveckling.<\/p>\n","protected":false},"excerpt":{"rendered":"<p>V\u00e4xtfamiljen Apocynaceae inkluderar arter som Tabernanthe iboga, Voacanga africana och Tabernaemontana undulata, som inneh\u00e5ller den naturligt f\u00f6rekommande hallucinogena f\u00f6reningen ibogaine. En psykedelisk drog med dissociativa effekter.  <\/p>\n","protected":false},"featured_media":18824,"comment_status":"closed","ping_status":"closed","template":"","meta":{"om_disable_all_campaigns":false,"_sitemap_exclude":false,"_sitemap_priority":"","_sitemap_frequency":"","_monsterinsights_skip_tracking":false,"_monsterinsights_sitenote_active":false,"_monsterinsights_sitenote_note":"","_monsterinsights_sitenote_category":0},"product_cat":[37114],"product_tag":[37200,37182,37190,37195,37185,37187,37201,37189,37197,37196,37199,37198,37193,37202,37186,37191,37194,37183,37188,37181,37192,37184],"class_list":{"0":"post-35082","1":"product","2":"type-product","3":"status-publish","4":"has-post-thumbnail","6":"product_cat-forskningskemikalier-och-psykedelika","7":"product_tag-akta-ibogaine-pulver-europa","8":"product_tag-bestall-ibogaine-powder-online","9":"product_tag-bestall-ibogaine-pulver-eu","10":"product_tag-billigt-ibogaine-pulver-europa","11":"product_tag-effekter-av-ibogaine-pulver-sv","12":"product_tag-hur-mycket-kostar-ibogaine-pulver","13":"product_tag-ibogaine-powder-europe-leverantorer","14":"product_tag-ibogaine-pulver-basta-pris-europa","15":"product_tag-ibogaine-pulver-europa-butik","16":"product_tag-ibogaine-pulver-europa-erbjudanden","17":"product_tag-ibogaine-pulver-europa-leverans","18":"product_tag-ibogaine-pulver-europa-rabatt-sv","19":"product_tag-ibogaine-pulver-europa-rea","20":"product_tag-ibogaine-pulver-europa-recension","21":"product_tag-ibogaine-pulver-forsaljning-online","22":"product_tag-ibogaine-pulver-fri-frakt-europa","23":"product_tag-ibogaine-pulver-onlinebutik-europa","24":"product_tag-kop-ibogaine-powder-online","25":"product_tag-kop-ibogaine-pulver-online-europa","26":"product_tag-kopa-ibogaine-powder","27":"product_tag-var-kan-man-kopa-ibogaine-pulver-europa","28":"product_tag-var-kan-man-kopa-ibogaine-pulver-online","30":"first","31":"instock","32":"shipping-taxable","33":"purchasable","34":"product-type-variable","35":"farmacie-col"},"aioseo_notices":[],"_links":{"self":[{"href":"https:\/\/lacasadelamedicina.es\/sv\/wp-json\/wp\/v2\/product\/35082"}],"collection":[{"href":"https:\/\/lacasadelamedicina.es\/sv\/wp-json\/wp\/v2\/product"}],"about":[{"href":"https:\/\/lacasadelamedicina.es\/sv\/wp-json\/wp\/v2\/types\/product"}],"replies":[{"embeddable":true,"href":"https:\/\/lacasadelamedicina.es\/sv\/wp-json\/wp\/v2\/comments?post=35082"}],"wp:featuredmedia":[{"embeddable":true,"href":"https:\/\/lacasadelamedicina.es\/sv\/wp-json\/wp\/v2\/media\/18824"}],"wp:attachment":[{"href":"https:\/\/lacasadelamedicina.es\/sv\/wp-json\/wp\/v2\/media?parent=35082"}],"wp:term":[{"taxonomy":"product_cat","embeddable":true,"href":"https:\/\/lacasadelamedicina.es\/sv\/wp-json\/wp\/v2\/product_cat?post=35082"},{"taxonomy":"product_tag","embeddable":true,"href":"https:\/\/lacasadelamedicina.es\/sv\/wp-json\/wp\/v2\/product_tag?post=35082"}],"curies":[{"name":"wp","href":"https:\/\/api.w.org\/{rel}","templated":true}]}}