{"id":35077,"date":"2024-08-09T14:02:30","date_gmt":"2024-08-09T14:02:30","guid":{"rendered":"https:\/\/lacasadelamedicina.es\/product\/kop-k2-papper-online\/"},"modified":"2024-08-09T14:02:30","modified_gmt":"2024-08-09T14:02:30","slug":"kop-k2-papper-online","status":"publish","type":"product","link":"https:\/\/lacasadelamedicina.es\/sv\/produkt\/kop-k2-papper-online\/","title":{"rendered":"K\u00f6p K2 papper online"},"content":{"rendered":"<h3 class=\"product_title entry-title\">K\u00f6p K2 papper online.<\/h3>\n<h3>F\u00e5 billiga K2 pappersark levererade till din d\u00f6rr<\/h3>\n<p> Du kan k\u00f6pa K2-papper online. Ett vanligt s\u00e4tt att konsumera marijuana g\u00e5r snabbt \u00f6ver till den syntetiska formen. K2-papper \u00e4r en blandning av strimlat v\u00e4xtmaterial och konstgjorda \u00e4mnen med psykedeliska effekter. Studier visar att kemikalierna f\u00e4ster till samma receptorer p\u00e5 nervceller i hj\u00e4rnan som THC, h\u00f6jer hum\u00f6ret, fr\u00e4mjar avslappning, f\u00f6r\u00e4ndrar uppfattningen och framkallar psykoser. Om du letar efter f\u00f6rstklassiga varor har du kommit till r\u00e4tt plats i v\u00e5r p\u00e5litliga webbutik. Vi k\u00f6per v\u00e5ra produkter fr\u00e5n p\u00e5litliga tillverkare f\u00f6r att garantera v\u00e5ra kunders s\u00e4kerhet. Vi lovar att du inte kommer \u00e5ngra att du provade oss.       <a href=\"https:\/\/drlawsonspharmacy\/contact-us\/\"><a href=\"https:\/\/drlawsonspharmacy\/contact-us\/\">KONTAKTA<\/a><\/a><\/p>\n<h3><strong>Best\u00e4ll K2-papper<\/strong><\/h3>\n<p> Cannabinoider \u00e4r kemiska f\u00f6reningar som f\u00f6rekommer naturligt i marijuanav\u00e4xter och \u00e4r byggstenarna f\u00f6r m\u00e5nga l\u00e4kemedelsprodukter. Den aktiva komponenten i cannabis har molekyl\u00e4ra likheter med syntetiskt K2 \u00f6rtpapper. F\u00f6rdelarna \u00e4r st\u00f6rre, och n\u00e4r ett pass \u00e4r \u00f6ver kan man k\u00e4nna sig lugn och upplyft. Marijuana anv\u00e4nds som ett s\u00e4kert substitut f\u00f6r ett antal terapeutiska och rekreations\u00e4ndam\u00e5l n\u00e4r m\u00e4nniskor blir mer medvetna om dess f\u00f6rdelar. \u00c4ven om en \u00f6verdos kan leda till \u00e5ngest, hallucinationer, h\u00f6gt blodtryck, br\u00f6stsm\u00e4rtor, andf\u00e5ddhet, kramper och kr\u00e4kningar, b\u00f6r man forts\u00e4tta med f\u00f6rsiktighet. Kemikalierna i vissa K2-kryddprodukter p\u00e5 marknaden kan vara farliga. Det \u00e4r d\u00e4rf\u00f6r det \u00e4r viktigt att k\u00f6pa fr\u00e5n Dr Lawsons Pharmacy.       <\/p>\n<h3><strong>Best\u00e4ll K2-papper<\/strong><\/h3>\n<p> Vill du f\u00e5 de b\u00e4sta \u00f6rtprodukterna? Vi erbjuder dig ett bra s\u00e4tt att k\u00f6pa K2 Paper online till bra priser eftersom vi har en stor internationell kundbas. Vi erbjuder dig inte bara det st\u00f6rsta urvalet, utan vi erbjuder \u00e4ven diskreta fraktalternativ och s\u00e4kra betalningsalternativ. Du tvingas inte stanna vid n\u00e4rliggande bensinstationer eller rastplatser. F\u00f6retaget planerar att forts\u00e4tta h\u00f6ja ribban i b\u00e5de produktkvalitet och kundservice f\u00f6r att ligga f\u00f6re konkurrenterna. V\u00e5rt fr\u00e4msta m\u00e5l \u00e4r att h\u00e5lla dig n\u00f6jd och vi har alltid ett kunnigt team till hands f\u00f6r att l\u00f6sa eventuella problem. Om du har n\u00e5gra fr\u00e5gor eller funderingar, tveka inte att kontakta oss.<\/p>\n","protected":false},"excerpt":{"rendered":"<p>Varje A4-ark inneh\u00e5ller 25 ml=0,845351 fluid ounces flytande K2-infusion. K2 papper till salu som \u00e4r f\u00e4rgl\u00f6st och luktfritt. Dessutom s\u00e4ljer vi K2 spray. Vi erbjuder premiumprodukter med utm\u00e4rkt och diskret frakt. Med 12 \u00e5rs erfarenhet av att leverera forskningskemikalier \u00e4r s\u00e4kerhet v\u00e5r h\u00f6gsta prioritet. Vi \u00e4r p\u00e5litliga, p\u00e5litliga och erbjuder endast h\u00f6gkvalitativa produkter till konkurrenskraftiga priser. K\u00f6p K2 papper online, billigt K2 papper, K2 papper till salu, legal high K2 kryddpapper, flytande K2 p\u00e5 papper, kryddpapper,       &nbsp;<\/p>\n","protected":false},"featured_media":18809,"comment_status":"closed","ping_status":"closed","template":"","meta":{"om_disable_all_campaigns":false,"_sitemap_exclude":false,"_sitemap_priority":"","_sitemap_frequency":"","_monsterinsights_skip_tracking":false,"_monsterinsights_sitenote_active":false,"_monsterinsights_sitenote_note":"","_monsterinsights_sitenote_category":0},"product_cat":[37114],"product_tag":[37178,37168,37160,37173,37163,37165,37167,37171,37177,37179,37176,37180,37174,37169,37172,37175,37164,37159,37161,37166,37170,37162],"class_list":{"0":"post-35077","1":"product","2":"type-product","3":"status-publish","4":"has-post-thumbnail","6":"product_cat-forskningskemikalier-och-psykedelika","7":"product_tag-akta-k2-papper-europa","8":"product_tag-bestall-k2-papper-eu","9":"product_tag-bestall-k2-papper-online","10":"product_tag-billigt-k2-papper-europa","11":"product_tag-effekter-av-k2-papper","12":"product_tag-hur-mycket-kostar-k2-papper","13":"product_tag-k2-papper-basta-pris-europa","14":"product_tag-k2-papper-europa-forsaljning","15":"product_tag-k2-papper-europa-leverans","16":"product_tag-k2-papper-europa-leverantorer","17":"product_tag-k2-papper-europa-rabatt","18":"product_tag-k2-papper-europa-recension","19":"product_tag-k2-papper-europa-erbjudanden","20":"product_tag-k2-papper-fri-frakt-europa","21":"product_tag-k2-papper-onlinebutik-europa","22":"product_tag-k2-pappersbutik-i-europa","23":"product_tag-k2-pappersforsaljning-online","24":"product_tag-kop-k2-papper","25":"product_tag-kop-k2-papper-online","26":"product_tag-kop-k2-papper-online-europa","27":"product_tag-var-kan-man-kopa-k2-papper-europa","28":"product_tag-var-kan-man-kopa-k2-papper-online","30":"first","31":"instock","32":"shipping-taxable","33":"purchasable","34":"product-type-variable","35":"farmacie-col"},"aioseo_notices":[],"_links":{"self":[{"href":"https:\/\/lacasadelamedicina.es\/sv\/wp-json\/wp\/v2\/product\/35077"}],"collection":[{"href":"https:\/\/lacasadelamedicina.es\/sv\/wp-json\/wp\/v2\/product"}],"about":[{"href":"https:\/\/lacasadelamedicina.es\/sv\/wp-json\/wp\/v2\/types\/product"}],"replies":[{"embeddable":true,"href":"https:\/\/lacasadelamedicina.es\/sv\/wp-json\/wp\/v2\/comments?post=35077"}],"wp:featuredmedia":[{"embeddable":true,"href":"https:\/\/lacasadelamedicina.es\/sv\/wp-json\/wp\/v2\/media\/18809"}],"wp:attachment":[{"href":"https:\/\/lacasadelamedicina.es\/sv\/wp-json\/wp\/v2\/media?parent=35077"}],"wp:term":[{"taxonomy":"product_cat","embeddable":true,"href":"https:\/\/lacasadelamedicina.es\/sv\/wp-json\/wp\/v2\/product_cat?post=35077"},{"taxonomy":"product_tag","embeddable":true,"href":"https:\/\/lacasadelamedicina.es\/sv\/wp-json\/wp\/v2\/product_tag?post=35077"}],"curies":[{"name":"wp","href":"https:\/\/api.w.org\/{rel}","templated":true}]}}