{"id":35043,"date":"2024-08-09T14:02:39","date_gmt":"2024-08-09T14:02:39","guid":{"rendered":"https:\/\/lacasadelamedicina.es\/product\/kop-170ug-shiva-lsd-blotters-online\/"},"modified":"2024-09-18T18:42:04","modified_gmt":"2024-09-18T18:42:04","slug":"kop-170ug-shiva-lsd-blotters-online","status":"publish","type":"product","link":"https:\/\/lacasadelamedicina.es\/sv\/produkt\/kop-170ug-shiva-lsd-blotters-online\/","title":{"rendered":"K\u00f6p 170ug Shiva LSD Blotters online"},"content":{"rendered":"<h2><strong>K\u00f6p 1P-LSD 170UG SHIVA LSD BLOTTERS Online<\/strong><\/h2>\n<p> Den psykedeliska drogen 1P-LSD, \u00e4ven kallad 1-propionyl-lysergsyradietylamid, \u00e4r ett derivat och funktionell analog av LSD och en homolog till ALD-52. LSD och 1P-LSD delar ett kemiskt samband och s\u00e4gs ha effekter som \u00e4r ganska lika. \u00c4ven om lite \u00e4r k\u00e4nt om farmakologin av 1P-LSD, verkar det f\u00f6rmodligen p\u00e5 serotoninreceptorer i hj\u00e4rnan f\u00f6r att skapa dess psykedeliska effekter.   <\/p>\n<h2><strong>K\u00f6p 170ug shiva LSD Blotters<\/strong><\/h2>\n<p> IUPAC ID: (6aR,9R)-N,N-dietyl-7-metyl-4,6,6a,7,8,9-hexahydroindolo \u2013 [4,3-fg] kinolin-9-karboxamid Molvikt: 323,43 g Sm\u00e4ltpunkt: 80 \u00b0CFormel: C20H25N3O CAS ID: 50-37-3 Lysergsyradietylamid, \u00e4ven k\u00e4nd som syra, \u00e4r ett psykedeliskt l\u00e4kemedel k\u00e4nt f\u00f6r sina psykologiska effekter. Formel: C20H25N30 IUPAC ID: (6aR,9R)-N,N-dietyl-7-metyl-4,6,6a,7,8,9-hexahydroindolo-  [4,3-fg] kinolin-9-karboxamid Molvikt: 323,43 g\/mol Sm\u00e4ltpunkt: 80 \u00b0C CAS ID: 50-37-3 <\/p>\n<h3><strong>1P-LSD 170UG SHIVA LSD BLOTTERS<\/strong><\/h3>\n<p> Vi har m\u00e5nga lojala kunder \u00f6ver hela v\u00e4rlden och ser fram emot att arbeta med dig p\u00e5 l\u00e5ng sikt. Om du beh\u00f6ver mer information, tveka inte att kontakta oss; vi kommer att g\u00f6ra allt vi kan f\u00f6r att m\u00f6ta dina behov. Nya psykoaktiva f\u00f6reningar, eller sinnesf\u00f6r\u00e4ndrande kemikalier som har syntetiserats i ett labb och erbjudits som lagliga substitut f\u00f6r illegala droger som kokain och marijuana, har blivit vanligare under de senaste 20 \u00e5ren i drogindustrin. Dessa mediciner har inte genomg\u00e5tt omfattande tester, s\u00e5 det \u00e4r m\u00f6jligt att deras effekter kommer att vara inkonsekventa och of\u00f6ruts\u00e4gbara.    <\/p>\n<h3><strong>EFFEKTER<\/strong><\/h3>\n<p> I den vetenskapliga litteraturen \u00e4r effektprofilen f\u00f6r 1P-LSD inte v\u00e4l beskriven. Det anses vanligtvis likna det f\u00f6r LSD. Enligt flera anekdotiska rapporter varar 1P-LSD n\u00e5got kortare tid hos m\u00e4nniskor \u00e4n LSD, och majoriteten av anv\u00e4ndarna h\u00e4vdar att de inte kan se skillnaden mellan de tv\u00e5 l\u00e4kemedlens kvalitativa effekter.   <\/p>\n<h3><strong>V\u00c4LJA GAMA<\/strong><\/h3>\n<p> Den mest avg\u00f6rande faktorn f\u00f6r att v\u00e4lja v\u00e5r tj\u00e4nst \u00e4r Meth Trust. Den prim\u00e4ra aspekten f\u00f6r att f\u00e5 ett \u00f6kande antal kunder \u00e4r kvalitet. Deals och rabatter \u00e4r avg\u00f6rande f\u00f6r v\u00e5ra kunders framg\u00e5ng.   <\/p>\n<h3><strong>SLUTSATS<\/strong><\/h3>\n<p> En av de mest popul\u00e4ra LSD-produkterna bland ton\u00e5ringar, som ofta anv\u00e4nder den som en festdrog, \u00e4r Goblin&#8217;s Den. P\u00e5 den virtuella marknaden finns ett stort utbud av LSD-artiklar som \u00e4r fritt tillg\u00e4ngliga. H\u00e4r garanterar vi dig den b\u00e4sta kvaliteten och priset p\u00e5 produkten, 200 mcg Goblin\u2019s Den.<\/p>\n","protected":false},"excerpt":{"rendered":"<p>K\u00f6p 1P-LSD 170UG SHIVA LSD BLOTTERS Online Den psykedeliska drogen 1P-LSD, \u00e4ven kallad 1-propionyl-lysergsyradietylamid, \u00e4r ett derivat och funktionell analog av LSD och en homolog till ALD-52. LSD och 1P-LSD delar ett kemiskt samband och s\u00e4gs ha effekter som \u00e4r ganska lika. \u00c4ven om lite \u00e4r k\u00e4nt om farmakologin av 1P-LSD, verkar det f\u00f6rmodligen p\u00e5 [&hellip;]<\/p>\n","protected":false},"featured_media":19214,"comment_status":"open","ping_status":"closed","template":"","meta":{"om_disable_all_campaigns":false,"_sitemap_exclude":false,"_sitemap_priority":"","_sitemap_frequency":"","_monsterinsights_skip_tracking":false,"_monsterinsights_sitenote_active":false,"_monsterinsights_sitenote_note":"","_monsterinsights_sitenote_category":0},"product_cat":[36407],"product_tag":[37061,37081,37085,37079,37069,37087,37077,37075,37055,37065,37071,37083,37063,37051,37073,37053,37057,37048,37049,37059,37067,37050],"class_list":{"0":"post-35043","1":"product","2":"type-product","3":"status-publish","4":"has-post-thumbnail","6":"product_cat-lsd-sv","7":"product_tag-170ug-shiva-lsd-blotters-basta-pris-europa","8":"product_tag-170ug-shiva-lsd-blotters-europa-leverans","9":"product_tag-170ug-shiva-lsd-blotters-europa-leverantorer","10":"product_tag-170ug-shiva-lsd-blotters-europa-rabatt-sv","11":"product_tag-170ug-shiva-lsd-blotters-europa-rea","12":"product_tag-170ug-shiva-lsd-blotters-europe-recension","13":"product_tag-170ug-shiva-lsd-blotters-europe-shop-sv","14":"product_tag-170ug-shiva-lsd-blotters-europe-erbjudanden","15":"product_tag-170ug-shiva-lsd-blotters-forsaljning-online","16":"product_tag-170ug-shiva-lsd-blotters-fri-frakt-europa","17":"product_tag-170ug-shiva-lsd-blotters-webbutik-europa","18":"product_tag-akta-170ug-shiva-lsd-blotters-europa","19":"product_tag-bestall-170ug-shiva-lsd-blotters-eu","20":"product_tag-bestall-170ug-shiva-lsd-blotters-online","21":"product_tag-billiga-170ug-shiva-lsd-blotters-europa","22":"product_tag-effekter-av-170ug-shiva-lsd-blotters-sv","23":"product_tag-hur-mycket-kostar-170ug-shiva-lsd-blotters","24":"product_tag-kop-170ug-shiva-lsd-blotters","25":"product_tag-kop-170ug-shiva-lsd-blotters-online","26":"product_tag-kop-170ug-shiva-lsd-blotters-online-europa","27":"product_tag-var-kan-man-kopa-170ug-shiva-lsd-blotters-europe","28":"product_tag-var-kan-man-kopa-170ug-shiva-lsd-blotters-online","30":"first","31":"instock","32":"shipping-taxable","33":"purchasable","34":"product-type-variable","35":"farmacie-col"},"aioseo_notices":[],"_links":{"self":[{"href":"https:\/\/lacasadelamedicina.es\/sv\/wp-json\/wp\/v2\/product\/35043"}],"collection":[{"href":"https:\/\/lacasadelamedicina.es\/sv\/wp-json\/wp\/v2\/product"}],"about":[{"href":"https:\/\/lacasadelamedicina.es\/sv\/wp-json\/wp\/v2\/types\/product"}],"replies":[{"embeddable":true,"href":"https:\/\/lacasadelamedicina.es\/sv\/wp-json\/wp\/v2\/comments?post=35043"}],"wp:featuredmedia":[{"embeddable":true,"href":"https:\/\/lacasadelamedicina.es\/sv\/wp-json\/wp\/v2\/media\/19214"}],"wp:attachment":[{"href":"https:\/\/lacasadelamedicina.es\/sv\/wp-json\/wp\/v2\/media?parent=35043"}],"wp:term":[{"taxonomy":"product_cat","embeddable":true,"href":"https:\/\/lacasadelamedicina.es\/sv\/wp-json\/wp\/v2\/product_cat?post=35043"},{"taxonomy":"product_tag","embeddable":true,"href":"https:\/\/lacasadelamedicina.es\/sv\/wp-json\/wp\/v2\/product_tag?post=35043"}],"curies":[{"name":"wp","href":"https:\/\/api.w.org\/{rel}","templated":true}]}}