{"id":35042,"date":"2024-08-09T14:02:39","date_gmt":"2024-08-09T14:02:39","guid":{"rendered":"https:\/\/lacasadelamedicina.es\/product\/kop-albert-einstein-queen-elizabeth-online\/"},"modified":"2024-08-09T14:02:39","modified_gmt":"2024-08-09T14:02:39","slug":"kop-albert-einstein-queen-elizabeth-online","status":"publish","type":"product","link":"https:\/\/lacasadelamedicina.es\/sv\/produkt\/kop-albert-einstein-queen-elizabeth-online\/","title":{"rendered":"K\u00f6p Albert Einstein + Queen Elizabeth online"},"content":{"rendered":"<h2>K\u00f6p Albert Einstein + Queen Elizabeth online. Set med 2 h\u00f6gkvalitativa ark. <\/h2>\n<p> K\u00f6p Albert Einstein + Queen Elizabeth online.Set med 2 h\u00f6gkvalitativa lakan. Dessa perforerade ark har ljusa f\u00e4rger, h\u00f6g detaljrikedom och en ren 1\/4&#8243; perforering. 2 olika utf\u00f6randen \u2013 s\u00e4ljs \u00e4ven styckvis.<\/p>\n","protected":false},"excerpt":{"rendered":"<p>K\u00f6p Albert Einstein + Queen Elizabeth online. Set med 2 h\u00f6gkvalitativa ark. K\u00f6p Albert Einstein + Queen Elizabeth online.Set med 2 h\u00f6gkvalitativa lakan. Dessa perforerade ark har ljusa f\u00e4rger, h\u00f6g detaljrikedom och en ren 1\/4&#8243; perforering. 2 olika utf\u00f6randen \u2013 s\u00e4ljs \u00e4ven styckvis.<\/p>\n","protected":false},"featured_media":19244,"comment_status":"open","ping_status":"closed","template":"","meta":{"om_disable_all_campaigns":false,"_sitemap_exclude":false,"_sitemap_priority":"","_sitemap_frequency":"","_monsterinsights_skip_tracking":false,"_monsterinsights_sitenote_active":false,"_monsterinsights_sitenote_note":"","_monsterinsights_sitenote_category":0},"product_cat":[36407],"product_tag":[36811,36815,36820,36821,36823,36824,36819,36818,36808,36813,36816,36822,36812,36806,36817,36807,36809,36803,36804,36810,36814,36805],"class_list":{"0":"post-35042","1":"product","2":"type-product","3":"status-publish","4":"has-post-thumbnail","6":"product_cat-lsd-sv","7":"product_tag-albert-einstein-queen-elizabeth-basta-pris-europa","8":"product_tag-albert-einstein-queen-elizabeth-europa-forsaljning","9":"product_tag-albert-einstein-queen-elizabeth-europa-rabatt-sv","10":"product_tag-albert-einstein-queen-elizabeth-europe-leverans","11":"product_tag-albert-einstein-queen-elizabeth-europe-leverantorer","12":"product_tag-albert-einstein-queen-elizabeth-europe-recension","13":"product_tag-albert-einstein-queen-elizabeth-europe-butik","14":"product_tag-albert-einstein-queen-elizabeth-europe-erbjudanden","15":"product_tag-albert-einstein-queen-elizabeth-forsaljning-online","16":"product_tag-albert-einstein-queen-elizabeth-fri-frakt-europa","17":"product_tag-albert-einstein-queen-elizabeth-onlinebutik-europa","18":"product_tag-autentisk-albert-einstein-queen-elizabeth-europe-sv","19":"product_tag-bestall-albert-einstein-queen-elizabeth-eu","20":"product_tag-bestall-albert-einstein-queen-elizabeth-online","21":"product_tag-billiga-albert-einstein-queen-elizabeth-europa","22":"product_tag-effekter-av-albert-einstein-drottning-elizabeth","23":"product_tag-hur-mycket-kostar-albert-einstein-drottning-elizabeth","24":"product_tag-kop-albert-einstein-queen-elizabeth","25":"product_tag-kop-albert-einstein-queen-elizabeth-online","26":"product_tag-kop-albert-einstein-queen-elizabeth-online-europa","27":"product_tag-var-kan-man-kopa-albert-einstein-queen-elizabeth-europe","28":"product_tag-var-kan-man-kopa-albert-einstein-queen-elizabeth-online","30":"first","31":"instock","32":"shipping-taxable","33":"purchasable","34":"product-type-simple","35":"farmacie-col"},"aioseo_notices":[],"_links":{"self":[{"href":"https:\/\/lacasadelamedicina.es\/sv\/wp-json\/wp\/v2\/product\/35042"}],"collection":[{"href":"https:\/\/lacasadelamedicina.es\/sv\/wp-json\/wp\/v2\/product"}],"about":[{"href":"https:\/\/lacasadelamedicina.es\/sv\/wp-json\/wp\/v2\/types\/product"}],"replies":[{"embeddable":true,"href":"https:\/\/lacasadelamedicina.es\/sv\/wp-json\/wp\/v2\/comments?post=35042"}],"wp:featuredmedia":[{"embeddable":true,"href":"https:\/\/lacasadelamedicina.es\/sv\/wp-json\/wp\/v2\/media\/19244"}],"wp:attachment":[{"href":"https:\/\/lacasadelamedicina.es\/sv\/wp-json\/wp\/v2\/media?parent=35042"}],"wp:term":[{"taxonomy":"product_cat","embeddable":true,"href":"https:\/\/lacasadelamedicina.es\/sv\/wp-json\/wp\/v2\/product_cat?post=35042"},{"taxonomy":"product_tag","embeddable":true,"href":"https:\/\/lacasadelamedicina.es\/sv\/wp-json\/wp\/v2\/product_tag?post=35042"}],"curies":[{"name":"wp","href":"https:\/\/api.w.org\/{rel}","templated":true}]}}