{"id":35041,"date":"2024-08-09T14:02:39","date_gmt":"2024-08-09T14:02:39","guid":{"rendered":"https:\/\/lacasadelamedicina.es\/product\/kop-1p-lsd-blotters-150mcg-online\/"},"modified":"2024-09-18T18:41:31","modified_gmt":"2024-09-18T18:41:31","slug":"kop-1p-lsd-blotters-150mcg-online","status":"publish","type":"product","link":"https:\/\/lacasadelamedicina.es\/sv\/produkt\/kop-1p-lsd-blotters-150mcg-online\/","title":{"rendered":"K\u00f6p 1P-LSD Blotters 150mcg Online"},"content":{"rendered":"<h3>K\u00f6p 150mcg 1P-LSD Blotters: Research Chemical Information<\/h3>\n<p><strong>Vad \u00e4r 150mcg 1P-LSD Blotters?<\/strong> 1P-LSD Blotters (150mcg) \u00e4r en typ av forskningskemikalie som ofta anv\u00e4nds i studier. \u00c4ven om dessa blotters f\u00f6r n\u00e4rvarande \u00e4r lagliga att s\u00e4lja och k\u00f6pa, kan deras juridiska status \u00e4ndras. Det \u00e4r viktigt att notera att 1P-LSD Blotters \u00e4r endast avsedda f\u00f6r forsknings\u00e4ndam\u00e5l och \u00e4r inte godk\u00e4nda f\u00f6r m\u00e4nsklig konsumtion. <strong>Riktlinjer f\u00f6r f\u00f6rvaring av 150mcg 1P-LSD-blotters<\/strong> F\u00f6r att s\u00e4kerst\u00e4lla livsl\u00e4ngden och effektiviteten hos 1P-LSD-blotters (150mcg), f\u00f6rvara dem p\u00e5 en sval, torr plats. N\u00e4r den f\u00f6rvaras under dessa f\u00f6rh\u00e5llanden f\u00f6rblir kemikalien stabil i upp till tv\u00e5 \u00e5r. Korrekt f\u00f6rvaring hj\u00e4lper till att bibeh\u00e5lla l\u00e4skarnas integritet under hela deras h\u00e5llbarhetstid. IUPAC: 1-propionyl-lysergsyra dietylamid CAS-nr: N\/A Molekylformel: C23H29N3O2 Molekylmassa: 379,45926 g\/mol <strong>Best\u00e4ll 150mcg 1P-LSD Blotters fr\u00e5n Chemswell!<\/strong> Chemswell erbjuder snabb och p\u00e5litlig leverans f\u00f6r 150mcg 1P-LSD Blotters. Om du g\u00f6r en best\u00e4llning idag kan du f\u00f6rv\u00e4nta dig att ditt paket kommer fram till din d\u00f6rr inom en dag. Alla leveranser hanteras diskret av PostNL, vilket s\u00e4kerst\u00e4ller integritet. F\u00f6r massbest\u00e4llningar av 1P-LSD Blotters, v\u00e4nligen kontakta v\u00e5r kundtj\u00e4nst f\u00f6r mer information. <strong>Betalningsalternativ<\/strong> Chemswell tillhandah\u00e5ller en m\u00e4ngd olika betalningsmetoder f\u00f6r din bekv\u00e4mlighet, inklusive:         <\/p>\n<ul>\n<li>Kreditkort (Mastercard, Visa, American Express)<\/li>\n<li>PayPal<\/li>\n<li>Bitcoin<\/li>\n<li>idealisk<\/li>\n<\/ul>\n<p><strong>Varf\u00f6r v\u00e4lja Chemswell?<\/strong> Chemswell har \u00e5tagit sig att erbjuda tj\u00e4nster av h\u00f6gsta kvalitet till konkurrenskraftiga priser. F\u00f6r eventuella fr\u00e5gor eller ytterligare information \u00e4r du v\u00e4lkommen att kontakta oss via e-post eller telefon. Bes\u00f6k v\u00e5r kontaktsida f\u00f6r mer information. 1P-LSD \u00e4r en ny psykedelisk substans av lysergamidklassen. 1P-LSD \u00e4r n\u00e4ra besl\u00e4ktad med LSD och rapporteras ge n\u00e4stan identiska effekter. P\u00e5 grund av dess nyhet \u00e4r lite k\u00e4nt om farmakologin f\u00f6r 1P-LSD, men det tros producera dess effekter genom att binda till serotoninreceptorer i hj\u00e4rnan. Best\u00e4ll dina 150mcg 1P-LSD-blotters fr\u00e5n Chemswell idag f\u00f6r exceptionell service och v\u00e4rde.<\/p>\n","protected":false},"excerpt":{"rendered":"<p>1P-LSD Blotters 150mcg \u00e4r ett psykedeliskt l\u00e4kemedel av lysergamidklassen som \u00e4r ett derivat och funktionell analog av LSD och en homolog av ALD-52. Det uppstod 2015 n\u00e4r det d\u00f6k upp som en designerdrog som s\u00e5ldes online. Den modifierar LSD-molekylen genom att l\u00e4gga till en propionylgrupp till kv\u00e4veatomen i LSD:s indolgrupp.  <\/p>\n","protected":false},"featured_media":19229,"comment_status":"closed","ping_status":"closed","template":"","meta":{"om_disable_all_campaigns":false,"_sitemap_exclude":false,"_sitemap_priority":"","_sitemap_frequency":"","_monsterinsights_skip_tracking":false,"_monsterinsights_sitenote_active":false,"_monsterinsights_sitenote_note":"","_monsterinsights_sitenote_category":0},"product_cat":[36407],"product_tag":[37046,37040,37042,37044,37041,37036,37039,37045,37030,37034,37037,37043,37033,37047,37038,37029,37031,37026,37027,37032,37035,37028],"class_list":{"0":"post-35041","1":"product","2":"type-product","3":"status-publish","4":"has-post-thumbnail","6":"product_cat-lsd-sv","7":"product_tag-1p-lsd-blotters-150mcg-basta-pris-europa","8":"product_tag-1p-lsd-blotters-150mcg-europa-butik","9":"product_tag-1p-lsd-blotters-150mcg-europa-leverans","10":"product_tag-1p-lsd-blotters-150mcg-europa-leverantorer","11":"product_tag-1p-lsd-blotters-150mcg-europa-rabatt-sv","12":"product_tag-1p-lsd-blotters-150mcg-europa-rea","13":"product_tag-1p-lsd-blotters-150mcg-europa-erbjudanden","14":"product_tag-1p-lsd-blotters-150mcg-europe-recension","15":"product_tag-1p-lsd-blotters-150mcg-forsaljning-online","16":"product_tag-1p-lsd-blotters-150mcg-fri-frakt-europa","17":"product_tag-1p-lsd-blotters-150mcg-webbutik-europa","18":"product_tag-authentic1p-lsd-blotters-150mcg-europa-sv","19":"product_tag-bestall-1p-lsd-blotters-150mcg-eu","20":"product_tag-bestall-1p-lsd-blotters-150mcg-online","21":"product_tag-billiga1p-lsd-blotters-150mcg-europa","22":"product_tag-effekter-av-1p-lsd-blotters-150mcg-sv","23":"product_tag-hur-mycket-kostar-1p-lsd-blotters-150mcg","24":"product_tag-kop-1p-lsd-blotters-150mcg","25":"product_tag-kop-1p-lsd-blotters-150mcg-online","26":"product_tag-kop-1p-lsd-blotters-150mcg-online-europa","27":"product_tag-var-kan-man-kopa-1p-lsd-blotters-150mcg-europe","28":"product_tag-var-kan-man-kopa-1p-lsd-blotters-150mcg-online","30":"first","31":"instock","32":"shipping-taxable","33":"purchasable","34":"product-type-simple","35":"farmacie-col"},"aioseo_notices":[],"_links":{"self":[{"href":"https:\/\/lacasadelamedicina.es\/sv\/wp-json\/wp\/v2\/product\/35041"}],"collection":[{"href":"https:\/\/lacasadelamedicina.es\/sv\/wp-json\/wp\/v2\/product"}],"about":[{"href":"https:\/\/lacasadelamedicina.es\/sv\/wp-json\/wp\/v2\/types\/product"}],"replies":[{"embeddable":true,"href":"https:\/\/lacasadelamedicina.es\/sv\/wp-json\/wp\/v2\/comments?post=35041"}],"wp:featuredmedia":[{"embeddable":true,"href":"https:\/\/lacasadelamedicina.es\/sv\/wp-json\/wp\/v2\/media\/19229"}],"wp:attachment":[{"href":"https:\/\/lacasadelamedicina.es\/sv\/wp-json\/wp\/v2\/media?parent=35041"}],"wp:term":[{"taxonomy":"product_cat","embeddable":true,"href":"https:\/\/lacasadelamedicina.es\/sv\/wp-json\/wp\/v2\/product_cat?post=35041"},{"taxonomy":"product_tag","embeddable":true,"href":"https:\/\/lacasadelamedicina.es\/sv\/wp-json\/wp\/v2\/product_tag?post=35041"}],"curies":[{"name":"wp","href":"https:\/\/api.w.org\/{rel}","templated":true}]}}