{"id":35030,"date":"2024-08-09T14:02:39","date_gmt":"2024-08-09T14:02:39","guid":{"rendered":"https:\/\/lacasadelamedicina.es\/product\/kop-155-mcg-teachers-gaze-sjalvlagd-99-ren-aztekisk-kristall-online\/"},"modified":"2024-08-09T14:02:39","modified_gmt":"2024-08-09T14:02:39","slug":"kop-155-mcg-teachers-gaze-sjalvlagd-99-ren-aztekisk-kristall-online","status":"publish","type":"product","link":"https:\/\/lacasadelamedicina.es\/sv\/produkt\/kop-155-mcg-teachers-gaze-sjalvlagd-99-ren-aztekisk-kristall-online\/","title":{"rendered":"K\u00f6p 155 MCG Teacher&#8217;s Gaze (sj\u00e4lvlagd, 99 % ren aztekisk kristall) online"},"content":{"rendered":"<h3>B\u00e4sta st\u00e4llet att k\u00f6pa Teacher&#8217;s Gaze LSD online<\/h3>\n<p> Vi presenterar ett distinkt erbjudande: ett begr\u00e4nsat parti Teacher&#8217;s Gaze LSD-flikar, som skapades med en s\u00e4llsynt kristall som kommer fr\u00e5n en dedikerad grupp entusiaster som \u00e4r i linje med v\u00e5ra perspektiv p\u00e5 verklighet och andlighet. Denna exklusiva sats producerades en g\u00e5ng och togs sedan i pension, vilket betyder att varken vi eller n\u00e5gon annan kommer att ha den h\u00e4r specifika kristallen igen. Efter testning blev vi f\u00f6rv\u00e5nade \u00f6ver styrkan och upplevde dessa flikar. P\u00e5 grund av kristallens s\u00e4llsynthet \u00e4r priset h\u00f6gre j\u00e4mf\u00f6rt med aztekiska varianter, men vi erbjuder den till en liten premie f\u00f6r att dela den inom v\u00e5r psykedeliska gemenskap.    <\/p>\n<h3>LSD-blottersyra finns att k\u00f6pa online<\/h3>\n<p> Teacher&#8217;s Gaze LSD Online erbjuder ett brett utbud av produkter, inklusive Goblin&#8217;s Den, Hoffman LSD blotter, Void Realm, Teacher&#8217;s Gaze, Fractal Storm och mer. Noterbart \u00e4r Teacher&#8217;s Gaze en av de mest eftertraktade produkterna, s\u00e4rskilt bland yngre anv\u00e4ndare. H\u00e4r \u00e4r n\u00e5gra viktiga detaljer om Teacher&#8217;s Gaze LSD:   <\/p>\n<ul>\n<li>Ungef\u00e4r 10 % av m\u00e4nniskorna i USA har provat Teacher\u2019s Gaze LSD n\u00e5gon g\u00e5ng sedan 2017, med 0,7 % som har anv\u00e4nt det under det senaste \u00e5ret. Dess anv\u00e4ndning var mest utbredd fr\u00e5n 1960-talet till 1980-talet. Vanligtvis intas Teacher&#8217;s Gaze LSD antingen eller placeras under tungan, ofta distribuerad p\u00e5 l\u00e4skpapper.  <\/li>\n<\/ul>\n<h3>Nyckelinformation f\u00f6r att k\u00f6pa 155 mcg Teacher&#8217;s Gaze Online<\/h3>\n<p> N\u00e4r du k\u00f6per 155 mcg Teacher&#8217;s Gaze, blandas den vanligtvis med 99 % aztekisk kristall. Detta \u00e4mne \u00e4r k\u00e4nt f\u00f6r att snabbt l\u00e4mna blodomloppet om det injiceras.  <\/p>\n<h4>Biverkningar av 155 mcg Teacher&#8217;s Gaze<\/h4>\n<ul>\n<li>Hallucinationer \u00e4r en vanlig effekt av Teacher&#8217;s Gaze.<\/li>\n<li>Anv\u00e4ndare kan uppleva s\u00f6mnsv\u00e5righeter.<\/li>\n<\/ul>\n<h3>Slutsats<\/h3>\n<p> Teacher&#8217;s Gaze \u00e4r en favoritprodukt bland ton\u00e5ringar, ofta betraktad som en festdrog p\u00e5 grund av dess hallucinogena effekter, vilket skiljer den fr\u00e5n andra LSD-produkter. LSD, vanligen kallad &#8221;syra&#8221;, \u00e4r k\u00e4nt f\u00f6r att inducera betydande f\u00f6r\u00e4ndringar i uppfattningen. Teacher&#8217;s Gaze LSD \u00e4r ett kraftfullt, hum\u00f6rf\u00f6r\u00e4ndrande \u00e4mne som kommer fr\u00e5n lyserginsyra, som h\u00e4rstammar fr\u00e5n mj\u00f6ldrygsvampen som finns p\u00e5 spannm\u00e5l som r\u00e5g. Den tillverkas i illegala laboratorier, fr\u00e4mst i USA, d\u00e4r den omvandlas till en v\u00e4tska f\u00f6r distribution. Den \u00e4r vanligtvis f\u00e4rgl\u00f6s, luktfri och har en n\u00e5got bitter smak.     &nbsp;<\/p>\n","protected":false},"excerpt":{"rendered":"<p>V\u00e4xtfamiljen Apocynaceae inkluderar arter som Tabernanthe iboga, Voacanga africana och Tabernaemontana undulata, som inneh\u00e5ller den naturligt f\u00f6rekommande hallucinogena f\u00f6reningen ibogaine. En psykedelisk drog med dissociativa effekter. <\/p>\n","protected":false},"featured_media":19199,"comment_status":"closed","ping_status":"closed","template":"","meta":{"om_disable_all_campaigns":false,"_sitemap_exclude":false,"_sitemap_priority":"","_sitemap_frequency":"","_monsterinsights_skip_tracking":false,"_monsterinsights_sitenote_active":false,"_monsterinsights_sitenote_note":"","_monsterinsights_sitenote_category":0},"product_cat":[36407],"product_tag":[36986,36987,36981,36991,36993,36990,37000,37002,36999,36997,37003,36998,36994,36992,36982,36989,36995,37001,36984,36996,36985,36988,36980,36983],"class_list":{"0":"post-35030","1":"product","2":"type-product","3":"status-publish","4":"has-post-thumbnail","6":"product_cat-lsd-sv","7":"product_tag-155-mcg-teachers-gaze-sjalvlagd","8":"product_tag-99-pure-aztec-crystal-forsaljning-online","9":"product_tag-99-ren-aztekisk-kristall","10":"product_tag-99-ren-aztekisk-kristall-eu","11":"product_tag-99-ren-aztekisk-kristall-europa","12":"product_tag-99-pure-aztec-crystal-basta-pris-europa","13":"product_tag-99-pure-aztec-crystal-europa-leverans","14":"product_tag-99-pure-aztec-crystal-europa-leverantorer","15":"product_tag-99-pure-aztec-crystal-europa-rabatt-sv","16":"product_tag-99-pure-aztec-crystal-europa-erbjudanden","17":"product_tag-99-pure-aztec-crystal-europe-recension","18":"product_tag-99-pure-aztec-crystal-europe-shop-sv","19":"product_tag-99-pure-aztec-crystal-forsaljning-i-europa","20":"product_tag-99-pure-aztec-crystal-fri-frakt-europa","21":"product_tag-99-pure-aztec-crystal-online-sv","22":"product_tag-99-pure-aztec-crystal-online-europa-sv","23":"product_tag-99-pure-aztec-crystal-onlinebutik-europa","24":"product_tag-autentisk-155-mcg-teachers-gaze-sjalvlagd","25":"product_tag-bestall-155-mcg-teachers-gaze-sjalvlagd","26":"product_tag-billigt-155-mcg-teachers-gaze-sjalvhaftande","27":"product_tag-effekter-av-155-mcg-teacheraes-gaze-self-laid","28":"product_tag-hur-mycket-ar-155-mcg-teachers-gaze-self-laid","29":"product_tag-kop-155-mcg-teachers-gaze-sjalvlagd","30":"product_tag-var-kan-man-kopa-155-mcg-teachers-gaze-self-laid","32":"first","33":"instock","34":"shipping-taxable","35":"purchasable","36":"product-type-variable","37":"farmacie-col"},"aioseo_notices":[],"_links":{"self":[{"href":"https:\/\/lacasadelamedicina.es\/sv\/wp-json\/wp\/v2\/product\/35030"}],"collection":[{"href":"https:\/\/lacasadelamedicina.es\/sv\/wp-json\/wp\/v2\/product"}],"about":[{"href":"https:\/\/lacasadelamedicina.es\/sv\/wp-json\/wp\/v2\/types\/product"}],"replies":[{"embeddable":true,"href":"https:\/\/lacasadelamedicina.es\/sv\/wp-json\/wp\/v2\/comments?post=35030"}],"wp:featuredmedia":[{"embeddable":true,"href":"https:\/\/lacasadelamedicina.es\/sv\/wp-json\/wp\/v2\/media\/19199"}],"wp:attachment":[{"href":"https:\/\/lacasadelamedicina.es\/sv\/wp-json\/wp\/v2\/media?parent=35030"}],"wp:term":[{"taxonomy":"product_cat","embeddable":true,"href":"https:\/\/lacasadelamedicina.es\/sv\/wp-json\/wp\/v2\/product_cat?post=35030"},{"taxonomy":"product_tag","embeddable":true,"href":"https:\/\/lacasadelamedicina.es\/sv\/wp-json\/wp\/v2\/product_tag?post=35030"}],"curies":[{"name":"wp","href":"https:\/\/api.w.org\/{rel}","templated":true}]}}