{"id":34994,"date":"2024-08-09T14:02:42","date_gmt":"2024-08-09T14:02:42","guid":{"rendered":"https:\/\/lacasadelamedicina.es\/product\/kop-hofmann-blotter-205%c2%b5g-lsd-online\/"},"modified":"2024-08-09T14:02:42","modified_gmt":"2024-08-09T14:02:42","slug":"kop-hofmann-blotter-205%c2%b5g-lsd-online","status":"publish","type":"product","link":"https:\/\/lacasadelamedicina.es\/sv\/produkt\/kop-hofmann-blotter-205%c2%b5g-lsd-online\/","title":{"rendered":"K\u00f6p Hofmann Blotter 205\u00b5g LSD online"},"content":{"rendered":"<h2>Hofmann Blotter 205\u00b5g LSD till salu<\/h2>\n<p> Hofmann Blotter 205\u00b5g LSD till salu. Vi har Hofmann Blotter 200\u00b5g LSD. Mycket stark skit, fin och tydlig LSD. Den europeiska l\u00e4kemedelskontrollgruppen som analyserade denna dosenhet av blotter utf\u00e4rdade en &#8221;h\u00f6g dos&#8221; f\u00f6rsiktighet eftersom den inneh\u00e5ller mer \u00e4n 150 ug LSD. Design som \u00e4r synlig \u00e4r bl\u00e5, svart, vit och gul. Baksidan \u00e4r svart och vit.     <\/p>\n<h2>K\u00f6p Hofmann LSD:<\/h2>\n<p> LSD, \u00e4ven k\u00e4nd som syra eller LSD-25, \u00e4r ett icke-beroendeframkallande psykoaktivt \u00e4mne som h\u00e4rr\u00f6r fr\u00e5n en svamp som kallas ergot. Det uppt\u00e4cktes av en slump i Albert Hofmanns laboratorium. LSD \u00e4r k\u00e4nt f\u00f6r sin f\u00f6rm\u00e5ga att f\u00f6r\u00e4ndra uppfattningen och beskrivs ofta av anv\u00e4ndare som ett intr\u00e4de i en helt ny v\u00e4rld. Det p\u00e5verkar samma regioner i hj\u00e4rnan som \u00e4r involverade i dr\u00f6mmar, vilket leder till f\u00f6rvr\u00e4ngda verklighetsuppfattningar och livliga hallucinationer. LSD anses vara giftfritt, och det \u00e4r praktiskt taget om\u00f6jligt att \u00f6verdosera det. Det \u00e4r dock viktigt att iaktta f\u00f6rsiktighet och vara medveten om juridiska regler kring anv\u00e4ndningen.<\/p>\n","protected":false},"excerpt":{"rendered":"<p>Hofmann Blotter 205\u00b5g LSD till salu Hofmann Blotter 205\u00b5g LSD till salu. Vi har Hofmann Blotter 200\u00b5g LSD. Mycket stark skit, fin och tydlig LSD. Den europeiska l\u00e4kemedelskontrollgruppen som analyserade denna dosenhet av blotter utf\u00e4rdade en &#8221;h\u00f6g dos&#8221; f\u00f6rsiktighet eftersom den inneh\u00e5ller mer \u00e4n 150 ug LSD. Design som \u00e4r synlig \u00e4r bl\u00e5, svart, vit [&hellip;]<\/p>\n","protected":false},"featured_media":19304,"comment_status":"open","ping_status":"closed","template":"","meta":{"om_disable_all_campaigns":false,"_sitemap_exclude":false,"_sitemap_priority":"","_sitemap_frequency":"","_monsterinsights_skip_tracking":false,"_monsterinsights_sitenote_active":false,"_monsterinsights_sitenote_note":"","_monsterinsights_sitenote_category":0},"product_cat":[36407],"product_tag":[],"class_list":{"0":"post-34994","1":"product","2":"type-product","3":"status-publish","4":"has-post-thumbnail","6":"product_cat-lsd-sv","8":"first","9":"instock","10":"shipping-taxable","11":"purchasable","12":"product-type-simple","13":"farmacie-col"},"aioseo_notices":[],"_links":{"self":[{"href":"https:\/\/lacasadelamedicina.es\/sv\/wp-json\/wp\/v2\/product\/34994"}],"collection":[{"href":"https:\/\/lacasadelamedicina.es\/sv\/wp-json\/wp\/v2\/product"}],"about":[{"href":"https:\/\/lacasadelamedicina.es\/sv\/wp-json\/wp\/v2\/types\/product"}],"replies":[{"embeddable":true,"href":"https:\/\/lacasadelamedicina.es\/sv\/wp-json\/wp\/v2\/comments?post=34994"}],"wp:featuredmedia":[{"embeddable":true,"href":"https:\/\/lacasadelamedicina.es\/sv\/wp-json\/wp\/v2\/media\/19304"}],"wp:attachment":[{"href":"https:\/\/lacasadelamedicina.es\/sv\/wp-json\/wp\/v2\/media?parent=34994"}],"wp:term":[{"taxonomy":"product_cat","embeddable":true,"href":"https:\/\/lacasadelamedicina.es\/sv\/wp-json\/wp\/v2\/product_cat?post=34994"},{"taxonomy":"product_tag","embeddable":true,"href":"https:\/\/lacasadelamedicina.es\/sv\/wp-json\/wp\/v2\/product_tag?post=34994"}],"curies":[{"name":"wp","href":"https:\/\/api.w.org\/{rel}","templated":true}]}}