{"id":34925,"date":"2024-08-09T14:02:43","date_gmt":"2024-08-09T14:02:43","guid":{"rendered":"https:\/\/lacasadelamedicina.es\/product\/kop-pentobarbital-intravenos-losning-online\/"},"modified":"2024-08-09T14:02:43","modified_gmt":"2024-08-09T14:02:43","slug":"kop-pentobarbital-intravenos-losning-online","status":"publish","type":"product","link":"https:\/\/lacasadelamedicina.es\/sv\/produkt\/kop-pentobarbital-intravenos-losning-online\/","title":{"rendered":"K\u00f6p Pentobarbital intraven\u00f6s l\u00f6sning online"},"content":{"rendered":"<h2>K\u00f6p Pentobarbital intraven\u00f6s l\u00f6sning<\/h2>\n<p> Det finns m\u00e5nga typer av barbiturater, och pentobarbital intraven\u00f6s l\u00f6sning \u00e4r bara en av dem. P\u00e5 Dr. Law Sons Pharmacy tillhandah\u00e5ller vi omfattande information om detta l\u00e4kemedel f\u00f6r att hj\u00e4lpa dig f\u00f6rst\u00e5 dess anv\u00e4ndningsomr\u00e5den och effekter.  <\/p>\n<h3>Vad \u00e4r Pentobarbital?<\/h3>\n<p> Pentobarbital \u00e4r ett barbiturat som h\u00e4mmar det centrala nervsystemet (CNS) och hj\u00e4rnan. Det ordineras i f\u00f6rsta hand f\u00f6r att inducera s\u00f6mn snarare \u00e4n som ett lugnande medel. Liksom andra barbiturater kan dess effektivitet minska vid l\u00e5ngvarig anv\u00e4ndning, och ofta bli mindre effektiv efter tv\u00e5 veckor. L\u00e4kemedlet har en halveringstid som str\u00e4cker sig fr\u00e5n 5 till 50 timmar, beroende p\u00e5 dosering. Pentobarbital \u00e4r en g\u00e5ng allm\u00e4nt tillg\u00e4ngligt och \u00e4r nu s\u00e4llsynt och dyrt, eftersom det inte l\u00e4ngre anv\u00e4nds som bed\u00f6vningsmedel i m\u00e5nga l\u00e4nder.     <\/p>\n<h3>Psykologiska och fysiologiska effekter av Pentobarbital<\/h3>\n<p> Pentobarbital kan orsaka olika fysiologiska effekter, inklusive: <\/p>\n<ul>\n<li>Minskat art\u00e4rtryck<\/li>\n<li>Perifer vasodilatation<\/li>\n<li>F\u00f6r\u00e4ndrad hj\u00e4rtfrekvens<\/li>\n<li>Depression av hj\u00e4rtminutvolymen<\/li>\n<li>Minskad vasopressorrespons<\/li>\n<\/ul>\n<p> I forskningssammanhang kan det p\u00e5verka variabler som myokardskada efter kransart\u00e4rligering. L\u00e4kemedlet ger ett lugnande djup som liknar Jorgensen-tekniken, med effekter som varar i 2-4 timmar. Som ett CNS-d\u00e4mpande medel kan det g\u00f6ra individer mer k\u00e4nsliga f\u00f6r stimuli. I decennier var pentobarbital ett standardbed\u00f6vningsmedel f\u00f6r f\u00f6rs\u00f6ksdjur. Effektiv anestesi hos f\u00f6rs\u00f6ksdjur uppn\u00e5s med doser n\u00e4ra de som kan orsaka andningssvikt, administrerade l\u00e5ngsamt via intraven\u00f6s injektion. \u00c4ven om pentobarbital inte l\u00e4ngre \u00e4r kommersiellt tillg\u00e4nglig f\u00f6r anestesi i de flesta l\u00e4nder, kan det fortfarande erh\u00e5llas fr\u00e5n licensierade leverant\u00f6rer som Dr. Law Sons Pharmacy f\u00f6r specifika forskningsbehov.      <\/p>\n<h2>Kan man behandla en \u00f6verdos pentobarbital?<\/h2>\n<p> \u00d6verdosering av barbiturat kan vara extremt d\u00f6dlig. Du b\u00f6r alltid meddela din l\u00e4kare om du tror att du \u00e4r k\u00e4nslig f\u00f6r barbiturater eller om du har en historia av drogmissbruk. Du b\u00f6r ocks\u00e5 ber\u00e4tta f\u00f6r l\u00e4karen om du har en lever- eller njursjukdom, porfyri, kroniskt obstruktivt lungtillst\u00e5nd, okontrollerad astma eller en historia med psykisk h\u00e4lsa eller kronisk sjukdom. Om en \u00e4lskad eller en n\u00e4ra person har \u00f6verdoserat pentobarbital, f\u00f6rs\u00f6k inte f\u00e5 honom eller henne att kr\u00e4kas. Du b\u00f6r s\u00f6ka medicinsk hj\u00e4lp omedelbart. Behandling av en \u00f6verdos av pentobarbital inneb\u00e4r oftast st\u00f6djande hj\u00e4lp. Nedan \u00e4r n\u00e5gra av de st\u00f6djande procedurerna:       <\/p>\n<ul>\n<li>Kontrollera de vanliga \u00f6verdossymtomen<\/li>\n<li>Observation av in- och utmatning av v\u00e4tska<\/li>\n<li>Se till att det finns tillr\u00e4ckligt med syre<\/li>\n<li>Se till att offret \u00e4r s\u00e4kert hela tiden<\/li>\n<li>Kontrollerar chocksymptomen<\/li>\n<li>Kontrollera medvetandeniv\u00e5er<\/li>\n<li>Hemodialys kan beh\u00f6vas f\u00f6r att ta l\u00e4kemedlet ur systemet om det finns onormal njurfunktion<\/li>\n<li>\u00d6kat v\u00e4tskeintag<\/li>\n<li>Se till att det finns pentobarbital njuruts\u00f6ndring<\/li>\n<li>Starta antibiotikabehandling om offret har lunginflammation<\/li>\n<li>Erbjuder v\u00e5rd som kan f\u00f6rb\u00e4ttra mental vakenhet och l\u00f6sa eventuella tecken p\u00e5 p\u00e5verkat t\u00e4nkande<\/li>\n<li>Kontrollera m\u00f6jliga problem som njursvikt, lung\u00f6dem, arytmier och hj\u00e4rtproblem.<\/li>\n<\/ul>\n<h3>Pentobarbital biverkningar<\/h3>\n<p> N\u00e4r du tar pentobarbital kommer du sannolikt att uppleva flera biverkningar efter. Vissa kan vara milda medan andra \u00e4r sv\u00e5ra. Vi har tillhandah\u00e5llit de flesta av biverkningarna h\u00e4r. Kom ih\u00e5g att detta inte \u00e4r en komplett lista \u00f6ver biverkningar. De inkluderar: f\u00f6rvirring, mardr\u00f6mmar, \u00e5ngest, onormalt t\u00e4nkande, illam\u00e5ende, f\u00f6rstoppning, feber, agitation, hallucinationer, nervositet, s\u00f6mnl\u00f6shet, yrsel, illam\u00e5ende, kr\u00e4kningar och huvudv\u00e4rk, bland annat.     <\/p>\n<h3>Kan man bli beroende av Pentobarbital intraven\u00f6s l\u00f6sning?<\/h3>\n<p> Precis som de flesta barbiturater \u00e4r pentobarbital ocks\u00e5 v\u00e4ldigt beroendeframkallande. Undvik att ta l\u00e4kemedlet i mer \u00e4n n\u00f6dv\u00e4ndiga doser eller under l\u00e4ngre tid \u00e4n n\u00f6dv\u00e4ndigt. Dessutom, n\u00e4r du drar dig tillbaka fr\u00e5n drogen, se till att du konsulterar en l\u00e4kare. Pentobarbital kan orsaka sv\u00e5ra abstinenssymtom som yrsel, s\u00f6mnl\u00f6shet, svimning med mera och en l\u00e4kare vet hur man minskar dosen gradvis s\u00e5 att du inte lider av dessa abstinenssymtom.    <\/p>\n<h3>Kan du f\u00e5 pentobarbital lagligt?<\/h3>\n<p> Pentobarbital \u00e4r ett av f\u00e5 barbiturater som du kan k\u00f6pa lagligt. Det \u00e4r dock v\u00e4rt att notera att antalet f\u00f6retag som producerar pentobarbital har minskat drastiskt vilket g\u00f6r det sv\u00e5rt att f\u00e5 tag i detta l\u00e4kemedel. Du beh\u00f6ver en l\u00e4kares rekommendation\/recept f\u00f6r att du ska kunna k\u00f6pa detta l\u00e4kemedel.   <\/p>\n<h3>Kan man k\u00f6pa pentobarbital online?<\/h3>\n<p> Om du s\u00f6ker pentobarbital p\u00e5 s\u00f6kmotorer kommer du att f\u00e5 m\u00e5nga onlineleverant\u00f6rer som s\u00e4ljer pentobarbital och andra barbiturater. Du b\u00f6r dock veta att pentobarbital och andra barbiturater \u00e4r kontrollerade droger i m\u00e5nga l\u00e4nder. Om du planerar att k\u00f6pa pentobarbital online, se till att du har gjort ordentlig research innan du k\u00f6per. Att l\u00e4sa m\u00e5nga recensioner s\u00e4kerst\u00e4ller ocks\u00e5 att du k\u00f6per fr\u00e5n en legitim k\u00f6pare.<\/p>\n","protected":false},"excerpt":{"rendered":"<p>K\u00f6p Nembutal Pentobarbital d\u00f6dlig injektionsl\u00f6sning online. Tillg\u00e4nglig i en koncentration p\u00e5 50 mg\/ml, kommer l\u00f6sningen i 20 ml och 50 ml injektionsflaskor. V\u00e4lj den kvantitet du beh\u00f6ver och l\u00e4gg den i din varukorg. Vi erbjuder snabb och garanterad diskret leverans f\u00f6r alla best\u00e4llningar.   <\/p>\n","protected":false},"featured_media":19724,"comment_status":"open","ping_status":"closed","template":"","meta":{"om_disable_all_campaigns":false,"_sitemap_exclude":false,"_sitemap_priority":"","_sitemap_frequency":"","_monsterinsights_skip_tracking":false,"_monsterinsights_sitenote_active":false,"_monsterinsights_sitenote_note":"","_monsterinsights_sitenote_category":0},"product_cat":[36266],"product_tag":[36613,36603,36597,36608,36598,36600,36594,36595,36601,36602,36610,36606,36615,36612,36614,36611,36609,36599,36604,36607,36605,36596],"class_list":{"0":"post-34925","1":"product","2":"type-product","3":"status-publish","4":"has-post-thumbnail","6":"product_cat-pentobarbitalnatrium-nembutal-sv","7":"product_tag-autentisk-pentobarbital-intravenos-losning-europa-sv","8":"product_tag-bestall-pentobarbital-intravenos-losning-eu","9":"product_tag-bestall-pentobarbital-intravenos-losning-online","10":"product_tag-billig-pentobarbital-intravenos-losning-europa","11":"product_tag-effekter-av-pentobarbital-intravenos-losning","12":"product_tag-hur-mycket-kostar-pentobarbital-intravenos-losning","13":"product_tag-kop-pentobarbital-intravenos-losning","14":"product_tag-kop-pentobarbital-intravenos-losning-online","15":"product_tag-kop-pentobarbital-intravenos-losning-online-europa","16":"product_tag-pentobarbital-intravenos-losning-basta-pris-europa","17":"product_tag-pentobarbital-intravenos-losning-europa-butik","18":"product_tag-pentobarbital-intravenos-losning-europa-forsaljning","19":"product_tag-pentobarbital-intravenos-losning-europa-granskning","20":"product_tag-pentobarbital-intravenos-losning-europa-leverans","21":"product_tag-pentobarbital-intravenos-losning-europa-leverantorer","22":"product_tag-pentobarbital-intravenos-losning-europa-rabatt-sv","23":"product_tag-pentobarbital-intravenos-losning-europaavtal","24":"product_tag-pentobarbital-intravenos-losning-forsaljning-online","25":"product_tag-pentobarbital-intravenos-losning-fri-frakt-europa","26":"product_tag-pentobarbital-intravenos-losning-onlinebutik-europa","27":"product_tag-var-kan-man-kopa-pentobarbital-intravenos-losning-europa","28":"product_tag-var-kan-man-kopa-pentobarbital-intravenos-losning-online","30":"first","31":"instock","32":"shipping-taxable","33":"purchasable","34":"product-type-variable","35":"farmacie-col"},"aioseo_notices":[],"_links":{"self":[{"href":"https:\/\/lacasadelamedicina.es\/sv\/wp-json\/wp\/v2\/product\/34925"}],"collection":[{"href":"https:\/\/lacasadelamedicina.es\/sv\/wp-json\/wp\/v2\/product"}],"about":[{"href":"https:\/\/lacasadelamedicina.es\/sv\/wp-json\/wp\/v2\/types\/product"}],"replies":[{"embeddable":true,"href":"https:\/\/lacasadelamedicina.es\/sv\/wp-json\/wp\/v2\/comments?post=34925"}],"wp:featuredmedia":[{"embeddable":true,"href":"https:\/\/lacasadelamedicina.es\/sv\/wp-json\/wp\/v2\/media\/19724"}],"wp:attachment":[{"href":"https:\/\/lacasadelamedicina.es\/sv\/wp-json\/wp\/v2\/media?parent=34925"}],"wp:term":[{"taxonomy":"product_cat","embeddable":true,"href":"https:\/\/lacasadelamedicina.es\/sv\/wp-json\/wp\/v2\/product_cat?post=34925"},{"taxonomy":"product_tag","embeddable":true,"href":"https:\/\/lacasadelamedicina.es\/sv\/wp-json\/wp\/v2\/product_tag?post=34925"}],"curies":[{"name":"wp","href":"https:\/\/api.w.org\/{rel}","templated":true}]}}