{"id":34882,"date":"2024-08-09T14:02:43","date_gmt":"2024-08-09T14:02:43","guid":{"rendered":"https:\/\/lacasadelamedicina.es\/product\/kop-flytande-lsd-online\/"},"modified":"2024-08-09T14:02:43","modified_gmt":"2024-08-09T14:02:43","slug":"kop-flytande-lsd-online","status":"publish","type":"product","link":"https:\/\/lacasadelamedicina.es\/sv\/produkt\/kop-flytande-lsd-online\/","title":{"rendered":"K\u00f6p flytande LSD online"},"content":{"rendered":"<h2>K\u00f6p flytande LSD till salu online<\/h2>\n<h3>K\u00f6p flytande LSD till salu online<\/h3>\n<p> LSD b\u00f6rjar som ett kristallint \u00e4mne och distribueras sedan i f\u00f6rbrukningsbara former. Under 1960-talet distribuerades det vanligtvis i mikroprickar (sm\u00e5 piller), gelatinrutor (k\u00e4nda som &#8221;f\u00f6nsterrutor&#8221;) och l\u00e4skpapper. <strong>K\u00f6p LSD<\/strong> Psykedelika, inklusive LSD, ses p\u00e5 olika s\u00e4tt av olika m\u00e4nniskor \u2013 vissa ser dem som ett v\u00e4rdefullt verktyg inom psykiatrin, andra som ett hot mot samh\u00e4llet och n\u00e5gra som en ink\u00f6rsport till alternativa v\u00e4rldar. LSD, tillsammans med andra v\u00e4lk\u00e4nda psykedelika s\u00e5som DMT, meskalin och psilocybin, har anv\u00e4nts av olika kulturer i \u00e5rhundraden f\u00f6r att framkalla f\u00f6r\u00e4ndrade medvetandetillst\u00e5nd. Medan LSD f\u00f6rst uppt\u00e4cktes 1943, \u00e4r de andra \u00e4mnena h\u00e4rledda fr\u00e5n v\u00e4xter och svampar och har en l\u00e5ng historia av anv\u00e4ndning.    <strong>Varf\u00f6r k\u00f6pa LSD?<\/strong> LSD, \u00e4ven k\u00e4nd som &#8221;syra&#8221;, \u00e4r en av de mest potenta hum\u00f6rf\u00f6r\u00e4ndrande substanserna. Den syntetiseras fr\u00e5n lyserginsyra som finns i mj\u00f6ldrygsvampen som v\u00e4xer p\u00e5 r\u00e5g och andra spannm\u00e5l. LSD \u00e4r allm\u00e4nt tillg\u00e4ngligt i olika former, inklusive sm\u00e5 tabletter (mikrod\u00f6tter), kapslar, gelatinrutor (f\u00f6nsterrutor) och ibland p\u00e5 l\u00e4skpapper med konstn\u00e4rliga m\u00f6nster eller seriefigurer. Den kan \u00e4ven s\u00e4ljas i flytande form. Oavsett form inducerar LSD vanligtvis en djupg\u00e5ende avskildhet fr\u00e5n verkligheten.<\/p>\n","protected":false},"excerpt":{"rendered":"<p>V\u00e5r l\u00f6sning inneh\u00e5ller \u00e4kta LSD-25, inte en ers\u00e4ttning (eftersom m\u00e5nga andra sajter kan erbjuda 1P-LSD ist\u00e4llet). Det finns i olika utsp\u00e4dningsstyrkor. L\u00f6sningen \u00e4r gjord med den aktiva ingrediensen och destillerat vatten, beredd i en steril milj\u00f6 f\u00f6r att s\u00e4kerst\u00e4lla renhet. En betydande f\u00f6rdel med v\u00e4tskeformatet \u00e4r f\u00f6rm\u00e5gan att m\u00e4ta doser exakt. Varje flaska \u00e4r utrustad med ett dropplock markerat i steg om 0,25 ml, vilket m\u00f6jligg\u00f6r exakt dosering och enkel anv\u00e4ndning. Detta s\u00e4kerst\u00e4ller att du kan ta exakt den m\u00e4ngd du \u00f6nskar.     <\/p>\n","protected":false},"featured_media":19319,"comment_status":"open","ping_status":"closed","template":"","meta":{"om_disable_all_campaigns":false,"_sitemap_exclude":false,"_sitemap_priority":"","_sitemap_frequency":"","_monsterinsights_skip_tracking":false,"_monsterinsights_sitenote_active":false,"_monsterinsights_sitenote_note":"","_monsterinsights_sitenote_category":0},"product_cat":[36407],"product_tag":[36427,36417,36411,36422,36416,36424,36426,36428,36425,36420,36429,36423,36413,36418,36421,36412,36414,36408,36409,36415,36419,36410],"class_list":{"0":"post-34882","1":"product","2":"type-product","3":"status-publish","4":"has-post-thumbnail","6":"product_cat-lsd-sv","7":"product_tag-autentiska-california-sunshine-europe","8":"product_tag-bestall-california-sunshine-eu","9":"product_tag-bestall-california-sunshine-online","10":"product_tag-billiga-california-sunshine-europe","11":"product_tag-california-sunshine-basta-pris-europa","12":"product_tag-california-sunshine-europe-butik","13":"product_tag-california-sunshine-europe-leverans","14":"product_tag-california-sunshine-europe-leverantorer","15":"product_tag-california-sunshine-europe-rabatt-sv","16":"product_tag-california-sunshine-europe-rea","17":"product_tag-california-sunshine-europe-recension","18":"product_tag-california-sunshine-europe-erbjudanden","19":"product_tag-california-sunshine-forsaljning-online","20":"product_tag-california-sunshine-fri-frakt-europa","21":"product_tag-california-sunshine-onlinebutik-europa","22":"product_tag-effekter-av-california-sunshine-sv","23":"product_tag-hur-mycket-kostar-california-sunshine","24":"product_tag-kop-california-sunshine","25":"product_tag-kop-california-sunshine-online","26":"product_tag-kop-california-sunshine-online-europa","27":"product_tag-var-kan-man-kopa-california-sunshine-europe","28":"product_tag-var-kan-man-kopa-california-sunshine-online","30":"first","31":"instock","32":"shipping-taxable","33":"purchasable","34":"product-type-simple","35":"farmacie-col"},"aioseo_notices":[],"_links":{"self":[{"href":"https:\/\/lacasadelamedicina.es\/sv\/wp-json\/wp\/v2\/product\/34882"}],"collection":[{"href":"https:\/\/lacasadelamedicina.es\/sv\/wp-json\/wp\/v2\/product"}],"about":[{"href":"https:\/\/lacasadelamedicina.es\/sv\/wp-json\/wp\/v2\/types\/product"}],"replies":[{"embeddable":true,"href":"https:\/\/lacasadelamedicina.es\/sv\/wp-json\/wp\/v2\/comments?post=34882"}],"wp:featuredmedia":[{"embeddable":true,"href":"https:\/\/lacasadelamedicina.es\/sv\/wp-json\/wp\/v2\/media\/19319"}],"wp:attachment":[{"href":"https:\/\/lacasadelamedicina.es\/sv\/wp-json\/wp\/v2\/media?parent=34882"}],"wp:term":[{"taxonomy":"product_cat","embeddable":true,"href":"https:\/\/lacasadelamedicina.es\/sv\/wp-json\/wp\/v2\/product_cat?post=34882"},{"taxonomy":"product_tag","embeddable":true,"href":"https:\/\/lacasadelamedicina.es\/sv\/wp-json\/wp\/v2\/product_tag?post=34882"}],"curies":[{"name":"wp","href":"https:\/\/api.w.org\/{rel}","templated":true}]}}