{"id":34873,"date":"2024-08-09T14:02:44","date_gmt":"2024-08-09T14:02:44","guid":{"rendered":"https:\/\/lacasadelamedicina.es\/product\/kop-pentobarbital-piller-online\/"},"modified":"2024-08-09T14:02:44","modified_gmt":"2024-08-09T14:02:44","slug":"kop-pentobarbital-piller-online","status":"publish","type":"product","link":"https:\/\/lacasadelamedicina.es\/sv\/produkt\/kop-pentobarbital-piller-online\/","title":{"rendered":"K\u00f6p Pentobarbital piller online"},"content":{"rendered":"<h2>K\u00f6p Pentobarbital piller online<\/h2>\n<p><strong>Vad anv\u00e4nds Pentobarbital-piller f\u00f6r?<\/strong> Pentobarbital-piller anv\u00e4nds fr\u00e4mst som ett kortvarigt lugnande medel f\u00f6r att motverka s\u00f6mnl\u00f6shet och f\u00f6r att inducera s\u00f6mn f\u00f6r kirurgiska ingrepp. De kan ocks\u00e5 anv\u00e4ndas f\u00f6r akut anfallsbehandling. Dessa \u00e4r dock inte de enda anv\u00e4ndningsomr\u00e5dena f\u00f6r pentobarbital.   <strong>Viktig information om Pentobarbital-piller<\/strong><\/p>\n<ul>\n<li><strong>Undvik om:<\/strong> Du har en historia av porfyri (en genetisk enzymst\u00f6rning som p\u00e5verkar CNS och huden) eller om du \u00e4r allergisk mot barbiturater.<\/li>\n<li><strong>Medicinska tillst\u00e5nd:<\/strong> Informera din l\u00e4kare om du har lever- eller njursjukdom, ett kroniskt tillst\u00e5nd eller en historia av barbituratmissbruk f\u00f6r att s\u00e4kerst\u00e4lla att l\u00e4kemedlet \u00e4r s\u00e4kert f\u00f6r dig .<\/li>\n<li><strong>Graviditet:<\/strong> Pentobarbital kan skada ett of\u00f6tt barn och orsaka beroende och abstinenssymptom efter f\u00f6dseln. R\u00e5dg\u00f6r alltid med din l\u00e4kare om du \u00e4r gravid eller planerar att bli gravid. <\/li>\n<li><strong>P-piller:<\/strong> Pentobarbital kan p\u00e5verka effektiviteten av p-piller. Icke-hormonella metoder kan rekommenderas. <\/li>\n<\/ul>\n<p><strong>Potentiella risker f\u00f6r barn och gravida kvinnor<\/strong><\/p>\n<ul>\n<li><strong>Hj\u00e4rnans utveckling:<\/strong> Lugnande medel som anv\u00e4nds under operation kan p\u00e5verka hj\u00e4rnans utveckling hos barn under tre \u00e5r eller of\u00f6dda barn som exponeras f\u00f6r pentobarbital. Upprepad anv\u00e4ndning kan leda till inl\u00e4rnings- eller beteendeproblem. Enstaka korttidsanv\u00e4ndningar har dock inte visat signifikanta effekter i studier.  <\/li>\n<li><strong>Amning:<\/strong> Pentobarbital kan passera \u00f6ver i br\u00f6stmj\u00f6lken och p\u00e5verka ett ammande barn. Informera din l\u00e4kare om du ammar. <\/li>\n<\/ul>\n<p><strong>L\u00e4kemedelsinteraktioner<\/strong> Undvik att kombinera pentobarbital med andra CNS-d\u00e4mpande medel eller substanser som p\u00e5verkar andningen eller framkallar s\u00f6mn, eftersom detta kan leda till allvarliga eller livshotande effekter. Informera din l\u00e4kare om du tar:  <\/p>\n<ul>\n<li>Griseofulvin<\/li>\n<li>Doxycyklin<\/li>\n<li>Anfallsmediciner som divalproex<\/li>\n<li>Steroidmediciner som dexametason<\/li>\n<li>Hormoners\u00e4ttningsterapi eller p-piller<\/li>\n<li>Blodf\u00f6rtunnande medel som Coumadin eller warfarin<\/li>\n<li>MAO-h\u00e4mmare som metylen eller linezolid<\/li>\n<\/ul>\n<p> Denna lista \u00e4r inte utt\u00f6mmande, och andra l\u00e4kemedel, inklusive v\u00e4xtbaserade produkter och receptfria vitaminer, kan interagera med pentobarbital. <strong>Missad dos<\/strong> Pentobarbital ordineras vanligtvis efter behov, s\u00e5 att missa en dos kanske inte \u00e4r ett problem. Om du har ett doseringsschema och missar en dos, ta den s\u00e5 snart du kommer ih\u00e5g det. Hoppa \u00f6ver det om n\u00e4sta dos \u00e4r n\u00e4ra f\u00f6rest\u00e5ende. Dubbla aldrig f\u00f6r att kompensera f\u00f6r en missad dos. <strong>\u00d6verdosrisker<\/strong> \u00d6verdosering av pentobarbital kan vara d\u00f6dlig. S\u00f6k omedelbar medicinsk hj\u00e4lp om du misst\u00e4nker en \u00f6verdos. Symtom inkluderar svag eller slapp k\u00e4nsla, l\u00e5ngsam eller ytlig andning, extrem d\u00e5sighet, svag puls, snabb hj\u00e4rtfrekvens, minskad urinering, svimning, vidgade pupiller eller kyla. <strong>Biverkningar<\/strong> S\u00f6k akut hj\u00e4lp om du upplever allvarliga allergiska reaktioner som andningssv\u00e5righeter eller svullnad av ansikte, l\u00e4ppar, tunga eller svalg. Andra allvarliga biverkningar inkluderar:       <\/p>\n<ul>\n<li>F\u00f6rvirring, agitation, hallucinationer<\/li>\n<li>Svag eller ytlig andning<\/li>\n<li>Svag puls eller l\u00e5ngsam puls<\/li>\n<li>Yrsel, illam\u00e5ende eller kr\u00e4kningar<\/li>\n<\/ul>\n<p> Vanliga biverkningar kan inkludera: <\/p>\n<ul>\n<li>F\u00f6rlust av balans eller koordination<\/li>\n<li>D\u00e5sighet, yrsel<\/li>\n<li>S\u00f6mnst\u00f6rningar som mardr\u00f6mmar eller s\u00f6mnl\u00f6shet<\/li>\n<\/ul>\n<p><strong>F\u00f6rsiktighets\u00e5tg\u00e4rder<\/strong><\/p>\n<ul>\n<li><strong>Alertness:<\/strong> Pentobarbital kan f\u00f6rs\u00e4mra din f\u00f6rm\u00e5ga att t\u00e4nka och reagera. Undvik aktiviteter som kr\u00e4ver full vakenhet, som att k\u00f6ra bil. <\/li>\n<li><strong>Alkohol:<\/strong> Drick inte alkohol medan du tar denna medicin.<\/li>\n<li><strong>Dela:<\/strong> H\u00e5ll pentobarbital borta fr\u00e5n barn och personer med tidigare missbruk. Anv\u00e4nd den endast enligt anvisningarna och f\u00f6lj doseringsanvisningarna noggrant. <\/li>\n<\/ul>\n<p><strong>K\u00f6pa pentobarbital piller online<\/strong> \u00c4ven om det \u00e4r m\u00f6jligt att k\u00f6pa pentobarbital piller online, rekommenderas f\u00f6rsiktighet. Se till att du unders\u00f6ker noggrant och l\u00e4ser recensioner f\u00f6r att undvika bedr\u00e4gerier och verifiera att du k\u00f6per fr\u00e5n en ansedd k\u00e4lla. F\u00f6r s\u00e4kra och diskreta transaktioner, bes\u00f6k <a href=\"https:\/\/lacasadelamedicina.es\/sv\/\"><strong>Dr. Lawsons Pharmacy<\/strong>.<\/a>  <\/p>\n<p>&nbsp;<\/p>\n","protected":false},"excerpt":{"rendered":"<p>Best\u00e4ll Nembutal Pentobarbital Sodium Tabletter f\u00f6r oralt bruk. Finns i doser p\u00e5 50 mg och 100 mg. Varje best\u00e4llning \u00e4r s\u00e4kert f\u00f6rpackad och skickas diskret. V\u00e4lj \u00f6nskad dos och kvantitet nedan och l\u00e4gg sedan till i din varukorg.   <\/p>\n","protected":false},"featured_media":19394,"comment_status":"open","ping_status":"closed","template":"","meta":{"om_disable_all_campaigns":false,"_sitemap_exclude":false,"_sitemap_priority":"","_sitemap_frequency":"","_monsterinsights_skip_tracking":false,"_monsterinsights_sitenote_active":false,"_monsterinsights_sitenote_note":"","_monsterinsights_sitenote_category":0},"product_cat":[36266],"product_tag":[36404,36394,36388,36399,36389,36391,36385,36386,36392,36393,36401,36400,36403,36402,36397,36406,36390,36395,36398,36405,36396,36387],"class_list":{"0":"post-34873","1":"product","2":"type-product","3":"status-publish","4":"has-post-thumbnail","6":"product_cat-pentobarbitalnatrium-nembutal-sv","7":"product_tag-autentiska-pentobarbital-piller-europa","8":"product_tag-bestall-pentobarbital-piller-eu","9":"product_tag-bestall-pentobarbital-piller-online","10":"product_tag-billiga-pentobarbital-piller-europa","11":"product_tag-effekter-av-pentobarbital-piller-sv","12":"product_tag-hur-mycket-kostar-pentobarbital-piller","13":"product_tag-kop-pentobarbital-piller","14":"product_tag-kop-pentobarbital-piller-online","15":"product_tag-kop-pentobarbital-piller-online-europa","16":"product_tag-pentobarbital-piller-basta-pris-europa","17":"product_tag-pentobarbital-piller-europa-butik","18":"product_tag-pentobarbital-piller-europa-erbjudanden","19":"product_tag-pentobarbital-piller-europa-leverans","20":"product_tag-pentobarbital-piller-europa-rabatt-sv","21":"product_tag-pentobarbital-piller-europa-rea","22":"product_tag-pentobarbital-piller-europa-recension","23":"product_tag-pentobarbital-piller-forsaljning-online","24":"product_tag-pentobarbital-piller-fri-frakt-europa","25":"product_tag-pentobarbital-piller-webbutik-europa","26":"product_tag-pentobarbital-pills-europe-leverantorer","27":"product_tag-var-kan-man-kopa-pentobarbital-piller-europa","28":"product_tag-var-kan-man-kopa-pentobarbital-piller-online","30":"first","31":"instock","32":"shipping-taxable","33":"purchasable","34":"product-type-variable","35":"farmacie-col"},"aioseo_notices":[],"_links":{"self":[{"href":"https:\/\/lacasadelamedicina.es\/sv\/wp-json\/wp\/v2\/product\/34873"}],"collection":[{"href":"https:\/\/lacasadelamedicina.es\/sv\/wp-json\/wp\/v2\/product"}],"about":[{"href":"https:\/\/lacasadelamedicina.es\/sv\/wp-json\/wp\/v2\/types\/product"}],"replies":[{"embeddable":true,"href":"https:\/\/lacasadelamedicina.es\/sv\/wp-json\/wp\/v2\/comments?post=34873"}],"wp:featuredmedia":[{"embeddable":true,"href":"https:\/\/lacasadelamedicina.es\/sv\/wp-json\/wp\/v2\/media\/19394"}],"wp:attachment":[{"href":"https:\/\/lacasadelamedicina.es\/sv\/wp-json\/wp\/v2\/media?parent=34873"}],"wp:term":[{"taxonomy":"product_cat","embeddable":true,"href":"https:\/\/lacasadelamedicina.es\/sv\/wp-json\/wp\/v2\/product_cat?post=34873"},{"taxonomy":"product_tag","embeddable":true,"href":"https:\/\/lacasadelamedicina.es\/sv\/wp-json\/wp\/v2\/product_tag?post=34873"}],"curies":[{"name":"wp","href":"https:\/\/api.w.org\/{rel}","templated":true}]}}