{"id":34835,"date":"2024-08-09T14:02:46","date_gmt":"2024-08-09T14:02:46","guid":{"rendered":"https:\/\/lacasadelamedicina.es\/product\/kop-kaliumcyanidpulver-och-piller-online\/"},"modified":"2024-09-18T17:39:17","modified_gmt":"2024-09-18T17:39:17","slug":"kop-kaliumcyanidpulver-och-piller-online","status":"publish","type":"product","link":"https:\/\/lacasadelamedicina.es\/sv\/produkt\/kop-kaliumcyanidpulver-och-piller-online\/","title":{"rendered":"K\u00f6p kaliumcyanidpulver och piller online"},"content":{"rendered":"<h3>K\u00f6p kaliumcyanidpulver och piller online<\/h3>\n<p> \u00c4r det f\u00f6rsta g\u00e5ngen du st\u00f6ter p\u00e5 kaliumcyanidpulver och piller? I s\u00e5 fall beh\u00f6ver du inte oroa dig. I den h\u00e4r artikeln kommer vi att diskutera allt du beh\u00f6ver veta om kemikalien. Kaliumcyanid (KCN) \u00e4r en oorganisk f\u00f6rening som upptr\u00e4der som ett f\u00e4rgl\u00f6st, kristallint \u00e4mne som liknar socker. Det \u00e4r mycket l\u00f6sligt i vatten och har olika till\u00e4mpningar, inklusive guldbrytning, galvanisering, organisk syntes och smyckesf\u00f6rgyllning. Kaliumcyanid anv\u00e4nds ocks\u00e5 av entomologer f\u00f6r att snabbt d\u00f6da insekter f\u00f6r insamlings\u00e4ndam\u00e5l. Historiskt sett har det anv\u00e4nts av vissa individer f\u00f6r sj\u00e4lvmord, inklusive medlemmar av nazistpartiet. <strong>Produktion av kaliumcyanid<\/strong> Framst\u00e4llningen av kaliumcyanid inneb\u00e4r behandling av v\u00e4tecyanid med en 50 % vattenl\u00f6sning av kaliumhydroxid, f\u00f6ljt av avdunstning i vakuum. \u00c5rligen produceras cirka 50 000 ton kaliumcyanid av auktoriserade industrier. <strong>Mekanism och toxicitet<\/strong> Kaliumcyanid \u00e4r en potent h\u00e4mmare av cellandning. Det p\u00e5verkar mitokondriella cytokrom c-oxidas, blockerar oxidativ fosforylering och st\u00f6r kroppens f\u00f6rm\u00e5ga att omvandla mat till energi. Detta leder till laktacidos p\u00e5 grund av anaerob metabolism. <strong>D\u00f6dlig dos och exponeringsv\u00e4gar<\/strong> Den d\u00f6dliga dosen av kaliumcyanid \u00e4r vanligtvis mellan 200-300 mg. Denna kemikalie \u00e4r extremt giftig och kan frig\u00f6ra v\u00e4tecyanidgas vid hydrolys, som har en bitter mandelsmak. Men inte alla kan uppt\u00e4cka denna smak, vilket g\u00f6r den s\u00e4rskilt farlig. Kaliumcyanid kan komma in i kroppen genom f\u00f6rt\u00e4ring, inandning, hudkontakt och \u00f6gonkontakt. <strong>Anv\u00e4ndning av kaliumcyanid<\/strong> \u00c4ven om kaliumcyanid ofta f\u00f6rknippas med sj\u00e4lvmord p\u00e5 grund av dess snabba och sm\u00e4rtfria effekter, har kaliumcyanid legitim industriell anv\u00e4ndning. Det \u00e4r avg\u00f6rande f\u00f6r att utvinna \u00e4delmetaller som guld och silver, och anv\u00e4nds vid galvanisering och organisk syntes. Det kan ocks\u00e5 anv\u00e4ndas som ett analytiskt reagens inom olika omr\u00e5den. <strong>Hur Kaliumcyanid fungerar<\/strong> Kaliumcyanid frig\u00f6r v\u00e4tecyanidgas, som fungerar som en potent kv\u00e4vning. Det f\u00f6rs\u00e4mrar allvarligt kroppens f\u00f6rm\u00e5ga att utnyttja syre, vilket leder till snabba, potentiellt d\u00f6dliga effekter. Det p\u00e5verkar fr\u00e4mst vitala organ som \u00e4r k\u00e4nsliga f\u00f6r l\u00e5ga syreniv\u00e5er, inklusive det centrala nervsystemet och lungsystemet.                 <strong>Effekter av kaliumcyanid<\/strong><\/p>\n<ul>\n<li><strong>Sm\u00e5 doser<\/strong>: Andningssv\u00e5righeter, yrsel, huvudv\u00e4rk.<\/li>\n<li><strong>H\u00f6ga doser<\/strong>: koma, kramper och d\u00f6d. Administrering av glukos kan hj\u00e4lpa till att motverka vissa effekter, men \u00e4r inte alltid helt effektivt. <\/li>\n<\/ul>\n<p><strong>Symtom p\u00e5 \u00f6verdosering\/f\u00f6rgiftning<\/strong> Tecken p\u00e5 kaliumcyanidf\u00f6rgiftning inkluderar vidgade eller r\u00f6da \u00f6gon, r\u00f6da kinder och bl\u00e5aktig hudf\u00e4rg. Exponering kan orsaka allvarliga effekter beroende p\u00e5 exponeringsv\u00e4gen:  <\/p>\n<ul>\n<li><strong>Hud<\/strong>: Br\u00e4nnande, irritation, v\u00e4vnadsskada.<\/li>\n<li><strong>Intag<\/strong>: Buksm\u00e4rtor, illam\u00e5ende, kr\u00e4kningar, skador p\u00e5 magslemhinnan.<\/li>\n<li><strong>Inandning<\/strong>: Milda effekter inkluderar \u00e5ngest, f\u00f6rvirring och yrsel; allvarliga effekter inkluderar anfall, koma och v\u00e4tska i lungorna.<\/li>\n<\/ul>\n<p><strong>R\u00e4ttslig status och ink\u00f6p<\/strong> Kaliumcyanid \u00e4r klassificerat som ett kontrollerat \u00e4mne i m\u00e5nga l\u00e4nder p\u00e5 grund av dess h\u00f6ga toxicitet. Lagligt k\u00f6p kr\u00e4ver korrekt auktorisering. Om du \u00f6verv\u00e4ger att k\u00f6pa kaliumcyanidpulver eller piller online, iaktta extrem f\u00f6rsiktighet. Se till att du k\u00f6per fr\u00e5n en ansedd och legitim k\u00e4lla, eftersom underm\u00e5liga eller f\u00f6rfalskade produkter kan vara farliga. Genomf\u00f6r grundlig forskning, r\u00e5dg\u00f6r med experter och l\u00e4s recensioner f\u00f6r att verifiera leverant\u00f6rens legitimitet.<\/p>\n","protected":false},"excerpt":{"rendered":"<p><strong>K\u00f6p ren kaliumcyanid (KCN) i pulver- eller pillerform<\/strong> Tillg\u00e4nglig f\u00f6r olika applikationer, v\u00e5r kaliumcyanid erbjuds i b\u00e5de pulver- och pillerformat. Varje produkt \u00e4r s\u00e4kert f\u00f6rpackad och inkluderar speciella hanteringshandskar f\u00f6r din s\u00e4kerhet. V\u00e4lj den kvantitet du beh\u00f6ver och l\u00e4gg den i din varukorg. Dr Lawsons apotek s\u00e4kerst\u00e4ller snabb och diskret leverans f\u00f6r alla best\u00e4llningar.   <\/p>\n","protected":false},"featured_media":19409,"comment_status":"open","ping_status":"closed","template":"","meta":{"om_disable_all_campaigns":false,"_sitemap_exclude":false,"_sitemap_priority":"","_sitemap_frequency":"","_monsterinsights_skip_tracking":false,"_monsterinsights_sitenote_active":false,"_monsterinsights_sitenote_note":"","_monsterinsights_sitenote_category":0},"product_cat":[36266],"product_tag":[36286,36276,36270,36281,36271,36272,36273,36275,36279,36285,36284,36277,36280,36267,36268,36274,36283,36287,36288,36282,36278,36269],"class_list":{"0":"post-34835","1":"product","2":"type-product","3":"status-publish","4":"has-post-thumbnail","6":"product_cat-pentobarbitalnatrium-nembutal-sv","7":"product_tag-akta-kaliumcyanidpulver-och-piller-europa","8":"product_tag-bestall-kaliumcyanidpulver-och-piller-eu","9":"product_tag-bestall-kaliumcyanidpulver-och-piller-online","10":"product_tag-billigt-kaliumcyanidpulver-och-piller-europa","11":"product_tag-effekter-av-kaliumcyanidpulver-och-piller","12":"product_tag-forsaljning-av-kaliumcyanidpulver-och-piller-online","13":"product_tag-hur-mycket-kostar-kaliumcyanidpulver-och-piller","14":"product_tag-kaliumcyanidpulver-och-piller-basta-pris-europa","15":"product_tag-kaliumcyanidpulver-och-piller-europa-forsaljning","16":"product_tag-kaliumcyanidpulver-och-piller-europa-leverans","17":"product_tag-kaliumcyanidpulver-och-piller-europa-rabatt","18":"product_tag-kaliumcyanidpulver-och-piller-fri-frakt-europa","19":"product_tag-kaliumcyanidpulver-och-piller-onlinebutik-europa","20":"product_tag-kop-kaliumcyanidpulver-och-piller","21":"product_tag-kop-kaliumcyanidpulver-och-piller-online","22":"product_tag-kop-kaliumcyanidpulver-och-piller-online-europa","23":"product_tag-potassium-cyanide-powder-and-pills-europe-butik","24":"product_tag-potassium-cyanide-powder-and-pills-europe-leverantorer","25":"product_tag-potassium-cyanide-powder-and-pills-europe-recension","26":"product_tag-potassium-cyanide-powder-and-pills-europe-erbjudanden","27":"product_tag-var-kan-man-kopa-kaliumcyanidpulver-och-piller-europa","28":"product_tag-var-kan-man-kopa-kaliumcyanidpulver-och-piller-online","30":"first","31":"instock","32":"shipping-taxable","33":"purchasable","34":"product-type-variable","35":"farmacie-col"},"aioseo_notices":[],"_links":{"self":[{"href":"https:\/\/lacasadelamedicina.es\/sv\/wp-json\/wp\/v2\/product\/34835"}],"collection":[{"href":"https:\/\/lacasadelamedicina.es\/sv\/wp-json\/wp\/v2\/product"}],"about":[{"href":"https:\/\/lacasadelamedicina.es\/sv\/wp-json\/wp\/v2\/types\/product"}],"replies":[{"embeddable":true,"href":"https:\/\/lacasadelamedicina.es\/sv\/wp-json\/wp\/v2\/comments?post=34835"}],"wp:featuredmedia":[{"embeddable":true,"href":"https:\/\/lacasadelamedicina.es\/sv\/wp-json\/wp\/v2\/media\/19409"}],"wp:attachment":[{"href":"https:\/\/lacasadelamedicina.es\/sv\/wp-json\/wp\/v2\/media?parent=34835"}],"wp:term":[{"taxonomy":"product_cat","embeddable":true,"href":"https:\/\/lacasadelamedicina.es\/sv\/wp-json\/wp\/v2\/product_cat?post=34835"},{"taxonomy":"product_tag","embeddable":true,"href":"https:\/\/lacasadelamedicina.es\/sv\/wp-json\/wp\/v2\/product_tag?post=34835"}],"curies":[{"name":"wp","href":"https:\/\/api.w.org\/{rel}","templated":true}]}}