{"id":34816,"date":"2024-08-10T09:07:04","date_gmt":"2024-08-10T09:07:04","guid":{"rendered":"https:\/\/lacasadelamedicina.es\/product\/kop-golden-teacher-svamp-online\/"},"modified":"2024-08-10T09:07:04","modified_gmt":"2024-08-10T09:07:04","slug":"kop-golden-teacher-svamp-online","status":"publish","type":"product","link":"https:\/\/lacasadelamedicina.es\/sv\/produkt\/kop-golden-teacher-svamp-online\/","title":{"rendered":"K\u00f6p Golden Teacher Svamp online"},"content":{"rendered":"<h2>K\u00f6p Golden Teacher Svamp online<\/h2>\n<p> K\u00f6p Golden Teacher Online. De kloka Golden Teacher-svamparna skapar magi i sinnet och ger en resa till sj\u00e4lvk\u00e4nnedom. Detta 100 % mycelium FreshMushroom odlingsset v\u00e4xer snabbt och \u00e4r helt underh\u00e5llsfritt. XP st\u00e5r f\u00f6r Extra Potency!   <\/p>\n<h3>Hur det fungerar<\/h3>\n<p> Psilocybin fungerar genom att aktivera <span class=\"css-1a8rnix icon-hl-trusted-source-after\"><span class=\"sro\">Trusted Source<\/span><\/span> serotoninreceptorer, oftast i den prefrontala cortex. Denna del av hj\u00e4rnan p\u00e5verkar hum\u00f6r, kognition och perception. Hallucinogener verkar ocks\u00e5 i andra delar av hj\u00e4rnan som reglerar upphetsning och panikreaktioner. Psilocybin orsakar inte alltid aktiva syn- eller h\u00f6rselhallucinationer. Ist\u00e4llet f\u00f6rvr\u00e4nger det hur vissa personer som anv\u00e4nder drogen uppfattar f\u00f6rem\u00e5l och m\u00e4nniskor som redan finns i sin omgivning. M\u00e4ngden av drogen en person konsumerar, deras tidigare erfarenheter och deras f\u00f6rv\u00e4ntningar p\u00e5 hur upplevelsen kommer att ta form kan alla p\u00e5verka effekterna av psilocybin. Enligt European Monitoring Centre for Drugs and Drug Addiction (ECNN) intr\u00e4ffar de hallucinogena effekterna av psilocybin vanligtvis inom 30 minuter efter att en person har f\u00e5tt i sig det och varar 4\u20136 timmar. Hos vissa individer kan f\u00f6r\u00e4ndringar i sensorisk perception och tankem\u00f6nster vara i flera dagar.        <\/p>\n<h3>Potens<\/h3>\n<p> Styrkan hos en magisk svamp beror p\u00e5: <\/p>\n<ul>\n<li>art<\/li>\n<li>ursprung<\/li>\n<li>v\u00e4xtf\u00f6rh\u00e5llanden<\/li>\n<li>sk\u00f6rdeperiod<\/li>\n<li>om en person \u00e4ter dem f\u00e4rska eller torkade<\/li>\n<\/ul>\n<p> ECNN f\u00f6resl\u00e5r att m\u00e4ngden psilocybin i torkade svampar \u00e4r cirka 10 g\u00e5nger h\u00f6gre \u00e4n i f\u00e4rska svampar. <\/p>\n<h3>Konsumtion<\/h3>\n<p> Svampar som inneh\u00e5ller psilocybin \u00e4r sm\u00e5 och vanligtvis bruna eller bruna. I det vilda kan m\u00e4nniskor missta svamp som inneh\u00e5ller psilocybin f\u00f6r valfritt antal andra svampar som \u00e4r giftiga. M\u00e4nniskor konsumerar vanligtvis psilocybin som ett bryggt te eller f\u00f6rbereder det med en matvara f\u00f6r att maskera dess bittra smak. Tillverkare krossar ocks\u00e5 torkade svampar till ett pulver och f\u00f6rbereder dem i kapselform. Vissa m\u00e4nniskor som konsumerar dessa svampar t\u00e4cker dem med choklad.     <\/p>\n<h3>Ber\u00e4ttelse:<\/h3>\n<p> \u00c4lskare av magiska svampar \u00e4r \u00f6verens om att Golden Teacher-svamparna, \u00e4ven k\u00e4nd som en stam av Psilocybe cubensis, \u00e4r den mest popul\u00e4ra psykedeliska svampstammen. Den h\u00e4r artikeln kommer att ta en n\u00e4rmare titt p\u00e5 de \u00f6k\u00e4nda Golden Teacher-svamparna. I slutet av den h\u00e4r artikeln kommer du att veta allt som finns att veta om denna psykedeliska svamp. De som \u00e4r nya i v\u00e4rlden av psykedeliska \u00e4mnen och svampar kan r\u00e4kna med Golden Teachers f\u00f6r en p\u00e5litlig resa med mindre chanser att f\u00e5 en d\u00e5lig resa. D\u00e4rf\u00f6r \u00e4r de ofta en gateway shroom f\u00f6r magiska svampnyb\u00f6rjare.    <\/p>\n<h3>Effekter av Gyllene L\u00e4rarsvampar;<\/h3>\n<p> Golden Teacher Mushrooms ger ocks\u00e5 hallucinogena effekter ** en egenskap som \u00e4r vanlig bland alla magiska svampar. F\u00f6rv\u00e4nta dig en vision\u00e4r upplevelse tillsammans med v\u00e5gor av universell energi som str\u00f6mmar genom dig med starka \u00f6ppna och slutna \u00f6gonhallucinationer.<\/p>\n","protected":false},"excerpt":{"rendered":"<p>K\u00f6p Golden-l\u00e4rare prisas ocks\u00e5 f\u00f6r sina andliga och\/eller shamanistiska effekter. D\u00e4rf\u00f6r \u00e4r den h\u00e4r svampen inte bara f\u00f6r avslappnad tripp. Den kan ocks\u00e5 anv\u00e4ndas f\u00f6r att f\u00e5 ny insikt om dig sj\u00e4lv och universum.  <\/p>\n","protected":false},"featured_media":19739,"comment_status":"open","ping_status":"closed","template":"","meta":{"om_disable_all_campaigns":false,"_sitemap_exclude":false,"_sitemap_priority":"","_sitemap_frequency":"","_monsterinsights_skip_tracking":false,"_monsterinsights_sitenote_active":false,"_monsterinsights_sitenote_note":"","_monsterinsights_sitenote_category":0},"product_cat":[35924],"product_tag":[36190,36174,36180,36185,36175,36179,36176,36189,36191,36188,36183,36192,36187,36186,36181,36184,36177,36178,36172,36171,36182,36173],"class_list":{"0":"post-34816","1":"product","2":"type-product","3":"status-publish","4":"has-post-thumbnail","6":"product_cat-magiska-svampar","7":"product_tag-autentiska-golden-teacher-mushrooms-europe","8":"product_tag-bestall-golden-teacher-champinjoner-online","9":"product_tag-bestall-golden-teacher-mushrooms-eu","10":"product_tag-billiga-golden-teacher-champinjoner-europa","11":"product_tag-effekter-av-golden-teacher-svampar","12":"product_tag-golden-teacher-champinjoner-basta-pris-europa","13":"product_tag-golden-teacher-champinjoner-forsaljning-online","14":"product_tag-golden-teacher-mushrooms-europa-leverans","15":"product_tag-golden-teacher-mushrooms-europe-leverantorer","16":"product_tag-golden-teacher-mushrooms-europe-rabatt-sv","17":"product_tag-golden-teacher-mushrooms-europe-rea","18":"product_tag-golden-teacher-mushrooms-europe-recension","19":"product_tag-golden-teacher-mushrooms-europe-shop-sv","20":"product_tag-golden-teacher-mushrooms-europe-erbjudanden","21":"product_tag-golden-teacher-mushrooms-fri-frakt-europa","22":"product_tag-golden-teacher-mushrooms-onlinebutik-europa","23":"product_tag-hur-mycket-kostar-golden-teacher-mushrooms","24":"product_tag-kop-golden-teacher-champinjoner-online-europa","25":"product_tag-kop-golden-teacher-svamp-online","26":"product_tag-kop-gyllene-lararsvampar","27":"product_tag-var-kan-man-kopa-golden-teacher-mushrooms-europe","28":"product_tag-var-kan-man-kopa-golden-teacher-mushrooms-online","30":"first","31":"instock","32":"shipping-taxable","33":"purchasable","34":"product-type-simple","35":"farmacie-col"},"aioseo_notices":[],"_links":{"self":[{"href":"https:\/\/lacasadelamedicina.es\/sv\/wp-json\/wp\/v2\/product\/34816"}],"collection":[{"href":"https:\/\/lacasadelamedicina.es\/sv\/wp-json\/wp\/v2\/product"}],"about":[{"href":"https:\/\/lacasadelamedicina.es\/sv\/wp-json\/wp\/v2\/types\/product"}],"replies":[{"embeddable":true,"href":"https:\/\/lacasadelamedicina.es\/sv\/wp-json\/wp\/v2\/comments?post=34816"}],"wp:featuredmedia":[{"embeddable":true,"href":"https:\/\/lacasadelamedicina.es\/sv\/wp-json\/wp\/v2\/media\/19739"}],"wp:attachment":[{"href":"https:\/\/lacasadelamedicina.es\/sv\/wp-json\/wp\/v2\/media?parent=34816"}],"wp:term":[{"taxonomy":"product_cat","embeddable":true,"href":"https:\/\/lacasadelamedicina.es\/sv\/wp-json\/wp\/v2\/product_cat?post=34816"},{"taxonomy":"product_tag","embeddable":true,"href":"https:\/\/lacasadelamedicina.es\/sv\/wp-json\/wp\/v2\/product_tag?post=34816"}],"curies":[{"name":"wp","href":"https:\/\/api.w.org\/{rel}","templated":true}]}}